{"id":1347683,"date":"2022-09-26T14:00:26","date_gmt":"2022-09-26T11:00:26","guid":{"rendered":"https:\/\/aednik24.ee\/toode\/vaike-mungalill-cherry-rose-tropaeolum-minus-l-d\/"},"modified":"2026-05-03T03:07:18","modified_gmt":"2026-05-03T00:07:18","slug":"vaike-mungalill-cherry-rose-tropaeolum-minus-l-d","status":"publish","type":"product","link":"https:\/\/horticom.ee\/e-pood\/ru\/toode\/vaike-mungalill-cherry-rose-tropaeolum-minus-l-d\/","title":{"rendered":"V\u00e4ike mungalill Nasturtium Dwarf ?herry Rose &#8211; Tropaeolum minus L."},"content":{"rendered":"<p>V\u00e4ike mungalill Cherry Rose on \u00fcheaastane taim, k\u00f5rgusega 25cm, \u00f5ied 4-5cm. \u00d5itseb rikkalikult juuni l\u00f5pust hilliss\u00fcgiseni. Dekoratiivne.<\/p>\n","protected":false},"excerpt":{"rendered":"<p>V\u00e4ike mungalill Cherry Rose on \u00fcheaastane taim, k\u00f5rgusega 25cm, \u00f5ied 4-5cm. \u00d5itseb rikkalikult juuni l\u00f5pust hilliss\u00fcgiseni. Dekoratiivne.<\/p>\n","protected":false},"featured_media":1347723,"comment_status":"closed","ping_status":"closed","template":"","meta":{"_themeisle_gutenberg_block_has_review":false},"product_cat":[13514],"product_tag":[],"class_list":{"0":"post-1347683","1":"product","2":"type-product","3":"status-publish","4":"has-post-thumbnail","6":"product_cat-mungalill","8":"first","9":"instock","10":"shipping-taxable","11":"purchasable","12":"product-type-simple"},"yoast_head":"<!-- This site is optimized with the Yoast SEO plugin v24.0 - https:\/\/yoast.com\/wordpress\/plugins\/seo\/ -->\n<title>V\u00e4ike mungalill Nasturtium Dwarf Cherry Rose<\/title>\n<meta name=\"description\" content=\"V\u00e4ike mungalill Cherry Rose on \u00fcheaastane taim, k\u00f5rgusega 25cm, \u00f5ied 4-5cm. \u00d5itseb rikkalikult juuni l\u00f5pust hilliss\u00fcgiseni. Dekoratiivne.\" \/>\n<meta name=\"robots\" content=\"index, follow, max-snippet:-1, max-image-preview:large, max-video-preview:-1\" \/>\n<link rel=\"canonical\" href=\"https:\/\/horticom.ee\/e-pood\/toode\/vaike-mungalill-cherry-rose-tropaeolum-minus-l-d\/\" \/>\n<meta property=\"og:locale\" content=\"ru_RU\" \/>\n<meta property=\"og:type\" content=\"article\" \/>\n<meta property=\"og:title\" content=\"V\u00e4ike mungalill Nasturtium Dwarf Cherry Rose\" \/>\n<meta property=\"og:description\" content=\"V\u00e4ike mungalill Cherry Rose on \u00fcheaastane taim, k\u00f5rgusega 25cm, \u00f5ied 4-5cm. \u00d5itseb rikkalikult juuni l\u00f5pust hilliss\u00fcgiseni. Dekoratiivne.\" \/>\n<meta property=\"og:url\" content=\"https:\/\/horticom.ee\/e-pood\/toode\/vaike-mungalill-cherry-rose-tropaeolum-minus-l-d\/\" \/>\n<meta property=\"og:site_name\" content=\"Horticom.ee\" \/>\n<meta property=\"article:publisher\" content=\"https:\/\/www.facebook.com\/horticom.ee\/e-pood\" \/>\n<meta property=\"article:modified_time\" content=\"2026-05-03T00:07:18+00:00\" \/>\n<meta property=\"og:image\" content=\"https:\/\/horticom.ee\/e-pood\/wp-content\/uploads\/importedmedia\/product-1347683_0-L24113.jpg\" \/>\n\t<meta property=\"og:image:width\" content=\"999\" \/>\n\t<meta property=\"og:image:height\" content=\"1759\" \/>\n\t<meta property=\"og:image:type\" content=\"image\/jpeg\" \/>\n<meta name=\"twitter:card\" content=\"summary_large_image\" \/>\n<script type=\"application\/ld+json\" class=\"yoast-schema-graph\">{\"@context\":\"https:\/\/schema.org\",\"@graph\":[{\"@type\":\"WebPage\",\"@id\":\"https:\/\/horticom.ee\/e-pood\/toode\/vaike-mungalill-cherry-rose-tropaeolum-minus-l-d\/\",\"url\":\"https:\/\/horticom.ee\/e-pood\/toode\/vaike-mungalill-cherry-rose-tropaeolum-minus-l-d\/\",\"name\":\"V\u00e4ike mungalill Nasturtium Dwarf Cherry Rose\",\"isPartOf\":{\"@id\":\"https:\/\/horticom.ee\/e-pood\/#website\"},\"primaryImageOfPage\":{\"@id\":\"https:\/\/horticom.ee\/e-pood\/toode\/vaike-mungalill-cherry-rose-tropaeolum-minus-l-d\/#primaryimage\"},\"image\":{\"@id\":\"https:\/\/horticom.ee\/e-pood\/toode\/vaike-mungalill-cherry-rose-tropaeolum-minus-l-d\/#primaryimage\"},\"thumbnailUrl\":\"https:\/\/horticom.ee\/e-pood\/wp-content\/uploads\/importedmedia\/product-1347683_0-L24113.jpg\",\"datePublished\":\"2022-09-26T11:00:26+00:00\",\"dateModified\":\"2026-05-03T00:07:18+00:00\",\"description\":\"V\u00e4ike mungalill Cherry Rose on \u00fcheaastane taim, k\u00f5rgusega 25cm, \u00f5ied 4-5cm. \u00d5itseb rikkalikult juuni l\u00f5pust hilliss\u00fcgiseni. Dekoratiivne.\",\"breadcrumb\":{\"@id\":\"https:\/\/horticom.ee\/e-pood\/toode\/vaike-mungalill-cherry-rose-tropaeolum-minus-l-d\/#breadcrumb\"},\"inLanguage\":\"ru-RU\",\"potentialAction\":[{\"@type\":\"ReadAction\",\"target\":[\"https:\/\/horticom.ee\/e-pood\/toode\/vaike-mungalill-cherry-rose-tropaeolum-minus-l-d\/\"]}]},{\"@type\":\"ImageObject\",\"inLanguage\":\"ru-RU\",\"@id\":\"https:\/\/horticom.ee\/e-pood\/toode\/vaike-mungalill-cherry-rose-tropaeolum-minus-l-d\/#primaryimage\",\"url\":\"https:\/\/horticom.ee\/e-pood\/wp-content\/uploads\/importedmedia\/product-1347683_0-L24113.jpg\",\"contentUrl\":\"https:\/\/horticom.ee\/e-pood\/wp-content\/uploads\/importedmedia\/product-1347683_0-L24113.jpg\",\"width\":999,\"height\":1759,\"caption\":\"V\u00e4ike mungalill Nasturtium Dwarf ?herry Rose - Tropaeolum minus L.\"},{\"@type\":\"BreadcrumbList\",\"@id\":\"https:\/\/horticom.ee\/e-pood\/toode\/vaike-mungalill-cherry-rose-tropaeolum-minus-l-d\/#breadcrumb\",\"itemListElement\":[{\"@type\":\"ListItem\",\"position\":1,\"name\":\"Home\",\"item\":\"https:\/\/horticom.ee\/e-pood\/\"},{\"@type\":\"ListItem\",\"position\":2,\"name\":\"Pood\",\"item\":\"https:\/\/horticom.ee\/e-pood\/pood\/\"},{\"@type\":\"ListItem\",\"position\":3,\"name\":\"V\u00e4ike mungalill Nasturtium Dwarf ?herry Rose &#8211; Tropaeolum minus L.\"}]},{\"@type\":\"WebSite\",\"@id\":\"https:\/\/horticom.ee\/e-pood\/#website\",\"url\":\"https:\/\/horticom.ee\/e-pood\/\",\"name\":\"Horticom.ee\",\"description\":\"Aianduskaubad ja kodukaubad nii harrastajatele kui professionaalidele\",\"potentialAction\":[{\"@type\":\"SearchAction\",\"target\":{\"@type\":\"EntryPoint\",\"urlTemplate\":\"https:\/\/horticom.ee\/e-pood\/?s={search_term_string}\"},\"query-input\":{\"@type\":\"PropertyValueSpecification\",\"valueRequired\":true,\"valueName\":\"search_term_string\"}}],\"inLanguage\":\"ru-RU\"}]}<\/script>\n<!-- \/ Yoast SEO plugin. -->","yoast_head_json":{"title":"V\u00e4ike mungalill Nasturtium Dwarf Cherry Rose","description":"V\u00e4ike mungalill Cherry Rose on \u00fcheaastane taim, k\u00f5rgusega 25cm, \u00f5ied 4-5cm. \u00d5itseb rikkalikult juuni l\u00f5pust hilliss\u00fcgiseni. Dekoratiivne.","robots":{"index":"index","follow":"follow","max-snippet":"max-snippet:-1","max-image-preview":"max-image-preview:large","max-video-preview":"max-video-preview:-1"},"canonical":"https:\/\/horticom.ee\/e-pood\/toode\/vaike-mungalill-cherry-rose-tropaeolum-minus-l-d\/","og_locale":"ru_RU","og_type":"article","og_title":"V\u00e4ike mungalill Nasturtium Dwarf Cherry Rose","og_description":"V\u00e4ike mungalill Cherry Rose on \u00fcheaastane taim, k\u00f5rgusega 25cm, \u00f5ied 4-5cm. \u00d5itseb rikkalikult juuni l\u00f5pust hilliss\u00fcgiseni. Dekoratiivne.","og_url":"https:\/\/horticom.ee\/e-pood\/toode\/vaike-mungalill-cherry-rose-tropaeolum-minus-l-d\/","og_site_name":"Horticom.ee","article_publisher":"https:\/\/www.facebook.com\/horticom.ee\/e-pood","article_modified_time":"2026-05-03T00:07:18+00:00","og_image":[{"width":999,"height":1759,"url":"https:\/\/horticom.ee\/e-pood\/wp-content\/uploads\/importedmedia\/product-1347683_0-L24113.jpg","type":"image\/jpeg"}],"twitter_card":"summary_large_image","schema":{"@context":"https:\/\/schema.org","@graph":[{"@type":"WebPage","@id":"https:\/\/horticom.ee\/e-pood\/toode\/vaike-mungalill-cherry-rose-tropaeolum-minus-l-d\/","url":"https:\/\/horticom.ee\/e-pood\/toode\/vaike-mungalill-cherry-rose-tropaeolum-minus-l-d\/","name":"V\u00e4ike mungalill Nasturtium Dwarf Cherry Rose","isPartOf":{"@id":"https:\/\/horticom.ee\/e-pood\/#website"},"primaryImageOfPage":{"@id":"https:\/\/horticom.ee\/e-pood\/toode\/vaike-mungalill-cherry-rose-tropaeolum-minus-l-d\/#primaryimage"},"image":{"@id":"https:\/\/horticom.ee\/e-pood\/toode\/vaike-mungalill-cherry-rose-tropaeolum-minus-l-d\/#primaryimage"},"thumbnailUrl":"https:\/\/horticom.ee\/e-pood\/wp-content\/uploads\/importedmedia\/product-1347683_0-L24113.jpg","datePublished":"2022-09-26T11:00:26+00:00","dateModified":"2026-05-03T00:07:18+00:00","description":"V\u00e4ike mungalill Cherry Rose on \u00fcheaastane taim, k\u00f5rgusega 25cm, \u00f5ied 4-5cm. \u00d5itseb rikkalikult juuni l\u00f5pust hilliss\u00fcgiseni. Dekoratiivne.","breadcrumb":{"@id":"https:\/\/horticom.ee\/e-pood\/toode\/vaike-mungalill-cherry-rose-tropaeolum-minus-l-d\/#breadcrumb"},"inLanguage":"ru-RU","potentialAction":[{"@type":"ReadAction","target":["https:\/\/horticom.ee\/e-pood\/toode\/vaike-mungalill-cherry-rose-tropaeolum-minus-l-d\/"]}]},{"@type":"ImageObject","inLanguage":"ru-RU","@id":"https:\/\/horticom.ee\/e-pood\/toode\/vaike-mungalill-cherry-rose-tropaeolum-minus-l-d\/#primaryimage","url":"https:\/\/horticom.ee\/e-pood\/wp-content\/uploads\/importedmedia\/product-1347683_0-L24113.jpg","contentUrl":"https:\/\/horticom.ee\/e-pood\/wp-content\/uploads\/importedmedia\/product-1347683_0-L24113.jpg","width":999,"height":1759,"caption":"V\u00e4ike mungalill Nasturtium Dwarf ?herry Rose - Tropaeolum minus L."},{"@type":"BreadcrumbList","@id":"https:\/\/horticom.ee\/e-pood\/toode\/vaike-mungalill-cherry-rose-tropaeolum-minus-l-d\/#breadcrumb","itemListElement":[{"@type":"ListItem","position":1,"name":"Home","item":"https:\/\/horticom.ee\/e-pood\/"},{"@type":"ListItem","position":2,"name":"Pood","item":"https:\/\/horticom.ee\/e-pood\/pood\/"},{"@type":"ListItem","position":3,"name":"V\u00e4ike mungalill Nasturtium Dwarf ?herry Rose &#8211; Tropaeolum minus L."}]},{"@type":"WebSite","@id":"https:\/\/horticom.ee\/e-pood\/#website","url":"https:\/\/horticom.ee\/e-pood\/","name":"Horticom.ee","description":"Aianduskaubad ja kodukaubad nii harrastajatele kui professionaalidele","potentialAction":[{"@type":"SearchAction","target":{"@type":"EntryPoint","urlTemplate":"https:\/\/horticom.ee\/e-pood\/?s={search_term_string}"},"query-input":{"@type":"PropertyValueSpecification","valueRequired":true,"valueName":"search_term_string"}}],"inLanguage":"ru-RU"}]}},"_links":{"self":[{"href":"https:\/\/horticom.ee\/e-pood\/ru\/wp-json\/wp\/v2\/product\/1347683","targetHints":{"allow":["GET"]}}],"collection":[{"href":"https:\/\/horticom.ee\/e-pood\/ru\/wp-json\/wp\/v2\/product"}],"about":[{"href":"https:\/\/horticom.ee\/e-pood\/ru\/wp-json\/wp\/v2\/types\/product"}],"replies":[{"embeddable":true,"href":"https:\/\/horticom.ee\/e-pood\/ru\/wp-json\/wp\/v2\/comments?post=1347683"}],"wp:featuredmedia":[{"embeddable":true,"href":"https:\/\/horticom.ee\/e-pood\/ru\/wp-json\/wp\/v2\/media\/1347723"}],"wp:attachment":[{"href":"https:\/\/horticom.ee\/e-pood\/ru\/wp-json\/wp\/v2\/media?parent=1347683"}],"wp:term":[{"taxonomy":"product_cat","embeddable":true,"href":"https:\/\/horticom.ee\/e-pood\/ru\/wp-json\/wp\/v2\/product_cat?post=1347683"},{"taxonomy":"product_tag","embeddable":true,"href":"https:\/\/horticom.ee\/e-pood\/ru\/wp-json\/wp\/v2\/product_tag?post=1347683"}],"curies":[{"name":"wp","href":"https:\/\/api.w.org\/{rel}","templated":true}]}}