{"id":1383809,"date":"2022-10-07T03:01:26","date_gmt":"2022-10-07T00:01:26","guid":{"rendered":"https:\/\/aednik24.ee\/toode\/aedaster-paeony-white-callistephus-chinensis-l-ness-b\/"},"modified":"2025-11-18T15:00:41","modified_gmt":"2025-11-18T13:00:41","slug":"aedaster-paeony-white-callistephus-chinensis-l-ness-b","status":"publish","type":"product","link":"https:\/\/horticom.ee\/e-pood\/ru\/toode\/aedaster-paeony-white-callistephus-chinensis-l-ness-b\/","title":{"rendered":"Aedaster China Aster Paeony White &#8211; Callistephus chinensis L. Ness"},"content":{"rendered":"<p>Aedaster Paeony White on \u00fcheaastane taim, mille k\u00f5rgus on 60cm. \u00d5ied 10cm l\u00e4bim\u00f5\u00f5duga, p\u00fcsivad vaasis 10-12p\u00e4eva. Kasvukohaks sobib p\u00e4ikesepaisteline soe koht. Mullaks sobib viljakas muld, seeme idaneb +18C juures 7-11 p\u00e4eva. 450 tk\/g.<\/p>\n","protected":false},"excerpt":{"rendered":"<p>Aedaster Paeony White on \u00fcheaastane taim, mille k\u00f5rgus on 60cm. \u00d5ied 10cm l\u00e4bim\u00f5\u00f5duga, p\u00fcsivad vaasis 10-12p\u00e4eva. Kasvukohaks sobib p\u00e4ikesepaisteline soe koht. Mullaks sobib viljakas muld, seeme idaneb +18C juures 7-11 p\u00e4eva. 450 tk\/g.<\/p>\n","protected":false},"featured_media":1383970,"comment_status":"closed","ping_status":"closed","template":"","meta":{"_themeisle_gutenberg_block_has_review":false},"product_cat":[13535],"product_tag":[],"class_list":{"0":"post-1383809","1":"product","2":"type-product","3":"status-publish","4":"has-post-thumbnail","6":"product_cat-aster","8":"first","9":"outofstock","10":"sale","11":"shipping-taxable","12":"purchasable","13":"product-type-simple"},"yoast_head":"<!-- This site is optimized with the Yoast SEO plugin v24.0 - https:\/\/yoast.com\/wordpress\/plugins\/seo\/ -->\n<title>Aedaster China Aster Paeony White<\/title>\n<meta name=\"description\" content=\"Aedaster Paeony White on \u00fcheaastane taim, mille 10 cm l\u00e4bim\u00f5\u00f5duga \u00f5ied p\u00fcsivad vaasis 10\u201312 p\u00e4eva. Kasvab p\u00e4ikesepaistelises kasvukohas.\" \/>\n<meta name=\"robots\" content=\"index, follow, max-snippet:-1, max-image-preview:large, max-video-preview:-1\" \/>\n<link rel=\"canonical\" href=\"https:\/\/horticom.ee\/e-pood\/toode\/aedaster-paeony-white-callistephus-chinensis-l-ness-b\/\" \/>\n<meta property=\"og:locale\" content=\"ru_RU\" \/>\n<meta property=\"og:type\" content=\"article\" \/>\n<meta property=\"og:title\" content=\"Aedaster China Aster Paeony White\" \/>\n<meta property=\"og:description\" content=\"Aedaster Paeony White on \u00fcheaastane taim, mille 10 cm l\u00e4bim\u00f5\u00f5duga \u00f5ied p\u00fcsivad vaasis 10\u201312 p\u00e4eva. Kasvab p\u00e4ikesepaistelises kasvukohas.\" \/>\n<meta property=\"og:url\" content=\"https:\/\/horticom.ee\/e-pood\/toode\/aedaster-paeony-white-callistephus-chinensis-l-ness-b\/\" \/>\n<meta property=\"og:site_name\" content=\"Horticom.ee\" \/>\n<meta property=\"article:publisher\" content=\"https:\/\/www.facebook.com\/horticom.ee\/e-pood\" \/>\n<meta property=\"article:modified_time\" content=\"2025-11-18T13:00:41+00:00\" \/>\n<meta property=\"og:image\" content=\"https:\/\/horticom.ee\/e-pood\/wp-content\/uploads\/importedmedia\/product-1383809_0-L28450.jpg\" \/>\n\t<meta property=\"og:image:width\" content=\"999\" \/>\n\t<meta property=\"og:image:height\" content=\"1067\" \/>\n\t<meta property=\"og:image:type\" content=\"image\/jpeg\" \/>\n<meta name=\"twitter:card\" content=\"summary_large_image\" \/>\n<script type=\"application\/ld+json\" class=\"yoast-schema-graph\">{\"@context\":\"https:\/\/schema.org\",\"@graph\":[{\"@type\":\"WebPage\",\"@id\":\"https:\/\/horticom.ee\/e-pood\/toode\/aedaster-paeony-white-callistephus-chinensis-l-ness-b\/\",\"url\":\"https:\/\/horticom.ee\/e-pood\/toode\/aedaster-paeony-white-callistephus-chinensis-l-ness-b\/\",\"name\":\"Aedaster China Aster Paeony White\",\"isPartOf\":{\"@id\":\"https:\/\/horticom.ee\/e-pood\/#website\"},\"primaryImageOfPage\":{\"@id\":\"https:\/\/horticom.ee\/e-pood\/toode\/aedaster-paeony-white-callistephus-chinensis-l-ness-b\/#primaryimage\"},\"image\":{\"@id\":\"https:\/\/horticom.ee\/e-pood\/toode\/aedaster-paeony-white-callistephus-chinensis-l-ness-b\/#primaryimage\"},\"thumbnailUrl\":\"https:\/\/horticom.ee\/e-pood\/wp-content\/uploads\/importedmedia\/product-1383809_0-L28450.jpg\",\"datePublished\":\"2022-10-07T00:01:26+00:00\",\"dateModified\":\"2025-11-18T13:00:41+00:00\",\"description\":\"Aedaster Paeony White on \u00fcheaastane taim, mille 10 cm l\u00e4bim\u00f5\u00f5duga \u00f5ied p\u00fcsivad vaasis 10\u201312 p\u00e4eva. Kasvab p\u00e4ikesepaistelises kasvukohas.\",\"breadcrumb\":{\"@id\":\"https:\/\/horticom.ee\/e-pood\/toode\/aedaster-paeony-white-callistephus-chinensis-l-ness-b\/#breadcrumb\"},\"inLanguage\":\"ru-RU\",\"potentialAction\":[{\"@type\":\"ReadAction\",\"target\":[\"https:\/\/horticom.ee\/e-pood\/toode\/aedaster-paeony-white-callistephus-chinensis-l-ness-b\/\"]}]},{\"@type\":\"ImageObject\",\"inLanguage\":\"ru-RU\",\"@id\":\"https:\/\/horticom.ee\/e-pood\/toode\/aedaster-paeony-white-callistephus-chinensis-l-ness-b\/#primaryimage\",\"url\":\"https:\/\/horticom.ee\/e-pood\/wp-content\/uploads\/importedmedia\/product-1383809_0-L28450.jpg\",\"contentUrl\":\"https:\/\/horticom.ee\/e-pood\/wp-content\/uploads\/importedmedia\/product-1383809_0-L28450.jpg\",\"width\":999,\"height\":1067,\"caption\":\"Aedaster China Aster Paeony White - Callistephus chinensis L. Ness\"},{\"@type\":\"BreadcrumbList\",\"@id\":\"https:\/\/horticom.ee\/e-pood\/toode\/aedaster-paeony-white-callistephus-chinensis-l-ness-b\/#breadcrumb\",\"itemListElement\":[{\"@type\":\"ListItem\",\"position\":1,\"name\":\"Home\",\"item\":\"https:\/\/horticom.ee\/e-pood\/\"},{\"@type\":\"ListItem\",\"position\":2,\"name\":\"Pood\",\"item\":\"https:\/\/horticom.ee\/e-pood\/pood\/\"},{\"@type\":\"ListItem\",\"position\":3,\"name\":\"Aedaster China Aster Paeony White &#8211; Callistephus chinensis L. Ness\"}]},{\"@type\":\"WebSite\",\"@id\":\"https:\/\/horticom.ee\/e-pood\/#website\",\"url\":\"https:\/\/horticom.ee\/e-pood\/\",\"name\":\"Horticom.ee\",\"description\":\"Aianduskaubad ja kodukaubad nii harrastajatele kui professionaalidele\",\"potentialAction\":[{\"@type\":\"SearchAction\",\"target\":{\"@type\":\"EntryPoint\",\"urlTemplate\":\"https:\/\/horticom.ee\/e-pood\/?s={search_term_string}\"},\"query-input\":{\"@type\":\"PropertyValueSpecification\",\"valueRequired\":true,\"valueName\":\"search_term_string\"}}],\"inLanguage\":\"ru-RU\"}]}<\/script>\n<!-- \/ Yoast SEO plugin. -->","yoast_head_json":{"title":"Aedaster China Aster Paeony White","description":"Aedaster Paeony White on \u00fcheaastane taim, mille 10 cm l\u00e4bim\u00f5\u00f5duga \u00f5ied p\u00fcsivad vaasis 10\u201312 p\u00e4eva. Kasvab p\u00e4ikesepaistelises kasvukohas.","robots":{"index":"index","follow":"follow","max-snippet":"max-snippet:-1","max-image-preview":"max-image-preview:large","max-video-preview":"max-video-preview:-1"},"canonical":"https:\/\/horticom.ee\/e-pood\/toode\/aedaster-paeony-white-callistephus-chinensis-l-ness-b\/","og_locale":"ru_RU","og_type":"article","og_title":"Aedaster China Aster Paeony White","og_description":"Aedaster Paeony White on \u00fcheaastane taim, mille 10 cm l\u00e4bim\u00f5\u00f5duga \u00f5ied p\u00fcsivad vaasis 10\u201312 p\u00e4eva. Kasvab p\u00e4ikesepaistelises kasvukohas.","og_url":"https:\/\/horticom.ee\/e-pood\/toode\/aedaster-paeony-white-callistephus-chinensis-l-ness-b\/","og_site_name":"Horticom.ee","article_publisher":"https:\/\/www.facebook.com\/horticom.ee\/e-pood","article_modified_time":"2025-11-18T13:00:41+00:00","og_image":[{"width":999,"height":1067,"url":"https:\/\/horticom.ee\/e-pood\/wp-content\/uploads\/importedmedia\/product-1383809_0-L28450.jpg","type":"image\/jpeg"}],"twitter_card":"summary_large_image","schema":{"@context":"https:\/\/schema.org","@graph":[{"@type":"WebPage","@id":"https:\/\/horticom.ee\/e-pood\/toode\/aedaster-paeony-white-callistephus-chinensis-l-ness-b\/","url":"https:\/\/horticom.ee\/e-pood\/toode\/aedaster-paeony-white-callistephus-chinensis-l-ness-b\/","name":"Aedaster China Aster Paeony White","isPartOf":{"@id":"https:\/\/horticom.ee\/e-pood\/#website"},"primaryImageOfPage":{"@id":"https:\/\/horticom.ee\/e-pood\/toode\/aedaster-paeony-white-callistephus-chinensis-l-ness-b\/#primaryimage"},"image":{"@id":"https:\/\/horticom.ee\/e-pood\/toode\/aedaster-paeony-white-callistephus-chinensis-l-ness-b\/#primaryimage"},"thumbnailUrl":"https:\/\/horticom.ee\/e-pood\/wp-content\/uploads\/importedmedia\/product-1383809_0-L28450.jpg","datePublished":"2022-10-07T00:01:26+00:00","dateModified":"2025-11-18T13:00:41+00:00","description":"Aedaster Paeony White on \u00fcheaastane taim, mille 10 cm l\u00e4bim\u00f5\u00f5duga \u00f5ied p\u00fcsivad vaasis 10\u201312 p\u00e4eva. Kasvab p\u00e4ikesepaistelises kasvukohas.","breadcrumb":{"@id":"https:\/\/horticom.ee\/e-pood\/toode\/aedaster-paeony-white-callistephus-chinensis-l-ness-b\/#breadcrumb"},"inLanguage":"ru-RU","potentialAction":[{"@type":"ReadAction","target":["https:\/\/horticom.ee\/e-pood\/toode\/aedaster-paeony-white-callistephus-chinensis-l-ness-b\/"]}]},{"@type":"ImageObject","inLanguage":"ru-RU","@id":"https:\/\/horticom.ee\/e-pood\/toode\/aedaster-paeony-white-callistephus-chinensis-l-ness-b\/#primaryimage","url":"https:\/\/horticom.ee\/e-pood\/wp-content\/uploads\/importedmedia\/product-1383809_0-L28450.jpg","contentUrl":"https:\/\/horticom.ee\/e-pood\/wp-content\/uploads\/importedmedia\/product-1383809_0-L28450.jpg","width":999,"height":1067,"caption":"Aedaster China Aster Paeony White - Callistephus chinensis L. Ness"},{"@type":"BreadcrumbList","@id":"https:\/\/horticom.ee\/e-pood\/toode\/aedaster-paeony-white-callistephus-chinensis-l-ness-b\/#breadcrumb","itemListElement":[{"@type":"ListItem","position":1,"name":"Home","item":"https:\/\/horticom.ee\/e-pood\/"},{"@type":"ListItem","position":2,"name":"Pood","item":"https:\/\/horticom.ee\/e-pood\/pood\/"},{"@type":"ListItem","position":3,"name":"Aedaster China Aster Paeony White &#8211; Callistephus chinensis L. Ness"}]},{"@type":"WebSite","@id":"https:\/\/horticom.ee\/e-pood\/#website","url":"https:\/\/horticom.ee\/e-pood\/","name":"Horticom.ee","description":"Aianduskaubad ja kodukaubad nii harrastajatele kui professionaalidele","potentialAction":[{"@type":"SearchAction","target":{"@type":"EntryPoint","urlTemplate":"https:\/\/horticom.ee\/e-pood\/?s={search_term_string}"},"query-input":{"@type":"PropertyValueSpecification","valueRequired":true,"valueName":"search_term_string"}}],"inLanguage":"ru-RU"}]}},"_links":{"self":[{"href":"https:\/\/horticom.ee\/e-pood\/ru\/wp-json\/wp\/v2\/product\/1383809","targetHints":{"allow":["GET"]}}],"collection":[{"href":"https:\/\/horticom.ee\/e-pood\/ru\/wp-json\/wp\/v2\/product"}],"about":[{"href":"https:\/\/horticom.ee\/e-pood\/ru\/wp-json\/wp\/v2\/types\/product"}],"replies":[{"embeddable":true,"href":"https:\/\/horticom.ee\/e-pood\/ru\/wp-json\/wp\/v2\/comments?post=1383809"}],"wp:featuredmedia":[{"embeddable":true,"href":"https:\/\/horticom.ee\/e-pood\/ru\/wp-json\/wp\/v2\/media\/1383970"}],"wp:attachment":[{"href":"https:\/\/horticom.ee\/e-pood\/ru\/wp-json\/wp\/v2\/media?parent=1383809"}],"wp:term":[{"taxonomy":"product_cat","embeddable":true,"href":"https:\/\/horticom.ee\/e-pood\/ru\/wp-json\/wp\/v2\/product_cat?post=1383809"},{"taxonomy":"product_tag","embeddable":true,"href":"https:\/\/horticom.ee\/e-pood\/ru\/wp-json\/wp\/v2\/product_tag?post=1383809"}],"curies":[{"name":"wp","href":"https:\/\/api.w.org\/{rel}","templated":true}]}}