{"id":1383811,"date":"2022-10-07T03:01:27","date_gmt":"2022-10-07T00:01:27","guid":{"rendered":"https:\/\/aednik24.ee\/toode\/aedaster-unicum-mix-callistephus-chinensis-l-ness-b\/"},"modified":"2026-05-03T03:12:02","modified_gmt":"2026-05-03T00:12:02","slug":"aedaster-unicum-mix-callistephus-chinensis-l-ness-b","status":"publish","type":"product","link":"https:\/\/horticom.ee\/e-pood\/ru\/toode\/aedaster-unicum-mix-callistephus-chinensis-l-ness-b\/","title":{"rendered":"Aedaster China Aster Unicum Mix &#8211; Callistephus chinensis L. Ness"},"content":{"rendered":"<p>Aedaster Unicum Mix on \u00fcheaastased, 50 &#8211; 60cm k\u00f5rgused lilled. \u00d5ied on 8 -10cm suurused. Taimed on kasvult kompaktsed. Astrid kasvavad k\u00f5ige paremini viljakas, vett ja \u00f5hku l\u00e4bilaskvas mullas, p\u00e4ikesepaistelises kohas. Istutatakse \u00fcheaastaste lilledepeenardesse, r\u00f5dudelele, kalmistutele ja lillepottidesse. \u00d5itsema hakkab 90 p\u00e4eva p\u00e4rast k\u00fclvi. Seemned idanevad 7 -11 p\u00e4evaga temeratuuril + 18C. Seemned v\u00f5ib otse mulda k\u00fclvata juba oktoobris ning kevadel t\u00e4rganud noortaimed soovitud kohale edasi istutada.<\/p>\n","protected":false},"excerpt":{"rendered":"<p>Aedaster Unicum Mix on \u00fcheaastased, 50 &#8211; 60cm k\u00f5rgused lilled. \u00d5ied on 8 -10cm suurused. Taimed on kasvult kompaktsed. Astrid kasvavad k\u00f5ige paremini viljakas, vett ja \u00f5hku l\u00e4bilaskvas mullas, p\u00e4ikesepaistelises kohas. Istutatakse \u00fcheaastaste lilledepeenardesse, r\u00f5dudelele, kalmistutele ja lillepottidesse. \u00d5itsema hakkab 90 p\u00e4eva p\u00e4rast k\u00fclvi. Seemned idanevad 7 -11 p\u00e4evaga temeratuuril + 18C. Seemned v\u00f5ib otse [&hellip;]<\/p>\n","protected":false},"featured_media":2398821,"comment_status":"closed","ping_status":"closed","template":"","meta":{"_themeisle_gutenberg_block_has_review":false},"product_cat":[13535],"product_tag":[],"class_list":{"0":"post-1383811","1":"product","2":"type-product","3":"status-publish","4":"has-post-thumbnail","6":"product_cat-aster","8":"first","9":"outofstock","10":"shipping-taxable","11":"purchasable","12":"product-type-simple"},"yoast_head":"<!-- This site is optimized with the Yoast SEO plugin v24.0 - https:\/\/yoast.com\/wordpress\/plugins\/seo\/ -->\n<title>Aedaster China Aster Unicum Mix<\/title>\n<meta name=\"description\" content=\"Aedaster Unicum Mix on \u00fcheaastane, 50\u201360 cm k\u00f5rgune lill suurte \u00f5itega. Sobib lillepeenardesse, r\u00f5dudele ja kalmistutele.\" \/>\n<meta name=\"robots\" content=\"index, follow, max-snippet:-1, max-image-preview:large, max-video-preview:-1\" \/>\n<link rel=\"canonical\" href=\"https:\/\/horticom.ee\/e-pood\/toode\/aedaster-unicum-mix-callistephus-chinensis-l-ness-b\/\" \/>\n<meta property=\"og:locale\" content=\"ru_RU\" \/>\n<meta property=\"og:type\" content=\"article\" \/>\n<meta property=\"og:title\" content=\"Aedaster China Aster Unicum Mix\" \/>\n<meta property=\"og:description\" content=\"Aedaster Unicum Mix on \u00fcheaastane, 50\u201360 cm k\u00f5rgune lill suurte \u00f5itega. Sobib lillepeenardesse, r\u00f5dudele ja kalmistutele.\" \/>\n<meta property=\"og:url\" content=\"https:\/\/horticom.ee\/e-pood\/toode\/aedaster-unicum-mix-callistephus-chinensis-l-ness-b\/\" \/>\n<meta property=\"og:site_name\" content=\"Horticom.ee\" \/>\n<meta property=\"article:publisher\" content=\"https:\/\/www.facebook.com\/horticom.ee\/e-pood\" \/>\n<meta property=\"article:modified_time\" content=\"2026-05-03T00:12:02+00:00\" \/>\n<meta property=\"og:image\" content=\"https:\/\/horticom.ee\/e-pood\/wp-content\/uploads\/2022\/10\/4770168228184.jpg\" \/>\n\t<meta property=\"og:image:width\" content=\"398\" \/>\n\t<meta property=\"og:image:height\" content=\"425\" \/>\n\t<meta property=\"og:image:type\" content=\"image\/jpeg\" \/>\n<meta name=\"twitter:card\" content=\"summary_large_image\" \/>\n<meta name=\"twitter:label1\" content=\"\u041f\u0440\u0438\u043c\u0435\u0440\u043d\u043e\u0435 \u0432\u0440\u0435\u043c\u044f \u0434\u043b\u044f \u0447\u0442\u0435\u043d\u0438\u044f\" \/>\n\t<meta name=\"twitter:data1\" content=\"1 \u043c\u0438\u043d\u0443\u0442\u0430\" \/>\n<script type=\"application\/ld+json\" class=\"yoast-schema-graph\">{\"@context\":\"https:\/\/schema.org\",\"@graph\":[{\"@type\":\"WebPage\",\"@id\":\"https:\/\/horticom.ee\/e-pood\/toode\/aedaster-unicum-mix-callistephus-chinensis-l-ness-b\/\",\"url\":\"https:\/\/horticom.ee\/e-pood\/toode\/aedaster-unicum-mix-callistephus-chinensis-l-ness-b\/\",\"name\":\"Aedaster China Aster Unicum Mix\",\"isPartOf\":{\"@id\":\"https:\/\/horticom.ee\/e-pood\/#website\"},\"primaryImageOfPage\":{\"@id\":\"https:\/\/horticom.ee\/e-pood\/toode\/aedaster-unicum-mix-callistephus-chinensis-l-ness-b\/#primaryimage\"},\"image\":{\"@id\":\"https:\/\/horticom.ee\/e-pood\/toode\/aedaster-unicum-mix-callistephus-chinensis-l-ness-b\/#primaryimage\"},\"thumbnailUrl\":\"https:\/\/horticom.ee\/e-pood\/wp-content\/uploads\/2022\/10\/4770168228184.jpg\",\"datePublished\":\"2022-10-07T00:01:27+00:00\",\"dateModified\":\"2026-05-03T00:12:02+00:00\",\"description\":\"Aedaster Unicum Mix on \u00fcheaastane, 50\u201360 cm k\u00f5rgune lill suurte \u00f5itega. Sobib lillepeenardesse, r\u00f5dudele ja kalmistutele.\",\"breadcrumb\":{\"@id\":\"https:\/\/horticom.ee\/e-pood\/toode\/aedaster-unicum-mix-callistephus-chinensis-l-ness-b\/#breadcrumb\"},\"inLanguage\":\"ru-RU\",\"potentialAction\":[{\"@type\":\"ReadAction\",\"target\":[\"https:\/\/horticom.ee\/e-pood\/toode\/aedaster-unicum-mix-callistephus-chinensis-l-ness-b\/\"]}]},{\"@type\":\"ImageObject\",\"inLanguage\":\"ru-RU\",\"@id\":\"https:\/\/horticom.ee\/e-pood\/toode\/aedaster-unicum-mix-callistephus-chinensis-l-ness-b\/#primaryimage\",\"url\":\"https:\/\/horticom.ee\/e-pood\/wp-content\/uploads\/2022\/10\/4770168228184.jpg\",\"contentUrl\":\"https:\/\/horticom.ee\/e-pood\/wp-content\/uploads\/2022\/10\/4770168228184.jpg\",\"width\":398,\"height\":425},{\"@type\":\"BreadcrumbList\",\"@id\":\"https:\/\/horticom.ee\/e-pood\/toode\/aedaster-unicum-mix-callistephus-chinensis-l-ness-b\/#breadcrumb\",\"itemListElement\":[{\"@type\":\"ListItem\",\"position\":1,\"name\":\"Home\",\"item\":\"https:\/\/horticom.ee\/e-pood\/\"},{\"@type\":\"ListItem\",\"position\":2,\"name\":\"Pood\",\"item\":\"https:\/\/horticom.ee\/e-pood\/pood\/\"},{\"@type\":\"ListItem\",\"position\":3,\"name\":\"Aedaster China Aster Unicum Mix &#8211; Callistephus chinensis L. Ness\"}]},{\"@type\":\"WebSite\",\"@id\":\"https:\/\/horticom.ee\/e-pood\/#website\",\"url\":\"https:\/\/horticom.ee\/e-pood\/\",\"name\":\"Horticom.ee\",\"description\":\"Aianduskaubad ja kodukaubad nii harrastajatele kui professionaalidele\",\"potentialAction\":[{\"@type\":\"SearchAction\",\"target\":{\"@type\":\"EntryPoint\",\"urlTemplate\":\"https:\/\/horticom.ee\/e-pood\/?s={search_term_string}\"},\"query-input\":{\"@type\":\"PropertyValueSpecification\",\"valueRequired\":true,\"valueName\":\"search_term_string\"}}],\"inLanguage\":\"ru-RU\"}]}<\/script>\n<!-- \/ Yoast SEO plugin. -->","yoast_head_json":{"title":"Aedaster China Aster Unicum Mix","description":"Aedaster Unicum Mix on \u00fcheaastane, 50\u201360 cm k\u00f5rgune lill suurte \u00f5itega. Sobib lillepeenardesse, r\u00f5dudele ja kalmistutele.","robots":{"index":"index","follow":"follow","max-snippet":"max-snippet:-1","max-image-preview":"max-image-preview:large","max-video-preview":"max-video-preview:-1"},"canonical":"https:\/\/horticom.ee\/e-pood\/toode\/aedaster-unicum-mix-callistephus-chinensis-l-ness-b\/","og_locale":"ru_RU","og_type":"article","og_title":"Aedaster China Aster Unicum Mix","og_description":"Aedaster Unicum Mix on \u00fcheaastane, 50\u201360 cm k\u00f5rgune lill suurte \u00f5itega. Sobib lillepeenardesse, r\u00f5dudele ja kalmistutele.","og_url":"https:\/\/horticom.ee\/e-pood\/toode\/aedaster-unicum-mix-callistephus-chinensis-l-ness-b\/","og_site_name":"Horticom.ee","article_publisher":"https:\/\/www.facebook.com\/horticom.ee\/e-pood","article_modified_time":"2026-05-03T00:12:02+00:00","og_image":[{"width":398,"height":425,"url":"https:\/\/horticom.ee\/e-pood\/wp-content\/uploads\/2022\/10\/4770168228184.jpg","type":"image\/jpeg"}],"twitter_card":"summary_large_image","twitter_misc":{"\u041f\u0440\u0438\u043c\u0435\u0440\u043d\u043e\u0435 \u0432\u0440\u0435\u043c\u044f \u0434\u043b\u044f \u0447\u0442\u0435\u043d\u0438\u044f":"1 \u043c\u0438\u043d\u0443\u0442\u0430"},"schema":{"@context":"https:\/\/schema.org","@graph":[{"@type":"WebPage","@id":"https:\/\/horticom.ee\/e-pood\/toode\/aedaster-unicum-mix-callistephus-chinensis-l-ness-b\/","url":"https:\/\/horticom.ee\/e-pood\/toode\/aedaster-unicum-mix-callistephus-chinensis-l-ness-b\/","name":"Aedaster China Aster Unicum Mix","isPartOf":{"@id":"https:\/\/horticom.ee\/e-pood\/#website"},"primaryImageOfPage":{"@id":"https:\/\/horticom.ee\/e-pood\/toode\/aedaster-unicum-mix-callistephus-chinensis-l-ness-b\/#primaryimage"},"image":{"@id":"https:\/\/horticom.ee\/e-pood\/toode\/aedaster-unicum-mix-callistephus-chinensis-l-ness-b\/#primaryimage"},"thumbnailUrl":"https:\/\/horticom.ee\/e-pood\/wp-content\/uploads\/2022\/10\/4770168228184.jpg","datePublished":"2022-10-07T00:01:27+00:00","dateModified":"2026-05-03T00:12:02+00:00","description":"Aedaster Unicum Mix on \u00fcheaastane, 50\u201360 cm k\u00f5rgune lill suurte \u00f5itega. Sobib lillepeenardesse, r\u00f5dudele ja kalmistutele.","breadcrumb":{"@id":"https:\/\/horticom.ee\/e-pood\/toode\/aedaster-unicum-mix-callistephus-chinensis-l-ness-b\/#breadcrumb"},"inLanguage":"ru-RU","potentialAction":[{"@type":"ReadAction","target":["https:\/\/horticom.ee\/e-pood\/toode\/aedaster-unicum-mix-callistephus-chinensis-l-ness-b\/"]}]},{"@type":"ImageObject","inLanguage":"ru-RU","@id":"https:\/\/horticom.ee\/e-pood\/toode\/aedaster-unicum-mix-callistephus-chinensis-l-ness-b\/#primaryimage","url":"https:\/\/horticom.ee\/e-pood\/wp-content\/uploads\/2022\/10\/4770168228184.jpg","contentUrl":"https:\/\/horticom.ee\/e-pood\/wp-content\/uploads\/2022\/10\/4770168228184.jpg","width":398,"height":425},{"@type":"BreadcrumbList","@id":"https:\/\/horticom.ee\/e-pood\/toode\/aedaster-unicum-mix-callistephus-chinensis-l-ness-b\/#breadcrumb","itemListElement":[{"@type":"ListItem","position":1,"name":"Home","item":"https:\/\/horticom.ee\/e-pood\/"},{"@type":"ListItem","position":2,"name":"Pood","item":"https:\/\/horticom.ee\/e-pood\/pood\/"},{"@type":"ListItem","position":3,"name":"Aedaster China Aster Unicum Mix &#8211; Callistephus chinensis L. Ness"}]},{"@type":"WebSite","@id":"https:\/\/horticom.ee\/e-pood\/#website","url":"https:\/\/horticom.ee\/e-pood\/","name":"Horticom.ee","description":"Aianduskaubad ja kodukaubad nii harrastajatele kui professionaalidele","potentialAction":[{"@type":"SearchAction","target":{"@type":"EntryPoint","urlTemplate":"https:\/\/horticom.ee\/e-pood\/?s={search_term_string}"},"query-input":{"@type":"PropertyValueSpecification","valueRequired":true,"valueName":"search_term_string"}}],"inLanguage":"ru-RU"}]}},"_links":{"self":[{"href":"https:\/\/horticom.ee\/e-pood\/ru\/wp-json\/wp\/v2\/product\/1383811","targetHints":{"allow":["GET"]}}],"collection":[{"href":"https:\/\/horticom.ee\/e-pood\/ru\/wp-json\/wp\/v2\/product"}],"about":[{"href":"https:\/\/horticom.ee\/e-pood\/ru\/wp-json\/wp\/v2\/types\/product"}],"replies":[{"embeddable":true,"href":"https:\/\/horticom.ee\/e-pood\/ru\/wp-json\/wp\/v2\/comments?post=1383811"}],"wp:featuredmedia":[{"embeddable":true,"href":"https:\/\/horticom.ee\/e-pood\/ru\/wp-json\/wp\/v2\/media\/2398821"}],"wp:attachment":[{"href":"https:\/\/horticom.ee\/e-pood\/ru\/wp-json\/wp\/v2\/media?parent=1383811"}],"wp:term":[{"taxonomy":"product_cat","embeddable":true,"href":"https:\/\/horticom.ee\/e-pood\/ru\/wp-json\/wp\/v2\/product_cat?post=1383811"},{"taxonomy":"product_tag","embeddable":true,"href":"https:\/\/horticom.ee\/e-pood\/ru\/wp-json\/wp\/v2\/product_tag?post=1383811"}],"curies":[{"name":"wp","href":"https:\/\/api.w.org\/{rel}","templated":true}]}}