{"id":1383817,"date":"2022-10-07T03:01:29","date_gmt":"2022-10-07T00:01:29","guid":{"rendered":"https:\/\/aednik24.ee\/toode\/hernes-cetris-pisum-sativum-l-partim-d\/"},"modified":"2026-05-03T03:12:03","modified_gmt":"2026-05-03T00:12:03","slug":"hernes-cetris-pisum-sativum-l-partim-d","status":"publish","type":"product","link":"https:\/\/horticom.ee\/e-pood\/ru\/toode\/hernes-cetris-pisum-sativum-l-partim-d\/","title":{"rendered":"Hernes Cetris &#8211; Pisum sativum L. partim"},"content":{"rendered":"<p>Hernes Cetris on keskhiline, v\u00e4ga viljakas, n\u00e4rbumist\u00f5vele vastupidav sort. Taimed kasvavad kuni 65 -75cm k\u00f5rguseks, kasvatavad \u00fches lehekaenlas kolm kauna. Kaunad on helerohelised, 7 cm pikkused. \u00dches kaunas 6 &#8211; 8 hernetera. S\u00fc\u00fcakse v\u00e4rskelt, kuid k\u00f5ige enam sobivad k\u00fclmutamiseks ja konserveerimiseks. Herne kasvatamiseks sobib niiskust kinnihoidev liivsavi ja savimuld. Ei sobi happeline muld, sest selles aenevad halvasti m\u00fcgarbakterid ja taim kasvatab v\u00e4he kaunu.<\/p>\n","protected":false},"excerpt":{"rendered":"<p>Hernes Cetris on keskhiline, v\u00e4ga viljakas, n\u00e4rbumist\u00f5vele vastupidav sort. Taimed kasvavad kuni 65 -75cm k\u00f5rguseks, kasvatavad \u00fches lehekaenlas kolm kauna. Kaunad on helerohelised, 7 cm pikkused. \u00dches kaunas 6 &#8211; 8 hernetera. S\u00fc\u00fcakse v\u00e4rskelt, kuid k\u00f5ige enam sobivad k\u00fclmutamiseks ja konserveerimiseks. Herne kasvatamiseks sobib niiskust kinnihoidev liivsavi ja savimuld. Ei sobi happeline muld, sest selles [&hellip;]<\/p>\n","protected":false},"featured_media":1383954,"comment_status":"closed","ping_status":"closed","template":"","meta":{"_themeisle_gutenberg_block_has_review":false},"product_cat":[13496],"product_tag":[],"class_list":{"0":"post-1383817","1":"product","2":"type-product","3":"status-publish","4":"has-post-thumbnail","6":"product_cat-hernes","8":"first","9":"outofstock","10":"shipping-taxable","11":"purchasable","12":"product-type-simple"},"yoast_head":"<!-- This site is optimized with the Yoast SEO plugin v24.0 - https:\/\/yoast.com\/wordpress\/plugins\/seo\/ -->\n<title>Hernes Cetris - Pisum sativum L. partim - Horticom.ee<\/title>\n<meta name=\"description\" content=\"Hernes Cetris on keskhiline, v\u00e4ga viljakas, n\u00e4rbumist\u00f5vele vastupidav sort. Taimed kasvavad kuni 65 -75cm k\u00f5rguseks, kasvatavad \u00fches lehekaenlas kolm kauna.\" \/>\n<meta name=\"robots\" content=\"index, follow, max-snippet:-1, max-image-preview:large, max-video-preview:-1\" \/>\n<link rel=\"canonical\" href=\"https:\/\/horticom.ee\/e-pood\/toode\/hernes-cetris-pisum-sativum-l-partim-d\/\" \/>\n<meta property=\"og:locale\" content=\"ru_RU\" \/>\n<meta property=\"og:type\" content=\"article\" \/>\n<meta property=\"og:title\" content=\"Hernes Cetris - Pisum sativum L. partim - Horticom.ee\" \/>\n<meta property=\"og:description\" content=\"Hernes Cetris on keskhiline, v\u00e4ga viljakas, n\u00e4rbumist\u00f5vele vastupidav sort. Taimed kasvavad kuni 65 -75cm k\u00f5rguseks, kasvatavad \u00fches lehekaenlas kolm kauna.\" \/>\n<meta property=\"og:url\" content=\"https:\/\/horticom.ee\/e-pood\/toode\/hernes-cetris-pisum-sativum-l-partim-d\/\" \/>\n<meta property=\"og:site_name\" content=\"Horticom.ee\" \/>\n<meta property=\"article:publisher\" content=\"https:\/\/www.facebook.com\/horticom.ee\/e-pood\" \/>\n<meta property=\"article:modified_time\" content=\"2026-05-03T00:12:03+00:00\" \/>\n<meta property=\"og:image\" content=\"https:\/\/horticom.ee\/e-pood\/wp-content\/uploads\/importedmedia\/product-1383817_0-L09160.jpg\" \/>\n\t<meta property=\"og:image:width\" content=\"999\" \/>\n\t<meta property=\"og:image:height\" content=\"1067\" \/>\n\t<meta property=\"og:image:type\" content=\"image\/jpeg\" \/>\n<meta name=\"twitter:card\" content=\"summary_large_image\" \/>\n<script type=\"application\/ld+json\" class=\"yoast-schema-graph\">{\"@context\":\"https:\/\/schema.org\",\"@graph\":[{\"@type\":\"WebPage\",\"@id\":\"https:\/\/horticom.ee\/e-pood\/toode\/hernes-cetris-pisum-sativum-l-partim-d\/\",\"url\":\"https:\/\/horticom.ee\/e-pood\/toode\/hernes-cetris-pisum-sativum-l-partim-d\/\",\"name\":\"Hernes Cetris - Pisum sativum L. partim - Horticom.ee\",\"isPartOf\":{\"@id\":\"https:\/\/horticom.ee\/e-pood\/#website\"},\"primaryImageOfPage\":{\"@id\":\"https:\/\/horticom.ee\/e-pood\/toode\/hernes-cetris-pisum-sativum-l-partim-d\/#primaryimage\"},\"image\":{\"@id\":\"https:\/\/horticom.ee\/e-pood\/toode\/hernes-cetris-pisum-sativum-l-partim-d\/#primaryimage\"},\"thumbnailUrl\":\"https:\/\/horticom.ee\/e-pood\/wp-content\/uploads\/importedmedia\/product-1383817_0-L09160.jpg\",\"datePublished\":\"2022-10-07T00:01:29+00:00\",\"dateModified\":\"2026-05-03T00:12:03+00:00\",\"description\":\"Hernes Cetris on keskhiline, v\u00e4ga viljakas, n\u00e4rbumist\u00f5vele vastupidav sort. Taimed kasvavad kuni 65 -75cm k\u00f5rguseks, kasvatavad \u00fches lehekaenlas kolm kauna.\",\"breadcrumb\":{\"@id\":\"https:\/\/horticom.ee\/e-pood\/toode\/hernes-cetris-pisum-sativum-l-partim-d\/#breadcrumb\"},\"inLanguage\":\"ru-RU\",\"potentialAction\":[{\"@type\":\"ReadAction\",\"target\":[\"https:\/\/horticom.ee\/e-pood\/toode\/hernes-cetris-pisum-sativum-l-partim-d\/\"]}]},{\"@type\":\"ImageObject\",\"inLanguage\":\"ru-RU\",\"@id\":\"https:\/\/horticom.ee\/e-pood\/toode\/hernes-cetris-pisum-sativum-l-partim-d\/#primaryimage\",\"url\":\"https:\/\/horticom.ee\/e-pood\/wp-content\/uploads\/importedmedia\/product-1383817_0-L09160.jpg\",\"contentUrl\":\"https:\/\/horticom.ee\/e-pood\/wp-content\/uploads\/importedmedia\/product-1383817_0-L09160.jpg\",\"width\":999,\"height\":1067,\"caption\":\"Hernes Cetris - Pisum sativum L. partim\"},{\"@type\":\"BreadcrumbList\",\"@id\":\"https:\/\/horticom.ee\/e-pood\/toode\/hernes-cetris-pisum-sativum-l-partim-d\/#breadcrumb\",\"itemListElement\":[{\"@type\":\"ListItem\",\"position\":1,\"name\":\"Home\",\"item\":\"https:\/\/horticom.ee\/e-pood\/\"},{\"@type\":\"ListItem\",\"position\":2,\"name\":\"Pood\",\"item\":\"https:\/\/horticom.ee\/e-pood\/pood\/\"},{\"@type\":\"ListItem\",\"position\":3,\"name\":\"Hernes Cetris &#8211; Pisum sativum L. partim\"}]},{\"@type\":\"WebSite\",\"@id\":\"https:\/\/horticom.ee\/e-pood\/#website\",\"url\":\"https:\/\/horticom.ee\/e-pood\/\",\"name\":\"Horticom.ee\",\"description\":\"Aianduskaubad ja kodukaubad nii harrastajatele kui professionaalidele\",\"potentialAction\":[{\"@type\":\"SearchAction\",\"target\":{\"@type\":\"EntryPoint\",\"urlTemplate\":\"https:\/\/horticom.ee\/e-pood\/?s={search_term_string}\"},\"query-input\":{\"@type\":\"PropertyValueSpecification\",\"valueRequired\":true,\"valueName\":\"search_term_string\"}}],\"inLanguage\":\"ru-RU\"}]}<\/script>\n<!-- \/ Yoast SEO plugin. -->","yoast_head_json":{"title":"Hernes Cetris - Pisum sativum L. partim - Horticom.ee","description":"Hernes Cetris on keskhiline, v\u00e4ga viljakas, n\u00e4rbumist\u00f5vele vastupidav sort. Taimed kasvavad kuni 65 -75cm k\u00f5rguseks, kasvatavad \u00fches lehekaenlas kolm kauna.","robots":{"index":"index","follow":"follow","max-snippet":"max-snippet:-1","max-image-preview":"max-image-preview:large","max-video-preview":"max-video-preview:-1"},"canonical":"https:\/\/horticom.ee\/e-pood\/toode\/hernes-cetris-pisum-sativum-l-partim-d\/","og_locale":"ru_RU","og_type":"article","og_title":"Hernes Cetris - Pisum sativum L. partim - Horticom.ee","og_description":"Hernes Cetris on keskhiline, v\u00e4ga viljakas, n\u00e4rbumist\u00f5vele vastupidav sort. Taimed kasvavad kuni 65 -75cm k\u00f5rguseks, kasvatavad \u00fches lehekaenlas kolm kauna.","og_url":"https:\/\/horticom.ee\/e-pood\/toode\/hernes-cetris-pisum-sativum-l-partim-d\/","og_site_name":"Horticom.ee","article_publisher":"https:\/\/www.facebook.com\/horticom.ee\/e-pood","article_modified_time":"2026-05-03T00:12:03+00:00","og_image":[{"width":999,"height":1067,"url":"https:\/\/horticom.ee\/e-pood\/wp-content\/uploads\/importedmedia\/product-1383817_0-L09160.jpg","type":"image\/jpeg"}],"twitter_card":"summary_large_image","schema":{"@context":"https:\/\/schema.org","@graph":[{"@type":"WebPage","@id":"https:\/\/horticom.ee\/e-pood\/toode\/hernes-cetris-pisum-sativum-l-partim-d\/","url":"https:\/\/horticom.ee\/e-pood\/toode\/hernes-cetris-pisum-sativum-l-partim-d\/","name":"Hernes Cetris - Pisum sativum L. partim - Horticom.ee","isPartOf":{"@id":"https:\/\/horticom.ee\/e-pood\/#website"},"primaryImageOfPage":{"@id":"https:\/\/horticom.ee\/e-pood\/toode\/hernes-cetris-pisum-sativum-l-partim-d\/#primaryimage"},"image":{"@id":"https:\/\/horticom.ee\/e-pood\/toode\/hernes-cetris-pisum-sativum-l-partim-d\/#primaryimage"},"thumbnailUrl":"https:\/\/horticom.ee\/e-pood\/wp-content\/uploads\/importedmedia\/product-1383817_0-L09160.jpg","datePublished":"2022-10-07T00:01:29+00:00","dateModified":"2026-05-03T00:12:03+00:00","description":"Hernes Cetris on keskhiline, v\u00e4ga viljakas, n\u00e4rbumist\u00f5vele vastupidav sort. Taimed kasvavad kuni 65 -75cm k\u00f5rguseks, kasvatavad \u00fches lehekaenlas kolm kauna.","breadcrumb":{"@id":"https:\/\/horticom.ee\/e-pood\/toode\/hernes-cetris-pisum-sativum-l-partim-d\/#breadcrumb"},"inLanguage":"ru-RU","potentialAction":[{"@type":"ReadAction","target":["https:\/\/horticom.ee\/e-pood\/toode\/hernes-cetris-pisum-sativum-l-partim-d\/"]}]},{"@type":"ImageObject","inLanguage":"ru-RU","@id":"https:\/\/horticom.ee\/e-pood\/toode\/hernes-cetris-pisum-sativum-l-partim-d\/#primaryimage","url":"https:\/\/horticom.ee\/e-pood\/wp-content\/uploads\/importedmedia\/product-1383817_0-L09160.jpg","contentUrl":"https:\/\/horticom.ee\/e-pood\/wp-content\/uploads\/importedmedia\/product-1383817_0-L09160.jpg","width":999,"height":1067,"caption":"Hernes Cetris - Pisum sativum L. partim"},{"@type":"BreadcrumbList","@id":"https:\/\/horticom.ee\/e-pood\/toode\/hernes-cetris-pisum-sativum-l-partim-d\/#breadcrumb","itemListElement":[{"@type":"ListItem","position":1,"name":"Home","item":"https:\/\/horticom.ee\/e-pood\/"},{"@type":"ListItem","position":2,"name":"Pood","item":"https:\/\/horticom.ee\/e-pood\/pood\/"},{"@type":"ListItem","position":3,"name":"Hernes Cetris &#8211; Pisum sativum L. partim"}]},{"@type":"WebSite","@id":"https:\/\/horticom.ee\/e-pood\/#website","url":"https:\/\/horticom.ee\/e-pood\/","name":"Horticom.ee","description":"Aianduskaubad ja kodukaubad nii harrastajatele kui professionaalidele","potentialAction":[{"@type":"SearchAction","target":{"@type":"EntryPoint","urlTemplate":"https:\/\/horticom.ee\/e-pood\/?s={search_term_string}"},"query-input":{"@type":"PropertyValueSpecification","valueRequired":true,"valueName":"search_term_string"}}],"inLanguage":"ru-RU"}]}},"_links":{"self":[{"href":"https:\/\/horticom.ee\/e-pood\/ru\/wp-json\/wp\/v2\/product\/1383817","targetHints":{"allow":["GET"]}}],"collection":[{"href":"https:\/\/horticom.ee\/e-pood\/ru\/wp-json\/wp\/v2\/product"}],"about":[{"href":"https:\/\/horticom.ee\/e-pood\/ru\/wp-json\/wp\/v2\/types\/product"}],"replies":[{"embeddable":true,"href":"https:\/\/horticom.ee\/e-pood\/ru\/wp-json\/wp\/v2\/comments?post=1383817"}],"wp:featuredmedia":[{"embeddable":true,"href":"https:\/\/horticom.ee\/e-pood\/ru\/wp-json\/wp\/v2\/media\/1383954"}],"wp:attachment":[{"href":"https:\/\/horticom.ee\/e-pood\/ru\/wp-json\/wp\/v2\/media?parent=1383817"}],"wp:term":[{"taxonomy":"product_cat","embeddable":true,"href":"https:\/\/horticom.ee\/e-pood\/ru\/wp-json\/wp\/v2\/product_cat?post=1383817"},{"taxonomy":"product_tag","embeddable":true,"href":"https:\/\/horticom.ee\/e-pood\/ru\/wp-json\/wp\/v2\/product_tag?post=1383817"}],"curies":[{"name":"wp","href":"https:\/\/api.w.org\/{rel}","templated":true}]}}