{"id":1383823,"date":"2022-10-07T03:01:35","date_gmt":"2022-10-07T00:01:35","guid":{"rendered":"https:\/\/aednik24.ee\/toode\/kirinoges-painted-nettle-improved-rainbow-coleus-blumei-benth-d\/"},"modified":"2026-04-24T03:13:30","modified_gmt":"2026-04-24T00:13:30","slug":"kirinoges-painted-nettle-improved-rainbow-coleus-blumei-benth-d","status":"publish","type":"product","link":"https:\/\/horticom.ee\/e-pood\/ru\/toode\/kirinoges-painted-nettle-improved-rainbow-coleus-blumei-benth-d\/","title":{"rendered":"Kirin\u00f5ges Painted Nettle Improved Rainbow &#8211; Coleus Blumei Benth."},"content":{"rendered":"<p>Kirin\u00f5ges Painted Nettle Improved Rainbow on mitmeaastane taim, avamaal kasvatatakse \u00fcheaastasena. Enneolematu ilusate, v\u00e4rviliste lehtedega. Kasvatatakse lillepeenardel, aiavaasides, r\u00f5dudel. V\u00e4rvilised lehed loovad muljetavaldavaid kompositsioone. Kui kasvatamiseks valida p\u00e4ikeseline koht, muutuvad taime lehed eredateks ja v\u00e4rvilisteks. On v\u00e4ga oluline, et taim ei kannataks niiskusepuuduse all ja ei n\u00e4rbuks. Vanemaid oksi on soovitatav k\u00e4rpida. Avamaal kasvades p\u00fcsib dekoratiivsena esimeste k\u00fclmadeni.<\/p>\n","protected":false},"excerpt":{"rendered":"<p>Kirin\u00f5ges Painted Nettle Improved Rainbow on mitmeaastane taim, avamaal kasvatatakse \u00fcheaastasena. Enneolematu ilusate, v\u00e4rviliste lehtedega. Kasvatatakse lillepeenardel, aiavaasides, r\u00f5dudel. V\u00e4rvilised lehed loovad muljetavaldavaid kompositsioone. Kui kasvatamiseks valida p\u00e4ikeseline koht, muutuvad taime lehed eredateks ja v\u00e4rvilisteks. On v\u00e4ga oluline, et taim ei kannataks niiskusepuuduse all ja ei n\u00e4rbuks. Vanemaid oksi on soovitatav k\u00e4rpida. Avamaal kasvades p\u00fcsib [&hellip;]<\/p>\n","protected":false},"featured_media":2398883,"comment_status":"closed","ping_status":"closed","template":"","meta":{"_themeisle_gutenberg_block_has_review":false},"product_cat":[13515],"product_tag":[],"class_list":{"0":"post-1383823","1":"product","2":"type-product","3":"status-publish","4":"has-post-thumbnail","6":"product_cat-mitmeaastased","8":"first","9":"instock","10":"shipping-taxable","11":"purchasable","12":"product-type-simple"},"yoast_head":"<!-- This site is optimized with the Yoast SEO plugin v24.0 - https:\/\/yoast.com\/wordpress\/plugins\/seo\/ -->\n<title>Kirin\u00f5ges Painted Nettle Improved Rainbow<\/title>\n<meta name=\"description\" content=\"Kirin\u00f5ges Painted Nettle on dekoratiivne taim erksav\u00e4rviliste lehtedega, sobib lillepeenardesse ja r\u00f5dudele.\" \/>\n<meta name=\"robots\" content=\"index, follow, max-snippet:-1, max-image-preview:large, max-video-preview:-1\" \/>\n<link rel=\"canonical\" href=\"https:\/\/horticom.ee\/e-pood\/toode\/kirinoges-painted-nettle-improved-rainbow-coleus-blumei-benth-d\/\" \/>\n<meta property=\"og:locale\" content=\"ru_RU\" \/>\n<meta property=\"og:type\" content=\"article\" \/>\n<meta property=\"og:title\" content=\"Kirin\u00f5ges Painted Nettle Improved Rainbow\" \/>\n<meta property=\"og:description\" content=\"Kirin\u00f5ges Painted Nettle on dekoratiivne taim erksav\u00e4rviliste lehtedega, sobib lillepeenardesse ja r\u00f5dudele.\" \/>\n<meta property=\"og:url\" content=\"https:\/\/horticom.ee\/e-pood\/toode\/kirinoges-painted-nettle-improved-rainbow-coleus-blumei-benth-d\/\" \/>\n<meta property=\"og:site_name\" content=\"Horticom.ee\" \/>\n<meta property=\"article:publisher\" content=\"https:\/\/www.facebook.com\/horticom.ee\/e-pood\" \/>\n<meta property=\"article:modified_time\" content=\"2026-04-24T00:13:30+00:00\" \/>\n<meta property=\"og:image\" content=\"https:\/\/horticom.ee\/e-pood\/wp-content\/uploads\/2022\/10\/4770168914131.jpg\" \/>\n\t<meta property=\"og:image:width\" content=\"398\" \/>\n\t<meta property=\"og:image:height\" content=\"425\" \/>\n\t<meta property=\"og:image:type\" content=\"image\/jpeg\" \/>\n<meta name=\"twitter:card\" content=\"summary_large_image\" \/>\n<meta name=\"twitter:label1\" content=\"\u041f\u0440\u0438\u043c\u0435\u0440\u043d\u043e\u0435 \u0432\u0440\u0435\u043c\u044f \u0434\u043b\u044f \u0447\u0442\u0435\u043d\u0438\u044f\" \/>\n\t<meta name=\"twitter:data1\" content=\"1 \u043c\u0438\u043d\u0443\u0442\u0430\" \/>\n<script type=\"application\/ld+json\" class=\"yoast-schema-graph\">{\"@context\":\"https:\/\/schema.org\",\"@graph\":[{\"@type\":\"WebPage\",\"@id\":\"https:\/\/horticom.ee\/e-pood\/toode\/kirinoges-painted-nettle-improved-rainbow-coleus-blumei-benth-d\/\",\"url\":\"https:\/\/horticom.ee\/e-pood\/toode\/kirinoges-painted-nettle-improved-rainbow-coleus-blumei-benth-d\/\",\"name\":\"Kirin\u00f5ges Painted Nettle Improved Rainbow\",\"isPartOf\":{\"@id\":\"https:\/\/horticom.ee\/e-pood\/#website\"},\"primaryImageOfPage\":{\"@id\":\"https:\/\/horticom.ee\/e-pood\/toode\/kirinoges-painted-nettle-improved-rainbow-coleus-blumei-benth-d\/#primaryimage\"},\"image\":{\"@id\":\"https:\/\/horticom.ee\/e-pood\/toode\/kirinoges-painted-nettle-improved-rainbow-coleus-blumei-benth-d\/#primaryimage\"},\"thumbnailUrl\":\"https:\/\/horticom.ee\/e-pood\/wp-content\/uploads\/2022\/10\/4770168914131.jpg\",\"datePublished\":\"2022-10-07T00:01:35+00:00\",\"dateModified\":\"2026-04-24T00:13:30+00:00\",\"description\":\"Kirin\u00f5ges Painted Nettle on dekoratiivne taim erksav\u00e4rviliste lehtedega, sobib lillepeenardesse ja r\u00f5dudele.\",\"breadcrumb\":{\"@id\":\"https:\/\/horticom.ee\/e-pood\/toode\/kirinoges-painted-nettle-improved-rainbow-coleus-blumei-benth-d\/#breadcrumb\"},\"inLanguage\":\"ru-RU\",\"potentialAction\":[{\"@type\":\"ReadAction\",\"target\":[\"https:\/\/horticom.ee\/e-pood\/toode\/kirinoges-painted-nettle-improved-rainbow-coleus-blumei-benth-d\/\"]}]},{\"@type\":\"ImageObject\",\"inLanguage\":\"ru-RU\",\"@id\":\"https:\/\/horticom.ee\/e-pood\/toode\/kirinoges-painted-nettle-improved-rainbow-coleus-blumei-benth-d\/#primaryimage\",\"url\":\"https:\/\/horticom.ee\/e-pood\/wp-content\/uploads\/2022\/10\/4770168914131.jpg\",\"contentUrl\":\"https:\/\/horticom.ee\/e-pood\/wp-content\/uploads\/2022\/10\/4770168914131.jpg\",\"width\":398,\"height\":425},{\"@type\":\"BreadcrumbList\",\"@id\":\"https:\/\/horticom.ee\/e-pood\/toode\/kirinoges-painted-nettle-improved-rainbow-coleus-blumei-benth-d\/#breadcrumb\",\"itemListElement\":[{\"@type\":\"ListItem\",\"position\":1,\"name\":\"Home\",\"item\":\"https:\/\/horticom.ee\/e-pood\/\"},{\"@type\":\"ListItem\",\"position\":2,\"name\":\"Pood\",\"item\":\"https:\/\/horticom.ee\/e-pood\/pood\/\"},{\"@type\":\"ListItem\",\"position\":3,\"name\":\"Kirin\u00f5ges Painted Nettle Improved Rainbow &#8211; Coleus Blumei Benth.\"}]},{\"@type\":\"WebSite\",\"@id\":\"https:\/\/horticom.ee\/e-pood\/#website\",\"url\":\"https:\/\/horticom.ee\/e-pood\/\",\"name\":\"Horticom.ee\",\"description\":\"Aianduskaubad ja kodukaubad nii harrastajatele kui professionaalidele\",\"potentialAction\":[{\"@type\":\"SearchAction\",\"target\":{\"@type\":\"EntryPoint\",\"urlTemplate\":\"https:\/\/horticom.ee\/e-pood\/?s={search_term_string}\"},\"query-input\":{\"@type\":\"PropertyValueSpecification\",\"valueRequired\":true,\"valueName\":\"search_term_string\"}}],\"inLanguage\":\"ru-RU\"}]}<\/script>\n<!-- \/ Yoast SEO plugin. -->","yoast_head_json":{"title":"Kirin\u00f5ges Painted Nettle Improved Rainbow","description":"Kirin\u00f5ges Painted Nettle on dekoratiivne taim erksav\u00e4rviliste lehtedega, sobib lillepeenardesse ja r\u00f5dudele.","robots":{"index":"index","follow":"follow","max-snippet":"max-snippet:-1","max-image-preview":"max-image-preview:large","max-video-preview":"max-video-preview:-1"},"canonical":"https:\/\/horticom.ee\/e-pood\/toode\/kirinoges-painted-nettle-improved-rainbow-coleus-blumei-benth-d\/","og_locale":"ru_RU","og_type":"article","og_title":"Kirin\u00f5ges Painted Nettle Improved Rainbow","og_description":"Kirin\u00f5ges Painted Nettle on dekoratiivne taim erksav\u00e4rviliste lehtedega, sobib lillepeenardesse ja r\u00f5dudele.","og_url":"https:\/\/horticom.ee\/e-pood\/toode\/kirinoges-painted-nettle-improved-rainbow-coleus-blumei-benth-d\/","og_site_name":"Horticom.ee","article_publisher":"https:\/\/www.facebook.com\/horticom.ee\/e-pood","article_modified_time":"2026-04-24T00:13:30+00:00","og_image":[{"width":398,"height":425,"url":"https:\/\/horticom.ee\/e-pood\/wp-content\/uploads\/2022\/10\/4770168914131.jpg","type":"image\/jpeg"}],"twitter_card":"summary_large_image","twitter_misc":{"\u041f\u0440\u0438\u043c\u0435\u0440\u043d\u043e\u0435 \u0432\u0440\u0435\u043c\u044f \u0434\u043b\u044f \u0447\u0442\u0435\u043d\u0438\u044f":"1 \u043c\u0438\u043d\u0443\u0442\u0430"},"schema":{"@context":"https:\/\/schema.org","@graph":[{"@type":"WebPage","@id":"https:\/\/horticom.ee\/e-pood\/toode\/kirinoges-painted-nettle-improved-rainbow-coleus-blumei-benth-d\/","url":"https:\/\/horticom.ee\/e-pood\/toode\/kirinoges-painted-nettle-improved-rainbow-coleus-blumei-benth-d\/","name":"Kirin\u00f5ges Painted Nettle Improved Rainbow","isPartOf":{"@id":"https:\/\/horticom.ee\/e-pood\/#website"},"primaryImageOfPage":{"@id":"https:\/\/horticom.ee\/e-pood\/toode\/kirinoges-painted-nettle-improved-rainbow-coleus-blumei-benth-d\/#primaryimage"},"image":{"@id":"https:\/\/horticom.ee\/e-pood\/toode\/kirinoges-painted-nettle-improved-rainbow-coleus-blumei-benth-d\/#primaryimage"},"thumbnailUrl":"https:\/\/horticom.ee\/e-pood\/wp-content\/uploads\/2022\/10\/4770168914131.jpg","datePublished":"2022-10-07T00:01:35+00:00","dateModified":"2026-04-24T00:13:30+00:00","description":"Kirin\u00f5ges Painted Nettle on dekoratiivne taim erksav\u00e4rviliste lehtedega, sobib lillepeenardesse ja r\u00f5dudele.","breadcrumb":{"@id":"https:\/\/horticom.ee\/e-pood\/toode\/kirinoges-painted-nettle-improved-rainbow-coleus-blumei-benth-d\/#breadcrumb"},"inLanguage":"ru-RU","potentialAction":[{"@type":"ReadAction","target":["https:\/\/horticom.ee\/e-pood\/toode\/kirinoges-painted-nettle-improved-rainbow-coleus-blumei-benth-d\/"]}]},{"@type":"ImageObject","inLanguage":"ru-RU","@id":"https:\/\/horticom.ee\/e-pood\/toode\/kirinoges-painted-nettle-improved-rainbow-coleus-blumei-benth-d\/#primaryimage","url":"https:\/\/horticom.ee\/e-pood\/wp-content\/uploads\/2022\/10\/4770168914131.jpg","contentUrl":"https:\/\/horticom.ee\/e-pood\/wp-content\/uploads\/2022\/10\/4770168914131.jpg","width":398,"height":425},{"@type":"BreadcrumbList","@id":"https:\/\/horticom.ee\/e-pood\/toode\/kirinoges-painted-nettle-improved-rainbow-coleus-blumei-benth-d\/#breadcrumb","itemListElement":[{"@type":"ListItem","position":1,"name":"Home","item":"https:\/\/horticom.ee\/e-pood\/"},{"@type":"ListItem","position":2,"name":"Pood","item":"https:\/\/horticom.ee\/e-pood\/pood\/"},{"@type":"ListItem","position":3,"name":"Kirin\u00f5ges Painted Nettle Improved Rainbow &#8211; Coleus Blumei Benth."}]},{"@type":"WebSite","@id":"https:\/\/horticom.ee\/e-pood\/#website","url":"https:\/\/horticom.ee\/e-pood\/","name":"Horticom.ee","description":"Aianduskaubad ja kodukaubad nii harrastajatele kui professionaalidele","potentialAction":[{"@type":"SearchAction","target":{"@type":"EntryPoint","urlTemplate":"https:\/\/horticom.ee\/e-pood\/?s={search_term_string}"},"query-input":{"@type":"PropertyValueSpecification","valueRequired":true,"valueName":"search_term_string"}}],"inLanguage":"ru-RU"}]}},"_links":{"self":[{"href":"https:\/\/horticom.ee\/e-pood\/ru\/wp-json\/wp\/v2\/product\/1383823","targetHints":{"allow":["GET"]}}],"collection":[{"href":"https:\/\/horticom.ee\/e-pood\/ru\/wp-json\/wp\/v2\/product"}],"about":[{"href":"https:\/\/horticom.ee\/e-pood\/ru\/wp-json\/wp\/v2\/types\/product"}],"replies":[{"embeddable":true,"href":"https:\/\/horticom.ee\/e-pood\/ru\/wp-json\/wp\/v2\/comments?post=1383823"}],"wp:featuredmedia":[{"embeddable":true,"href":"https:\/\/horticom.ee\/e-pood\/ru\/wp-json\/wp\/v2\/media\/2398883"}],"wp:attachment":[{"href":"https:\/\/horticom.ee\/e-pood\/ru\/wp-json\/wp\/v2\/media?parent=1383823"}],"wp:term":[{"taxonomy":"product_cat","embeddable":true,"href":"https:\/\/horticom.ee\/e-pood\/ru\/wp-json\/wp\/v2\/product_cat?post=1383823"},{"taxonomy":"product_tag","embeddable":true,"href":"https:\/\/horticom.ee\/e-pood\/ru\/wp-json\/wp\/v2\/product_tag?post=1383823"}],"curies":[{"name":"wp","href":"https:\/\/api.w.org\/{rel}","templated":true}]}}