{"id":1383825,"date":"2022-10-07T03:01:35","date_gmt":"2022-10-07T00:01:35","guid":{"rendered":"https:\/\/aednik24.ee\/toode\/kurk-altaj-cucumis-sativus-l-b\/"},"modified":"2026-04-28T03:10:51","modified_gmt":"2026-04-28T00:10:51","slug":"kurk-altaj-cucumis-sativus-l-b","status":"publish","type":"product","link":"https:\/\/horticom.ee\/e-pood\/ru\/toode\/kurk-altaj-cucumis-sativus-l-b\/","title":{"rendered":"Kurk Altaj H &#8211; Cucumis sativus L."},"content":{"rendered":"<p>Kurk Altaj on varajane, viljkas h\u00fcbriid. Talub h\u00e4sti ka ebasoodsaid ilmastikutingimusi. Viljad on helerohelised, suur, kergesti k\u00fchmulised, ei l\u00e4he m\u00f5ruks. Kasvatatakse avamaal. Vatupidav kurgi mosaiikviiruse ja jahukaste suhtes. On vastupidav v\u00f5lts jahukaste suhtes. Sobib hapendamiseks ja konserveerimiseks. K\u00f5ige paremini kasvab huumuselises, viljakas, vett ja \u00f5hku l\u00e4bilaskvas mullas. Kurk kasvab halvasti varjulises kohas, on tundlik niiskuspuuduse suhtes.<\/p>\n","protected":false},"excerpt":{"rendered":"<p>Kurk Altaj on varajane, viljkas h\u00fcbriid. Talub h\u00e4sti ka ebasoodsaid ilmastikutingimusi. Viljad on helerohelised, suur, kergesti k\u00fchmulised, ei l\u00e4he m\u00f5ruks. Kasvatatakse avamaal. Vatupidav kurgi mosaiikviiruse ja jahukaste suhtes. On vastupidav v\u00f5lts jahukaste suhtes. Sobib hapendamiseks ja konserveerimiseks. K\u00f5ige paremini kasvab huumuselises, viljakas, vett ja \u00f5hku l\u00e4bilaskvas mullas. Kurk kasvab halvasti varjulises kohas, on tundlik niiskuspuuduse [&hellip;]<\/p>\n","protected":false},"featured_media":1383940,"comment_status":"closed","ping_status":"closed","template":"","meta":{"_themeisle_gutenberg_block_has_review":false},"product_cat":[13493],"product_tag":[],"class_list":{"0":"post-1383825","1":"product","2":"type-product","3":"status-publish","4":"has-post-thumbnail","6":"product_cat-kurk","8":"first","9":"instock","10":"shipping-taxable","11":"purchasable","12":"product-type-simple"},"yoast_head":"<!-- This site is optimized with the Yoast SEO plugin v24.0 - https:\/\/yoast.com\/wordpress\/plugins\/seo\/ -->\n<title>Kurk Altaj H - Cucumis sativus L. - Horticom.ee\/e-pood<\/title>\n<meta name=\"description\" content=\"Kurk Altaj on varajane h\u00fcbriid, talub ebasoodsaid ilmastikutingimusi ja sobib h\u00e4sti hapendamiseks ning konserveerimiseks.\" \/>\n<meta name=\"robots\" content=\"index, follow, max-snippet:-1, max-image-preview:large, max-video-preview:-1\" \/>\n<link rel=\"canonical\" href=\"https:\/\/horticom.ee\/e-pood\/toode\/kurk-altaj-cucumis-sativus-l-b\/\" \/>\n<meta property=\"og:locale\" content=\"ru_RU\" \/>\n<meta property=\"og:type\" content=\"article\" \/>\n<meta property=\"og:title\" content=\"Kurk Altaj H - Cucumis sativus L. - Horticom.ee\/e-pood\" \/>\n<meta property=\"og:description\" content=\"Kurk Altaj on varajane h\u00fcbriid, talub ebasoodsaid ilmastikutingimusi ja sobib h\u00e4sti hapendamiseks ning konserveerimiseks.\" \/>\n<meta property=\"og:url\" content=\"https:\/\/horticom.ee\/e-pood\/toode\/kurk-altaj-cucumis-sativus-l-b\/\" \/>\n<meta property=\"og:site_name\" content=\"Horticom.ee\" \/>\n<meta property=\"article:publisher\" content=\"https:\/\/www.facebook.com\/horticom.ee\/e-pood\" \/>\n<meta property=\"article:modified_time\" content=\"2026-04-28T00:10:51+00:00\" \/>\n<meta property=\"og:image\" content=\"https:\/\/horticom.ee\/e-pood\/wp-content\/uploads\/importedmedia\/product-1383825_0-L101190.jpg\" \/>\n\t<meta property=\"og:image:width\" content=\"999\" \/>\n\t<meta property=\"og:image:height\" content=\"1068\" \/>\n\t<meta property=\"og:image:type\" content=\"image\/jpeg\" \/>\n<meta name=\"twitter:card\" content=\"summary_large_image\" \/>\n<script type=\"application\/ld+json\" class=\"yoast-schema-graph\">{\"@context\":\"https:\/\/schema.org\",\"@graph\":[{\"@type\":\"WebPage\",\"@id\":\"https:\/\/horticom.ee\/e-pood\/toode\/kurk-altaj-cucumis-sativus-l-b\/\",\"url\":\"https:\/\/horticom.ee\/e-pood\/toode\/kurk-altaj-cucumis-sativus-l-b\/\",\"name\":\"Kurk Altaj H - Cucumis sativus L. - Horticom.ee\/e-pood\",\"isPartOf\":{\"@id\":\"https:\/\/horticom.ee\/e-pood\/#website\"},\"primaryImageOfPage\":{\"@id\":\"https:\/\/horticom.ee\/e-pood\/toode\/kurk-altaj-cucumis-sativus-l-b\/#primaryimage\"},\"image\":{\"@id\":\"https:\/\/horticom.ee\/e-pood\/toode\/kurk-altaj-cucumis-sativus-l-b\/#primaryimage\"},\"thumbnailUrl\":\"https:\/\/horticom.ee\/e-pood\/wp-content\/uploads\/importedmedia\/product-1383825_0-L101190.jpg\",\"datePublished\":\"2022-10-07T00:01:35+00:00\",\"dateModified\":\"2026-04-28T00:10:51+00:00\",\"description\":\"Kurk Altaj on varajane h\u00fcbriid, talub ebasoodsaid ilmastikutingimusi ja sobib h\u00e4sti hapendamiseks ning konserveerimiseks.\",\"breadcrumb\":{\"@id\":\"https:\/\/horticom.ee\/e-pood\/toode\/kurk-altaj-cucumis-sativus-l-b\/#breadcrumb\"},\"inLanguage\":\"ru-RU\",\"potentialAction\":[{\"@type\":\"ReadAction\",\"target\":[\"https:\/\/horticom.ee\/e-pood\/toode\/kurk-altaj-cucumis-sativus-l-b\/\"]}]},{\"@type\":\"ImageObject\",\"inLanguage\":\"ru-RU\",\"@id\":\"https:\/\/horticom.ee\/e-pood\/toode\/kurk-altaj-cucumis-sativus-l-b\/#primaryimage\",\"url\":\"https:\/\/horticom.ee\/e-pood\/wp-content\/uploads\/importedmedia\/product-1383825_0-L101190.jpg\",\"contentUrl\":\"https:\/\/horticom.ee\/e-pood\/wp-content\/uploads\/importedmedia\/product-1383825_0-L101190.jpg\",\"width\":999,\"height\":1068,\"caption\":\"Kurk Altaj H - Cucumis sativus L.\"},{\"@type\":\"BreadcrumbList\",\"@id\":\"https:\/\/horticom.ee\/e-pood\/toode\/kurk-altaj-cucumis-sativus-l-b\/#breadcrumb\",\"itemListElement\":[{\"@type\":\"ListItem\",\"position\":1,\"name\":\"Home\",\"item\":\"https:\/\/horticom.ee\/e-pood\/\"},{\"@type\":\"ListItem\",\"position\":2,\"name\":\"Pood\",\"item\":\"https:\/\/horticom.ee\/e-pood\/pood\/\"},{\"@type\":\"ListItem\",\"position\":3,\"name\":\"Kurk Altaj H &#8211; Cucumis sativus L.\"}]},{\"@type\":\"WebSite\",\"@id\":\"https:\/\/horticom.ee\/e-pood\/#website\",\"url\":\"https:\/\/horticom.ee\/e-pood\/\",\"name\":\"Horticom.ee\",\"description\":\"Aianduskaubad ja kodukaubad nii harrastajatele kui professionaalidele\",\"potentialAction\":[{\"@type\":\"SearchAction\",\"target\":{\"@type\":\"EntryPoint\",\"urlTemplate\":\"https:\/\/horticom.ee\/e-pood\/?s={search_term_string}\"},\"query-input\":{\"@type\":\"PropertyValueSpecification\",\"valueRequired\":true,\"valueName\":\"search_term_string\"}}],\"inLanguage\":\"ru-RU\"}]}<\/script>\n<!-- \/ Yoast SEO plugin. -->","yoast_head_json":{"title":"Kurk Altaj H - Cucumis sativus L. - Horticom.ee\/e-pood","description":"Kurk Altaj on varajane h\u00fcbriid, talub ebasoodsaid ilmastikutingimusi ja sobib h\u00e4sti hapendamiseks ning konserveerimiseks.","robots":{"index":"index","follow":"follow","max-snippet":"max-snippet:-1","max-image-preview":"max-image-preview:large","max-video-preview":"max-video-preview:-1"},"canonical":"https:\/\/horticom.ee\/e-pood\/toode\/kurk-altaj-cucumis-sativus-l-b\/","og_locale":"ru_RU","og_type":"article","og_title":"Kurk Altaj H - Cucumis sativus L. - Horticom.ee\/e-pood","og_description":"Kurk Altaj on varajane h\u00fcbriid, talub ebasoodsaid ilmastikutingimusi ja sobib h\u00e4sti hapendamiseks ning konserveerimiseks.","og_url":"https:\/\/horticom.ee\/e-pood\/toode\/kurk-altaj-cucumis-sativus-l-b\/","og_site_name":"Horticom.ee","article_publisher":"https:\/\/www.facebook.com\/horticom.ee\/e-pood","article_modified_time":"2026-04-28T00:10:51+00:00","og_image":[{"width":999,"height":1068,"url":"https:\/\/horticom.ee\/e-pood\/wp-content\/uploads\/importedmedia\/product-1383825_0-L101190.jpg","type":"image\/jpeg"}],"twitter_card":"summary_large_image","schema":{"@context":"https:\/\/schema.org","@graph":[{"@type":"WebPage","@id":"https:\/\/horticom.ee\/e-pood\/toode\/kurk-altaj-cucumis-sativus-l-b\/","url":"https:\/\/horticom.ee\/e-pood\/toode\/kurk-altaj-cucumis-sativus-l-b\/","name":"Kurk Altaj H - Cucumis sativus L. - Horticom.ee\/e-pood","isPartOf":{"@id":"https:\/\/horticom.ee\/e-pood\/#website"},"primaryImageOfPage":{"@id":"https:\/\/horticom.ee\/e-pood\/toode\/kurk-altaj-cucumis-sativus-l-b\/#primaryimage"},"image":{"@id":"https:\/\/horticom.ee\/e-pood\/toode\/kurk-altaj-cucumis-sativus-l-b\/#primaryimage"},"thumbnailUrl":"https:\/\/horticom.ee\/e-pood\/wp-content\/uploads\/importedmedia\/product-1383825_0-L101190.jpg","datePublished":"2022-10-07T00:01:35+00:00","dateModified":"2026-04-28T00:10:51+00:00","description":"Kurk Altaj on varajane h\u00fcbriid, talub ebasoodsaid ilmastikutingimusi ja sobib h\u00e4sti hapendamiseks ning konserveerimiseks.","breadcrumb":{"@id":"https:\/\/horticom.ee\/e-pood\/toode\/kurk-altaj-cucumis-sativus-l-b\/#breadcrumb"},"inLanguage":"ru-RU","potentialAction":[{"@type":"ReadAction","target":["https:\/\/horticom.ee\/e-pood\/toode\/kurk-altaj-cucumis-sativus-l-b\/"]}]},{"@type":"ImageObject","inLanguage":"ru-RU","@id":"https:\/\/horticom.ee\/e-pood\/toode\/kurk-altaj-cucumis-sativus-l-b\/#primaryimage","url":"https:\/\/horticom.ee\/e-pood\/wp-content\/uploads\/importedmedia\/product-1383825_0-L101190.jpg","contentUrl":"https:\/\/horticom.ee\/e-pood\/wp-content\/uploads\/importedmedia\/product-1383825_0-L101190.jpg","width":999,"height":1068,"caption":"Kurk Altaj H - Cucumis sativus L."},{"@type":"BreadcrumbList","@id":"https:\/\/horticom.ee\/e-pood\/toode\/kurk-altaj-cucumis-sativus-l-b\/#breadcrumb","itemListElement":[{"@type":"ListItem","position":1,"name":"Home","item":"https:\/\/horticom.ee\/e-pood\/"},{"@type":"ListItem","position":2,"name":"Pood","item":"https:\/\/horticom.ee\/e-pood\/pood\/"},{"@type":"ListItem","position":3,"name":"Kurk Altaj H &#8211; Cucumis sativus L."}]},{"@type":"WebSite","@id":"https:\/\/horticom.ee\/e-pood\/#website","url":"https:\/\/horticom.ee\/e-pood\/","name":"Horticom.ee","description":"Aianduskaubad ja kodukaubad nii harrastajatele kui professionaalidele","potentialAction":[{"@type":"SearchAction","target":{"@type":"EntryPoint","urlTemplate":"https:\/\/horticom.ee\/e-pood\/?s={search_term_string}"},"query-input":{"@type":"PropertyValueSpecification","valueRequired":true,"valueName":"search_term_string"}}],"inLanguage":"ru-RU"}]}},"_links":{"self":[{"href":"https:\/\/horticom.ee\/e-pood\/ru\/wp-json\/wp\/v2\/product\/1383825","targetHints":{"allow":["GET"]}}],"collection":[{"href":"https:\/\/horticom.ee\/e-pood\/ru\/wp-json\/wp\/v2\/product"}],"about":[{"href":"https:\/\/horticom.ee\/e-pood\/ru\/wp-json\/wp\/v2\/types\/product"}],"replies":[{"embeddable":true,"href":"https:\/\/horticom.ee\/e-pood\/ru\/wp-json\/wp\/v2\/comments?post=1383825"}],"wp:featuredmedia":[{"embeddable":true,"href":"https:\/\/horticom.ee\/e-pood\/ru\/wp-json\/wp\/v2\/media\/1383940"}],"wp:attachment":[{"href":"https:\/\/horticom.ee\/e-pood\/ru\/wp-json\/wp\/v2\/media?parent=1383825"}],"wp:term":[{"taxonomy":"product_cat","embeddable":true,"href":"https:\/\/horticom.ee\/e-pood\/ru\/wp-json\/wp\/v2\/product_cat?post=1383825"},{"taxonomy":"product_tag","embeddable":true,"href":"https:\/\/horticom.ee\/e-pood\/ru\/wp-json\/wp\/v2\/product_tag?post=1383825"}],"curies":[{"name":"wp","href":"https:\/\/api.w.org\/{rel}","templated":true}]}}