{"id":1383834,"date":"2022-10-07T03:01:39","date_gmt":"2022-10-07T00:01:39","guid":{"rendered":"https:\/\/aednik24.ee\/toode\/porgand-bangor-daucus-carota-l-k\/"},"modified":"2026-05-03T03:12:04","modified_gmt":"2026-05-03T00:12:04","slug":"porgand-bangor-daucus-carota-l-k","status":"publish","type":"product","link":"https:\/\/horticom.ee\/e-pood\/ru\/toode\/porgand-bangor-daucus-carota-l-k\/","title":{"rendered":"Porgand Bangor H &#8211; Daucus carota L."},"content":{"rendered":"<p>Porgand Bangor on keskvarajane, saagikas, Berlicum-t\u00fc\u00fcpi h\u00fcbriid. Vegetatsiooniperiood on 100\u2013110 p\u00e4eva. Kasvatatud s\u00fcgiseseks koristamiseks ja s\u00e4ilitamiseks. Tegemist on kiirekasvulise h\u00fcbriidiga, seet\u00f5ttu v\u00f5ib seda sorti kasvatada varajaseks saagiks \u2013 normaalsuuruses juured valmivad varem kui varasel Nanto-t\u00fc\u00fcpi sordil. Juured on suured, t\u00f6mbi otsaga, siledad, 20\u201325 cm pikad, kaaluvad 150\u2013350 g, sobivad mahlapressimiseks. Seemneid v\u00f5ivad olla t\u00f6\u00f6deldud. Kui seemned on t\u00f6\u00f6deldud, on pakendi allosas m\u00e4rgitud t\u00f6\u00f6tluse nimetus.<\/p>\n","protected":false},"excerpt":{"rendered":"<p>Porgand Bangor on keskvarajane, saagikas, Berlicum-t\u00fc\u00fcpi h\u00fcbriid. Vegetatsiooniperiood on 100\u2013110 p\u00e4eva. Kasvatatud s\u00fcgiseseks koristamiseks ja s\u00e4ilitamiseks. Tegemist on kiirekasvulise h\u00fcbriidiga, seet\u00f5ttu v\u00f5ib seda sorti kasvatada varajaseks saagiks \u2013 normaalsuuruses juured valmivad varem kui varasel Nanto-t\u00fc\u00fcpi sordil. Juured on suured, t\u00f6mbi otsaga, siledad, 20\u201325 cm pikad, kaaluvad 150\u2013350 g, sobivad mahlapressimiseks. Seemneid v\u00f5ivad olla t\u00f6\u00f6deldud. Kui [&hellip;]<\/p>\n","protected":false},"featured_media":2400213,"comment_status":"closed","ping_status":"closed","template":"","meta":{"_themeisle_gutenberg_block_has_review":false},"product_cat":[13487],"product_tag":[],"class_list":{"0":"post-1383834","1":"product","2":"type-product","3":"status-publish","4":"has-post-thumbnail","6":"product_cat-porgand-pastinaak","8":"first","9":"instock","10":"shipping-taxable","11":"purchasable","12":"product-type-simple"},"yoast_head":"<!-- This site is optimized with the Yoast SEO plugin v24.0 - https:\/\/yoast.com\/wordpress\/plugins\/seo\/ -->\n<title>Porgand Bangor H - Daucus carota L. - Horticom.ee\/e-pood<\/title>\n<meta name=\"description\" content=\"Porgand Bangor \u2013 keskvarajane Berlicum-t\u00fc\u00fcpi h\u00fcbriid. Kiirekasvuline, suured juured, sobivad mahlapressimiseks ja s\u00e4ilitamiseks.\" \/>\n<meta name=\"robots\" content=\"index, follow, max-snippet:-1, max-image-preview:large, max-video-preview:-1\" \/>\n<link rel=\"canonical\" href=\"https:\/\/horticom.ee\/e-pood\/toode\/porgand-bangor-daucus-carota-l-k\/\" \/>\n<meta property=\"og:locale\" content=\"ru_RU\" \/>\n<meta property=\"og:type\" content=\"article\" \/>\n<meta property=\"og:title\" content=\"Porgand Bangor H - Daucus carota L. - Horticom.ee\/e-pood\" \/>\n<meta property=\"og:description\" content=\"Porgand Bangor \u2013 keskvarajane Berlicum-t\u00fc\u00fcpi h\u00fcbriid. Kiirekasvuline, suured juured, sobivad mahlapressimiseks ja s\u00e4ilitamiseks.\" \/>\n<meta property=\"og:url\" content=\"https:\/\/horticom.ee\/e-pood\/toode\/porgand-bangor-daucus-carota-l-k\/\" \/>\n<meta property=\"og:site_name\" content=\"Horticom.ee\" \/>\n<meta property=\"article:publisher\" content=\"https:\/\/www.facebook.com\/horticom.ee\/e-pood\" \/>\n<meta property=\"article:modified_time\" content=\"2026-05-03T00:12:04+00:00\" \/>\n<meta property=\"og:image\" content=\"https:\/\/horticom.ee\/e-pood\/wp-content\/uploads\/2022\/10\/4770168914575.jpg\" \/>\n\t<meta property=\"og:image:width\" content=\"398\" \/>\n\t<meta property=\"og:image:height\" content=\"425\" \/>\n\t<meta property=\"og:image:type\" content=\"image\/jpeg\" \/>\n<meta name=\"twitter:card\" content=\"summary_large_image\" \/>\n<meta name=\"twitter:label1\" content=\"\u041f\u0440\u0438\u043c\u0435\u0440\u043d\u043e\u0435 \u0432\u0440\u0435\u043c\u044f \u0434\u043b\u044f \u0447\u0442\u0435\u043d\u0438\u044f\" \/>\n\t<meta name=\"twitter:data1\" content=\"1 \u043c\u0438\u043d\u0443\u0442\u0430\" \/>\n<script type=\"application\/ld+json\" class=\"yoast-schema-graph\">{\"@context\":\"https:\/\/schema.org\",\"@graph\":[{\"@type\":\"WebPage\",\"@id\":\"https:\/\/horticom.ee\/e-pood\/toode\/porgand-bangor-daucus-carota-l-k\/\",\"url\":\"https:\/\/horticom.ee\/e-pood\/toode\/porgand-bangor-daucus-carota-l-k\/\",\"name\":\"Porgand Bangor H - Daucus carota L. - Horticom.ee\/e-pood\",\"isPartOf\":{\"@id\":\"https:\/\/horticom.ee\/e-pood\/#website\"},\"primaryImageOfPage\":{\"@id\":\"https:\/\/horticom.ee\/e-pood\/toode\/porgand-bangor-daucus-carota-l-k\/#primaryimage\"},\"image\":{\"@id\":\"https:\/\/horticom.ee\/e-pood\/toode\/porgand-bangor-daucus-carota-l-k\/#primaryimage\"},\"thumbnailUrl\":\"https:\/\/horticom.ee\/e-pood\/wp-content\/uploads\/2022\/10\/4770168914575.jpg\",\"datePublished\":\"2022-10-07T00:01:39+00:00\",\"dateModified\":\"2026-05-03T00:12:04+00:00\",\"description\":\"Porgand Bangor \u2013 keskvarajane Berlicum-t\u00fc\u00fcpi h\u00fcbriid. Kiirekasvuline, suured juured, sobivad mahlapressimiseks ja s\u00e4ilitamiseks.\",\"breadcrumb\":{\"@id\":\"https:\/\/horticom.ee\/e-pood\/toode\/porgand-bangor-daucus-carota-l-k\/#breadcrumb\"},\"inLanguage\":\"ru-RU\",\"potentialAction\":[{\"@type\":\"ReadAction\",\"target\":[\"https:\/\/horticom.ee\/e-pood\/toode\/porgand-bangor-daucus-carota-l-k\/\"]}]},{\"@type\":\"ImageObject\",\"inLanguage\":\"ru-RU\",\"@id\":\"https:\/\/horticom.ee\/e-pood\/toode\/porgand-bangor-daucus-carota-l-k\/#primaryimage\",\"url\":\"https:\/\/horticom.ee\/e-pood\/wp-content\/uploads\/2022\/10\/4770168914575.jpg\",\"contentUrl\":\"https:\/\/horticom.ee\/e-pood\/wp-content\/uploads\/2022\/10\/4770168914575.jpg\",\"width\":398,\"height\":425},{\"@type\":\"BreadcrumbList\",\"@id\":\"https:\/\/horticom.ee\/e-pood\/toode\/porgand-bangor-daucus-carota-l-k\/#breadcrumb\",\"itemListElement\":[{\"@type\":\"ListItem\",\"position\":1,\"name\":\"Home\",\"item\":\"https:\/\/horticom.ee\/e-pood\/\"},{\"@type\":\"ListItem\",\"position\":2,\"name\":\"Pood\",\"item\":\"https:\/\/horticom.ee\/e-pood\/pood\/\"},{\"@type\":\"ListItem\",\"position\":3,\"name\":\"Porgand Bangor H &#8211; Daucus carota L.\"}]},{\"@type\":\"WebSite\",\"@id\":\"https:\/\/horticom.ee\/e-pood\/#website\",\"url\":\"https:\/\/horticom.ee\/e-pood\/\",\"name\":\"Horticom.ee\",\"description\":\"Aianduskaubad ja kodukaubad nii harrastajatele kui professionaalidele\",\"potentialAction\":[{\"@type\":\"SearchAction\",\"target\":{\"@type\":\"EntryPoint\",\"urlTemplate\":\"https:\/\/horticom.ee\/e-pood\/?s={search_term_string}\"},\"query-input\":{\"@type\":\"PropertyValueSpecification\",\"valueRequired\":true,\"valueName\":\"search_term_string\"}}],\"inLanguage\":\"ru-RU\"}]}<\/script>\n<!-- \/ Yoast SEO plugin. -->","yoast_head_json":{"title":"Porgand Bangor H - Daucus carota L. - Horticom.ee\/e-pood","description":"Porgand Bangor \u2013 keskvarajane Berlicum-t\u00fc\u00fcpi h\u00fcbriid. Kiirekasvuline, suured juured, sobivad mahlapressimiseks ja s\u00e4ilitamiseks.","robots":{"index":"index","follow":"follow","max-snippet":"max-snippet:-1","max-image-preview":"max-image-preview:large","max-video-preview":"max-video-preview:-1"},"canonical":"https:\/\/horticom.ee\/e-pood\/toode\/porgand-bangor-daucus-carota-l-k\/","og_locale":"ru_RU","og_type":"article","og_title":"Porgand Bangor H - Daucus carota L. - Horticom.ee\/e-pood","og_description":"Porgand Bangor \u2013 keskvarajane Berlicum-t\u00fc\u00fcpi h\u00fcbriid. Kiirekasvuline, suured juured, sobivad mahlapressimiseks ja s\u00e4ilitamiseks.","og_url":"https:\/\/horticom.ee\/e-pood\/toode\/porgand-bangor-daucus-carota-l-k\/","og_site_name":"Horticom.ee","article_publisher":"https:\/\/www.facebook.com\/horticom.ee\/e-pood","article_modified_time":"2026-05-03T00:12:04+00:00","og_image":[{"width":398,"height":425,"url":"https:\/\/horticom.ee\/e-pood\/wp-content\/uploads\/2022\/10\/4770168914575.jpg","type":"image\/jpeg"}],"twitter_card":"summary_large_image","twitter_misc":{"\u041f\u0440\u0438\u043c\u0435\u0440\u043d\u043e\u0435 \u0432\u0440\u0435\u043c\u044f \u0434\u043b\u044f \u0447\u0442\u0435\u043d\u0438\u044f":"1 \u043c\u0438\u043d\u0443\u0442\u0430"},"schema":{"@context":"https:\/\/schema.org","@graph":[{"@type":"WebPage","@id":"https:\/\/horticom.ee\/e-pood\/toode\/porgand-bangor-daucus-carota-l-k\/","url":"https:\/\/horticom.ee\/e-pood\/toode\/porgand-bangor-daucus-carota-l-k\/","name":"Porgand Bangor H - Daucus carota L. - Horticom.ee\/e-pood","isPartOf":{"@id":"https:\/\/horticom.ee\/e-pood\/#website"},"primaryImageOfPage":{"@id":"https:\/\/horticom.ee\/e-pood\/toode\/porgand-bangor-daucus-carota-l-k\/#primaryimage"},"image":{"@id":"https:\/\/horticom.ee\/e-pood\/toode\/porgand-bangor-daucus-carota-l-k\/#primaryimage"},"thumbnailUrl":"https:\/\/horticom.ee\/e-pood\/wp-content\/uploads\/2022\/10\/4770168914575.jpg","datePublished":"2022-10-07T00:01:39+00:00","dateModified":"2026-05-03T00:12:04+00:00","description":"Porgand Bangor \u2013 keskvarajane Berlicum-t\u00fc\u00fcpi h\u00fcbriid. Kiirekasvuline, suured juured, sobivad mahlapressimiseks ja s\u00e4ilitamiseks.","breadcrumb":{"@id":"https:\/\/horticom.ee\/e-pood\/toode\/porgand-bangor-daucus-carota-l-k\/#breadcrumb"},"inLanguage":"ru-RU","potentialAction":[{"@type":"ReadAction","target":["https:\/\/horticom.ee\/e-pood\/toode\/porgand-bangor-daucus-carota-l-k\/"]}]},{"@type":"ImageObject","inLanguage":"ru-RU","@id":"https:\/\/horticom.ee\/e-pood\/toode\/porgand-bangor-daucus-carota-l-k\/#primaryimage","url":"https:\/\/horticom.ee\/e-pood\/wp-content\/uploads\/2022\/10\/4770168914575.jpg","contentUrl":"https:\/\/horticom.ee\/e-pood\/wp-content\/uploads\/2022\/10\/4770168914575.jpg","width":398,"height":425},{"@type":"BreadcrumbList","@id":"https:\/\/horticom.ee\/e-pood\/toode\/porgand-bangor-daucus-carota-l-k\/#breadcrumb","itemListElement":[{"@type":"ListItem","position":1,"name":"Home","item":"https:\/\/horticom.ee\/e-pood\/"},{"@type":"ListItem","position":2,"name":"Pood","item":"https:\/\/horticom.ee\/e-pood\/pood\/"},{"@type":"ListItem","position":3,"name":"Porgand Bangor H &#8211; Daucus carota L."}]},{"@type":"WebSite","@id":"https:\/\/horticom.ee\/e-pood\/#website","url":"https:\/\/horticom.ee\/e-pood\/","name":"Horticom.ee","description":"Aianduskaubad ja kodukaubad nii harrastajatele kui professionaalidele","potentialAction":[{"@type":"SearchAction","target":{"@type":"EntryPoint","urlTemplate":"https:\/\/horticom.ee\/e-pood\/?s={search_term_string}"},"query-input":{"@type":"PropertyValueSpecification","valueRequired":true,"valueName":"search_term_string"}}],"inLanguage":"ru-RU"}]}},"_links":{"self":[{"href":"https:\/\/horticom.ee\/e-pood\/ru\/wp-json\/wp\/v2\/product\/1383834","targetHints":{"allow":["GET"]}}],"collection":[{"href":"https:\/\/horticom.ee\/e-pood\/ru\/wp-json\/wp\/v2\/product"}],"about":[{"href":"https:\/\/horticom.ee\/e-pood\/ru\/wp-json\/wp\/v2\/types\/product"}],"replies":[{"embeddable":true,"href":"https:\/\/horticom.ee\/e-pood\/ru\/wp-json\/wp\/v2\/comments?post=1383834"}],"wp:featuredmedia":[{"embeddable":true,"href":"https:\/\/horticom.ee\/e-pood\/ru\/wp-json\/wp\/v2\/media\/2400213"}],"wp:attachment":[{"href":"https:\/\/horticom.ee\/e-pood\/ru\/wp-json\/wp\/v2\/media?parent=1383834"}],"wp:term":[{"taxonomy":"product_cat","embeddable":true,"href":"https:\/\/horticom.ee\/e-pood\/ru\/wp-json\/wp\/v2\/product_cat?post=1383834"},{"taxonomy":"product_tag","embeddable":true,"href":"https:\/\/horticom.ee\/e-pood\/ru\/wp-json\/wp\/v2\/product_tag?post=1383834"}],"curies":[{"name":"wp","href":"https:\/\/api.w.org\/{rel}","templated":true}]}}