{"id":1383841,"date":"2022-10-07T03:01:42","date_gmt":"2022-10-07T00:01:42","guid":{"rendered":"https:\/\/aednik24.ee\/toode\/suur-mungalill-nasturtium-splitfire-tropaeolum-majus-l-c\/"},"modified":"2026-05-03T03:12:04","modified_gmt":"2026-05-03T00:12:04","slug":"suur-mungalill-nasturtium-splitfire-tropaeolum-majus-l-c","status":"publish","type":"product","link":"https:\/\/horticom.ee\/e-pood\/ru\/toode\/suur-mungalill-nasturtium-splitfire-tropaeolum-majus-l-c\/","title":{"rendered":"Suur mungalill Nasturtium Splitfire &#8211; Tropaeolum majus L."},"content":{"rendered":"<p>Suur mungalill Nasturtium Splitfire on \u00fcheaastased lilled. Mille roniv vars v\u00f5ib kasvada kuni 3m pikkuseks. \u00d5ied 4-5cm l\u00e4bim\u00f5\u00f5duga. Kasvab nii p\u00e4ikesepaistelisel kui ka poolvarjulisel kohal juuni l\u00f5pust hiliss\u00fcgiseni. Mullastiku suhtes ei ole n\u00f5udlik. Sobib istutamiseks lillepeenardesse, r\u00f5dudele ja aia \u00e4\u00e4rde. Need lilled v\u00f5ivad aidata kaitsta kapsa saaki suurte kapsalilblikate eest. Nende lillede istutamine kapsapeenarde vahele, peletab kapsaliblikaid.<\/p>\n","protected":false},"excerpt":{"rendered":"<p>Suur mungalill Nasturtium Splitfire on \u00fcheaastased lilled. Mille roniv vars v\u00f5ib kasvada kuni 3m pikkuseks. \u00d5ied 4-5cm l\u00e4bim\u00f5\u00f5duga. Kasvab nii p\u00e4ikesepaistelisel kui ka poolvarjulisel kohal juuni l\u00f5pust hiliss\u00fcgiseni. Mullastiku suhtes ei ole n\u00f5udlik. Sobib istutamiseks lillepeenardesse, r\u00f5dudele ja aia \u00e4\u00e4rde. Need lilled v\u00f5ivad aidata kaitsta kapsa saaki suurte kapsalilblikate eest. Nende lillede istutamine kapsapeenarde vahele, [&hellip;]<\/p>\n","protected":false},"featured_media":2400564,"comment_status":"closed","ping_status":"closed","template":"","meta":{"_themeisle_gutenberg_block_has_review":false},"product_cat":[13514],"product_tag":[],"class_list":{"0":"post-1383841","1":"product","2":"type-product","3":"status-publish","4":"has-post-thumbnail","6":"product_cat-mungalill","8":"first","9":"instock","10":"shipping-taxable","11":"purchasable","12":"product-type-simple"},"yoast_head":"<!-- This site is optimized with the Yoast SEO plugin v24.0 - https:\/\/yoast.com\/wordpress\/plugins\/seo\/ -->\n<title>Suur mungalill Nasturtium Splitfire - Tropaeolum majus L.<\/title>\n<meta name=\"description\" content=\"Suur mungalill Nasturtium Splitfire \u2013 \u00fcheaastane taim, roniv vars kuni 3 m. \u00d5itseb juuni l\u00f5pust hiliss\u00fcgiseni, sobib lillepeenardesse ja r\u00f5dudele.\" \/>\n<meta name=\"robots\" content=\"index, follow, max-snippet:-1, max-image-preview:large, max-video-preview:-1\" \/>\n<link rel=\"canonical\" href=\"https:\/\/horticom.ee\/e-pood\/toode\/suur-mungalill-nasturtium-splitfire-tropaeolum-majus-l-c\/\" \/>\n<meta property=\"og:locale\" content=\"ru_RU\" \/>\n<meta property=\"og:type\" content=\"article\" \/>\n<meta property=\"og:title\" content=\"Suur mungalill Nasturtium Splitfire - Tropaeolum majus L.\" \/>\n<meta property=\"og:description\" content=\"Suur mungalill Nasturtium Splitfire \u2013 \u00fcheaastane taim, roniv vars kuni 3 m. \u00d5itseb juuni l\u00f5pust hiliss\u00fcgiseni, sobib lillepeenardesse ja r\u00f5dudele.\" \/>\n<meta property=\"og:url\" content=\"https:\/\/horticom.ee\/e-pood\/toode\/suur-mungalill-nasturtium-splitfire-tropaeolum-majus-l-c\/\" \/>\n<meta property=\"og:site_name\" content=\"Horticom.ee\" \/>\n<meta property=\"article:publisher\" content=\"https:\/\/www.facebook.com\/horticom.ee\/e-pood\" \/>\n<meta property=\"article:modified_time\" content=\"2026-05-03T00:12:04+00:00\" \/>\n<meta property=\"og:image\" content=\"https:\/\/horticom.ee\/e-pood\/wp-content\/uploads\/2022\/10\/4770168241176.jpg\" \/>\n\t<meta property=\"og:image:width\" content=\"398\" \/>\n\t<meta property=\"og:image:height\" content=\"425\" \/>\n\t<meta property=\"og:image:type\" content=\"image\/jpeg\" \/>\n<meta name=\"twitter:card\" content=\"summary_large_image\" \/>\n<meta name=\"twitter:label1\" content=\"\u041f\u0440\u0438\u043c\u0435\u0440\u043d\u043e\u0435 \u0432\u0440\u0435\u043c\u044f \u0434\u043b\u044f \u0447\u0442\u0435\u043d\u0438\u044f\" \/>\n\t<meta name=\"twitter:data1\" content=\"1 \u043c\u0438\u043d\u0443\u0442\u0430\" \/>\n<script type=\"application\/ld+json\" class=\"yoast-schema-graph\">{\"@context\":\"https:\/\/schema.org\",\"@graph\":[{\"@type\":\"WebPage\",\"@id\":\"https:\/\/horticom.ee\/e-pood\/toode\/suur-mungalill-nasturtium-splitfire-tropaeolum-majus-l-c\/\",\"url\":\"https:\/\/horticom.ee\/e-pood\/toode\/suur-mungalill-nasturtium-splitfire-tropaeolum-majus-l-c\/\",\"name\":\"Suur mungalill Nasturtium Splitfire - Tropaeolum majus L.\",\"isPartOf\":{\"@id\":\"https:\/\/horticom.ee\/e-pood\/#website\"},\"primaryImageOfPage\":{\"@id\":\"https:\/\/horticom.ee\/e-pood\/toode\/suur-mungalill-nasturtium-splitfire-tropaeolum-majus-l-c\/#primaryimage\"},\"image\":{\"@id\":\"https:\/\/horticom.ee\/e-pood\/toode\/suur-mungalill-nasturtium-splitfire-tropaeolum-majus-l-c\/#primaryimage\"},\"thumbnailUrl\":\"https:\/\/horticom.ee\/e-pood\/wp-content\/uploads\/2022\/10\/4770168241176.jpg\",\"datePublished\":\"2022-10-07T00:01:42+00:00\",\"dateModified\":\"2026-05-03T00:12:04+00:00\",\"description\":\"Suur mungalill Nasturtium Splitfire \u2013 \u00fcheaastane taim, roniv vars kuni 3 m. \u00d5itseb juuni l\u00f5pust hiliss\u00fcgiseni, sobib lillepeenardesse ja r\u00f5dudele.\",\"breadcrumb\":{\"@id\":\"https:\/\/horticom.ee\/e-pood\/toode\/suur-mungalill-nasturtium-splitfire-tropaeolum-majus-l-c\/#breadcrumb\"},\"inLanguage\":\"ru-RU\",\"potentialAction\":[{\"@type\":\"ReadAction\",\"target\":[\"https:\/\/horticom.ee\/e-pood\/toode\/suur-mungalill-nasturtium-splitfire-tropaeolum-majus-l-c\/\"]}]},{\"@type\":\"ImageObject\",\"inLanguage\":\"ru-RU\",\"@id\":\"https:\/\/horticom.ee\/e-pood\/toode\/suur-mungalill-nasturtium-splitfire-tropaeolum-majus-l-c\/#primaryimage\",\"url\":\"https:\/\/horticom.ee\/e-pood\/wp-content\/uploads\/2022\/10\/4770168241176.jpg\",\"contentUrl\":\"https:\/\/horticom.ee\/e-pood\/wp-content\/uploads\/2022\/10\/4770168241176.jpg\",\"width\":398,\"height\":425},{\"@type\":\"BreadcrumbList\",\"@id\":\"https:\/\/horticom.ee\/e-pood\/toode\/suur-mungalill-nasturtium-splitfire-tropaeolum-majus-l-c\/#breadcrumb\",\"itemListElement\":[{\"@type\":\"ListItem\",\"position\":1,\"name\":\"Home\",\"item\":\"https:\/\/horticom.ee\/e-pood\/\"},{\"@type\":\"ListItem\",\"position\":2,\"name\":\"Pood\",\"item\":\"https:\/\/horticom.ee\/e-pood\/pood\/\"},{\"@type\":\"ListItem\",\"position\":3,\"name\":\"Suur mungalill Nasturtium Splitfire &#8211; Tropaeolum majus L.\"}]},{\"@type\":\"WebSite\",\"@id\":\"https:\/\/horticom.ee\/e-pood\/#website\",\"url\":\"https:\/\/horticom.ee\/e-pood\/\",\"name\":\"Horticom.ee\",\"description\":\"Aianduskaubad ja kodukaubad nii harrastajatele kui professionaalidele\",\"potentialAction\":[{\"@type\":\"SearchAction\",\"target\":{\"@type\":\"EntryPoint\",\"urlTemplate\":\"https:\/\/horticom.ee\/e-pood\/?s={search_term_string}\"},\"query-input\":{\"@type\":\"PropertyValueSpecification\",\"valueRequired\":true,\"valueName\":\"search_term_string\"}}],\"inLanguage\":\"ru-RU\"}]}<\/script>\n<!-- \/ Yoast SEO plugin. -->","yoast_head_json":{"title":"Suur mungalill Nasturtium Splitfire - Tropaeolum majus L.","description":"Suur mungalill Nasturtium Splitfire \u2013 \u00fcheaastane taim, roniv vars kuni 3 m. \u00d5itseb juuni l\u00f5pust hiliss\u00fcgiseni, sobib lillepeenardesse ja r\u00f5dudele.","robots":{"index":"index","follow":"follow","max-snippet":"max-snippet:-1","max-image-preview":"max-image-preview:large","max-video-preview":"max-video-preview:-1"},"canonical":"https:\/\/horticom.ee\/e-pood\/toode\/suur-mungalill-nasturtium-splitfire-tropaeolum-majus-l-c\/","og_locale":"ru_RU","og_type":"article","og_title":"Suur mungalill Nasturtium Splitfire - Tropaeolum majus L.","og_description":"Suur mungalill Nasturtium Splitfire \u2013 \u00fcheaastane taim, roniv vars kuni 3 m. \u00d5itseb juuni l\u00f5pust hiliss\u00fcgiseni, sobib lillepeenardesse ja r\u00f5dudele.","og_url":"https:\/\/horticom.ee\/e-pood\/toode\/suur-mungalill-nasturtium-splitfire-tropaeolum-majus-l-c\/","og_site_name":"Horticom.ee","article_publisher":"https:\/\/www.facebook.com\/horticom.ee\/e-pood","article_modified_time":"2026-05-03T00:12:04+00:00","og_image":[{"width":398,"height":425,"url":"https:\/\/horticom.ee\/e-pood\/wp-content\/uploads\/2022\/10\/4770168241176.jpg","type":"image\/jpeg"}],"twitter_card":"summary_large_image","twitter_misc":{"\u041f\u0440\u0438\u043c\u0435\u0440\u043d\u043e\u0435 \u0432\u0440\u0435\u043c\u044f \u0434\u043b\u044f \u0447\u0442\u0435\u043d\u0438\u044f":"1 \u043c\u0438\u043d\u0443\u0442\u0430"},"schema":{"@context":"https:\/\/schema.org","@graph":[{"@type":"WebPage","@id":"https:\/\/horticom.ee\/e-pood\/toode\/suur-mungalill-nasturtium-splitfire-tropaeolum-majus-l-c\/","url":"https:\/\/horticom.ee\/e-pood\/toode\/suur-mungalill-nasturtium-splitfire-tropaeolum-majus-l-c\/","name":"Suur mungalill Nasturtium Splitfire - Tropaeolum majus L.","isPartOf":{"@id":"https:\/\/horticom.ee\/e-pood\/#website"},"primaryImageOfPage":{"@id":"https:\/\/horticom.ee\/e-pood\/toode\/suur-mungalill-nasturtium-splitfire-tropaeolum-majus-l-c\/#primaryimage"},"image":{"@id":"https:\/\/horticom.ee\/e-pood\/toode\/suur-mungalill-nasturtium-splitfire-tropaeolum-majus-l-c\/#primaryimage"},"thumbnailUrl":"https:\/\/horticom.ee\/e-pood\/wp-content\/uploads\/2022\/10\/4770168241176.jpg","datePublished":"2022-10-07T00:01:42+00:00","dateModified":"2026-05-03T00:12:04+00:00","description":"Suur mungalill Nasturtium Splitfire \u2013 \u00fcheaastane taim, roniv vars kuni 3 m. \u00d5itseb juuni l\u00f5pust hiliss\u00fcgiseni, sobib lillepeenardesse ja r\u00f5dudele.","breadcrumb":{"@id":"https:\/\/horticom.ee\/e-pood\/toode\/suur-mungalill-nasturtium-splitfire-tropaeolum-majus-l-c\/#breadcrumb"},"inLanguage":"ru-RU","potentialAction":[{"@type":"ReadAction","target":["https:\/\/horticom.ee\/e-pood\/toode\/suur-mungalill-nasturtium-splitfire-tropaeolum-majus-l-c\/"]}]},{"@type":"ImageObject","inLanguage":"ru-RU","@id":"https:\/\/horticom.ee\/e-pood\/toode\/suur-mungalill-nasturtium-splitfire-tropaeolum-majus-l-c\/#primaryimage","url":"https:\/\/horticom.ee\/e-pood\/wp-content\/uploads\/2022\/10\/4770168241176.jpg","contentUrl":"https:\/\/horticom.ee\/e-pood\/wp-content\/uploads\/2022\/10\/4770168241176.jpg","width":398,"height":425},{"@type":"BreadcrumbList","@id":"https:\/\/horticom.ee\/e-pood\/toode\/suur-mungalill-nasturtium-splitfire-tropaeolum-majus-l-c\/#breadcrumb","itemListElement":[{"@type":"ListItem","position":1,"name":"Home","item":"https:\/\/horticom.ee\/e-pood\/"},{"@type":"ListItem","position":2,"name":"Pood","item":"https:\/\/horticom.ee\/e-pood\/pood\/"},{"@type":"ListItem","position":3,"name":"Suur mungalill Nasturtium Splitfire &#8211; Tropaeolum majus L."}]},{"@type":"WebSite","@id":"https:\/\/horticom.ee\/e-pood\/#website","url":"https:\/\/horticom.ee\/e-pood\/","name":"Horticom.ee","description":"Aianduskaubad ja kodukaubad nii harrastajatele kui professionaalidele","potentialAction":[{"@type":"SearchAction","target":{"@type":"EntryPoint","urlTemplate":"https:\/\/horticom.ee\/e-pood\/?s={search_term_string}"},"query-input":{"@type":"PropertyValueSpecification","valueRequired":true,"valueName":"search_term_string"}}],"inLanguage":"ru-RU"}]}},"_links":{"self":[{"href":"https:\/\/horticom.ee\/e-pood\/ru\/wp-json\/wp\/v2\/product\/1383841","targetHints":{"allow":["GET"]}}],"collection":[{"href":"https:\/\/horticom.ee\/e-pood\/ru\/wp-json\/wp\/v2\/product"}],"about":[{"href":"https:\/\/horticom.ee\/e-pood\/ru\/wp-json\/wp\/v2\/types\/product"}],"replies":[{"embeddable":true,"href":"https:\/\/horticom.ee\/e-pood\/ru\/wp-json\/wp\/v2\/comments?post=1383841"}],"wp:featuredmedia":[{"embeddable":true,"href":"https:\/\/horticom.ee\/e-pood\/ru\/wp-json\/wp\/v2\/media\/2400564"}],"wp:attachment":[{"href":"https:\/\/horticom.ee\/e-pood\/ru\/wp-json\/wp\/v2\/media?parent=1383841"}],"wp:term":[{"taxonomy":"product_cat","embeddable":true,"href":"https:\/\/horticom.ee\/e-pood\/ru\/wp-json\/wp\/v2\/product_cat?post=1383841"},{"taxonomy":"product_tag","embeddable":true,"href":"https:\/\/horticom.ee\/e-pood\/ru\/wp-json\/wp\/v2\/product_tag?post=1383841"}],"curies":[{"name":"wp","href":"https:\/\/api.w.org\/{rel}","templated":true}]}}