{"id":1472196,"date":"2022-11-01T03:00:29","date_gmt":"2022-11-01T01:00:29","guid":{"rendered":"https:\/\/aednik24.ee\/toode\/vaetis-kaltsiumnitraat-yaraliva-calcinit-25kg\/"},"modified":"2026-05-03T03:10:40","modified_gmt":"2026-05-03T00:10:40","slug":"vaetis-kaltsiumnitraat-yaraliva-calcinit-25kg","status":"publish","type":"product","link":"https:\/\/horticom.ee\/e-pood\/ru\/toode\/vaetis-kaltsiumnitraat-yaraliva-calcinit-25kg\/","title":{"rendered":"V\u00e4etis kaltsiumnitraat YaraTera CalciNit 25kg"},"content":{"rendered":"<p>Kaltsiumnitraat on vees lahustuv kaltsium-ja l\u00e4mmastikv\u00e4etis, mis sobib avamaa<br \/>\nja kasvuhoone kultuuride v\u00e4etamiseks. V\u00e4etis varustab taime nitraatl\u00e4mmastiku ja veeslahustuva kaltsiumiga. Kaltsium on vajalik arenevate taimede kiireks arenguks ja saagi kvaliteedi tagamiseks. Paraneb \u00f5ite, viljade, mugulate ning saagi<br \/>\ns\u00e4ilivus ja l\u00f5ppkvaliteet. Sellest tingitult v\u00e4heneb kaltsiumi defitsiit taimes ning taimehaiguste levik. Kaltsiumi puuduse tunnuseks taimes on haprad lehed, lehe servad rullunud sissepoole ja tihedalt kokku keerdunud, noored lehed n\u00e4rbunud tipudega.<\/p>\n","protected":false},"excerpt":{"rendered":"<p>Kaltsiumnitraat on vees lahustuv kaltsium-ja l\u00e4mmastikv\u00e4etis, mis sobib avamaa ja kasvuhoone kultuuride v\u00e4etamiseks. V\u00e4etis varustab taime nitraatl\u00e4mmastiku ja veeslahustuva kaltsiumiga. Kaltsium on vajalik arenevate taimede kiireks arenguks ja saagi kvaliteedi tagamiseks. Paraneb \u00f5ite, viljade, mugulate ning saagi s\u00e4ilivus ja l\u00f5ppkvaliteet. Sellest tingitult v\u00e4heneb kaltsiumi defitsiit taimes ning taimehaiguste levik. Kaltsiumi puuduse tunnuseks taimes on haprad [&hellip;]<\/p>\n","protected":false},"featured_media":1472202,"comment_status":"closed","ping_status":"closed","template":"","meta":{"_themeisle_gutenberg_block_has_review":false},"product_cat":[16965],"product_tag":[],"class_list":{"0":"post-1472196","1":"product","2":"type-product","3":"status-publish","4":"has-post-thumbnail","6":"product_cat-koogiviljadele-ja-maitsetaimedele","8":"first","9":"instock","10":"shipping-taxable","11":"purchasable","12":"product-type-simple"},"yoast_head":"<!-- This site is optimized with the Yoast SEO plugin v24.0 - https:\/\/yoast.com\/wordpress\/plugins\/seo\/ -->\n<title>V\u00e4etis kaltsiumnitraat YaraTera CalciNit 25kg - Horticom<\/title>\n<meta name=\"robots\" content=\"index, follow, max-snippet:-1, max-image-preview:large, max-video-preview:-1\" \/>\n<link rel=\"canonical\" href=\"https:\/\/horticom.ee\/e-pood\/toode\/vaetis-kaltsiumnitraat-yaraliva-calcinit-25kg\/\" \/>\n<meta property=\"og:locale\" content=\"ru_RU\" \/>\n<meta property=\"og:type\" content=\"article\" \/>\n<meta property=\"og:title\" content=\"V\u00e4etis kaltsiumnitraat YaraTera CalciNit 25kg - Horticom\" \/>\n<meta property=\"og:description\" content=\"Kaltsiumnitraat on vees lahustuv kaltsium-ja l\u00e4mmastikv\u00e4etis, mis sobib avamaa ja kasvuhoone kultuuride v\u00e4etamiseks. V\u00e4etis varustab taime nitraatl\u00e4mmastiku ja veeslahustuva kaltsiumiga. Kaltsium on vajalik arenevate taimede kiireks arenguks ja saagi kvaliteedi tagamiseks. Paraneb \u00f5ite, viljade, mugulate ning saagi s\u00e4ilivus ja l\u00f5ppkvaliteet. Sellest tingitult v\u00e4heneb kaltsiumi defitsiit taimes ning taimehaiguste levik. Kaltsiumi puuduse tunnuseks taimes on haprad [&hellip;]\" \/>\n<meta property=\"og:url\" content=\"https:\/\/horticom.ee\/e-pood\/toode\/vaetis-kaltsiumnitraat-yaraliva-calcinit-25kg\/\" \/>\n<meta property=\"og:site_name\" content=\"Horticom.ee\" \/>\n<meta property=\"article:publisher\" content=\"https:\/\/www.facebook.com\/horticom.ee\/e-pood\" \/>\n<meta property=\"article:modified_time\" content=\"2026-05-03T00:10:40+00:00\" \/>\n<meta property=\"og:image\" content=\"https:\/\/horticom.ee\/e-pood\/wp-content\/uploads\/importedmedia\/product-1472196_0-432012.jpg\" \/>\n\t<meta property=\"og:image:width\" content=\"1000\" \/>\n\t<meta property=\"og:image:height\" content=\"1498\" \/>\n\t<meta property=\"og:image:type\" content=\"image\/jpeg\" \/>\n<meta name=\"twitter:card\" content=\"summary_large_image\" \/>\n<script type=\"application\/ld+json\" class=\"yoast-schema-graph\">{\"@context\":\"https:\/\/schema.org\",\"@graph\":[{\"@type\":\"WebPage\",\"@id\":\"https:\/\/horticom.ee\/e-pood\/toode\/vaetis-kaltsiumnitraat-yaraliva-calcinit-25kg\/\",\"url\":\"https:\/\/horticom.ee\/e-pood\/toode\/vaetis-kaltsiumnitraat-yaraliva-calcinit-25kg\/\",\"name\":\"V\u00e4etis kaltsiumnitraat YaraTera CalciNit 25kg - Horticom\",\"isPartOf\":{\"@id\":\"https:\/\/horticom.ee\/e-pood\/#website\"},\"primaryImageOfPage\":{\"@id\":\"https:\/\/horticom.ee\/e-pood\/toode\/vaetis-kaltsiumnitraat-yaraliva-calcinit-25kg\/#primaryimage\"},\"image\":{\"@id\":\"https:\/\/horticom.ee\/e-pood\/toode\/vaetis-kaltsiumnitraat-yaraliva-calcinit-25kg\/#primaryimage\"},\"thumbnailUrl\":\"https:\/\/horticom.ee\/e-pood\/wp-content\/uploads\/importedmedia\/product-1472196_0-432012.jpg\",\"datePublished\":\"2022-11-01T01:00:29+00:00\",\"dateModified\":\"2026-05-03T00:10:40+00:00\",\"breadcrumb\":{\"@id\":\"https:\/\/horticom.ee\/e-pood\/toode\/vaetis-kaltsiumnitraat-yaraliva-calcinit-25kg\/#breadcrumb\"},\"inLanguage\":\"ru-RU\",\"potentialAction\":[{\"@type\":\"ReadAction\",\"target\":[\"https:\/\/horticom.ee\/e-pood\/toode\/vaetis-kaltsiumnitraat-yaraliva-calcinit-25kg\/\"]}]},{\"@type\":\"ImageObject\",\"inLanguage\":\"ru-RU\",\"@id\":\"https:\/\/horticom.ee\/e-pood\/toode\/vaetis-kaltsiumnitraat-yaraliva-calcinit-25kg\/#primaryimage\",\"url\":\"https:\/\/horticom.ee\/e-pood\/wp-content\/uploads\/importedmedia\/product-1472196_0-432012.jpg\",\"contentUrl\":\"https:\/\/horticom.ee\/e-pood\/wp-content\/uploads\/importedmedia\/product-1472196_0-432012.jpg\",\"width\":1000,\"height\":1498},{\"@type\":\"BreadcrumbList\",\"@id\":\"https:\/\/horticom.ee\/e-pood\/toode\/vaetis-kaltsiumnitraat-yaraliva-calcinit-25kg\/#breadcrumb\",\"itemListElement\":[{\"@type\":\"ListItem\",\"position\":1,\"name\":\"Home\",\"item\":\"https:\/\/horticom.ee\/e-pood\/\"},{\"@type\":\"ListItem\",\"position\":2,\"name\":\"Pood\",\"item\":\"https:\/\/horticom.ee\/e-pood\/pood\/\"},{\"@type\":\"ListItem\",\"position\":3,\"name\":\"V\u00e4etis kaltsiumnitraat YaraTera CalciNit 25kg\"}]},{\"@type\":\"WebSite\",\"@id\":\"https:\/\/horticom.ee\/e-pood\/#website\",\"url\":\"https:\/\/horticom.ee\/e-pood\/\",\"name\":\"Horticom.ee\",\"description\":\"Aianduskaubad ja kodukaubad nii harrastajatele kui professionaalidele\",\"potentialAction\":[{\"@type\":\"SearchAction\",\"target\":{\"@type\":\"EntryPoint\",\"urlTemplate\":\"https:\/\/horticom.ee\/e-pood\/?s={search_term_string}\"},\"query-input\":{\"@type\":\"PropertyValueSpecification\",\"valueRequired\":true,\"valueName\":\"search_term_string\"}}],\"inLanguage\":\"ru-RU\"}]}<\/script>\n<!-- \/ Yoast SEO plugin. -->","yoast_head_json":{"title":"V\u00e4etis kaltsiumnitraat YaraTera CalciNit 25kg - Horticom","robots":{"index":"index","follow":"follow","max-snippet":"max-snippet:-1","max-image-preview":"max-image-preview:large","max-video-preview":"max-video-preview:-1"},"canonical":"https:\/\/horticom.ee\/e-pood\/toode\/vaetis-kaltsiumnitraat-yaraliva-calcinit-25kg\/","og_locale":"ru_RU","og_type":"article","og_title":"V\u00e4etis kaltsiumnitraat YaraTera CalciNit 25kg - Horticom","og_description":"Kaltsiumnitraat on vees lahustuv kaltsium-ja l\u00e4mmastikv\u00e4etis, mis sobib avamaa ja kasvuhoone kultuuride v\u00e4etamiseks. V\u00e4etis varustab taime nitraatl\u00e4mmastiku ja veeslahustuva kaltsiumiga. Kaltsium on vajalik arenevate taimede kiireks arenguks ja saagi kvaliteedi tagamiseks. Paraneb \u00f5ite, viljade, mugulate ning saagi s\u00e4ilivus ja l\u00f5ppkvaliteet. Sellest tingitult v\u00e4heneb kaltsiumi defitsiit taimes ning taimehaiguste levik. Kaltsiumi puuduse tunnuseks taimes on haprad [&hellip;]","og_url":"https:\/\/horticom.ee\/e-pood\/toode\/vaetis-kaltsiumnitraat-yaraliva-calcinit-25kg\/","og_site_name":"Horticom.ee","article_publisher":"https:\/\/www.facebook.com\/horticom.ee\/e-pood","article_modified_time":"2026-05-03T00:10:40+00:00","og_image":[{"width":1000,"height":1498,"url":"https:\/\/horticom.ee\/e-pood\/wp-content\/uploads\/importedmedia\/product-1472196_0-432012.jpg","type":"image\/jpeg"}],"twitter_card":"summary_large_image","schema":{"@context":"https:\/\/schema.org","@graph":[{"@type":"WebPage","@id":"https:\/\/horticom.ee\/e-pood\/toode\/vaetis-kaltsiumnitraat-yaraliva-calcinit-25kg\/","url":"https:\/\/horticom.ee\/e-pood\/toode\/vaetis-kaltsiumnitraat-yaraliva-calcinit-25kg\/","name":"V\u00e4etis kaltsiumnitraat YaraTera CalciNit 25kg - Horticom","isPartOf":{"@id":"https:\/\/horticom.ee\/e-pood\/#website"},"primaryImageOfPage":{"@id":"https:\/\/horticom.ee\/e-pood\/toode\/vaetis-kaltsiumnitraat-yaraliva-calcinit-25kg\/#primaryimage"},"image":{"@id":"https:\/\/horticom.ee\/e-pood\/toode\/vaetis-kaltsiumnitraat-yaraliva-calcinit-25kg\/#primaryimage"},"thumbnailUrl":"https:\/\/horticom.ee\/e-pood\/wp-content\/uploads\/importedmedia\/product-1472196_0-432012.jpg","datePublished":"2022-11-01T01:00:29+00:00","dateModified":"2026-05-03T00:10:40+00:00","breadcrumb":{"@id":"https:\/\/horticom.ee\/e-pood\/toode\/vaetis-kaltsiumnitraat-yaraliva-calcinit-25kg\/#breadcrumb"},"inLanguage":"ru-RU","potentialAction":[{"@type":"ReadAction","target":["https:\/\/horticom.ee\/e-pood\/toode\/vaetis-kaltsiumnitraat-yaraliva-calcinit-25kg\/"]}]},{"@type":"ImageObject","inLanguage":"ru-RU","@id":"https:\/\/horticom.ee\/e-pood\/toode\/vaetis-kaltsiumnitraat-yaraliva-calcinit-25kg\/#primaryimage","url":"https:\/\/horticom.ee\/e-pood\/wp-content\/uploads\/importedmedia\/product-1472196_0-432012.jpg","contentUrl":"https:\/\/horticom.ee\/e-pood\/wp-content\/uploads\/importedmedia\/product-1472196_0-432012.jpg","width":1000,"height":1498},{"@type":"BreadcrumbList","@id":"https:\/\/horticom.ee\/e-pood\/toode\/vaetis-kaltsiumnitraat-yaraliva-calcinit-25kg\/#breadcrumb","itemListElement":[{"@type":"ListItem","position":1,"name":"Home","item":"https:\/\/horticom.ee\/e-pood\/"},{"@type":"ListItem","position":2,"name":"Pood","item":"https:\/\/horticom.ee\/e-pood\/pood\/"},{"@type":"ListItem","position":3,"name":"V\u00e4etis kaltsiumnitraat YaraTera CalciNit 25kg"}]},{"@type":"WebSite","@id":"https:\/\/horticom.ee\/e-pood\/#website","url":"https:\/\/horticom.ee\/e-pood\/","name":"Horticom.ee","description":"Aianduskaubad ja kodukaubad nii harrastajatele kui professionaalidele","potentialAction":[{"@type":"SearchAction","target":{"@type":"EntryPoint","urlTemplate":"https:\/\/horticom.ee\/e-pood\/?s={search_term_string}"},"query-input":{"@type":"PropertyValueSpecification","valueRequired":true,"valueName":"search_term_string"}}],"inLanguage":"ru-RU"}]}},"_links":{"self":[{"href":"https:\/\/horticom.ee\/e-pood\/ru\/wp-json\/wp\/v2\/product\/1472196","targetHints":{"allow":["GET"]}}],"collection":[{"href":"https:\/\/horticom.ee\/e-pood\/ru\/wp-json\/wp\/v2\/product"}],"about":[{"href":"https:\/\/horticom.ee\/e-pood\/ru\/wp-json\/wp\/v2\/types\/product"}],"replies":[{"embeddable":true,"href":"https:\/\/horticom.ee\/e-pood\/ru\/wp-json\/wp\/v2\/comments?post=1472196"}],"wp:featuredmedia":[{"embeddable":true,"href":"https:\/\/horticom.ee\/e-pood\/ru\/wp-json\/wp\/v2\/media\/1472202"}],"wp:attachment":[{"href":"https:\/\/horticom.ee\/e-pood\/ru\/wp-json\/wp\/v2\/media?parent=1472196"}],"wp:term":[{"taxonomy":"product_cat","embeddable":true,"href":"https:\/\/horticom.ee\/e-pood\/ru\/wp-json\/wp\/v2\/product_cat?post=1472196"},{"taxonomy":"product_tag","embeddable":true,"href":"https:\/\/horticom.ee\/e-pood\/ru\/wp-json\/wp\/v2\/product_tag?post=1472196"}],"curies":[{"name":"wp","href":"https:\/\/api.w.org\/{rel}","templated":true}]}}