{"id":1479105,"date":"2022-11-03T03:00:45","date_gmt":"2022-11-03T01:00:45","guid":{"rendered":"https:\/\/aednik24.ee\/toode\/umbrispott-elho-pure-grade-madal-d-47cm-18l-kreemikas-valge-sp\/"},"modified":"2026-05-03T03:11:13","modified_gmt":"2026-05-03T00:11:13","slug":"umbrispott-elho-pure-grade-madal-d-47cm-18l-kreemikas-valge-sp","status":"publish","type":"product","link":"https:\/\/horticom.ee\/e-pood\/ru\/toode\/umbrispott-elho-pure-grade-madal-d-47cm-18l-kreemikas-valge-sp\/","title":{"rendered":"\u00dcmbrispott Elho Pure Grade madal d 47cm 18L kreemikas valge"},"content":{"rendered":"<p>\u00dcmbrispott Elho Pure Grade on kvaliteetne pott, mida saab kasutada nii sise- kui v\u00e4litingimustes. Valmistatud \u00fcmbert\u00f6\u00f6deldud plastikust. UV kindel.<\/p>\n","protected":false},"excerpt":{"rendered":"<p>\u00dcmbrispott Elho Pure Grade on kvaliteetne pott, mida saab kasutada nii sise- kui v\u00e4litingimustes. Valmistatud \u00fcmbert\u00f6\u00f6deldud plastikust. UV kindel.<\/p>\n","protected":false},"featured_media":1479607,"comment_status":"closed","ping_status":"closed","template":"","meta":{"_themeisle_gutenberg_block_has_review":false},"product_cat":[18563,14994],"product_tag":[],"class_list":{"0":"post-1479105","1":"product","2":"type-product","3":"status-publish","4":"has-post-thumbnail","6":"product_cat-lopumuugitooted","7":"product_cat-plastikust-umbrispotid","9":"first","10":"instock","11":"sale","12":"shipping-taxable","13":"purchasable","14":"product-type-simple"},"yoast_head":"<!-- This site is optimized with the Yoast SEO plugin v24.0 - https:\/\/yoast.com\/wordpress\/plugins\/seo\/ -->\n<title>\u00dcmbrispott Elho Pure Grade madal 47cm 18L kreemikas valge<\/title>\n<meta name=\"description\" content=\"\u00dcmbrispott Elho Pure Grade on kvaliteetne pott, mida saab kasutada nii sise- kui v\u00e4litingimustes. Valmistatud \u00fcmbert\u00f6\u00f6deldud plastikust. UV kindel.\" \/>\n<meta name=\"robots\" content=\"index, follow, max-snippet:-1, max-image-preview:large, max-video-preview:-1\" \/>\n<link rel=\"canonical\" href=\"https:\/\/horticom.ee\/e-pood\/toode\/umbrispott-elho-pure-grade-madal-d-47cm-18l-kreemikas-valge-sp\/\" \/>\n<meta property=\"og:locale\" content=\"ru_RU\" \/>\n<meta property=\"og:type\" content=\"article\" \/>\n<meta property=\"og:title\" content=\"\u00dcmbrispott Elho Pure Grade madal 47cm 18L kreemikas valge\" \/>\n<meta property=\"og:description\" content=\"\u00dcmbrispott Elho Pure Grade on kvaliteetne pott, mida saab kasutada nii sise- kui v\u00e4litingimustes. Valmistatud \u00fcmbert\u00f6\u00f6deldud plastikust. UV kindel.\" \/>\n<meta property=\"og:url\" content=\"https:\/\/horticom.ee\/e-pood\/toode\/umbrispott-elho-pure-grade-madal-d-47cm-18l-kreemikas-valge-sp\/\" \/>\n<meta property=\"og:site_name\" content=\"Horticom.ee\" \/>\n<meta property=\"article:publisher\" content=\"https:\/\/www.facebook.com\/horticom.ee\/e-pood\" \/>\n<meta property=\"article:modified_time\" content=\"2026-05-03T00:11:13+00:00\" \/>\n<meta property=\"og:image\" content=\"https:\/\/horticom.ee\/e-pood\/wp-content\/uploads\/importedmedia\/product-1479105_0-64127047_150.jpg\" \/>\n\t<meta property=\"og:image:width\" content=\"999\" \/>\n\t<meta property=\"og:image:height\" content=\"998\" \/>\n\t<meta property=\"og:image:type\" content=\"image\/jpeg\" \/>\n<meta name=\"twitter:card\" content=\"summary_large_image\" \/>\n<script type=\"application\/ld+json\" class=\"yoast-schema-graph\">{\"@context\":\"https:\/\/schema.org\",\"@graph\":[{\"@type\":\"WebPage\",\"@id\":\"https:\/\/horticom.ee\/e-pood\/toode\/umbrispott-elho-pure-grade-madal-d-47cm-18l-kreemikas-valge-sp\/\",\"url\":\"https:\/\/horticom.ee\/e-pood\/toode\/umbrispott-elho-pure-grade-madal-d-47cm-18l-kreemikas-valge-sp\/\",\"name\":\"\u00dcmbrispott Elho Pure Grade madal 47cm 18L kreemikas valge\",\"isPartOf\":{\"@id\":\"https:\/\/horticom.ee\/e-pood\/#website\"},\"primaryImageOfPage\":{\"@id\":\"https:\/\/horticom.ee\/e-pood\/toode\/umbrispott-elho-pure-grade-madal-d-47cm-18l-kreemikas-valge-sp\/#primaryimage\"},\"image\":{\"@id\":\"https:\/\/horticom.ee\/e-pood\/toode\/umbrispott-elho-pure-grade-madal-d-47cm-18l-kreemikas-valge-sp\/#primaryimage\"},\"thumbnailUrl\":\"https:\/\/horticom.ee\/e-pood\/wp-content\/uploads\/importedmedia\/product-1479105_0-64127047_150.jpg\",\"datePublished\":\"2022-11-03T01:00:45+00:00\",\"dateModified\":\"2026-05-03T00:11:13+00:00\",\"description\":\"\u00dcmbrispott Elho Pure Grade on kvaliteetne pott, mida saab kasutada nii sise- kui v\u00e4litingimustes. Valmistatud \u00fcmbert\u00f6\u00f6deldud plastikust. UV kindel.\",\"breadcrumb\":{\"@id\":\"https:\/\/horticom.ee\/e-pood\/toode\/umbrispott-elho-pure-grade-madal-d-47cm-18l-kreemikas-valge-sp\/#breadcrumb\"},\"inLanguage\":\"ru-RU\",\"potentialAction\":[{\"@type\":\"ReadAction\",\"target\":[\"https:\/\/horticom.ee\/e-pood\/toode\/umbrispott-elho-pure-grade-madal-d-47cm-18l-kreemikas-valge-sp\/\"]}]},{\"@type\":\"ImageObject\",\"inLanguage\":\"ru-RU\",\"@id\":\"https:\/\/horticom.ee\/e-pood\/toode\/umbrispott-elho-pure-grade-madal-d-47cm-18l-kreemikas-valge-sp\/#primaryimage\",\"url\":\"https:\/\/horticom.ee\/e-pood\/wp-content\/uploads\/importedmedia\/product-1479105_0-64127047_150.jpg\",\"contentUrl\":\"https:\/\/horticom.ee\/e-pood\/wp-content\/uploads\/importedmedia\/product-1479105_0-64127047_150.jpg\",\"width\":999,\"height\":998,\"caption\":\"\u00dcmbrispott Elho Pure Grade madal d 47cm 18L kreemikas valge\"},{\"@type\":\"BreadcrumbList\",\"@id\":\"https:\/\/horticom.ee\/e-pood\/toode\/umbrispott-elho-pure-grade-madal-d-47cm-18l-kreemikas-valge-sp\/#breadcrumb\",\"itemListElement\":[{\"@type\":\"ListItem\",\"position\":1,\"name\":\"Home\",\"item\":\"https:\/\/horticom.ee\/e-pood\/\"},{\"@type\":\"ListItem\",\"position\":2,\"name\":\"Pood\",\"item\":\"https:\/\/horticom.ee\/e-pood\/pood\/\"},{\"@type\":\"ListItem\",\"position\":3,\"name\":\"\u00dcmbrispott Elho Pure Grade madal d 47cm 18L kreemikas valge\"}]},{\"@type\":\"WebSite\",\"@id\":\"https:\/\/horticom.ee\/e-pood\/#website\",\"url\":\"https:\/\/horticom.ee\/e-pood\/\",\"name\":\"Horticom.ee\",\"description\":\"Aianduskaubad ja kodukaubad nii harrastajatele kui professionaalidele\",\"potentialAction\":[{\"@type\":\"SearchAction\",\"target\":{\"@type\":\"EntryPoint\",\"urlTemplate\":\"https:\/\/horticom.ee\/e-pood\/?s={search_term_string}\"},\"query-input\":{\"@type\":\"PropertyValueSpecification\",\"valueRequired\":true,\"valueName\":\"search_term_string\"}}],\"inLanguage\":\"ru-RU\"}]}<\/script>\n<!-- \/ Yoast SEO plugin. -->","yoast_head_json":{"title":"\u00dcmbrispott Elho Pure Grade madal 47cm 18L kreemikas valge","description":"\u00dcmbrispott Elho Pure Grade on kvaliteetne pott, mida saab kasutada nii sise- kui v\u00e4litingimustes. Valmistatud \u00fcmbert\u00f6\u00f6deldud plastikust. UV kindel.","robots":{"index":"index","follow":"follow","max-snippet":"max-snippet:-1","max-image-preview":"max-image-preview:large","max-video-preview":"max-video-preview:-1"},"canonical":"https:\/\/horticom.ee\/e-pood\/toode\/umbrispott-elho-pure-grade-madal-d-47cm-18l-kreemikas-valge-sp\/","og_locale":"ru_RU","og_type":"article","og_title":"\u00dcmbrispott Elho Pure Grade madal 47cm 18L kreemikas valge","og_description":"\u00dcmbrispott Elho Pure Grade on kvaliteetne pott, mida saab kasutada nii sise- kui v\u00e4litingimustes. Valmistatud \u00fcmbert\u00f6\u00f6deldud plastikust. UV kindel.","og_url":"https:\/\/horticom.ee\/e-pood\/toode\/umbrispott-elho-pure-grade-madal-d-47cm-18l-kreemikas-valge-sp\/","og_site_name":"Horticom.ee","article_publisher":"https:\/\/www.facebook.com\/horticom.ee\/e-pood","article_modified_time":"2026-05-03T00:11:13+00:00","og_image":[{"width":999,"height":998,"url":"https:\/\/horticom.ee\/e-pood\/wp-content\/uploads\/importedmedia\/product-1479105_0-64127047_150.jpg","type":"image\/jpeg"}],"twitter_card":"summary_large_image","schema":{"@context":"https:\/\/schema.org","@graph":[{"@type":"WebPage","@id":"https:\/\/horticom.ee\/e-pood\/toode\/umbrispott-elho-pure-grade-madal-d-47cm-18l-kreemikas-valge-sp\/","url":"https:\/\/horticom.ee\/e-pood\/toode\/umbrispott-elho-pure-grade-madal-d-47cm-18l-kreemikas-valge-sp\/","name":"\u00dcmbrispott Elho Pure Grade madal 47cm 18L kreemikas valge","isPartOf":{"@id":"https:\/\/horticom.ee\/e-pood\/#website"},"primaryImageOfPage":{"@id":"https:\/\/horticom.ee\/e-pood\/toode\/umbrispott-elho-pure-grade-madal-d-47cm-18l-kreemikas-valge-sp\/#primaryimage"},"image":{"@id":"https:\/\/horticom.ee\/e-pood\/toode\/umbrispott-elho-pure-grade-madal-d-47cm-18l-kreemikas-valge-sp\/#primaryimage"},"thumbnailUrl":"https:\/\/horticom.ee\/e-pood\/wp-content\/uploads\/importedmedia\/product-1479105_0-64127047_150.jpg","datePublished":"2022-11-03T01:00:45+00:00","dateModified":"2026-05-03T00:11:13+00:00","description":"\u00dcmbrispott Elho Pure Grade on kvaliteetne pott, mida saab kasutada nii sise- kui v\u00e4litingimustes. Valmistatud \u00fcmbert\u00f6\u00f6deldud plastikust. UV kindel.","breadcrumb":{"@id":"https:\/\/horticom.ee\/e-pood\/toode\/umbrispott-elho-pure-grade-madal-d-47cm-18l-kreemikas-valge-sp\/#breadcrumb"},"inLanguage":"ru-RU","potentialAction":[{"@type":"ReadAction","target":["https:\/\/horticom.ee\/e-pood\/toode\/umbrispott-elho-pure-grade-madal-d-47cm-18l-kreemikas-valge-sp\/"]}]},{"@type":"ImageObject","inLanguage":"ru-RU","@id":"https:\/\/horticom.ee\/e-pood\/toode\/umbrispott-elho-pure-grade-madal-d-47cm-18l-kreemikas-valge-sp\/#primaryimage","url":"https:\/\/horticom.ee\/e-pood\/wp-content\/uploads\/importedmedia\/product-1479105_0-64127047_150.jpg","contentUrl":"https:\/\/horticom.ee\/e-pood\/wp-content\/uploads\/importedmedia\/product-1479105_0-64127047_150.jpg","width":999,"height":998,"caption":"\u00dcmbrispott Elho Pure Grade madal d 47cm 18L kreemikas valge"},{"@type":"BreadcrumbList","@id":"https:\/\/horticom.ee\/e-pood\/toode\/umbrispott-elho-pure-grade-madal-d-47cm-18l-kreemikas-valge-sp\/#breadcrumb","itemListElement":[{"@type":"ListItem","position":1,"name":"Home","item":"https:\/\/horticom.ee\/e-pood\/"},{"@type":"ListItem","position":2,"name":"Pood","item":"https:\/\/horticom.ee\/e-pood\/pood\/"},{"@type":"ListItem","position":3,"name":"\u00dcmbrispott Elho Pure Grade madal d 47cm 18L kreemikas valge"}]},{"@type":"WebSite","@id":"https:\/\/horticom.ee\/e-pood\/#website","url":"https:\/\/horticom.ee\/e-pood\/","name":"Horticom.ee","description":"Aianduskaubad ja kodukaubad nii harrastajatele kui professionaalidele","potentialAction":[{"@type":"SearchAction","target":{"@type":"EntryPoint","urlTemplate":"https:\/\/horticom.ee\/e-pood\/?s={search_term_string}"},"query-input":{"@type":"PropertyValueSpecification","valueRequired":true,"valueName":"search_term_string"}}],"inLanguage":"ru-RU"}]}},"_links":{"self":[{"href":"https:\/\/horticom.ee\/e-pood\/ru\/wp-json\/wp\/v2\/product\/1479105","targetHints":{"allow":["GET"]}}],"collection":[{"href":"https:\/\/horticom.ee\/e-pood\/ru\/wp-json\/wp\/v2\/product"}],"about":[{"href":"https:\/\/horticom.ee\/e-pood\/ru\/wp-json\/wp\/v2\/types\/product"}],"replies":[{"embeddable":true,"href":"https:\/\/horticom.ee\/e-pood\/ru\/wp-json\/wp\/v2\/comments?post=1479105"}],"wp:featuredmedia":[{"embeddable":true,"href":"https:\/\/horticom.ee\/e-pood\/ru\/wp-json\/wp\/v2\/media\/1479607"}],"wp:attachment":[{"href":"https:\/\/horticom.ee\/e-pood\/ru\/wp-json\/wp\/v2\/media?parent=1479105"}],"wp:term":[{"taxonomy":"product_cat","embeddable":true,"href":"https:\/\/horticom.ee\/e-pood\/ru\/wp-json\/wp\/v2\/product_cat?post=1479105"},{"taxonomy":"product_tag","embeddable":true,"href":"https:\/\/horticom.ee\/e-pood\/ru\/wp-json\/wp\/v2\/product_tag?post=1479105"}],"curies":[{"name":"wp","href":"https:\/\/api.w.org\/{rel}","templated":true}]}}