{"id":1479253,"date":"2022-11-03T03:01:41","date_gmt":"2022-11-03T01:01:41","guid":{"rendered":"https:\/\/aednik24.ee\/toode\/dekoratiivne-lumetekk-36-x-220cm-valge-sp\/"},"modified":"2026-04-11T03:11:41","modified_gmt":"2026-04-11T00:11:41","slug":"dekoratiivne-lumetekk-36-x-220cm-valge-sp","status":"publish","type":"product","link":"https:\/\/horticom.ee\/e-pood\/ru\/toode\/dekoratiivne-lumetekk-36-x-220cm-valge-sp\/","title":{"rendered":"Dekoratiivne lumetekk 36 x 220cm valge"},"content":{"rendered":"<p>Dekoratiivne lumetekk on kunstlumetekk, mis sobib suurep\u00e4raselt j\u00f5ulupuu ja k\u00fcla kaunistamiseks. Ideaalne lumek\u00fclale, dekoratiivsetele lumepiltidele ja taustale<\/p>\n","protected":false},"excerpt":{"rendered":"<p>Dekoratiivne lumetekk on kunstlumetekk, mis sobib suurep\u00e4raselt j\u00f5ulupuu ja k\u00fcla kaunistamiseks. Ideaalne lumek\u00fclale, dekoratiivsetele lumepiltidele ja taustale<\/p>\n","protected":false},"featured_media":1479383,"comment_status":"closed","ping_status":"closed","template":"","meta":{"_themeisle_gutenberg_block_has_review":false},"product_cat":[18563,13468],"product_tag":[],"class_list":{"0":"post-1479253","1":"product","2":"type-product","3":"status-publish","4":"has-post-thumbnail","6":"product_cat-lopumuugitooted","7":"product_cat-joulukaunistused","9":"first","10":"instock","11":"sale","12":"shipping-taxable","13":"purchasable","14":"product-type-simple"},"yoast_head":"<!-- This site is optimized with the Yoast SEO plugin v24.0 - https:\/\/yoast.com\/wordpress\/plugins\/seo\/ -->\n<title>Dekoratiivne lumetekk 36 x 220cm valge - Horticom.ee<\/title>\n<meta name=\"description\" content=\"Dekoratiivne lumetekk \u2013 Kunstlumetekk sobib j\u00f5ulukaunistusteks. Ideaalne talve stseenide, dekoratiivsete lumepiltide ja j\u00f5ulupuude alla paigaldamiseks.\" \/>\n<meta name=\"robots\" content=\"index, follow, max-snippet:-1, max-image-preview:large, max-video-preview:-1\" \/>\n<link rel=\"canonical\" href=\"https:\/\/horticom.ee\/e-pood\/toode\/dekoratiivne-lumetekk-36-x-220cm-valge-sp\/\" \/>\n<meta property=\"og:locale\" content=\"ru_RU\" \/>\n<meta property=\"og:type\" content=\"article\" \/>\n<meta property=\"og:title\" content=\"Dekoratiivne lumetekk 36 x 220cm valge - Horticom.ee\" \/>\n<meta property=\"og:description\" content=\"Dekoratiivne lumetekk \u2013 Kunstlumetekk sobib j\u00f5ulukaunistusteks. Ideaalne talve stseenide, dekoratiivsete lumepiltide ja j\u00f5ulupuude alla paigaldamiseks.\" \/>\n<meta property=\"og:url\" content=\"https:\/\/horticom.ee\/e-pood\/toode\/dekoratiivne-lumetekk-36-x-220cm-valge-sp\/\" \/>\n<meta property=\"og:site_name\" content=\"Horticom.ee\" \/>\n<meta property=\"article:publisher\" content=\"https:\/\/www.facebook.com\/horticom.ee\/e-pood\" \/>\n<meta property=\"article:modified_time\" content=\"2026-04-11T00:11:41+00:00\" \/>\n<meta property=\"og:image\" content=\"https:\/\/horticom.ee\/e-pood\/wp-content\/uploads\/importedmedia\/product-1479253_0-62685LVA.jpg\" \/>\n\t<meta property=\"og:image:width\" content=\"1000\" \/>\n\t<meta property=\"og:image:height\" content=\"1000\" \/>\n\t<meta property=\"og:image:type\" content=\"image\/jpeg\" \/>\n<meta name=\"twitter:card\" content=\"summary_large_image\" \/>\n<script type=\"application\/ld+json\" class=\"yoast-schema-graph\">{\"@context\":\"https:\/\/schema.org\",\"@graph\":[{\"@type\":\"WebPage\",\"@id\":\"https:\/\/horticom.ee\/e-pood\/toode\/dekoratiivne-lumetekk-36-x-220cm-valge-sp\/\",\"url\":\"https:\/\/horticom.ee\/e-pood\/toode\/dekoratiivne-lumetekk-36-x-220cm-valge-sp\/\",\"name\":\"Dekoratiivne lumetekk 36 x 220cm valge - Horticom.ee\",\"isPartOf\":{\"@id\":\"https:\/\/horticom.ee\/e-pood\/#website\"},\"primaryImageOfPage\":{\"@id\":\"https:\/\/horticom.ee\/e-pood\/toode\/dekoratiivne-lumetekk-36-x-220cm-valge-sp\/#primaryimage\"},\"image\":{\"@id\":\"https:\/\/horticom.ee\/e-pood\/toode\/dekoratiivne-lumetekk-36-x-220cm-valge-sp\/#primaryimage\"},\"thumbnailUrl\":\"https:\/\/horticom.ee\/e-pood\/wp-content\/uploads\/importedmedia\/product-1479253_0-62685LVA.jpg\",\"datePublished\":\"2022-11-03T01:01:41+00:00\",\"dateModified\":\"2026-04-11T00:11:41+00:00\",\"description\":\"Dekoratiivne lumetekk \u2013 Kunstlumetekk sobib j\u00f5ulukaunistusteks. Ideaalne talve stseenide, dekoratiivsete lumepiltide ja j\u00f5ulupuude alla paigaldamiseks.\",\"breadcrumb\":{\"@id\":\"https:\/\/horticom.ee\/e-pood\/toode\/dekoratiivne-lumetekk-36-x-220cm-valge-sp\/#breadcrumb\"},\"inLanguage\":\"ru-RU\",\"potentialAction\":[{\"@type\":\"ReadAction\",\"target\":[\"https:\/\/horticom.ee\/e-pood\/toode\/dekoratiivne-lumetekk-36-x-220cm-valge-sp\/\"]}]},{\"@type\":\"ImageObject\",\"inLanguage\":\"ru-RU\",\"@id\":\"https:\/\/horticom.ee\/e-pood\/toode\/dekoratiivne-lumetekk-36-x-220cm-valge-sp\/#primaryimage\",\"url\":\"https:\/\/horticom.ee\/e-pood\/wp-content\/uploads\/importedmedia\/product-1479253_0-62685LVA.jpg\",\"contentUrl\":\"https:\/\/horticom.ee\/e-pood\/wp-content\/uploads\/importedmedia\/product-1479253_0-62685LVA.jpg\",\"width\":1000,\"height\":1000,\"caption\":\"Dekoratiivne lumetekk 36 x 220cm valge\"},{\"@type\":\"BreadcrumbList\",\"@id\":\"https:\/\/horticom.ee\/e-pood\/toode\/dekoratiivne-lumetekk-36-x-220cm-valge-sp\/#breadcrumb\",\"itemListElement\":[{\"@type\":\"ListItem\",\"position\":1,\"name\":\"Home\",\"item\":\"https:\/\/horticom.ee\/e-pood\/\"},{\"@type\":\"ListItem\",\"position\":2,\"name\":\"Pood\",\"item\":\"https:\/\/horticom.ee\/e-pood\/pood\/\"},{\"@type\":\"ListItem\",\"position\":3,\"name\":\"Dekoratiivne lumetekk 36 x 220cm valge\"}]},{\"@type\":\"WebSite\",\"@id\":\"https:\/\/horticom.ee\/e-pood\/#website\",\"url\":\"https:\/\/horticom.ee\/e-pood\/\",\"name\":\"Horticom.ee\",\"description\":\"Aianduskaubad ja kodukaubad nii harrastajatele kui professionaalidele\",\"potentialAction\":[{\"@type\":\"SearchAction\",\"target\":{\"@type\":\"EntryPoint\",\"urlTemplate\":\"https:\/\/horticom.ee\/e-pood\/?s={search_term_string}\"},\"query-input\":{\"@type\":\"PropertyValueSpecification\",\"valueRequired\":true,\"valueName\":\"search_term_string\"}}],\"inLanguage\":\"ru-RU\"}]}<\/script>\n<!-- \/ Yoast SEO plugin. -->","yoast_head_json":{"title":"Dekoratiivne lumetekk 36 x 220cm valge - Horticom.ee","description":"Dekoratiivne lumetekk \u2013 Kunstlumetekk sobib j\u00f5ulukaunistusteks. Ideaalne talve stseenide, dekoratiivsete lumepiltide ja j\u00f5ulupuude alla paigaldamiseks.","robots":{"index":"index","follow":"follow","max-snippet":"max-snippet:-1","max-image-preview":"max-image-preview:large","max-video-preview":"max-video-preview:-1"},"canonical":"https:\/\/horticom.ee\/e-pood\/toode\/dekoratiivne-lumetekk-36-x-220cm-valge-sp\/","og_locale":"ru_RU","og_type":"article","og_title":"Dekoratiivne lumetekk 36 x 220cm valge - Horticom.ee","og_description":"Dekoratiivne lumetekk \u2013 Kunstlumetekk sobib j\u00f5ulukaunistusteks. Ideaalne talve stseenide, dekoratiivsete lumepiltide ja j\u00f5ulupuude alla paigaldamiseks.","og_url":"https:\/\/horticom.ee\/e-pood\/toode\/dekoratiivne-lumetekk-36-x-220cm-valge-sp\/","og_site_name":"Horticom.ee","article_publisher":"https:\/\/www.facebook.com\/horticom.ee\/e-pood","article_modified_time":"2026-04-11T00:11:41+00:00","og_image":[{"width":1000,"height":1000,"url":"https:\/\/horticom.ee\/e-pood\/wp-content\/uploads\/importedmedia\/product-1479253_0-62685LVA.jpg","type":"image\/jpeg"}],"twitter_card":"summary_large_image","schema":{"@context":"https:\/\/schema.org","@graph":[{"@type":"WebPage","@id":"https:\/\/horticom.ee\/e-pood\/toode\/dekoratiivne-lumetekk-36-x-220cm-valge-sp\/","url":"https:\/\/horticom.ee\/e-pood\/toode\/dekoratiivne-lumetekk-36-x-220cm-valge-sp\/","name":"Dekoratiivne lumetekk 36 x 220cm valge - Horticom.ee","isPartOf":{"@id":"https:\/\/horticom.ee\/e-pood\/#website"},"primaryImageOfPage":{"@id":"https:\/\/horticom.ee\/e-pood\/toode\/dekoratiivne-lumetekk-36-x-220cm-valge-sp\/#primaryimage"},"image":{"@id":"https:\/\/horticom.ee\/e-pood\/toode\/dekoratiivne-lumetekk-36-x-220cm-valge-sp\/#primaryimage"},"thumbnailUrl":"https:\/\/horticom.ee\/e-pood\/wp-content\/uploads\/importedmedia\/product-1479253_0-62685LVA.jpg","datePublished":"2022-11-03T01:01:41+00:00","dateModified":"2026-04-11T00:11:41+00:00","description":"Dekoratiivne lumetekk \u2013 Kunstlumetekk sobib j\u00f5ulukaunistusteks. Ideaalne talve stseenide, dekoratiivsete lumepiltide ja j\u00f5ulupuude alla paigaldamiseks.","breadcrumb":{"@id":"https:\/\/horticom.ee\/e-pood\/toode\/dekoratiivne-lumetekk-36-x-220cm-valge-sp\/#breadcrumb"},"inLanguage":"ru-RU","potentialAction":[{"@type":"ReadAction","target":["https:\/\/horticom.ee\/e-pood\/toode\/dekoratiivne-lumetekk-36-x-220cm-valge-sp\/"]}]},{"@type":"ImageObject","inLanguage":"ru-RU","@id":"https:\/\/horticom.ee\/e-pood\/toode\/dekoratiivne-lumetekk-36-x-220cm-valge-sp\/#primaryimage","url":"https:\/\/horticom.ee\/e-pood\/wp-content\/uploads\/importedmedia\/product-1479253_0-62685LVA.jpg","contentUrl":"https:\/\/horticom.ee\/e-pood\/wp-content\/uploads\/importedmedia\/product-1479253_0-62685LVA.jpg","width":1000,"height":1000,"caption":"Dekoratiivne lumetekk 36 x 220cm valge"},{"@type":"BreadcrumbList","@id":"https:\/\/horticom.ee\/e-pood\/toode\/dekoratiivne-lumetekk-36-x-220cm-valge-sp\/#breadcrumb","itemListElement":[{"@type":"ListItem","position":1,"name":"Home","item":"https:\/\/horticom.ee\/e-pood\/"},{"@type":"ListItem","position":2,"name":"Pood","item":"https:\/\/horticom.ee\/e-pood\/pood\/"},{"@type":"ListItem","position":3,"name":"Dekoratiivne lumetekk 36 x 220cm valge"}]},{"@type":"WebSite","@id":"https:\/\/horticom.ee\/e-pood\/#website","url":"https:\/\/horticom.ee\/e-pood\/","name":"Horticom.ee","description":"Aianduskaubad ja kodukaubad nii harrastajatele kui professionaalidele","potentialAction":[{"@type":"SearchAction","target":{"@type":"EntryPoint","urlTemplate":"https:\/\/horticom.ee\/e-pood\/?s={search_term_string}"},"query-input":{"@type":"PropertyValueSpecification","valueRequired":true,"valueName":"search_term_string"}}],"inLanguage":"ru-RU"}]}},"_links":{"self":[{"href":"https:\/\/horticom.ee\/e-pood\/ru\/wp-json\/wp\/v2\/product\/1479253","targetHints":{"allow":["GET"]}}],"collection":[{"href":"https:\/\/horticom.ee\/e-pood\/ru\/wp-json\/wp\/v2\/product"}],"about":[{"href":"https:\/\/horticom.ee\/e-pood\/ru\/wp-json\/wp\/v2\/types\/product"}],"replies":[{"embeddable":true,"href":"https:\/\/horticom.ee\/e-pood\/ru\/wp-json\/wp\/v2\/comments?post=1479253"}],"wp:featuredmedia":[{"embeddable":true,"href":"https:\/\/horticom.ee\/e-pood\/ru\/wp-json\/wp\/v2\/media\/1479383"}],"wp:attachment":[{"href":"https:\/\/horticom.ee\/e-pood\/ru\/wp-json\/wp\/v2\/media?parent=1479253"}],"wp:term":[{"taxonomy":"product_cat","embeddable":true,"href":"https:\/\/horticom.ee\/e-pood\/ru\/wp-json\/wp\/v2\/product_cat?post=1479253"},{"taxonomy":"product_tag","embeddable":true,"href":"https:\/\/horticom.ee\/e-pood\/ru\/wp-json\/wp\/v2\/product_tag?post=1479253"}],"curies":[{"name":"wp","href":"https:\/\/api.w.org\/{rel}","templated":true}]}}