{"id":152258,"date":"2022-01-17T15:54:56","date_gmt":"2022-01-17T13:54:56","guid":{"rendered":"https:\/\/aednik24.ee\/toode\/lohnastatud-teekuunal-45h-vanilje-24tk-pakis\/"},"modified":"2026-04-19T03:00:26","modified_gmt":"2026-04-19T00:00:26","slug":"lohnastatud-teekuunal-45h-vanilje-24tk-pakis","status":"publish","type":"product","link":"https:\/\/horticom.ee\/e-pood\/ru\/toode\/lohnastatud-teekuunal-45h-vanilje-24tk-pakis\/","title":{"rendered":"L\u00f5hnastatud teek\u00fc\u00fcnal 4,5h vanilje 24tk\/pakis"},"content":{"rendered":"<p>L\u00f5hnateek\u00fc\u00fcnal 4,5h on trendikas ja v\u00e4rviline l\u00f5hnak\u00fc\u00fcnal, mis tekitab positiivseid emotsioone sinu kodus. K\u00fc\u00fcnal on kauakestev ja hea p\u00f5lemise kvaliteediga. Materjaliks on parafiin ja steariin. Kvaliteetsed k\u00fc\u00fcnlad firmalt, kellel on 150+ aastat kogemust valmistamaks parimatest saadaolevatest koostisosadest h\u00e4sti p\u00f5levaid k\u00fc\u00fcnlaid, mis ei saasta \u00f5hku ega ole tervisele ohtlikud.<\/p>\n","protected":false},"excerpt":{"rendered":"<p>L\u00f5hnateek\u00fc\u00fcnal 4,5h on trendikas ja v\u00e4rviline l\u00f5hnak\u00fc\u00fcnal, mis tekitab positiivseid emotsioone sinu kodus. K\u00fc\u00fcnal on kauakestev ja hea p\u00f5lemise kvaliteediga. Materjaliks on parafiin ja steariin. Kvaliteetsed k\u00fc\u00fcnlad firmalt, kellel on 150+ aastat kogemust valmistamaks parimatest saadaolevatest koostisosadest h\u00e4sti p\u00f5levaid k\u00fc\u00fcnlaid, mis ei saasta \u00f5hku ega ole tervisele ohtlikud.<\/p>\n","protected":false},"featured_media":182529,"comment_status":"closed","ping_status":"closed","template":"","meta":{"_themeisle_gutenberg_block_has_review":false},"product_cat":[13453,13450],"product_tag":[],"class_list":{"0":"post-152258","1":"product","2":"type-product","3":"status-publish","4":"has-post-thumbnail","6":"product_cat-lohnakuunlad","7":"product_cat-teekuunlad","9":"first","10":"instock","11":"shipping-taxable","12":"purchasable","13":"product-type-simple"},"yoast_head":"<!-- This site is optimized with the Yoast SEO plugin v24.0 - https:\/\/yoast.com\/wordpress\/plugins\/seo\/ -->\n<title>L\u00f5hnastatud teek\u00fc\u00fcnal 4,5h vanilje 24tk\/pakis - Horticom<\/title>\n<meta name=\"description\" content=\"L\u00f5hnastatud teek\u00fc\u00fcnal on trendikas ja v\u00e4rviline l\u00f5hnak\u00fc\u00fcnal, tekitab positiivseid emotsioone sinu kodus.K\u00fc\u00fcnal on kauakestev ja hea p\u00f5lemise kvaliteediga.\" \/>\n<meta name=\"robots\" content=\"index, follow, max-snippet:-1, max-image-preview:large, max-video-preview:-1\" \/>\n<link rel=\"canonical\" href=\"https:\/\/horticom.ee\/e-pood\/toode\/lohnastatud-teekuunal-45h-vanilje-24tk-pakis\/\" \/>\n<meta property=\"og:locale\" content=\"ru_RU\" \/>\n<meta property=\"og:type\" content=\"article\" \/>\n<meta property=\"og:title\" content=\"L\u00f5hnastatud teek\u00fc\u00fcnal 4,5h vanilje 24tk\/pakis - Horticom\" \/>\n<meta property=\"og:description\" content=\"L\u00f5hnastatud teek\u00fc\u00fcnal on trendikas ja v\u00e4rviline l\u00f5hnak\u00fc\u00fcnal, tekitab positiivseid emotsioone sinu kodus.K\u00fc\u00fcnal on kauakestev ja hea p\u00f5lemise kvaliteediga.\" \/>\n<meta property=\"og:url\" content=\"https:\/\/horticom.ee\/e-pood\/toode\/lohnastatud-teekuunal-45h-vanilje-24tk-pakis\/\" \/>\n<meta property=\"og:site_name\" content=\"Horticom.ee\" \/>\n<meta property=\"article:publisher\" content=\"https:\/\/www.facebook.com\/horticom.ee\/e-pood\" \/>\n<meta property=\"article:modified_time\" content=\"2026-04-19T00:00:26+00:00\" \/>\n<meta property=\"og:image\" content=\"https:\/\/horticom.ee\/e-pood\/wp-content\/uploads\/importedmedia\/product-152258_0-690302_206.jpg\" \/>\n\t<meta property=\"og:image:width\" content=\"999\" \/>\n\t<meta property=\"og:image:height\" content=\"1580\" \/>\n\t<meta property=\"og:image:type\" content=\"image\/jpeg\" \/>\n<meta name=\"twitter:card\" content=\"summary_large_image\" \/>\n<script type=\"application\/ld+json\" class=\"yoast-schema-graph\">{\"@context\":\"https:\/\/schema.org\",\"@graph\":[{\"@type\":\"WebPage\",\"@id\":\"https:\/\/horticom.ee\/e-pood\/toode\/lohnastatud-teekuunal-45h-vanilje-24tk-pakis\/\",\"url\":\"https:\/\/horticom.ee\/e-pood\/toode\/lohnastatud-teekuunal-45h-vanilje-24tk-pakis\/\",\"name\":\"L\u00f5hnastatud teek\u00fc\u00fcnal 4,5h vanilje 24tk\/pakis - Horticom\",\"isPartOf\":{\"@id\":\"https:\/\/horticom.ee\/e-pood\/#website\"},\"primaryImageOfPage\":{\"@id\":\"https:\/\/horticom.ee\/e-pood\/toode\/lohnastatud-teekuunal-45h-vanilje-24tk-pakis\/#primaryimage\"},\"image\":{\"@id\":\"https:\/\/horticom.ee\/e-pood\/toode\/lohnastatud-teekuunal-45h-vanilje-24tk-pakis\/#primaryimage\"},\"thumbnailUrl\":\"https:\/\/horticom.ee\/e-pood\/wp-content\/uploads\/importedmedia\/product-152258_0-690302_206.jpg\",\"datePublished\":\"2022-01-17T13:54:56+00:00\",\"dateModified\":\"2026-04-19T00:00:26+00:00\",\"description\":\"L\u00f5hnastatud teek\u00fc\u00fcnal on trendikas ja v\u00e4rviline l\u00f5hnak\u00fc\u00fcnal, tekitab positiivseid emotsioone sinu kodus.K\u00fc\u00fcnal on kauakestev ja hea p\u00f5lemise kvaliteediga.\",\"breadcrumb\":{\"@id\":\"https:\/\/horticom.ee\/e-pood\/toode\/lohnastatud-teekuunal-45h-vanilje-24tk-pakis\/#breadcrumb\"},\"inLanguage\":\"ru-RU\",\"potentialAction\":[{\"@type\":\"ReadAction\",\"target\":[\"https:\/\/horticom.ee\/e-pood\/toode\/lohnastatud-teekuunal-45h-vanilje-24tk-pakis\/\"]}]},{\"@type\":\"ImageObject\",\"inLanguage\":\"ru-RU\",\"@id\":\"https:\/\/horticom.ee\/e-pood\/toode\/lohnastatud-teekuunal-45h-vanilje-24tk-pakis\/#primaryimage\",\"url\":\"https:\/\/horticom.ee\/e-pood\/wp-content\/uploads\/importedmedia\/product-152258_0-690302_206.jpg\",\"contentUrl\":\"https:\/\/horticom.ee\/e-pood\/wp-content\/uploads\/importedmedia\/product-152258_0-690302_206.jpg\",\"width\":999,\"height\":1580,\"caption\":\"L\u00f5hnastatud teek\u00fc\u00fcnal 4,5h vanilje 24tk\/pakis\"},{\"@type\":\"BreadcrumbList\",\"@id\":\"https:\/\/horticom.ee\/e-pood\/toode\/lohnastatud-teekuunal-45h-vanilje-24tk-pakis\/#breadcrumb\",\"itemListElement\":[{\"@type\":\"ListItem\",\"position\":1,\"name\":\"Home\",\"item\":\"https:\/\/horticom.ee\/e-pood\/\"},{\"@type\":\"ListItem\",\"position\":2,\"name\":\"Pood\",\"item\":\"https:\/\/horticom.ee\/e-pood\/pood\/\"},{\"@type\":\"ListItem\",\"position\":3,\"name\":\"L\u00f5hnastatud teek\u00fc\u00fcnal 4,5h vanilje 24tk\/pakis\"}]},{\"@type\":\"WebSite\",\"@id\":\"https:\/\/horticom.ee\/e-pood\/#website\",\"url\":\"https:\/\/horticom.ee\/e-pood\/\",\"name\":\"Horticom.ee\",\"description\":\"Aianduskaubad ja kodukaubad nii harrastajatele kui professionaalidele\",\"potentialAction\":[{\"@type\":\"SearchAction\",\"target\":{\"@type\":\"EntryPoint\",\"urlTemplate\":\"https:\/\/horticom.ee\/e-pood\/?s={search_term_string}\"},\"query-input\":{\"@type\":\"PropertyValueSpecification\",\"valueRequired\":true,\"valueName\":\"search_term_string\"}}],\"inLanguage\":\"ru-RU\"}]}<\/script>\n<!-- \/ Yoast SEO plugin. -->","yoast_head_json":{"title":"L\u00f5hnastatud teek\u00fc\u00fcnal 4,5h vanilje 24tk\/pakis - Horticom","description":"L\u00f5hnastatud teek\u00fc\u00fcnal on trendikas ja v\u00e4rviline l\u00f5hnak\u00fc\u00fcnal, tekitab positiivseid emotsioone sinu kodus.K\u00fc\u00fcnal on kauakestev ja hea p\u00f5lemise kvaliteediga.","robots":{"index":"index","follow":"follow","max-snippet":"max-snippet:-1","max-image-preview":"max-image-preview:large","max-video-preview":"max-video-preview:-1"},"canonical":"https:\/\/horticom.ee\/e-pood\/toode\/lohnastatud-teekuunal-45h-vanilje-24tk-pakis\/","og_locale":"ru_RU","og_type":"article","og_title":"L\u00f5hnastatud teek\u00fc\u00fcnal 4,5h vanilje 24tk\/pakis - Horticom","og_description":"L\u00f5hnastatud teek\u00fc\u00fcnal on trendikas ja v\u00e4rviline l\u00f5hnak\u00fc\u00fcnal, tekitab positiivseid emotsioone sinu kodus.K\u00fc\u00fcnal on kauakestev ja hea p\u00f5lemise kvaliteediga.","og_url":"https:\/\/horticom.ee\/e-pood\/toode\/lohnastatud-teekuunal-45h-vanilje-24tk-pakis\/","og_site_name":"Horticom.ee","article_publisher":"https:\/\/www.facebook.com\/horticom.ee\/e-pood","article_modified_time":"2026-04-19T00:00:26+00:00","og_image":[{"width":999,"height":1580,"url":"https:\/\/horticom.ee\/e-pood\/wp-content\/uploads\/importedmedia\/product-152258_0-690302_206.jpg","type":"image\/jpeg"}],"twitter_card":"summary_large_image","schema":{"@context":"https:\/\/schema.org","@graph":[{"@type":"WebPage","@id":"https:\/\/horticom.ee\/e-pood\/toode\/lohnastatud-teekuunal-45h-vanilje-24tk-pakis\/","url":"https:\/\/horticom.ee\/e-pood\/toode\/lohnastatud-teekuunal-45h-vanilje-24tk-pakis\/","name":"L\u00f5hnastatud teek\u00fc\u00fcnal 4,5h vanilje 24tk\/pakis - Horticom","isPartOf":{"@id":"https:\/\/horticom.ee\/e-pood\/#website"},"primaryImageOfPage":{"@id":"https:\/\/horticom.ee\/e-pood\/toode\/lohnastatud-teekuunal-45h-vanilje-24tk-pakis\/#primaryimage"},"image":{"@id":"https:\/\/horticom.ee\/e-pood\/toode\/lohnastatud-teekuunal-45h-vanilje-24tk-pakis\/#primaryimage"},"thumbnailUrl":"https:\/\/horticom.ee\/e-pood\/wp-content\/uploads\/importedmedia\/product-152258_0-690302_206.jpg","datePublished":"2022-01-17T13:54:56+00:00","dateModified":"2026-04-19T00:00:26+00:00","description":"L\u00f5hnastatud teek\u00fc\u00fcnal on trendikas ja v\u00e4rviline l\u00f5hnak\u00fc\u00fcnal, tekitab positiivseid emotsioone sinu kodus.K\u00fc\u00fcnal on kauakestev ja hea p\u00f5lemise kvaliteediga.","breadcrumb":{"@id":"https:\/\/horticom.ee\/e-pood\/toode\/lohnastatud-teekuunal-45h-vanilje-24tk-pakis\/#breadcrumb"},"inLanguage":"ru-RU","potentialAction":[{"@type":"ReadAction","target":["https:\/\/horticom.ee\/e-pood\/toode\/lohnastatud-teekuunal-45h-vanilje-24tk-pakis\/"]}]},{"@type":"ImageObject","inLanguage":"ru-RU","@id":"https:\/\/horticom.ee\/e-pood\/toode\/lohnastatud-teekuunal-45h-vanilje-24tk-pakis\/#primaryimage","url":"https:\/\/horticom.ee\/e-pood\/wp-content\/uploads\/importedmedia\/product-152258_0-690302_206.jpg","contentUrl":"https:\/\/horticom.ee\/e-pood\/wp-content\/uploads\/importedmedia\/product-152258_0-690302_206.jpg","width":999,"height":1580,"caption":"L\u00f5hnastatud teek\u00fc\u00fcnal 4,5h vanilje 24tk\/pakis"},{"@type":"BreadcrumbList","@id":"https:\/\/horticom.ee\/e-pood\/toode\/lohnastatud-teekuunal-45h-vanilje-24tk-pakis\/#breadcrumb","itemListElement":[{"@type":"ListItem","position":1,"name":"Home","item":"https:\/\/horticom.ee\/e-pood\/"},{"@type":"ListItem","position":2,"name":"Pood","item":"https:\/\/horticom.ee\/e-pood\/pood\/"},{"@type":"ListItem","position":3,"name":"L\u00f5hnastatud teek\u00fc\u00fcnal 4,5h vanilje 24tk\/pakis"}]},{"@type":"WebSite","@id":"https:\/\/horticom.ee\/e-pood\/#website","url":"https:\/\/horticom.ee\/e-pood\/","name":"Horticom.ee","description":"Aianduskaubad ja kodukaubad nii harrastajatele kui professionaalidele","potentialAction":[{"@type":"SearchAction","target":{"@type":"EntryPoint","urlTemplate":"https:\/\/horticom.ee\/e-pood\/?s={search_term_string}"},"query-input":{"@type":"PropertyValueSpecification","valueRequired":true,"valueName":"search_term_string"}}],"inLanguage":"ru-RU"}]}},"_links":{"self":[{"href":"https:\/\/horticom.ee\/e-pood\/ru\/wp-json\/wp\/v2\/product\/152258","targetHints":{"allow":["GET"]}}],"collection":[{"href":"https:\/\/horticom.ee\/e-pood\/ru\/wp-json\/wp\/v2\/product"}],"about":[{"href":"https:\/\/horticom.ee\/e-pood\/ru\/wp-json\/wp\/v2\/types\/product"}],"replies":[{"embeddable":true,"href":"https:\/\/horticom.ee\/e-pood\/ru\/wp-json\/wp\/v2\/comments?post=152258"}],"wp:featuredmedia":[{"embeddable":true,"href":"https:\/\/horticom.ee\/e-pood\/ru\/wp-json\/wp\/v2\/media\/182529"}],"wp:attachment":[{"href":"https:\/\/horticom.ee\/e-pood\/ru\/wp-json\/wp\/v2\/media?parent=152258"}],"wp:term":[{"taxonomy":"product_cat","embeddable":true,"href":"https:\/\/horticom.ee\/e-pood\/ru\/wp-json\/wp\/v2\/product_cat?post=152258"},{"taxonomy":"product_tag","embeddable":true,"href":"https:\/\/horticom.ee\/e-pood\/ru\/wp-json\/wp\/v2\/product_tag?post=152258"}],"curies":[{"name":"wp","href":"https:\/\/api.w.org\/{rel}","templated":true}]}}