{"id":152270,"date":"2022-01-17T15:55:02","date_gmt":"2022-01-17T13:55:02","guid":{"rendered":"https:\/\/aednik24.ee\/toode\/vaaraosipelga-kolooniate-havitaja-protect-3tk-pakis\/"},"modified":"2026-04-21T03:00:50","modified_gmt":"2026-04-21T00:00:50","slug":"vaaraosipelga-kolooniate-havitaja-protect-3tk-pakis","status":"publish","type":"product","link":"https:\/\/horticom.ee\/e-pood\/ru\/toode\/vaaraosipelga-kolooniate-havitaja-protect-3tk-pakis\/","title":{"rendered":"Vaaraosipelga kolooniate h\u00e4vitaja Protect 3tk\/pakis"},"content":{"rendered":"<p>PROTECT\u00ae sisaldab putukate kasvuregulaatorit, mis ei tapa neid koheselt, vaid blokeerib emasipelga paljunemisv\u00f5imet ning pidurdab vastsete arengut, mist\u00f5ttu koloonia hukkub 10 \u2013 14 n\u00e4dala jooksul. NB! KASUTAGE  BIOTSIIDI  OHUTULT. ENNE KASUTAMIST LUGEGE ALATI L\u00c4BI M\u00c4RGISTUS JA TEAVE TOOTE KOHTA.<\/p>\n","protected":false},"excerpt":{"rendered":"<p>PROTECT\u00ae sisaldab putukate kasvuregulaatorit, mis ei tapa neid koheselt, vaid blokeerib emasipelga paljunemisv\u00f5imet ning pidurdab vastsete arengut, mist\u00f5ttu koloonia hukkub 10 \u2013 14 n\u00e4dala jooksul. NB! KASUTAGE BIOTSIIDI OHUTULT. ENNE KASUTAMIST LUGEGE ALATI L\u00c4BI M\u00c4RGISTUS JA TEAVE TOOTE KOHTA.<\/p>\n","protected":false},"featured_media":182501,"comment_status":"closed","ping_status":"closed","template":"","meta":{"_themeisle_gutenberg_block_has_review":false},"product_cat":[13599],"product_tag":[],"class_list":{"0":"post-152270","1":"product","2":"type-product","3":"status-publish","4":"has-post-thumbnail","6":"product_cat-sipelgad","8":"first","9":"instock","10":"shipping-taxable","11":"purchasable","12":"product-type-simple"},"yoast_head":"<!-- This site is optimized with the Yoast SEO plugin v24.0 - https:\/\/yoast.com\/wordpress\/plugins\/seo\/ -->\n<title>Vaaraosipelga kolooniate h\u00e4vitaja Protect 3tk\/pakis<\/title>\n<meta name=\"description\" content=\"Vaaraosipelga kolooniate h\u00e4vitaja Protect ei tapa koheselt, vaid blokeerib emasipelga paljunemisv\u00f5imet ning pidurdab vastsete arengut, koloonia hukkub.\" \/>\n<meta name=\"robots\" content=\"index, follow, max-snippet:-1, max-image-preview:large, max-video-preview:-1\" \/>\n<link rel=\"canonical\" href=\"https:\/\/horticom.ee\/e-pood\/toode\/vaaraosipelga-kolooniate-havitaja-protect-3tk-pakis\/\" \/>\n<meta property=\"og:locale\" content=\"ru_RU\" \/>\n<meta property=\"og:type\" content=\"article\" \/>\n<meta property=\"og:title\" content=\"Vaaraosipelga kolooniate h\u00e4vitaja Protect 3tk\/pakis\" \/>\n<meta property=\"og:description\" content=\"Vaaraosipelga kolooniate h\u00e4vitaja Protect ei tapa koheselt, vaid blokeerib emasipelga paljunemisv\u00f5imet ning pidurdab vastsete arengut, koloonia hukkub.\" \/>\n<meta property=\"og:url\" content=\"https:\/\/horticom.ee\/e-pood\/toode\/vaaraosipelga-kolooniate-havitaja-protect-3tk-pakis\/\" \/>\n<meta property=\"og:site_name\" content=\"Horticom.ee\" \/>\n<meta property=\"article:publisher\" content=\"https:\/\/www.facebook.com\/horticom.ee\/e-pood\" \/>\n<meta property=\"article:modified_time\" content=\"2026-04-21T00:00:50+00:00\" \/>\n<meta property=\"og:image\" content=\"https:\/\/horticom.ee\/e-pood\/wp-content\/uploads\/importedmedia\/product-152270_0-P0306.jpg\" \/>\n\t<meta property=\"og:image:width\" content=\"1000\" \/>\n\t<meta property=\"og:image:height\" content=\"1798\" \/>\n\t<meta property=\"og:image:type\" content=\"image\/jpeg\" \/>\n<meta name=\"twitter:card\" content=\"summary_large_image\" \/>\n<script type=\"application\/ld+json\" class=\"yoast-schema-graph\">{\"@context\":\"https:\/\/schema.org\",\"@graph\":[{\"@type\":\"WebPage\",\"@id\":\"https:\/\/horticom.ee\/e-pood\/toode\/vaaraosipelga-kolooniate-havitaja-protect-3tk-pakis\/\",\"url\":\"https:\/\/horticom.ee\/e-pood\/toode\/vaaraosipelga-kolooniate-havitaja-protect-3tk-pakis\/\",\"name\":\"Vaaraosipelga kolooniate h\u00e4vitaja Protect 3tk\/pakis\",\"isPartOf\":{\"@id\":\"https:\/\/horticom.ee\/e-pood\/#website\"},\"primaryImageOfPage\":{\"@id\":\"https:\/\/horticom.ee\/e-pood\/toode\/vaaraosipelga-kolooniate-havitaja-protect-3tk-pakis\/#primaryimage\"},\"image\":{\"@id\":\"https:\/\/horticom.ee\/e-pood\/toode\/vaaraosipelga-kolooniate-havitaja-protect-3tk-pakis\/#primaryimage\"},\"thumbnailUrl\":\"https:\/\/horticom.ee\/e-pood\/wp-content\/uploads\/importedmedia\/product-152270_0-P0306.jpg\",\"datePublished\":\"2022-01-17T13:55:02+00:00\",\"dateModified\":\"2026-04-21T00:00:50+00:00\",\"description\":\"Vaaraosipelga kolooniate h\u00e4vitaja Protect ei tapa koheselt, vaid blokeerib emasipelga paljunemisv\u00f5imet ning pidurdab vastsete arengut, koloonia hukkub.\",\"breadcrumb\":{\"@id\":\"https:\/\/horticom.ee\/e-pood\/toode\/vaaraosipelga-kolooniate-havitaja-protect-3tk-pakis\/#breadcrumb\"},\"inLanguage\":\"ru-RU\",\"potentialAction\":[{\"@type\":\"ReadAction\",\"target\":[\"https:\/\/horticom.ee\/e-pood\/toode\/vaaraosipelga-kolooniate-havitaja-protect-3tk-pakis\/\"]}]},{\"@type\":\"ImageObject\",\"inLanguage\":\"ru-RU\",\"@id\":\"https:\/\/horticom.ee\/e-pood\/toode\/vaaraosipelga-kolooniate-havitaja-protect-3tk-pakis\/#primaryimage\",\"url\":\"https:\/\/horticom.ee\/e-pood\/wp-content\/uploads\/importedmedia\/product-152270_0-P0306.jpg\",\"contentUrl\":\"https:\/\/horticom.ee\/e-pood\/wp-content\/uploads\/importedmedia\/product-152270_0-P0306.jpg\",\"width\":1000,\"height\":1798,\"caption\":\"Vaaraosipelga kolooniate h\u00e4vitaja Protect 3tk\/pakis\"},{\"@type\":\"BreadcrumbList\",\"@id\":\"https:\/\/horticom.ee\/e-pood\/toode\/vaaraosipelga-kolooniate-havitaja-protect-3tk-pakis\/#breadcrumb\",\"itemListElement\":[{\"@type\":\"ListItem\",\"position\":1,\"name\":\"Home\",\"item\":\"https:\/\/horticom.ee\/e-pood\/\"},{\"@type\":\"ListItem\",\"position\":2,\"name\":\"Pood\",\"item\":\"https:\/\/horticom.ee\/e-pood\/pood\/\"},{\"@type\":\"ListItem\",\"position\":3,\"name\":\"Vaaraosipelga kolooniate h\u00e4vitaja Protect 3tk\/pakis\"}]},{\"@type\":\"WebSite\",\"@id\":\"https:\/\/horticom.ee\/e-pood\/#website\",\"url\":\"https:\/\/horticom.ee\/e-pood\/\",\"name\":\"Horticom.ee\",\"description\":\"Aianduskaubad ja kodukaubad nii harrastajatele kui professionaalidele\",\"potentialAction\":[{\"@type\":\"SearchAction\",\"target\":{\"@type\":\"EntryPoint\",\"urlTemplate\":\"https:\/\/horticom.ee\/e-pood\/?s={search_term_string}\"},\"query-input\":{\"@type\":\"PropertyValueSpecification\",\"valueRequired\":true,\"valueName\":\"search_term_string\"}}],\"inLanguage\":\"ru-RU\"}]}<\/script>\n<!-- \/ Yoast SEO plugin. -->","yoast_head_json":{"title":"Vaaraosipelga kolooniate h\u00e4vitaja Protect 3tk\/pakis","description":"Vaaraosipelga kolooniate h\u00e4vitaja Protect ei tapa koheselt, vaid blokeerib emasipelga paljunemisv\u00f5imet ning pidurdab vastsete arengut, koloonia hukkub.","robots":{"index":"index","follow":"follow","max-snippet":"max-snippet:-1","max-image-preview":"max-image-preview:large","max-video-preview":"max-video-preview:-1"},"canonical":"https:\/\/horticom.ee\/e-pood\/toode\/vaaraosipelga-kolooniate-havitaja-protect-3tk-pakis\/","og_locale":"ru_RU","og_type":"article","og_title":"Vaaraosipelga kolooniate h\u00e4vitaja Protect 3tk\/pakis","og_description":"Vaaraosipelga kolooniate h\u00e4vitaja Protect ei tapa koheselt, vaid blokeerib emasipelga paljunemisv\u00f5imet ning pidurdab vastsete arengut, koloonia hukkub.","og_url":"https:\/\/horticom.ee\/e-pood\/toode\/vaaraosipelga-kolooniate-havitaja-protect-3tk-pakis\/","og_site_name":"Horticom.ee","article_publisher":"https:\/\/www.facebook.com\/horticom.ee\/e-pood","article_modified_time":"2026-04-21T00:00:50+00:00","og_image":[{"width":1000,"height":1798,"url":"https:\/\/horticom.ee\/e-pood\/wp-content\/uploads\/importedmedia\/product-152270_0-P0306.jpg","type":"image\/jpeg"}],"twitter_card":"summary_large_image","schema":{"@context":"https:\/\/schema.org","@graph":[{"@type":"WebPage","@id":"https:\/\/horticom.ee\/e-pood\/toode\/vaaraosipelga-kolooniate-havitaja-protect-3tk-pakis\/","url":"https:\/\/horticom.ee\/e-pood\/toode\/vaaraosipelga-kolooniate-havitaja-protect-3tk-pakis\/","name":"Vaaraosipelga kolooniate h\u00e4vitaja Protect 3tk\/pakis","isPartOf":{"@id":"https:\/\/horticom.ee\/e-pood\/#website"},"primaryImageOfPage":{"@id":"https:\/\/horticom.ee\/e-pood\/toode\/vaaraosipelga-kolooniate-havitaja-protect-3tk-pakis\/#primaryimage"},"image":{"@id":"https:\/\/horticom.ee\/e-pood\/toode\/vaaraosipelga-kolooniate-havitaja-protect-3tk-pakis\/#primaryimage"},"thumbnailUrl":"https:\/\/horticom.ee\/e-pood\/wp-content\/uploads\/importedmedia\/product-152270_0-P0306.jpg","datePublished":"2022-01-17T13:55:02+00:00","dateModified":"2026-04-21T00:00:50+00:00","description":"Vaaraosipelga kolooniate h\u00e4vitaja Protect ei tapa koheselt, vaid blokeerib emasipelga paljunemisv\u00f5imet ning pidurdab vastsete arengut, koloonia hukkub.","breadcrumb":{"@id":"https:\/\/horticom.ee\/e-pood\/toode\/vaaraosipelga-kolooniate-havitaja-protect-3tk-pakis\/#breadcrumb"},"inLanguage":"ru-RU","potentialAction":[{"@type":"ReadAction","target":["https:\/\/horticom.ee\/e-pood\/toode\/vaaraosipelga-kolooniate-havitaja-protect-3tk-pakis\/"]}]},{"@type":"ImageObject","inLanguage":"ru-RU","@id":"https:\/\/horticom.ee\/e-pood\/toode\/vaaraosipelga-kolooniate-havitaja-protect-3tk-pakis\/#primaryimage","url":"https:\/\/horticom.ee\/e-pood\/wp-content\/uploads\/importedmedia\/product-152270_0-P0306.jpg","contentUrl":"https:\/\/horticom.ee\/e-pood\/wp-content\/uploads\/importedmedia\/product-152270_0-P0306.jpg","width":1000,"height":1798,"caption":"Vaaraosipelga kolooniate h\u00e4vitaja Protect 3tk\/pakis"},{"@type":"BreadcrumbList","@id":"https:\/\/horticom.ee\/e-pood\/toode\/vaaraosipelga-kolooniate-havitaja-protect-3tk-pakis\/#breadcrumb","itemListElement":[{"@type":"ListItem","position":1,"name":"Home","item":"https:\/\/horticom.ee\/e-pood\/"},{"@type":"ListItem","position":2,"name":"Pood","item":"https:\/\/horticom.ee\/e-pood\/pood\/"},{"@type":"ListItem","position":3,"name":"Vaaraosipelga kolooniate h\u00e4vitaja Protect 3tk\/pakis"}]},{"@type":"WebSite","@id":"https:\/\/horticom.ee\/e-pood\/#website","url":"https:\/\/horticom.ee\/e-pood\/","name":"Horticom.ee","description":"Aianduskaubad ja kodukaubad nii harrastajatele kui professionaalidele","potentialAction":[{"@type":"SearchAction","target":{"@type":"EntryPoint","urlTemplate":"https:\/\/horticom.ee\/e-pood\/?s={search_term_string}"},"query-input":{"@type":"PropertyValueSpecification","valueRequired":true,"valueName":"search_term_string"}}],"inLanguage":"ru-RU"}]}},"_links":{"self":[{"href":"https:\/\/horticom.ee\/e-pood\/ru\/wp-json\/wp\/v2\/product\/152270","targetHints":{"allow":["GET"]}}],"collection":[{"href":"https:\/\/horticom.ee\/e-pood\/ru\/wp-json\/wp\/v2\/product"}],"about":[{"href":"https:\/\/horticom.ee\/e-pood\/ru\/wp-json\/wp\/v2\/types\/product"}],"replies":[{"embeddable":true,"href":"https:\/\/horticom.ee\/e-pood\/ru\/wp-json\/wp\/v2\/comments?post=152270"}],"wp:featuredmedia":[{"embeddable":true,"href":"https:\/\/horticom.ee\/e-pood\/ru\/wp-json\/wp\/v2\/media\/182501"}],"wp:attachment":[{"href":"https:\/\/horticom.ee\/e-pood\/ru\/wp-json\/wp\/v2\/media?parent=152270"}],"wp:term":[{"taxonomy":"product_cat","embeddable":true,"href":"https:\/\/horticom.ee\/e-pood\/ru\/wp-json\/wp\/v2\/product_cat?post=152270"},{"taxonomy":"product_tag","embeddable":true,"href":"https:\/\/horticom.ee\/e-pood\/ru\/wp-json\/wp\/v2\/product_tag?post=152270"}],"curies":[{"name":"wp","href":"https:\/\/api.w.org\/{rel}","templated":true}]}}