{"id":152276,"date":"2022-01-17T15:55:05","date_gmt":"2022-01-17T13:55:05","guid":{"rendered":"https:\/\/aednik24.ee\/toode\/haavamastiks-viljapuule-arbokol-classic-250g\/"},"modified":"2026-04-21T14:02:09","modified_gmt":"2026-04-21T11:02:09","slug":"haavamastiks-viljapuule-arbokol-classic-250g","status":"publish","type":"product","link":"https:\/\/horticom.ee\/e-pood\/ru\/toode\/haavamastiks-viljapuule-arbokol-classic-250g\/","title":{"rendered":"Pookem\u00e4\u00e4re viljapuule Arbokol Classic 250g"},"content":{"rendered":"<p>Sobib taimede l\u00f5ikehaavade ja pookekohtade kaitseks ilmastikutingimuste eest. ARBOKOL moodustab haava pinnale kaitsekile, mis &#8220;elab kaasa&#8221; puidu liikumisele ja kasvamisele, ei pragune ega muuda oma omadusi pika aja v\u00e4ltel.<\/p>\n","protected":false},"excerpt":{"rendered":"<p>Sobib taimede l\u00f5ikehaavade ja pookekohtade kaitseks ilmastikutingimuste eest. ARBOKOL moodustab haava pinnale kaitsekile, mis &#8220;elab kaasa&#8221; puidu liikumisele ja kasvamisele, ei pragune ega muuda oma omadusi pika aja v\u00e4ltel.<\/p>\n","protected":false},"featured_media":181735,"comment_status":"closed","ping_status":"closed","template":"","meta":{"_themeisle_gutenberg_block_has_review":false},"product_cat":[18340],"product_tag":[],"class_list":{"0":"post-152276","1":"product","2":"type-product","3":"status-publish","4":"has-post-thumbnail","6":"product_cat-tuve-kaitsevahendid","8":"first","9":"instock","10":"shipping-taxable","11":"purchasable","12":"product-type-simple"},"yoast_head":"<!-- This site is optimized with the Yoast SEO plugin v24.0 - https:\/\/yoast.com\/wordpress\/plugins\/seo\/ -->\n<title>Pookem\u00e4\u00e4re viljapuule Arbokol Classic 250g - Horticom.ee<\/title>\n<meta name=\"description\" content=\"ARBOKOL haavam\u00e4\u00e4re kaitseb taimi l\u00f5ikehaavade ja pragunemise eest, tekitades kaitsekihi, mis kiirendab haavade paranemist.\" \/>\n<meta name=\"robots\" content=\"index, follow, max-snippet:-1, max-image-preview:large, max-video-preview:-1\" \/>\n<link rel=\"canonical\" href=\"https:\/\/horticom.ee\/e-pood\/toode\/haavamastiks-viljapuule-arbokol-classic-250g\/\" \/>\n<meta property=\"og:locale\" content=\"ru_RU\" \/>\n<meta property=\"og:type\" content=\"article\" \/>\n<meta property=\"og:title\" content=\"Pookem\u00e4\u00e4re viljapuule Arbokol Classic 250g - Horticom.ee\" \/>\n<meta property=\"og:description\" content=\"ARBOKOL haavam\u00e4\u00e4re kaitseb taimi l\u00f5ikehaavade ja pragunemise eest, tekitades kaitsekihi, mis kiirendab haavade paranemist.\" \/>\n<meta property=\"og:url\" content=\"https:\/\/horticom.ee\/e-pood\/toode\/haavamastiks-viljapuule-arbokol-classic-250g\/\" \/>\n<meta property=\"og:site_name\" content=\"Horticom.ee\" \/>\n<meta property=\"article:publisher\" content=\"https:\/\/www.facebook.com\/horticom.ee\/e-pood\" \/>\n<meta property=\"article:modified_time\" content=\"2026-04-21T11:02:09+00:00\" \/>\n<meta property=\"og:image\" content=\"https:\/\/horticom.ee\/e-pood\/wp-content\/uploads\/importedmedia\/product-152276_0-P0856.jpg\" \/>\n\t<meta property=\"og:image:width\" content=\"999\" \/>\n\t<meta property=\"og:image:height\" content=\"1187\" \/>\n\t<meta property=\"og:image:type\" content=\"image\/jpeg\" \/>\n<meta name=\"twitter:card\" content=\"summary_large_image\" \/>\n<script type=\"application\/ld+json\" class=\"yoast-schema-graph\">{\"@context\":\"https:\/\/schema.org\",\"@graph\":[{\"@type\":\"WebPage\",\"@id\":\"https:\/\/horticom.ee\/e-pood\/toode\/haavamastiks-viljapuule-arbokol-classic-250g\/\",\"url\":\"https:\/\/horticom.ee\/e-pood\/toode\/haavamastiks-viljapuule-arbokol-classic-250g\/\",\"name\":\"Pookem\u00e4\u00e4re viljapuule Arbokol Classic 250g - Horticom.ee\",\"isPartOf\":{\"@id\":\"https:\/\/horticom.ee\/e-pood\/#website\"},\"primaryImageOfPage\":{\"@id\":\"https:\/\/horticom.ee\/e-pood\/toode\/haavamastiks-viljapuule-arbokol-classic-250g\/#primaryimage\"},\"image\":{\"@id\":\"https:\/\/horticom.ee\/e-pood\/toode\/haavamastiks-viljapuule-arbokol-classic-250g\/#primaryimage\"},\"thumbnailUrl\":\"https:\/\/horticom.ee\/e-pood\/wp-content\/uploads\/importedmedia\/product-152276_0-P0856.jpg\",\"datePublished\":\"2022-01-17T13:55:05+00:00\",\"dateModified\":\"2026-04-21T11:02:09+00:00\",\"description\":\"ARBOKOL haavam\u00e4\u00e4re kaitseb taimi l\u00f5ikehaavade ja pragunemise eest, tekitades kaitsekihi, mis kiirendab haavade paranemist.\",\"breadcrumb\":{\"@id\":\"https:\/\/horticom.ee\/e-pood\/toode\/haavamastiks-viljapuule-arbokol-classic-250g\/#breadcrumb\"},\"inLanguage\":\"ru-RU\",\"potentialAction\":[{\"@type\":\"ReadAction\",\"target\":[\"https:\/\/horticom.ee\/e-pood\/toode\/haavamastiks-viljapuule-arbokol-classic-250g\/\"]}]},{\"@type\":\"ImageObject\",\"inLanguage\":\"ru-RU\",\"@id\":\"https:\/\/horticom.ee\/e-pood\/toode\/haavamastiks-viljapuule-arbokol-classic-250g\/#primaryimage\",\"url\":\"https:\/\/horticom.ee\/e-pood\/wp-content\/uploads\/importedmedia\/product-152276_0-P0856.jpg\",\"contentUrl\":\"https:\/\/horticom.ee\/e-pood\/wp-content\/uploads\/importedmedia\/product-152276_0-P0856.jpg\",\"width\":999,\"height\":1187,\"caption\":\"Pookem\u00e4\u00e4re viljapuule Arbokol Classic 250g\"},{\"@type\":\"BreadcrumbList\",\"@id\":\"https:\/\/horticom.ee\/e-pood\/toode\/haavamastiks-viljapuule-arbokol-classic-250g\/#breadcrumb\",\"itemListElement\":[{\"@type\":\"ListItem\",\"position\":1,\"name\":\"Home\",\"item\":\"https:\/\/horticom.ee\/e-pood\/\"},{\"@type\":\"ListItem\",\"position\":2,\"name\":\"Pood\",\"item\":\"https:\/\/horticom.ee\/e-pood\/pood\/\"},{\"@type\":\"ListItem\",\"position\":3,\"name\":\"Pookem\u00e4\u00e4re viljapuule Arbokol Classic 250g\"}]},{\"@type\":\"WebSite\",\"@id\":\"https:\/\/horticom.ee\/e-pood\/#website\",\"url\":\"https:\/\/horticom.ee\/e-pood\/\",\"name\":\"Horticom.ee\",\"description\":\"Aianduskaubad ja kodukaubad nii harrastajatele kui professionaalidele\",\"potentialAction\":[{\"@type\":\"SearchAction\",\"target\":{\"@type\":\"EntryPoint\",\"urlTemplate\":\"https:\/\/horticom.ee\/e-pood\/?s={search_term_string}\"},\"query-input\":{\"@type\":\"PropertyValueSpecification\",\"valueRequired\":true,\"valueName\":\"search_term_string\"}}],\"inLanguage\":\"ru-RU\"}]}<\/script>\n<!-- \/ Yoast SEO plugin. -->","yoast_head_json":{"title":"Pookem\u00e4\u00e4re viljapuule Arbokol Classic 250g - Horticom.ee","description":"ARBOKOL haavam\u00e4\u00e4re kaitseb taimi l\u00f5ikehaavade ja pragunemise eest, tekitades kaitsekihi, mis kiirendab haavade paranemist.","robots":{"index":"index","follow":"follow","max-snippet":"max-snippet:-1","max-image-preview":"max-image-preview:large","max-video-preview":"max-video-preview:-1"},"canonical":"https:\/\/horticom.ee\/e-pood\/toode\/haavamastiks-viljapuule-arbokol-classic-250g\/","og_locale":"ru_RU","og_type":"article","og_title":"Pookem\u00e4\u00e4re viljapuule Arbokol Classic 250g - Horticom.ee","og_description":"ARBOKOL haavam\u00e4\u00e4re kaitseb taimi l\u00f5ikehaavade ja pragunemise eest, tekitades kaitsekihi, mis kiirendab haavade paranemist.","og_url":"https:\/\/horticom.ee\/e-pood\/toode\/haavamastiks-viljapuule-arbokol-classic-250g\/","og_site_name":"Horticom.ee","article_publisher":"https:\/\/www.facebook.com\/horticom.ee\/e-pood","article_modified_time":"2026-04-21T11:02:09+00:00","og_image":[{"width":999,"height":1187,"url":"https:\/\/horticom.ee\/e-pood\/wp-content\/uploads\/importedmedia\/product-152276_0-P0856.jpg","type":"image\/jpeg"}],"twitter_card":"summary_large_image","schema":{"@context":"https:\/\/schema.org","@graph":[{"@type":"WebPage","@id":"https:\/\/horticom.ee\/e-pood\/toode\/haavamastiks-viljapuule-arbokol-classic-250g\/","url":"https:\/\/horticom.ee\/e-pood\/toode\/haavamastiks-viljapuule-arbokol-classic-250g\/","name":"Pookem\u00e4\u00e4re viljapuule Arbokol Classic 250g - Horticom.ee","isPartOf":{"@id":"https:\/\/horticom.ee\/e-pood\/#website"},"primaryImageOfPage":{"@id":"https:\/\/horticom.ee\/e-pood\/toode\/haavamastiks-viljapuule-arbokol-classic-250g\/#primaryimage"},"image":{"@id":"https:\/\/horticom.ee\/e-pood\/toode\/haavamastiks-viljapuule-arbokol-classic-250g\/#primaryimage"},"thumbnailUrl":"https:\/\/horticom.ee\/e-pood\/wp-content\/uploads\/importedmedia\/product-152276_0-P0856.jpg","datePublished":"2022-01-17T13:55:05+00:00","dateModified":"2026-04-21T11:02:09+00:00","description":"ARBOKOL haavam\u00e4\u00e4re kaitseb taimi l\u00f5ikehaavade ja pragunemise eest, tekitades kaitsekihi, mis kiirendab haavade paranemist.","breadcrumb":{"@id":"https:\/\/horticom.ee\/e-pood\/toode\/haavamastiks-viljapuule-arbokol-classic-250g\/#breadcrumb"},"inLanguage":"ru-RU","potentialAction":[{"@type":"ReadAction","target":["https:\/\/horticom.ee\/e-pood\/toode\/haavamastiks-viljapuule-arbokol-classic-250g\/"]}]},{"@type":"ImageObject","inLanguage":"ru-RU","@id":"https:\/\/horticom.ee\/e-pood\/toode\/haavamastiks-viljapuule-arbokol-classic-250g\/#primaryimage","url":"https:\/\/horticom.ee\/e-pood\/wp-content\/uploads\/importedmedia\/product-152276_0-P0856.jpg","contentUrl":"https:\/\/horticom.ee\/e-pood\/wp-content\/uploads\/importedmedia\/product-152276_0-P0856.jpg","width":999,"height":1187,"caption":"Pookem\u00e4\u00e4re viljapuule Arbokol Classic 250g"},{"@type":"BreadcrumbList","@id":"https:\/\/horticom.ee\/e-pood\/toode\/haavamastiks-viljapuule-arbokol-classic-250g\/#breadcrumb","itemListElement":[{"@type":"ListItem","position":1,"name":"Home","item":"https:\/\/horticom.ee\/e-pood\/"},{"@type":"ListItem","position":2,"name":"Pood","item":"https:\/\/horticom.ee\/e-pood\/pood\/"},{"@type":"ListItem","position":3,"name":"Pookem\u00e4\u00e4re viljapuule Arbokol Classic 250g"}]},{"@type":"WebSite","@id":"https:\/\/horticom.ee\/e-pood\/#website","url":"https:\/\/horticom.ee\/e-pood\/","name":"Horticom.ee","description":"Aianduskaubad ja kodukaubad nii harrastajatele kui professionaalidele","potentialAction":[{"@type":"SearchAction","target":{"@type":"EntryPoint","urlTemplate":"https:\/\/horticom.ee\/e-pood\/?s={search_term_string}"},"query-input":{"@type":"PropertyValueSpecification","valueRequired":true,"valueName":"search_term_string"}}],"inLanguage":"ru-RU"}]}},"_links":{"self":[{"href":"https:\/\/horticom.ee\/e-pood\/ru\/wp-json\/wp\/v2\/product\/152276","targetHints":{"allow":["GET"]}}],"collection":[{"href":"https:\/\/horticom.ee\/e-pood\/ru\/wp-json\/wp\/v2\/product"}],"about":[{"href":"https:\/\/horticom.ee\/e-pood\/ru\/wp-json\/wp\/v2\/types\/product"}],"replies":[{"embeddable":true,"href":"https:\/\/horticom.ee\/e-pood\/ru\/wp-json\/wp\/v2\/comments?post=152276"}],"wp:featuredmedia":[{"embeddable":true,"href":"https:\/\/horticom.ee\/e-pood\/ru\/wp-json\/wp\/v2\/media\/181735"}],"wp:attachment":[{"href":"https:\/\/horticom.ee\/e-pood\/ru\/wp-json\/wp\/v2\/media?parent=152276"}],"wp:term":[{"taxonomy":"product_cat","embeddable":true,"href":"https:\/\/horticom.ee\/e-pood\/ru\/wp-json\/wp\/v2\/product_cat?post=152276"},{"taxonomy":"product_tag","embeddable":true,"href":"https:\/\/horticom.ee\/e-pood\/ru\/wp-json\/wp\/v2\/product_tag?post=152276"}],"curies":[{"name":"wp","href":"https:\/\/api.w.org\/{rel}","templated":true}]}}