{"id":152286,"date":"2022-01-17T15:55:10","date_gmt":"2022-01-17T13:55:10","guid":{"rendered":"https:\/\/aednik24.ee\/toode\/riidekoi-feromoonpuunis-horticom\/"},"modified":"2026-04-21T16:02:20","modified_gmt":"2026-04-21T13:02:20","slug":"riidekoi-feromoonpuunis-horticom","status":"publish","type":"product","link":"https:\/\/horticom.ee\/e-pood\/ru\/toode\/riidekoi-feromoonpuunis-horticom\/","title":{"rendered":"Riidekoi feromoonp\u00fc\u00fcnis Horticom"},"content":{"rendered":"<p>Meelitab riietes peituvad koid liimpaberile. Isane koi lendab fermoonl\u00f5hna peale liimp\u00fc\u00fcnisele ja kleepub kinni.<\/p>\n","protected":false},"excerpt":{"rendered":"<p>Meelitab riietes peituvad koid liimpaberile. Isane koi lendab fermoonl\u00f5hna peale liimp\u00fc\u00fcnisele ja kleepub kinni.<\/p>\n","protected":false},"featured_media":181709,"comment_status":"closed","ping_status":"closed","template":"","meta":{"_themeisle_gutenberg_block_has_review":false},"product_cat":[18342,13603],"product_tag":[],"class_list":{"0":"post-152286","1":"product","2":"type-product","3":"status-publish","4":"has-post-thumbnail","6":"product_cat-feromoonpuunised","7":"product_cat-koid","9":"first","10":"instock","11":"shipping-taxable","12":"purchasable","13":"product-type-simple"},"yoast_head":"<!-- This site is optimized with the Yoast SEO plugin v24.0 - https:\/\/yoast.com\/wordpress\/plugins\/seo\/ -->\n<title>Riidekoi feromoonp\u00fc\u00fcnis Horticom - Horticom.ee\/e-pood<\/title>\n<meta name=\"description\" content=\"Meelitab riietes peituvad koid liimpaberile. Isane koi lendab fermoonl\u00f5hna peale liimp\u00fc\u00fcnisele ja kleepub kinni.\" \/>\n<meta name=\"robots\" content=\"index, follow, max-snippet:-1, max-image-preview:large, max-video-preview:-1\" \/>\n<link rel=\"canonical\" href=\"https:\/\/horticom.ee\/e-pood\/toode\/riidekoi-feromoonpuunis-horticom\/\" \/>\n<meta property=\"og:locale\" content=\"ru_RU\" \/>\n<meta property=\"og:type\" content=\"article\" \/>\n<meta property=\"og:title\" content=\"Riidekoi feromoonp\u00fc\u00fcnis Horticom - Horticom.ee\/e-pood\" \/>\n<meta property=\"og:description\" content=\"Meelitab riietes peituvad koid liimpaberile. Isane koi lendab fermoonl\u00f5hna peale liimp\u00fc\u00fcnisele ja kleepub kinni.\" \/>\n<meta property=\"og:url\" content=\"https:\/\/horticom.ee\/e-pood\/toode\/riidekoi-feromoonpuunis-horticom\/\" \/>\n<meta property=\"og:site_name\" content=\"Horticom.ee\" \/>\n<meta property=\"article:publisher\" content=\"https:\/\/www.facebook.com\/horticom.ee\/e-pood\" \/>\n<meta property=\"article:modified_time\" content=\"2026-04-21T13:02:20+00:00\" \/>\n<meta property=\"og:image\" content=\"https:\/\/horticom.ee\/e-pood\/wp-content\/uploads\/importedmedia\/product-152286_0-P0606-scaled.jpg\" \/>\n\t<meta property=\"og:image:width\" content=\"961\" \/>\n\t<meta property=\"og:image:height\" content=\"2560\" \/>\n\t<meta property=\"og:image:type\" content=\"image\/jpeg\" \/>\n<meta name=\"twitter:card\" content=\"summary_large_image\" \/>\n<script type=\"application\/ld+json\" class=\"yoast-schema-graph\">{\"@context\":\"https:\/\/schema.org\",\"@graph\":[{\"@type\":\"WebPage\",\"@id\":\"https:\/\/horticom.ee\/e-pood\/toode\/riidekoi-feromoonpuunis-horticom\/\",\"url\":\"https:\/\/horticom.ee\/e-pood\/toode\/riidekoi-feromoonpuunis-horticom\/\",\"name\":\"Riidekoi feromoonp\u00fc\u00fcnis Horticom - Horticom.ee\/e-pood\",\"isPartOf\":{\"@id\":\"https:\/\/horticom.ee\/e-pood\/#website\"},\"primaryImageOfPage\":{\"@id\":\"https:\/\/horticom.ee\/e-pood\/toode\/riidekoi-feromoonpuunis-horticom\/#primaryimage\"},\"image\":{\"@id\":\"https:\/\/horticom.ee\/e-pood\/toode\/riidekoi-feromoonpuunis-horticom\/#primaryimage\"},\"thumbnailUrl\":\"https:\/\/horticom.ee\/e-pood\/wp-content\/uploads\/importedmedia\/product-152286_0-P0606-scaled.jpg\",\"datePublished\":\"2022-01-17T13:55:10+00:00\",\"dateModified\":\"2026-04-21T13:02:20+00:00\",\"description\":\"Meelitab riietes peituvad koid liimpaberile. Isane koi lendab fermoonl\u00f5hna peale liimp\u00fc\u00fcnisele ja kleepub kinni.\",\"breadcrumb\":{\"@id\":\"https:\/\/horticom.ee\/e-pood\/toode\/riidekoi-feromoonpuunis-horticom\/#breadcrumb\"},\"inLanguage\":\"ru-RU\",\"potentialAction\":[{\"@type\":\"ReadAction\",\"target\":[\"https:\/\/horticom.ee\/e-pood\/toode\/riidekoi-feromoonpuunis-horticom\/\"]}]},{\"@type\":\"ImageObject\",\"inLanguage\":\"ru-RU\",\"@id\":\"https:\/\/horticom.ee\/e-pood\/toode\/riidekoi-feromoonpuunis-horticom\/#primaryimage\",\"url\":\"https:\/\/horticom.ee\/e-pood\/wp-content\/uploads\/importedmedia\/product-152286_0-P0606-scaled.jpg\",\"contentUrl\":\"https:\/\/horticom.ee\/e-pood\/wp-content\/uploads\/importedmedia\/product-152286_0-P0606-scaled.jpg\",\"width\":961,\"height\":2560,\"caption\":\"Riidekoi feromoonp\u00fc\u00fcnis Horticom\"},{\"@type\":\"BreadcrumbList\",\"@id\":\"https:\/\/horticom.ee\/e-pood\/toode\/riidekoi-feromoonpuunis-horticom\/#breadcrumb\",\"itemListElement\":[{\"@type\":\"ListItem\",\"position\":1,\"name\":\"Home\",\"item\":\"https:\/\/horticom.ee\/e-pood\/\"},{\"@type\":\"ListItem\",\"position\":2,\"name\":\"Pood\",\"item\":\"https:\/\/horticom.ee\/e-pood\/pood\/\"},{\"@type\":\"ListItem\",\"position\":3,\"name\":\"Riidekoi feromoonp\u00fc\u00fcnis Horticom\"}]},{\"@type\":\"WebSite\",\"@id\":\"https:\/\/horticom.ee\/e-pood\/#website\",\"url\":\"https:\/\/horticom.ee\/e-pood\/\",\"name\":\"Horticom.ee\",\"description\":\"Aianduskaubad ja kodukaubad nii harrastajatele kui professionaalidele\",\"potentialAction\":[{\"@type\":\"SearchAction\",\"target\":{\"@type\":\"EntryPoint\",\"urlTemplate\":\"https:\/\/horticom.ee\/e-pood\/?s={search_term_string}\"},\"query-input\":{\"@type\":\"PropertyValueSpecification\",\"valueRequired\":true,\"valueName\":\"search_term_string\"}}],\"inLanguage\":\"ru-RU\"}]}<\/script>\n<!-- \/ Yoast SEO plugin. -->","yoast_head_json":{"title":"Riidekoi feromoonp\u00fc\u00fcnis Horticom - Horticom.ee\/e-pood","description":"Meelitab riietes peituvad koid liimpaberile. Isane koi lendab fermoonl\u00f5hna peale liimp\u00fc\u00fcnisele ja kleepub kinni.","robots":{"index":"index","follow":"follow","max-snippet":"max-snippet:-1","max-image-preview":"max-image-preview:large","max-video-preview":"max-video-preview:-1"},"canonical":"https:\/\/horticom.ee\/e-pood\/toode\/riidekoi-feromoonpuunis-horticom\/","og_locale":"ru_RU","og_type":"article","og_title":"Riidekoi feromoonp\u00fc\u00fcnis Horticom - Horticom.ee\/e-pood","og_description":"Meelitab riietes peituvad koid liimpaberile. Isane koi lendab fermoonl\u00f5hna peale liimp\u00fc\u00fcnisele ja kleepub kinni.","og_url":"https:\/\/horticom.ee\/e-pood\/toode\/riidekoi-feromoonpuunis-horticom\/","og_site_name":"Horticom.ee","article_publisher":"https:\/\/www.facebook.com\/horticom.ee\/e-pood","article_modified_time":"2026-04-21T13:02:20+00:00","og_image":[{"width":961,"height":2560,"url":"https:\/\/horticom.ee\/e-pood\/wp-content\/uploads\/importedmedia\/product-152286_0-P0606-scaled.jpg","type":"image\/jpeg"}],"twitter_card":"summary_large_image","schema":{"@context":"https:\/\/schema.org","@graph":[{"@type":"WebPage","@id":"https:\/\/horticom.ee\/e-pood\/toode\/riidekoi-feromoonpuunis-horticom\/","url":"https:\/\/horticom.ee\/e-pood\/toode\/riidekoi-feromoonpuunis-horticom\/","name":"Riidekoi feromoonp\u00fc\u00fcnis Horticom - Horticom.ee\/e-pood","isPartOf":{"@id":"https:\/\/horticom.ee\/e-pood\/#website"},"primaryImageOfPage":{"@id":"https:\/\/horticom.ee\/e-pood\/toode\/riidekoi-feromoonpuunis-horticom\/#primaryimage"},"image":{"@id":"https:\/\/horticom.ee\/e-pood\/toode\/riidekoi-feromoonpuunis-horticom\/#primaryimage"},"thumbnailUrl":"https:\/\/horticom.ee\/e-pood\/wp-content\/uploads\/importedmedia\/product-152286_0-P0606-scaled.jpg","datePublished":"2022-01-17T13:55:10+00:00","dateModified":"2026-04-21T13:02:20+00:00","description":"Meelitab riietes peituvad koid liimpaberile. Isane koi lendab fermoonl\u00f5hna peale liimp\u00fc\u00fcnisele ja kleepub kinni.","breadcrumb":{"@id":"https:\/\/horticom.ee\/e-pood\/toode\/riidekoi-feromoonpuunis-horticom\/#breadcrumb"},"inLanguage":"ru-RU","potentialAction":[{"@type":"ReadAction","target":["https:\/\/horticom.ee\/e-pood\/toode\/riidekoi-feromoonpuunis-horticom\/"]}]},{"@type":"ImageObject","inLanguage":"ru-RU","@id":"https:\/\/horticom.ee\/e-pood\/toode\/riidekoi-feromoonpuunis-horticom\/#primaryimage","url":"https:\/\/horticom.ee\/e-pood\/wp-content\/uploads\/importedmedia\/product-152286_0-P0606-scaled.jpg","contentUrl":"https:\/\/horticom.ee\/e-pood\/wp-content\/uploads\/importedmedia\/product-152286_0-P0606-scaled.jpg","width":961,"height":2560,"caption":"Riidekoi feromoonp\u00fc\u00fcnis Horticom"},{"@type":"BreadcrumbList","@id":"https:\/\/horticom.ee\/e-pood\/toode\/riidekoi-feromoonpuunis-horticom\/#breadcrumb","itemListElement":[{"@type":"ListItem","position":1,"name":"Home","item":"https:\/\/horticom.ee\/e-pood\/"},{"@type":"ListItem","position":2,"name":"Pood","item":"https:\/\/horticom.ee\/e-pood\/pood\/"},{"@type":"ListItem","position":3,"name":"Riidekoi feromoonp\u00fc\u00fcnis Horticom"}]},{"@type":"WebSite","@id":"https:\/\/horticom.ee\/e-pood\/#website","url":"https:\/\/horticom.ee\/e-pood\/","name":"Horticom.ee","description":"Aianduskaubad ja kodukaubad nii harrastajatele kui professionaalidele","potentialAction":[{"@type":"SearchAction","target":{"@type":"EntryPoint","urlTemplate":"https:\/\/horticom.ee\/e-pood\/?s={search_term_string}"},"query-input":{"@type":"PropertyValueSpecification","valueRequired":true,"valueName":"search_term_string"}}],"inLanguage":"ru-RU"}]}},"_links":{"self":[{"href":"https:\/\/horticom.ee\/e-pood\/ru\/wp-json\/wp\/v2\/product\/152286","targetHints":{"allow":["GET"]}}],"collection":[{"href":"https:\/\/horticom.ee\/e-pood\/ru\/wp-json\/wp\/v2\/product"}],"about":[{"href":"https:\/\/horticom.ee\/e-pood\/ru\/wp-json\/wp\/v2\/types\/product"}],"replies":[{"embeddable":true,"href":"https:\/\/horticom.ee\/e-pood\/ru\/wp-json\/wp\/v2\/comments?post=152286"}],"wp:featuredmedia":[{"embeddable":true,"href":"https:\/\/horticom.ee\/e-pood\/ru\/wp-json\/wp\/v2\/media\/181709"}],"wp:attachment":[{"href":"https:\/\/horticom.ee\/e-pood\/ru\/wp-json\/wp\/v2\/media?parent=152286"}],"wp:term":[{"taxonomy":"product_cat","embeddable":true,"href":"https:\/\/horticom.ee\/e-pood\/ru\/wp-json\/wp\/v2\/product_cat?post=152286"},{"taxonomy":"product_tag","embeddable":true,"href":"https:\/\/horticom.ee\/e-pood\/ru\/wp-json\/wp\/v2\/product_tag?post=152286"}],"curies":[{"name":"wp","href":"https:\/\/api.w.org\/{rel}","templated":true}]}}