{"id":152291,"date":"2022-01-17T15:55:12","date_gmt":"2022-01-17T13:55:12","guid":{"rendered":"https:\/\/aednik24.ee\/toode\/pooke-ja-oksastamisnuga-felco-3-90-20\/"},"modified":"2026-05-03T03:00:41","modified_gmt":"2026-05-03T00:00:41","slug":"pooke-ja-oksastamisnuga-felco-3-90-20","status":"publish","type":"product","link":"https:\/\/horticom.ee\/e-pood\/ru\/toode\/pooke-ja-oksastamisnuga-felco-3-90-20\/","title":{"rendered":"Pooke- ja oksastamisnuga Felco 3.90 20 kaal 35g"},"content":{"rendered":"<p>M\u00f5eldud k\u00f5ikide silmastamis- ja pookimist\u00f6\u00f6de teostamiseks aedades ja kasvandustes. Sobivad kasutamiseks ka lillepoodides kimpude valmistamiseks. V\u00e4ikese ja vastupidava sirge l\u00f5iketeraga silmastamis- ja pookimisnuga sirge l\u00f5iketeraga, mis on otsast veidi k\u00f5verdatud. Noa tera on valmistatud roostevabast terasest ja avamiss\u00e4lk on selle \u00fchel k\u00fcljel. Paremak\u00e4elistele, 57mm l\u00f5iketeraga. Mitmeotstarbeline nuga, mis sobib nii punumist\u00f6\u00f6deks kui ka erinevateks pookimist\u00f6\u00f6deks. Noa pikkus on 10cm ja kaal 55g.<\/p>\n","protected":false},"excerpt":{"rendered":"<p>M\u00f5eldud k\u00f5ikide silmastamis- ja pookimist\u00f6\u00f6de teostamiseks aedades ja kasvandustes. Sobivad kasutamiseks ka lillepoodides kimpude valmistamiseks. V\u00e4ikese ja vastupidava sirge l\u00f5iketeraga silmastamis- ja pookimisnuga sirge l\u00f5iketeraga, mis on otsast veidi k\u00f5verdatud. Noa tera on valmistatud roostevabast terasest ja avamiss\u00e4lk on selle \u00fchel k\u00fcljel. Paremak\u00e4elistele, 57mm l\u00f5iketeraga. Mitmeotstarbeline nuga, mis sobib nii punumist\u00f6\u00f6deks kui ka erinevateks pookimist\u00f6\u00f6deks. [&hellip;]<\/p>\n","protected":false},"featured_media":2381764,"comment_status":"closed","ping_status":"closed","template":"","meta":{"_themeisle_gutenberg_block_has_review":false},"product_cat":[13342,13622],"product_tag":[],"class_list":{"0":"post-152291","1":"product","2":"type-product","3":"status-publish","4":"has-post-thumbnail","6":"product_cat-pookimisvahendid","7":"product_cat-aiatooriistad-tootjale","9":"first","10":"instock","11":"shipping-taxable","12":"purchasable","13":"product-type-simple"},"yoast_head":"<!-- This site is optimized with the Yoast SEO plugin v24.0 - https:\/\/yoast.com\/wordpress\/plugins\/seo\/ -->\n<title>Pooke- ja oksastamisnuga Felco 3.90 20 kaal 35g - Horticom<\/title>\n<meta name=\"robots\" content=\"index, follow, max-snippet:-1, max-image-preview:large, max-video-preview:-1\" \/>\n<link rel=\"canonical\" href=\"https:\/\/horticom.ee\/e-pood\/toode\/pooke-ja-oksastamisnuga-felco-3-90-20\/\" \/>\n<meta property=\"og:locale\" content=\"ru_RU\" \/>\n<meta property=\"og:type\" content=\"article\" \/>\n<meta property=\"og:title\" content=\"Pooke- ja oksastamisnuga Felco 3.90 20 kaal 35g - Horticom\" \/>\n<meta property=\"og:description\" content=\"M\u00f5eldud k\u00f5ikide silmastamis- ja pookimist\u00f6\u00f6de teostamiseks aedades ja kasvandustes. Sobivad kasutamiseks ka lillepoodides kimpude valmistamiseks. V\u00e4ikese ja vastupidava sirge l\u00f5iketeraga silmastamis- ja pookimisnuga sirge l\u00f5iketeraga, mis on otsast veidi k\u00f5verdatud. Noa tera on valmistatud roostevabast terasest ja avamiss\u00e4lk on selle \u00fchel k\u00fcljel. Paremak\u00e4elistele, 57mm l\u00f5iketeraga. Mitmeotstarbeline nuga, mis sobib nii punumist\u00f6\u00f6deks kui ka erinevateks pookimist\u00f6\u00f6deks. [&hellip;]\" \/>\n<meta property=\"og:url\" content=\"https:\/\/horticom.ee\/e-pood\/toode\/pooke-ja-oksastamisnuga-felco-3-90-20\/\" \/>\n<meta property=\"og:site_name\" content=\"Horticom.ee\" \/>\n<meta property=\"article:publisher\" content=\"https:\/\/www.facebook.com\/horticom.ee\/e-pood\" \/>\n<meta property=\"article:modified_time\" content=\"2026-05-03T00:00:41+00:00\" \/>\n<meta property=\"og:image\" content=\"https:\/\/horticom.ee\/e-pood\/wp-content\/uploads\/importedmedia\/product-152291_0-36001600-601x1024.jpg\" \/>\n\t<meta property=\"og:image:width\" content=\"601\" \/>\n\t<meta property=\"og:image:height\" content=\"1024\" \/>\n\t<meta property=\"og:image:type\" content=\"image\/jpeg\" \/>\n<meta name=\"twitter:card\" content=\"summary_large_image\" \/>\n<script type=\"application\/ld+json\" class=\"yoast-schema-graph\">{\"@context\":\"https:\/\/schema.org\",\"@graph\":[{\"@type\":\"WebPage\",\"@id\":\"https:\/\/horticom.ee\/e-pood\/toode\/pooke-ja-oksastamisnuga-felco-3-90-20\/\",\"url\":\"https:\/\/horticom.ee\/e-pood\/toode\/pooke-ja-oksastamisnuga-felco-3-90-20\/\",\"name\":\"Pooke- ja oksastamisnuga Felco 3.90 20 kaal 35g - Horticom\",\"isPartOf\":{\"@id\":\"https:\/\/horticom.ee\/e-pood\/#website\"},\"primaryImageOfPage\":{\"@id\":\"https:\/\/horticom.ee\/e-pood\/toode\/pooke-ja-oksastamisnuga-felco-3-90-20\/#primaryimage\"},\"image\":{\"@id\":\"https:\/\/horticom.ee\/e-pood\/toode\/pooke-ja-oksastamisnuga-felco-3-90-20\/#primaryimage\"},\"thumbnailUrl\":\"https:\/\/horticom.ee\/e-pood\/wp-content\/uploads\/importedmedia\/product-152291_0-36001600.jpg\",\"datePublished\":\"2022-01-17T13:55:12+00:00\",\"dateModified\":\"2026-05-03T00:00:41+00:00\",\"breadcrumb\":{\"@id\":\"https:\/\/horticom.ee\/e-pood\/toode\/pooke-ja-oksastamisnuga-felco-3-90-20\/#breadcrumb\"},\"inLanguage\":\"ru-RU\",\"potentialAction\":[{\"@type\":\"ReadAction\",\"target\":[\"https:\/\/horticom.ee\/e-pood\/toode\/pooke-ja-oksastamisnuga-felco-3-90-20\/\"]}]},{\"@type\":\"ImageObject\",\"inLanguage\":\"ru-RU\",\"@id\":\"https:\/\/horticom.ee\/e-pood\/toode\/pooke-ja-oksastamisnuga-felco-3-90-20\/#primaryimage\",\"url\":\"https:\/\/horticom.ee\/e-pood\/wp-content\/uploads\/importedmedia\/product-152291_0-36001600.jpg\",\"contentUrl\":\"https:\/\/horticom.ee\/e-pood\/wp-content\/uploads\/importedmedia\/product-152291_0-36001600.jpg\",\"width\":1000,\"height\":1703},{\"@type\":\"BreadcrumbList\",\"@id\":\"https:\/\/horticom.ee\/e-pood\/toode\/pooke-ja-oksastamisnuga-felco-3-90-20\/#breadcrumb\",\"itemListElement\":[{\"@type\":\"ListItem\",\"position\":1,\"name\":\"Home\",\"item\":\"https:\/\/horticom.ee\/e-pood\/\"},{\"@type\":\"ListItem\",\"position\":2,\"name\":\"Pood\",\"item\":\"https:\/\/horticom.ee\/e-pood\/pood\/\"},{\"@type\":\"ListItem\",\"position\":3,\"name\":\"Pooke- ja oksastamisnuga Felco 3.90 20 kaal 35g\"}]},{\"@type\":\"WebSite\",\"@id\":\"https:\/\/horticom.ee\/e-pood\/#website\",\"url\":\"https:\/\/horticom.ee\/e-pood\/\",\"name\":\"Horticom.ee\",\"description\":\"Aianduskaubad ja kodukaubad nii harrastajatele kui professionaalidele\",\"potentialAction\":[{\"@type\":\"SearchAction\",\"target\":{\"@type\":\"EntryPoint\",\"urlTemplate\":\"https:\/\/horticom.ee\/e-pood\/?s={search_term_string}\"},\"query-input\":{\"@type\":\"PropertyValueSpecification\",\"valueRequired\":true,\"valueName\":\"search_term_string\"}}],\"inLanguage\":\"ru-RU\"}]}<\/script>\n<!-- \/ Yoast SEO plugin. -->","yoast_head_json":{"title":"Pooke- ja oksastamisnuga Felco 3.90 20 kaal 35g - Horticom","robots":{"index":"index","follow":"follow","max-snippet":"max-snippet:-1","max-image-preview":"max-image-preview:large","max-video-preview":"max-video-preview:-1"},"canonical":"https:\/\/horticom.ee\/e-pood\/toode\/pooke-ja-oksastamisnuga-felco-3-90-20\/","og_locale":"ru_RU","og_type":"article","og_title":"Pooke- ja oksastamisnuga Felco 3.90 20 kaal 35g - Horticom","og_description":"M\u00f5eldud k\u00f5ikide silmastamis- ja pookimist\u00f6\u00f6de teostamiseks aedades ja kasvandustes. Sobivad kasutamiseks ka lillepoodides kimpude valmistamiseks. V\u00e4ikese ja vastupidava sirge l\u00f5iketeraga silmastamis- ja pookimisnuga sirge l\u00f5iketeraga, mis on otsast veidi k\u00f5verdatud. Noa tera on valmistatud roostevabast terasest ja avamiss\u00e4lk on selle \u00fchel k\u00fcljel. Paremak\u00e4elistele, 57mm l\u00f5iketeraga. Mitmeotstarbeline nuga, mis sobib nii punumist\u00f6\u00f6deks kui ka erinevateks pookimist\u00f6\u00f6deks. [&hellip;]","og_url":"https:\/\/horticom.ee\/e-pood\/toode\/pooke-ja-oksastamisnuga-felco-3-90-20\/","og_site_name":"Horticom.ee","article_publisher":"https:\/\/www.facebook.com\/horticom.ee\/e-pood","article_modified_time":"2026-05-03T00:00:41+00:00","og_image":[{"width":601,"height":1024,"url":"https:\/\/horticom.ee\/e-pood\/wp-content\/uploads\/importedmedia\/product-152291_0-36001600-601x1024.jpg","type":"image\/jpeg"}],"twitter_card":"summary_large_image","schema":{"@context":"https:\/\/schema.org","@graph":[{"@type":"WebPage","@id":"https:\/\/horticom.ee\/e-pood\/toode\/pooke-ja-oksastamisnuga-felco-3-90-20\/","url":"https:\/\/horticom.ee\/e-pood\/toode\/pooke-ja-oksastamisnuga-felco-3-90-20\/","name":"Pooke- ja oksastamisnuga Felco 3.90 20 kaal 35g - Horticom","isPartOf":{"@id":"https:\/\/horticom.ee\/e-pood\/#website"},"primaryImageOfPage":{"@id":"https:\/\/horticom.ee\/e-pood\/toode\/pooke-ja-oksastamisnuga-felco-3-90-20\/#primaryimage"},"image":{"@id":"https:\/\/horticom.ee\/e-pood\/toode\/pooke-ja-oksastamisnuga-felco-3-90-20\/#primaryimage"},"thumbnailUrl":"https:\/\/horticom.ee\/e-pood\/wp-content\/uploads\/importedmedia\/product-152291_0-36001600.jpg","datePublished":"2022-01-17T13:55:12+00:00","dateModified":"2026-05-03T00:00:41+00:00","breadcrumb":{"@id":"https:\/\/horticom.ee\/e-pood\/toode\/pooke-ja-oksastamisnuga-felco-3-90-20\/#breadcrumb"},"inLanguage":"ru-RU","potentialAction":[{"@type":"ReadAction","target":["https:\/\/horticom.ee\/e-pood\/toode\/pooke-ja-oksastamisnuga-felco-3-90-20\/"]}]},{"@type":"ImageObject","inLanguage":"ru-RU","@id":"https:\/\/horticom.ee\/e-pood\/toode\/pooke-ja-oksastamisnuga-felco-3-90-20\/#primaryimage","url":"https:\/\/horticom.ee\/e-pood\/wp-content\/uploads\/importedmedia\/product-152291_0-36001600.jpg","contentUrl":"https:\/\/horticom.ee\/e-pood\/wp-content\/uploads\/importedmedia\/product-152291_0-36001600.jpg","width":1000,"height":1703},{"@type":"BreadcrumbList","@id":"https:\/\/horticom.ee\/e-pood\/toode\/pooke-ja-oksastamisnuga-felco-3-90-20\/#breadcrumb","itemListElement":[{"@type":"ListItem","position":1,"name":"Home","item":"https:\/\/horticom.ee\/e-pood\/"},{"@type":"ListItem","position":2,"name":"Pood","item":"https:\/\/horticom.ee\/e-pood\/pood\/"},{"@type":"ListItem","position":3,"name":"Pooke- ja oksastamisnuga Felco 3.90 20 kaal 35g"}]},{"@type":"WebSite","@id":"https:\/\/horticom.ee\/e-pood\/#website","url":"https:\/\/horticom.ee\/e-pood\/","name":"Horticom.ee","description":"Aianduskaubad ja kodukaubad nii harrastajatele kui professionaalidele","potentialAction":[{"@type":"SearchAction","target":{"@type":"EntryPoint","urlTemplate":"https:\/\/horticom.ee\/e-pood\/?s={search_term_string}"},"query-input":{"@type":"PropertyValueSpecification","valueRequired":true,"valueName":"search_term_string"}}],"inLanguage":"ru-RU"}]}},"_links":{"self":[{"href":"https:\/\/horticom.ee\/e-pood\/ru\/wp-json\/wp\/v2\/product\/152291","targetHints":{"allow":["GET"]}}],"collection":[{"href":"https:\/\/horticom.ee\/e-pood\/ru\/wp-json\/wp\/v2\/product"}],"about":[{"href":"https:\/\/horticom.ee\/e-pood\/ru\/wp-json\/wp\/v2\/types\/product"}],"replies":[{"embeddable":true,"href":"https:\/\/horticom.ee\/e-pood\/ru\/wp-json\/wp\/v2\/comments?post=152291"}],"wp:featuredmedia":[{"embeddable":true,"href":"https:\/\/horticom.ee\/e-pood\/ru\/wp-json\/wp\/v2\/media\/2381764"}],"wp:attachment":[{"href":"https:\/\/horticom.ee\/e-pood\/ru\/wp-json\/wp\/v2\/media?parent=152291"}],"wp:term":[{"taxonomy":"product_cat","embeddable":true,"href":"https:\/\/horticom.ee\/e-pood\/ru\/wp-json\/wp\/v2\/product_cat?post=152291"},{"taxonomy":"product_tag","embeddable":true,"href":"https:\/\/horticom.ee\/e-pood\/ru\/wp-json\/wp\/v2\/product_tag?post=152291"}],"curies":[{"name":"wp","href":"https:\/\/api.w.org\/{rel}","templated":true}]}}