{"id":152379,"date":"2022-01-17T15:55:59","date_gmt":"2022-01-17T13:55:59","guid":{"rendered":"https:\/\/aednik24.ee\/toode\/ripplobeelia-balcony-segu-lobelia-l\/"},"modified":"2026-04-24T03:00:41","modified_gmt":"2026-04-24T00:00:41","slug":"ripplobeelia-balcony-segu-lobelia-l","status":"publish","type":"product","link":"https:\/\/horticom.ee\/e-pood\/ru\/toode\/ripplobeelia-balcony-segu-lobelia-l\/","title":{"rendered":"Ripplobeelia Balcony"},"content":{"rendered":"<p>Ripplobeelia Balcony segu on \u00fcheaastane, poolripptaim, kuni 30cm k\u00f5rgune. \u00d5ied v\u00e4ikesed, erksav\u00e4rvilised. Sobib r\u00f5dukastide, rippvaaside haljastamiseks. \u00d5itseb rikkalikult k\u00fclmadeni. Seemned on v\u00e4ga v\u00e4ikesed, istutamisel mulda peale ei puistata, t\u00e4rkavad 14 \u2013 16 p\u00e4eva p\u00e4rast.<\/p>\n","protected":false},"excerpt":{"rendered":"<p>Ripplobeelia Balcony segu on \u00fcheaastane, poolripptaim, kuni 30cm k\u00f5rgune. \u00d5ied v\u00e4ikesed, erksav\u00e4rvilised. Sobib r\u00f5dukastide, rippvaaside haljastamiseks. \u00d5itseb rikkalikult k\u00fclmadeni. Seemned on v\u00e4ga v\u00e4ikesed, istutamisel mulda peale ei puistata, t\u00e4rkavad 14 \u2013 16 p\u00e4eva p\u00e4rast.<\/p>\n","protected":false},"featured_media":180725,"comment_status":"closed","ping_status":"closed","template":"","meta":{"_themeisle_gutenberg_block_has_review":false},"product_cat":[13518],"product_tag":[],"class_list":{"0":"post-152379","1":"product","2":"type-product","3":"status-publish","4":"has-post-thumbnail","6":"product_cat-lobeelia-bacopa","8":"first","9":"instock","10":"shipping-taxable","11":"purchasable","12":"product-type-simple"},"yoast_head":"<!-- This site is optimized with the Yoast SEO plugin v24.0 - https:\/\/yoast.com\/wordpress\/plugins\/seo\/ -->\n<title>Ripplobeelia Balcony - Horticom.ee\/e-pood<\/title>\n<meta name=\"description\" content=\"Ripplobeelia Balcony segu \u2013 \u00dcheaastane ripplill, 30cm k\u00f5rgune, erksate \u00f5itega. Sobib r\u00f5dukastidesse ja rippvaasidesse. \u00d5itseb rikkalikult k\u00fclmadeni.\" \/>\n<meta name=\"robots\" content=\"index, follow, max-snippet:-1, max-image-preview:large, max-video-preview:-1\" \/>\n<link rel=\"canonical\" href=\"https:\/\/horticom.ee\/e-pood\/toode\/ripplobeelia-balcony-segu-lobelia-l\/\" \/>\n<meta property=\"og:locale\" content=\"ru_RU\" \/>\n<meta property=\"og:type\" content=\"article\" \/>\n<meta property=\"og:title\" content=\"Ripplobeelia Balcony - Horticom.ee\/e-pood\" \/>\n<meta property=\"og:description\" content=\"Ripplobeelia Balcony segu \u2013 \u00dcheaastane ripplill, 30cm k\u00f5rgune, erksate \u00f5itega. Sobib r\u00f5dukastidesse ja rippvaasidesse. \u00d5itseb rikkalikult k\u00fclmadeni.\" \/>\n<meta property=\"og:url\" content=\"https:\/\/horticom.ee\/e-pood\/toode\/ripplobeelia-balcony-segu-lobelia-l\/\" \/>\n<meta property=\"og:site_name\" content=\"Horticom.ee\" \/>\n<meta property=\"article:publisher\" content=\"https:\/\/www.facebook.com\/horticom.ee\/e-pood\" \/>\n<meta property=\"article:modified_time\" content=\"2026-04-24T00:00:41+00:00\" \/>\n<meta property=\"og:image\" content=\"https:\/\/horticom.ee\/e-pood\/wp-content\/uploads\/importedmedia\/product-152379_0-PL0417-585x1024.jpg\" \/>\n\t<meta property=\"og:image:width\" content=\"585\" \/>\n\t<meta property=\"og:image:height\" content=\"1024\" \/>\n\t<meta property=\"og:image:type\" content=\"image\/jpeg\" \/>\n<meta name=\"twitter:card\" content=\"summary_large_image\" \/>\n<script type=\"application\/ld+json\" class=\"yoast-schema-graph\">{\"@context\":\"https:\/\/schema.org\",\"@graph\":[{\"@type\":\"WebPage\",\"@id\":\"https:\/\/horticom.ee\/e-pood\/toode\/ripplobeelia-balcony-segu-lobelia-l\/\",\"url\":\"https:\/\/horticom.ee\/e-pood\/toode\/ripplobeelia-balcony-segu-lobelia-l\/\",\"name\":\"Ripplobeelia Balcony - Horticom.ee\/e-pood\",\"isPartOf\":{\"@id\":\"https:\/\/horticom.ee\/e-pood\/#website\"},\"primaryImageOfPage\":{\"@id\":\"https:\/\/horticom.ee\/e-pood\/toode\/ripplobeelia-balcony-segu-lobelia-l\/#primaryimage\"},\"image\":{\"@id\":\"https:\/\/horticom.ee\/e-pood\/toode\/ripplobeelia-balcony-segu-lobelia-l\/#primaryimage\"},\"thumbnailUrl\":\"https:\/\/horticom.ee\/e-pood\/wp-content\/uploads\/importedmedia\/product-152379_0-PL0417.jpg\",\"datePublished\":\"2022-01-17T13:55:59+00:00\",\"dateModified\":\"2026-04-24T00:00:41+00:00\",\"description\":\"Ripplobeelia Balcony segu \u2013 \u00dcheaastane ripplill, 30cm k\u00f5rgune, erksate \u00f5itega. Sobib r\u00f5dukastidesse ja rippvaasidesse. \u00d5itseb rikkalikult k\u00fclmadeni.\",\"breadcrumb\":{\"@id\":\"https:\/\/horticom.ee\/e-pood\/toode\/ripplobeelia-balcony-segu-lobelia-l\/#breadcrumb\"},\"inLanguage\":\"ru-RU\",\"potentialAction\":[{\"@type\":\"ReadAction\",\"target\":[\"https:\/\/horticom.ee\/e-pood\/toode\/ripplobeelia-balcony-segu-lobelia-l\/\"]}]},{\"@type\":\"ImageObject\",\"inLanguage\":\"ru-RU\",\"@id\":\"https:\/\/horticom.ee\/e-pood\/toode\/ripplobeelia-balcony-segu-lobelia-l\/#primaryimage\",\"url\":\"https:\/\/horticom.ee\/e-pood\/wp-content\/uploads\/importedmedia\/product-152379_0-PL0417.jpg\",\"contentUrl\":\"https:\/\/horticom.ee\/e-pood\/wp-content\/uploads\/importedmedia\/product-152379_0-PL0417.jpg\",\"width\":1000,\"height\":1750,\"caption\":\"Ripplobeelia Balcony\"},{\"@type\":\"BreadcrumbList\",\"@id\":\"https:\/\/horticom.ee\/e-pood\/toode\/ripplobeelia-balcony-segu-lobelia-l\/#breadcrumb\",\"itemListElement\":[{\"@type\":\"ListItem\",\"position\":1,\"name\":\"Home\",\"item\":\"https:\/\/horticom.ee\/e-pood\/\"},{\"@type\":\"ListItem\",\"position\":2,\"name\":\"Pood\",\"item\":\"https:\/\/horticom.ee\/e-pood\/pood\/\"},{\"@type\":\"ListItem\",\"position\":3,\"name\":\"Ripplobeelia Balcony\"}]},{\"@type\":\"WebSite\",\"@id\":\"https:\/\/horticom.ee\/e-pood\/#website\",\"url\":\"https:\/\/horticom.ee\/e-pood\/\",\"name\":\"Horticom.ee\",\"description\":\"Aianduskaubad ja kodukaubad nii harrastajatele kui professionaalidele\",\"potentialAction\":[{\"@type\":\"SearchAction\",\"target\":{\"@type\":\"EntryPoint\",\"urlTemplate\":\"https:\/\/horticom.ee\/e-pood\/?s={search_term_string}\"},\"query-input\":{\"@type\":\"PropertyValueSpecification\",\"valueRequired\":true,\"valueName\":\"search_term_string\"}}],\"inLanguage\":\"ru-RU\"}]}<\/script>\n<!-- \/ Yoast SEO plugin. -->","yoast_head_json":{"title":"Ripplobeelia Balcony - Horticom.ee\/e-pood","description":"Ripplobeelia Balcony segu \u2013 \u00dcheaastane ripplill, 30cm k\u00f5rgune, erksate \u00f5itega. Sobib r\u00f5dukastidesse ja rippvaasidesse. \u00d5itseb rikkalikult k\u00fclmadeni.","robots":{"index":"index","follow":"follow","max-snippet":"max-snippet:-1","max-image-preview":"max-image-preview:large","max-video-preview":"max-video-preview:-1"},"canonical":"https:\/\/horticom.ee\/e-pood\/toode\/ripplobeelia-balcony-segu-lobelia-l\/","og_locale":"ru_RU","og_type":"article","og_title":"Ripplobeelia Balcony - Horticom.ee\/e-pood","og_description":"Ripplobeelia Balcony segu \u2013 \u00dcheaastane ripplill, 30cm k\u00f5rgune, erksate \u00f5itega. Sobib r\u00f5dukastidesse ja rippvaasidesse. \u00d5itseb rikkalikult k\u00fclmadeni.","og_url":"https:\/\/horticom.ee\/e-pood\/toode\/ripplobeelia-balcony-segu-lobelia-l\/","og_site_name":"Horticom.ee","article_publisher":"https:\/\/www.facebook.com\/horticom.ee\/e-pood","article_modified_time":"2026-04-24T00:00:41+00:00","og_image":[{"width":585,"height":1024,"url":"https:\/\/horticom.ee\/e-pood\/wp-content\/uploads\/importedmedia\/product-152379_0-PL0417-585x1024.jpg","type":"image\/jpeg"}],"twitter_card":"summary_large_image","schema":{"@context":"https:\/\/schema.org","@graph":[{"@type":"WebPage","@id":"https:\/\/horticom.ee\/e-pood\/toode\/ripplobeelia-balcony-segu-lobelia-l\/","url":"https:\/\/horticom.ee\/e-pood\/toode\/ripplobeelia-balcony-segu-lobelia-l\/","name":"Ripplobeelia Balcony - Horticom.ee\/e-pood","isPartOf":{"@id":"https:\/\/horticom.ee\/e-pood\/#website"},"primaryImageOfPage":{"@id":"https:\/\/horticom.ee\/e-pood\/toode\/ripplobeelia-balcony-segu-lobelia-l\/#primaryimage"},"image":{"@id":"https:\/\/horticom.ee\/e-pood\/toode\/ripplobeelia-balcony-segu-lobelia-l\/#primaryimage"},"thumbnailUrl":"https:\/\/horticom.ee\/e-pood\/wp-content\/uploads\/importedmedia\/product-152379_0-PL0417.jpg","datePublished":"2022-01-17T13:55:59+00:00","dateModified":"2026-04-24T00:00:41+00:00","description":"Ripplobeelia Balcony segu \u2013 \u00dcheaastane ripplill, 30cm k\u00f5rgune, erksate \u00f5itega. Sobib r\u00f5dukastidesse ja rippvaasidesse. \u00d5itseb rikkalikult k\u00fclmadeni.","breadcrumb":{"@id":"https:\/\/horticom.ee\/e-pood\/toode\/ripplobeelia-balcony-segu-lobelia-l\/#breadcrumb"},"inLanguage":"ru-RU","potentialAction":[{"@type":"ReadAction","target":["https:\/\/horticom.ee\/e-pood\/toode\/ripplobeelia-balcony-segu-lobelia-l\/"]}]},{"@type":"ImageObject","inLanguage":"ru-RU","@id":"https:\/\/horticom.ee\/e-pood\/toode\/ripplobeelia-balcony-segu-lobelia-l\/#primaryimage","url":"https:\/\/horticom.ee\/e-pood\/wp-content\/uploads\/importedmedia\/product-152379_0-PL0417.jpg","contentUrl":"https:\/\/horticom.ee\/e-pood\/wp-content\/uploads\/importedmedia\/product-152379_0-PL0417.jpg","width":1000,"height":1750,"caption":"Ripplobeelia Balcony"},{"@type":"BreadcrumbList","@id":"https:\/\/horticom.ee\/e-pood\/toode\/ripplobeelia-balcony-segu-lobelia-l\/#breadcrumb","itemListElement":[{"@type":"ListItem","position":1,"name":"Home","item":"https:\/\/horticom.ee\/e-pood\/"},{"@type":"ListItem","position":2,"name":"Pood","item":"https:\/\/horticom.ee\/e-pood\/pood\/"},{"@type":"ListItem","position":3,"name":"Ripplobeelia Balcony"}]},{"@type":"WebSite","@id":"https:\/\/horticom.ee\/e-pood\/#website","url":"https:\/\/horticom.ee\/e-pood\/","name":"Horticom.ee","description":"Aianduskaubad ja kodukaubad nii harrastajatele kui professionaalidele","potentialAction":[{"@type":"SearchAction","target":{"@type":"EntryPoint","urlTemplate":"https:\/\/horticom.ee\/e-pood\/?s={search_term_string}"},"query-input":{"@type":"PropertyValueSpecification","valueRequired":true,"valueName":"search_term_string"}}],"inLanguage":"ru-RU"}]}},"_links":{"self":[{"href":"https:\/\/horticom.ee\/e-pood\/ru\/wp-json\/wp\/v2\/product\/152379","targetHints":{"allow":["GET"]}}],"collection":[{"href":"https:\/\/horticom.ee\/e-pood\/ru\/wp-json\/wp\/v2\/product"}],"about":[{"href":"https:\/\/horticom.ee\/e-pood\/ru\/wp-json\/wp\/v2\/types\/product"}],"replies":[{"embeddable":true,"href":"https:\/\/horticom.ee\/e-pood\/ru\/wp-json\/wp\/v2\/comments?post=152379"}],"wp:featuredmedia":[{"embeddable":true,"href":"https:\/\/horticom.ee\/e-pood\/ru\/wp-json\/wp\/v2\/media\/180725"}],"wp:attachment":[{"href":"https:\/\/horticom.ee\/e-pood\/ru\/wp-json\/wp\/v2\/media?parent=152379"}],"wp:term":[{"taxonomy":"product_cat","embeddable":true,"href":"https:\/\/horticom.ee\/e-pood\/ru\/wp-json\/wp\/v2\/product_cat?post=152379"},{"taxonomy":"product_tag","embeddable":true,"href":"https:\/\/horticom.ee\/e-pood\/ru\/wp-json\/wp\/v2\/product_tag?post=152379"}],"curies":[{"name":"wp","href":"https:\/\/api.w.org\/{rel}","templated":true}]}}