{"id":152437,"date":"2022-01-17T15:56:29","date_gmt":"2022-01-17T13:56:29","guid":{"rendered":"https:\/\/aednik24.ee\/toode\/sipelgapulber-vaarao-ja-mustale-sipelgale-arox-90g\/"},"modified":"2026-04-21T00:46:20","modified_gmt":"2026-04-20T21:46:20","slug":"sipelgapulber-vaarao-ja-mustale-sipelgale-arox-90g","status":"publish","type":"product","link":"https:\/\/horticom.ee\/e-pood\/ru\/toode\/sipelgapulber-vaarao-ja-mustale-sipelgale-arox-90g\/","title":{"rendered":"Sipelgapulber vaarao- ja mustale sipelgale Arox 90g"},"content":{"rendered":"<p>Kasutusvalmis tolmuvaba mikrograanul pikaajaliseks sipelgate t\u00f5rjeks, mida v\u00f5ib kasutada, kas puistates, kastes v\u00f5i pihustades. Biotsiidne toime avaldub 10 minuti p\u00e4rast t\u00f6\u00f6tlemise algust ja kestab 90 p\u00e4eva. Kasutatakse betoonil, keraamilistel pindadel, mullal ja puidul. NB! KASUTAGE  BIOTSIIDI  OHUTULT. ENNE KASUTAMIST LUGEGE ALATI L\u00c4BI M\u00c4RGISTUS JA TEAVE TOOTE KOHTA.<\/p>\n","protected":false},"excerpt":{"rendered":"<p>Kasutusvalmis tolmuvaba mikrograanul pikaajaliseks sipelgate t\u00f5rjeks, mida v\u00f5ib kasutada, kas puistates, kastes v\u00f5i pihustades. Biotsiidne toime avaldub 10 minuti p\u00e4rast t\u00f6\u00f6tlemise algust ja kestab 90 p\u00e4eva. Kasutatakse betoonil, keraamilistel pindadel, mullal ja puidul. NB! KASUTAGE BIOTSIIDI OHUTULT. ENNE KASUTAMIST LUGEGE ALATI L\u00c4BI M\u00c4RGISTUS JA TEAVE TOOTE KOHTA.<\/p>\n","protected":false},"featured_media":179837,"comment_status":"closed","ping_status":"closed","template":"","meta":{"_themeisle_gutenberg_block_has_review":false},"product_cat":[13599],"product_tag":[],"class_list":{"0":"post-152437","1":"product","2":"type-product","3":"status-publish","4":"has-post-thumbnail","6":"product_cat-sipelgad","8":"first","9":"instock","10":"shipping-taxable","11":"purchasable","12":"product-type-simple"},"yoast_head":"<!-- This site is optimized with the Yoast SEO plugin v24.0 - https:\/\/yoast.com\/wordpress\/plugins\/seo\/ -->\n<title>Sipelgapulber vaarao- ja mustale sipelgale Arox 90g<\/title>\n<meta name=\"description\" content=\"Sipelgapulber vaarao- ja mustadele sipelgate h\u00e4vitamiseks, graanuleid v\u00f5ib toas ja \u00f5ues puistata, kasta sipelgate k\u00e4iguteedele.\" \/>\n<meta name=\"robots\" content=\"index, follow, max-snippet:-1, max-image-preview:large, max-video-preview:-1\" \/>\n<link rel=\"canonical\" href=\"https:\/\/horticom.ee\/e-pood\/toode\/sipelgapulber-vaarao-ja-mustale-sipelgale-arox-90g\/\" \/>\n<meta property=\"og:locale\" content=\"ru_RU\" \/>\n<meta property=\"og:type\" content=\"article\" \/>\n<meta property=\"og:title\" content=\"Sipelgapulber vaarao- ja mustale sipelgale Arox 90g\" \/>\n<meta property=\"og:description\" content=\"Sipelgapulber vaarao- ja mustadele sipelgate h\u00e4vitamiseks, graanuleid v\u00f5ib toas ja \u00f5ues puistata, kasta sipelgate k\u00e4iguteedele.\" \/>\n<meta property=\"og:url\" content=\"https:\/\/horticom.ee\/e-pood\/toode\/sipelgapulber-vaarao-ja-mustale-sipelgale-arox-90g\/\" \/>\n<meta property=\"og:site_name\" content=\"Horticom.ee\" \/>\n<meta property=\"article:publisher\" content=\"https:\/\/www.facebook.com\/horticom.ee\/e-pood\" \/>\n<meta property=\"article:modified_time\" content=\"2026-04-20T21:46:20+00:00\" \/>\n<meta property=\"og:image\" content=\"https:\/\/horticom.ee\/e-pood\/wp-content\/uploads\/importedmedia\/product-152437_0-P0310.jpg\" \/>\n\t<meta property=\"og:image:width\" content=\"1000\" \/>\n\t<meta property=\"og:image:height\" content=\"1353\" \/>\n\t<meta property=\"og:image:type\" content=\"image\/jpeg\" \/>\n<meta name=\"twitter:card\" content=\"summary_large_image\" \/>\n<script type=\"application\/ld+json\" class=\"yoast-schema-graph\">{\"@context\":\"https:\/\/schema.org\",\"@graph\":[{\"@type\":\"WebPage\",\"@id\":\"https:\/\/horticom.ee\/e-pood\/toode\/sipelgapulber-vaarao-ja-mustale-sipelgale-arox-90g\/\",\"url\":\"https:\/\/horticom.ee\/e-pood\/toode\/sipelgapulber-vaarao-ja-mustale-sipelgale-arox-90g\/\",\"name\":\"Sipelgapulber vaarao- ja mustale sipelgale Arox 90g\",\"isPartOf\":{\"@id\":\"https:\/\/horticom.ee\/e-pood\/#website\"},\"primaryImageOfPage\":{\"@id\":\"https:\/\/horticom.ee\/e-pood\/toode\/sipelgapulber-vaarao-ja-mustale-sipelgale-arox-90g\/#primaryimage\"},\"image\":{\"@id\":\"https:\/\/horticom.ee\/e-pood\/toode\/sipelgapulber-vaarao-ja-mustale-sipelgale-arox-90g\/#primaryimage\"},\"thumbnailUrl\":\"https:\/\/horticom.ee\/e-pood\/wp-content\/uploads\/importedmedia\/product-152437_0-P0310.jpg\",\"datePublished\":\"2022-01-17T13:56:29+00:00\",\"dateModified\":\"2026-04-20T21:46:20+00:00\",\"description\":\"Sipelgapulber vaarao- ja mustadele sipelgate h\u00e4vitamiseks, graanuleid v\u00f5ib toas ja \u00f5ues puistata, kasta sipelgate k\u00e4iguteedele.\",\"breadcrumb\":{\"@id\":\"https:\/\/horticom.ee\/e-pood\/toode\/sipelgapulber-vaarao-ja-mustale-sipelgale-arox-90g\/#breadcrumb\"},\"inLanguage\":\"ru-RU\",\"potentialAction\":[{\"@type\":\"ReadAction\",\"target\":[\"https:\/\/horticom.ee\/e-pood\/toode\/sipelgapulber-vaarao-ja-mustale-sipelgale-arox-90g\/\"]}]},{\"@type\":\"ImageObject\",\"inLanguage\":\"ru-RU\",\"@id\":\"https:\/\/horticom.ee\/e-pood\/toode\/sipelgapulber-vaarao-ja-mustale-sipelgale-arox-90g\/#primaryimage\",\"url\":\"https:\/\/horticom.ee\/e-pood\/wp-content\/uploads\/importedmedia\/product-152437_0-P0310.jpg\",\"contentUrl\":\"https:\/\/horticom.ee\/e-pood\/wp-content\/uploads\/importedmedia\/product-152437_0-P0310.jpg\",\"width\":1000,\"height\":1353,\"caption\":\"Sipelgapulber vaarao- ja mustale sipelgale Arox 90g\"},{\"@type\":\"BreadcrumbList\",\"@id\":\"https:\/\/horticom.ee\/e-pood\/toode\/sipelgapulber-vaarao-ja-mustale-sipelgale-arox-90g\/#breadcrumb\",\"itemListElement\":[{\"@type\":\"ListItem\",\"position\":1,\"name\":\"Home\",\"item\":\"https:\/\/horticom.ee\/e-pood\/\"},{\"@type\":\"ListItem\",\"position\":2,\"name\":\"Pood\",\"item\":\"https:\/\/horticom.ee\/e-pood\/pood\/\"},{\"@type\":\"ListItem\",\"position\":3,\"name\":\"Sipelgapulber vaarao- ja mustale sipelgale Arox 90g\"}]},{\"@type\":\"WebSite\",\"@id\":\"https:\/\/horticom.ee\/e-pood\/#website\",\"url\":\"https:\/\/horticom.ee\/e-pood\/\",\"name\":\"Horticom.ee\",\"description\":\"Aianduskaubad ja kodukaubad nii harrastajatele kui professionaalidele\",\"potentialAction\":[{\"@type\":\"SearchAction\",\"target\":{\"@type\":\"EntryPoint\",\"urlTemplate\":\"https:\/\/horticom.ee\/e-pood\/?s={search_term_string}\"},\"query-input\":{\"@type\":\"PropertyValueSpecification\",\"valueRequired\":true,\"valueName\":\"search_term_string\"}}],\"inLanguage\":\"ru-RU\"}]}<\/script>\n<!-- \/ Yoast SEO plugin. -->","yoast_head_json":{"title":"Sipelgapulber vaarao- ja mustale sipelgale Arox 90g","description":"Sipelgapulber vaarao- ja mustadele sipelgate h\u00e4vitamiseks, graanuleid v\u00f5ib toas ja \u00f5ues puistata, kasta sipelgate k\u00e4iguteedele.","robots":{"index":"index","follow":"follow","max-snippet":"max-snippet:-1","max-image-preview":"max-image-preview:large","max-video-preview":"max-video-preview:-1"},"canonical":"https:\/\/horticom.ee\/e-pood\/toode\/sipelgapulber-vaarao-ja-mustale-sipelgale-arox-90g\/","og_locale":"ru_RU","og_type":"article","og_title":"Sipelgapulber vaarao- ja mustale sipelgale Arox 90g","og_description":"Sipelgapulber vaarao- ja mustadele sipelgate h\u00e4vitamiseks, graanuleid v\u00f5ib toas ja \u00f5ues puistata, kasta sipelgate k\u00e4iguteedele.","og_url":"https:\/\/horticom.ee\/e-pood\/toode\/sipelgapulber-vaarao-ja-mustale-sipelgale-arox-90g\/","og_site_name":"Horticom.ee","article_publisher":"https:\/\/www.facebook.com\/horticom.ee\/e-pood","article_modified_time":"2026-04-20T21:46:20+00:00","og_image":[{"width":1000,"height":1353,"url":"https:\/\/horticom.ee\/e-pood\/wp-content\/uploads\/importedmedia\/product-152437_0-P0310.jpg","type":"image\/jpeg"}],"twitter_card":"summary_large_image","schema":{"@context":"https:\/\/schema.org","@graph":[{"@type":"WebPage","@id":"https:\/\/horticom.ee\/e-pood\/toode\/sipelgapulber-vaarao-ja-mustale-sipelgale-arox-90g\/","url":"https:\/\/horticom.ee\/e-pood\/toode\/sipelgapulber-vaarao-ja-mustale-sipelgale-arox-90g\/","name":"Sipelgapulber vaarao- ja mustale sipelgale Arox 90g","isPartOf":{"@id":"https:\/\/horticom.ee\/e-pood\/#website"},"primaryImageOfPage":{"@id":"https:\/\/horticom.ee\/e-pood\/toode\/sipelgapulber-vaarao-ja-mustale-sipelgale-arox-90g\/#primaryimage"},"image":{"@id":"https:\/\/horticom.ee\/e-pood\/toode\/sipelgapulber-vaarao-ja-mustale-sipelgale-arox-90g\/#primaryimage"},"thumbnailUrl":"https:\/\/horticom.ee\/e-pood\/wp-content\/uploads\/importedmedia\/product-152437_0-P0310.jpg","datePublished":"2022-01-17T13:56:29+00:00","dateModified":"2026-04-20T21:46:20+00:00","description":"Sipelgapulber vaarao- ja mustadele sipelgate h\u00e4vitamiseks, graanuleid v\u00f5ib toas ja \u00f5ues puistata, kasta sipelgate k\u00e4iguteedele.","breadcrumb":{"@id":"https:\/\/horticom.ee\/e-pood\/toode\/sipelgapulber-vaarao-ja-mustale-sipelgale-arox-90g\/#breadcrumb"},"inLanguage":"ru-RU","potentialAction":[{"@type":"ReadAction","target":["https:\/\/horticom.ee\/e-pood\/toode\/sipelgapulber-vaarao-ja-mustale-sipelgale-arox-90g\/"]}]},{"@type":"ImageObject","inLanguage":"ru-RU","@id":"https:\/\/horticom.ee\/e-pood\/toode\/sipelgapulber-vaarao-ja-mustale-sipelgale-arox-90g\/#primaryimage","url":"https:\/\/horticom.ee\/e-pood\/wp-content\/uploads\/importedmedia\/product-152437_0-P0310.jpg","contentUrl":"https:\/\/horticom.ee\/e-pood\/wp-content\/uploads\/importedmedia\/product-152437_0-P0310.jpg","width":1000,"height":1353,"caption":"Sipelgapulber vaarao- ja mustale sipelgale Arox 90g"},{"@type":"BreadcrumbList","@id":"https:\/\/horticom.ee\/e-pood\/toode\/sipelgapulber-vaarao-ja-mustale-sipelgale-arox-90g\/#breadcrumb","itemListElement":[{"@type":"ListItem","position":1,"name":"Home","item":"https:\/\/horticom.ee\/e-pood\/"},{"@type":"ListItem","position":2,"name":"Pood","item":"https:\/\/horticom.ee\/e-pood\/pood\/"},{"@type":"ListItem","position":3,"name":"Sipelgapulber vaarao- ja mustale sipelgale Arox 90g"}]},{"@type":"WebSite","@id":"https:\/\/horticom.ee\/e-pood\/#website","url":"https:\/\/horticom.ee\/e-pood\/","name":"Horticom.ee","description":"Aianduskaubad ja kodukaubad nii harrastajatele kui professionaalidele","potentialAction":[{"@type":"SearchAction","target":{"@type":"EntryPoint","urlTemplate":"https:\/\/horticom.ee\/e-pood\/?s={search_term_string}"},"query-input":{"@type":"PropertyValueSpecification","valueRequired":true,"valueName":"search_term_string"}}],"inLanguage":"ru-RU"}]}},"_links":{"self":[{"href":"https:\/\/horticom.ee\/e-pood\/ru\/wp-json\/wp\/v2\/product\/152437","targetHints":{"allow":["GET"]}}],"collection":[{"href":"https:\/\/horticom.ee\/e-pood\/ru\/wp-json\/wp\/v2\/product"}],"about":[{"href":"https:\/\/horticom.ee\/e-pood\/ru\/wp-json\/wp\/v2\/types\/product"}],"replies":[{"embeddable":true,"href":"https:\/\/horticom.ee\/e-pood\/ru\/wp-json\/wp\/v2\/comments?post=152437"}],"wp:featuredmedia":[{"embeddable":true,"href":"https:\/\/horticom.ee\/e-pood\/ru\/wp-json\/wp\/v2\/media\/179837"}],"wp:attachment":[{"href":"https:\/\/horticom.ee\/e-pood\/ru\/wp-json\/wp\/v2\/media?parent=152437"}],"wp:term":[{"taxonomy":"product_cat","embeddable":true,"href":"https:\/\/horticom.ee\/e-pood\/ru\/wp-json\/wp\/v2\/product_cat?post=152437"},{"taxonomy":"product_tag","embeddable":true,"href":"https:\/\/horticom.ee\/e-pood\/ru\/wp-json\/wp\/v2\/product_tag?post=152437"}],"curies":[{"name":"wp","href":"https:\/\/api.w.org\/{rel}","templated":true}]}}