{"id":152438,"date":"2022-01-17T15:56:30","date_gmt":"2022-01-17T13:56:30","guid":{"rendered":"https:\/\/aednik24.ee\/toode\/sipelga-soodatoos-vaarao-ja-mustale-sipelgale-arox-10g\/"},"modified":"2026-04-21T03:06:36","modified_gmt":"2026-04-21T00:06:36","slug":"sipelga-soodatoos-vaarao-ja-mustale-sipelgale-arox-10g","status":"publish","type":"product","link":"https:\/\/horticom.ee\/e-pood\/ru\/toode\/sipelga-soodatoos-vaarao-ja-mustale-sipelgale-arox-10g\/","title":{"rendered":"Sipelga s\u00f6\u00f6datoos vaarao- ja mustale sipelgale Arox 10g"},"content":{"rendered":"<p>Ette n\u00e4htud kasutamiseks sisestingimustes. Kasutatakse siplegapesade juures ja nende liikumisradadel. S\u00f6\u00f6datoosis olev geel ahvatleb sipelgaid ning putukad sisenevad l\u00e4bi aukude s\u00f6\u00f6datoosi, kus nad tarbivad s\u00f6\u00f6ta ja viivad seda oma pessa. Nii h\u00e4vineb terve koloonia. NB! KASUTAGE  BIOTSIIDI  OHUTULT. ENNE KASUTAMIST LUGEGE ALATI L\u00c4BI M\u00c4RGISTUS JA TEAVE TOOTE KOHTA.<\/p>\n","protected":false},"excerpt":{"rendered":"<p>Ette n\u00e4htud kasutamiseks sisestingimustes. Kasutatakse siplegapesade juures ja nende liikumisradadel. S\u00f6\u00f6datoosis olev geel ahvatleb sipelgaid ning putukad sisenevad l\u00e4bi aukude s\u00f6\u00f6datoosi, kus nad tarbivad s\u00f6\u00f6ta ja viivad seda oma pessa. Nii h\u00e4vineb terve koloonia. NB! KASUTAGE BIOTSIIDI OHUTULT. ENNE KASUTAMIST LUGEGE ALATI L\u00c4BI M\u00c4RGISTUS JA TEAVE TOOTE KOHTA.<\/p>\n","protected":false},"featured_media":179831,"comment_status":"closed","ping_status":"closed","template":"","meta":{"_themeisle_gutenberg_block_has_review":false},"product_cat":[13599],"product_tag":[],"class_list":{"0":"post-152438","1":"product","2":"type-product","3":"status-publish","4":"has-post-thumbnail","6":"product_cat-sipelgad","8":"first","9":"instock","10":"shipping-taxable","11":"purchasable","12":"product-type-simple"},"yoast_head":"<!-- This site is optimized with the Yoast SEO plugin v24.0 - https:\/\/yoast.com\/wordpress\/plugins\/seo\/ -->\n<title>Sipelga s\u00f6\u00f6datoos vaarao- ja mustale sipelgale Arox 10g<\/title>\n<meta name=\"description\" content=\"Sipelga s\u00f6\u00f6datoos vaarao- ja mustale sipelgale Arox kasutamiseks sisestingimustes. Siplegapesade juures ja nende liikumisradadel. H\u00e4vitab terve koloonia.\" \/>\n<meta name=\"robots\" content=\"index, follow, max-snippet:-1, max-image-preview:large, max-video-preview:-1\" \/>\n<link rel=\"canonical\" href=\"https:\/\/horticom.ee\/e-pood\/toode\/sipelga-soodatoos-vaarao-ja-mustale-sipelgale-arox-10g\/\" \/>\n<meta property=\"og:locale\" content=\"ru_RU\" \/>\n<meta property=\"og:type\" content=\"article\" \/>\n<meta property=\"og:title\" content=\"Sipelga s\u00f6\u00f6datoos vaarao- ja mustale sipelgale Arox 10g\" \/>\n<meta property=\"og:description\" content=\"Sipelga s\u00f6\u00f6datoos vaarao- ja mustale sipelgale Arox kasutamiseks sisestingimustes. Siplegapesade juures ja nende liikumisradadel. H\u00e4vitab terve koloonia.\" \/>\n<meta property=\"og:url\" content=\"https:\/\/horticom.ee\/e-pood\/toode\/sipelga-soodatoos-vaarao-ja-mustale-sipelgale-arox-10g\/\" \/>\n<meta property=\"og:site_name\" content=\"Horticom.ee\" \/>\n<meta property=\"article:publisher\" content=\"https:\/\/www.facebook.com\/horticom.ee\/e-pood\" \/>\n<meta property=\"article:modified_time\" content=\"2026-04-21T00:06:36+00:00\" \/>\n<meta property=\"og:image\" content=\"https:\/\/horticom.ee\/e-pood\/wp-content\/uploads\/importedmedia\/product-152438_0-P0311.jpg\" \/>\n\t<meta property=\"og:image:width\" content=\"1000\" \/>\n\t<meta property=\"og:image:height\" content=\"1169\" \/>\n\t<meta property=\"og:image:type\" content=\"image\/jpeg\" \/>\n<meta name=\"twitter:card\" content=\"summary_large_image\" \/>\n<script type=\"application\/ld+json\" class=\"yoast-schema-graph\">{\"@context\":\"https:\/\/schema.org\",\"@graph\":[{\"@type\":\"WebPage\",\"@id\":\"https:\/\/horticom.ee\/e-pood\/toode\/sipelga-soodatoos-vaarao-ja-mustale-sipelgale-arox-10g\/\",\"url\":\"https:\/\/horticom.ee\/e-pood\/toode\/sipelga-soodatoos-vaarao-ja-mustale-sipelgale-arox-10g\/\",\"name\":\"Sipelga s\u00f6\u00f6datoos vaarao- ja mustale sipelgale Arox 10g\",\"isPartOf\":{\"@id\":\"https:\/\/horticom.ee\/e-pood\/#website\"},\"primaryImageOfPage\":{\"@id\":\"https:\/\/horticom.ee\/e-pood\/toode\/sipelga-soodatoos-vaarao-ja-mustale-sipelgale-arox-10g\/#primaryimage\"},\"image\":{\"@id\":\"https:\/\/horticom.ee\/e-pood\/toode\/sipelga-soodatoos-vaarao-ja-mustale-sipelgale-arox-10g\/#primaryimage\"},\"thumbnailUrl\":\"https:\/\/horticom.ee\/e-pood\/wp-content\/uploads\/importedmedia\/product-152438_0-P0311.jpg\",\"datePublished\":\"2022-01-17T13:56:30+00:00\",\"dateModified\":\"2026-04-21T00:06:36+00:00\",\"description\":\"Sipelga s\u00f6\u00f6datoos vaarao- ja mustale sipelgale Arox kasutamiseks sisestingimustes. Siplegapesade juures ja nende liikumisradadel. H\u00e4vitab terve koloonia.\",\"breadcrumb\":{\"@id\":\"https:\/\/horticom.ee\/e-pood\/toode\/sipelga-soodatoos-vaarao-ja-mustale-sipelgale-arox-10g\/#breadcrumb\"},\"inLanguage\":\"ru-RU\",\"potentialAction\":[{\"@type\":\"ReadAction\",\"target\":[\"https:\/\/horticom.ee\/e-pood\/toode\/sipelga-soodatoos-vaarao-ja-mustale-sipelgale-arox-10g\/\"]}]},{\"@type\":\"ImageObject\",\"inLanguage\":\"ru-RU\",\"@id\":\"https:\/\/horticom.ee\/e-pood\/toode\/sipelga-soodatoos-vaarao-ja-mustale-sipelgale-arox-10g\/#primaryimage\",\"url\":\"https:\/\/horticom.ee\/e-pood\/wp-content\/uploads\/importedmedia\/product-152438_0-P0311.jpg\",\"contentUrl\":\"https:\/\/horticom.ee\/e-pood\/wp-content\/uploads\/importedmedia\/product-152438_0-P0311.jpg\",\"width\":1000,\"height\":1169,\"caption\":\"Sipelga s\u00f6\u00f6datoos vaarao- ja mustale sipelgale Arox 10g\"},{\"@type\":\"BreadcrumbList\",\"@id\":\"https:\/\/horticom.ee\/e-pood\/toode\/sipelga-soodatoos-vaarao-ja-mustale-sipelgale-arox-10g\/#breadcrumb\",\"itemListElement\":[{\"@type\":\"ListItem\",\"position\":1,\"name\":\"Home\",\"item\":\"https:\/\/horticom.ee\/e-pood\/\"},{\"@type\":\"ListItem\",\"position\":2,\"name\":\"Pood\",\"item\":\"https:\/\/horticom.ee\/e-pood\/pood\/\"},{\"@type\":\"ListItem\",\"position\":3,\"name\":\"Sipelga s\u00f6\u00f6datoos vaarao- ja mustale sipelgale Arox 10g\"}]},{\"@type\":\"WebSite\",\"@id\":\"https:\/\/horticom.ee\/e-pood\/#website\",\"url\":\"https:\/\/horticom.ee\/e-pood\/\",\"name\":\"Horticom.ee\",\"description\":\"Aianduskaubad ja kodukaubad nii harrastajatele kui professionaalidele\",\"potentialAction\":[{\"@type\":\"SearchAction\",\"target\":{\"@type\":\"EntryPoint\",\"urlTemplate\":\"https:\/\/horticom.ee\/e-pood\/?s={search_term_string}\"},\"query-input\":{\"@type\":\"PropertyValueSpecification\",\"valueRequired\":true,\"valueName\":\"search_term_string\"}}],\"inLanguage\":\"ru-RU\"}]}<\/script>\n<!-- \/ Yoast SEO plugin. -->","yoast_head_json":{"title":"Sipelga s\u00f6\u00f6datoos vaarao- ja mustale sipelgale Arox 10g","description":"Sipelga s\u00f6\u00f6datoos vaarao- ja mustale sipelgale Arox kasutamiseks sisestingimustes. Siplegapesade juures ja nende liikumisradadel. H\u00e4vitab terve koloonia.","robots":{"index":"index","follow":"follow","max-snippet":"max-snippet:-1","max-image-preview":"max-image-preview:large","max-video-preview":"max-video-preview:-1"},"canonical":"https:\/\/horticom.ee\/e-pood\/toode\/sipelga-soodatoos-vaarao-ja-mustale-sipelgale-arox-10g\/","og_locale":"ru_RU","og_type":"article","og_title":"Sipelga s\u00f6\u00f6datoos vaarao- ja mustale sipelgale Arox 10g","og_description":"Sipelga s\u00f6\u00f6datoos vaarao- ja mustale sipelgale Arox kasutamiseks sisestingimustes. Siplegapesade juures ja nende liikumisradadel. H\u00e4vitab terve koloonia.","og_url":"https:\/\/horticom.ee\/e-pood\/toode\/sipelga-soodatoos-vaarao-ja-mustale-sipelgale-arox-10g\/","og_site_name":"Horticom.ee","article_publisher":"https:\/\/www.facebook.com\/horticom.ee\/e-pood","article_modified_time":"2026-04-21T00:06:36+00:00","og_image":[{"width":1000,"height":1169,"url":"https:\/\/horticom.ee\/e-pood\/wp-content\/uploads\/importedmedia\/product-152438_0-P0311.jpg","type":"image\/jpeg"}],"twitter_card":"summary_large_image","schema":{"@context":"https:\/\/schema.org","@graph":[{"@type":"WebPage","@id":"https:\/\/horticom.ee\/e-pood\/toode\/sipelga-soodatoos-vaarao-ja-mustale-sipelgale-arox-10g\/","url":"https:\/\/horticom.ee\/e-pood\/toode\/sipelga-soodatoos-vaarao-ja-mustale-sipelgale-arox-10g\/","name":"Sipelga s\u00f6\u00f6datoos vaarao- ja mustale sipelgale Arox 10g","isPartOf":{"@id":"https:\/\/horticom.ee\/e-pood\/#website"},"primaryImageOfPage":{"@id":"https:\/\/horticom.ee\/e-pood\/toode\/sipelga-soodatoos-vaarao-ja-mustale-sipelgale-arox-10g\/#primaryimage"},"image":{"@id":"https:\/\/horticom.ee\/e-pood\/toode\/sipelga-soodatoos-vaarao-ja-mustale-sipelgale-arox-10g\/#primaryimage"},"thumbnailUrl":"https:\/\/horticom.ee\/e-pood\/wp-content\/uploads\/importedmedia\/product-152438_0-P0311.jpg","datePublished":"2022-01-17T13:56:30+00:00","dateModified":"2026-04-21T00:06:36+00:00","description":"Sipelga s\u00f6\u00f6datoos vaarao- ja mustale sipelgale Arox kasutamiseks sisestingimustes. Siplegapesade juures ja nende liikumisradadel. H\u00e4vitab terve koloonia.","breadcrumb":{"@id":"https:\/\/horticom.ee\/e-pood\/toode\/sipelga-soodatoos-vaarao-ja-mustale-sipelgale-arox-10g\/#breadcrumb"},"inLanguage":"ru-RU","potentialAction":[{"@type":"ReadAction","target":["https:\/\/horticom.ee\/e-pood\/toode\/sipelga-soodatoos-vaarao-ja-mustale-sipelgale-arox-10g\/"]}]},{"@type":"ImageObject","inLanguage":"ru-RU","@id":"https:\/\/horticom.ee\/e-pood\/toode\/sipelga-soodatoos-vaarao-ja-mustale-sipelgale-arox-10g\/#primaryimage","url":"https:\/\/horticom.ee\/e-pood\/wp-content\/uploads\/importedmedia\/product-152438_0-P0311.jpg","contentUrl":"https:\/\/horticom.ee\/e-pood\/wp-content\/uploads\/importedmedia\/product-152438_0-P0311.jpg","width":1000,"height":1169,"caption":"Sipelga s\u00f6\u00f6datoos vaarao- ja mustale sipelgale Arox 10g"},{"@type":"BreadcrumbList","@id":"https:\/\/horticom.ee\/e-pood\/toode\/sipelga-soodatoos-vaarao-ja-mustale-sipelgale-arox-10g\/#breadcrumb","itemListElement":[{"@type":"ListItem","position":1,"name":"Home","item":"https:\/\/horticom.ee\/e-pood\/"},{"@type":"ListItem","position":2,"name":"Pood","item":"https:\/\/horticom.ee\/e-pood\/pood\/"},{"@type":"ListItem","position":3,"name":"Sipelga s\u00f6\u00f6datoos vaarao- ja mustale sipelgale Arox 10g"}]},{"@type":"WebSite","@id":"https:\/\/horticom.ee\/e-pood\/#website","url":"https:\/\/horticom.ee\/e-pood\/","name":"Horticom.ee","description":"Aianduskaubad ja kodukaubad nii harrastajatele kui professionaalidele","potentialAction":[{"@type":"SearchAction","target":{"@type":"EntryPoint","urlTemplate":"https:\/\/horticom.ee\/e-pood\/?s={search_term_string}"},"query-input":{"@type":"PropertyValueSpecification","valueRequired":true,"valueName":"search_term_string"}}],"inLanguage":"ru-RU"}]}},"_links":{"self":[{"href":"https:\/\/horticom.ee\/e-pood\/ru\/wp-json\/wp\/v2\/product\/152438","targetHints":{"allow":["GET"]}}],"collection":[{"href":"https:\/\/horticom.ee\/e-pood\/ru\/wp-json\/wp\/v2\/product"}],"about":[{"href":"https:\/\/horticom.ee\/e-pood\/ru\/wp-json\/wp\/v2\/types\/product"}],"replies":[{"embeddable":true,"href":"https:\/\/horticom.ee\/e-pood\/ru\/wp-json\/wp\/v2\/comments?post=152438"}],"wp:featuredmedia":[{"embeddable":true,"href":"https:\/\/horticom.ee\/e-pood\/ru\/wp-json\/wp\/v2\/media\/179831"}],"wp:attachment":[{"href":"https:\/\/horticom.ee\/e-pood\/ru\/wp-json\/wp\/v2\/media?parent=152438"}],"wp:term":[{"taxonomy":"product_cat","embeddable":true,"href":"https:\/\/horticom.ee\/e-pood\/ru\/wp-json\/wp\/v2\/product_cat?post=152438"},{"taxonomy":"product_tag","embeddable":true,"href":"https:\/\/horticom.ee\/e-pood\/ru\/wp-json\/wp\/v2\/product_tag?post=152438"}],"curies":[{"name":"wp","href":"https:\/\/api.w.org\/{rel}","templated":true}]}}