{"id":152443,"date":"2022-01-17T15:56:32","date_gmt":"2022-01-17T13:56:32","guid":{"rendered":"https:\/\/aednik24.ee\/toode\/roti-soodamaja-atlantis-votmega\/"},"modified":"2026-05-13T03:03:58","modified_gmt":"2026-05-13T00:03:58","slug":"roti-soodamaja-atlantis-votmega","status":"publish","type":"product","link":"https:\/\/horticom.ee\/e-pood\/ru\/toode\/roti-soodamaja-atlantis-votmega\/","title":{"rendered":"Roti s\u00f6\u00f6damaja Atlantis v\u00f5tmega"},"content":{"rendered":"<p>Ohutu ja vastupidav s\u00f6\u00f6damaja hiirtele ja rottidele, mis kaitseb s\u00f6\u00f6ta vihma, mustuse ja juhusliku puutumise eest. Sobib kasutamiseks nii siseruumides kui \u00f5ues. Lukuga s\u00fcsteem tagab kindla sulgemise, lapsed ja lemmikloomad ei p\u00e4\u00e4se s\u00f6\u00f6dale ligi. Valmistatud tugevast, 100% taaskasutatavast pol\u00fcprop\u00fcleenist, mis talub \u00fcle 100 kg raskust. Kompaktne ja kergesti puhastatav, \u00fcmarate servadega disain tagab ohutuse ja mugavuse.<br \/>\nKomplektis on s\u00f6\u00f6da kinnitamiseks traadid ja lukuv\u00f5ti (m\u00fcrke v\u00f5i seinakinnitusvahendeid komplektis ei ole).<\/p>\n","protected":false},"excerpt":{"rendered":"<p>Ohutu ja vastupidav s\u00f6\u00f6damaja hiirtele ja rottidele, mis kaitseb s\u00f6\u00f6ta vihma, mustuse ja juhusliku puutumise eest. Sobib kasutamiseks nii siseruumides kui \u00f5ues. Lukuga s\u00fcsteem tagab kindla sulgemise, lapsed ja lemmikloomad ei p\u00e4\u00e4se s\u00f6\u00f6dale ligi. Valmistatud tugevast, 100% taaskasutatavast pol\u00fcprop\u00fcleenist, mis talub \u00fcle 100 kg raskust. Kompaktne ja kergesti puhastatav, \u00fcmarate servadega disain tagab ohutuse ja [&hellip;]<\/p>\n","protected":false},"featured_media":179825,"comment_status":"closed","ping_status":"closed","template":"","meta":{"_themeisle_gutenberg_block_has_review":false},"product_cat":[13604],"product_tag":[],"class_list":{"0":"post-152443","1":"product","2":"type-product","3":"status-publish","4":"has-post-thumbnail","6":"product_cat-hiired-ja-rotid","8":"first","9":"instock","10":"shipping-taxable","11":"purchasable","12":"product-type-simple"},"yoast_head":"<!-- This site is optimized with the Yoast SEO plugin v24.0 - https:\/\/yoast.com\/wordpress\/plugins\/seo\/ -->\n<title>Roti s\u00f6\u00f6damaja Atlantis v\u00f5tmega - Horticom.ee\/e-pood<\/title>\n<meta name=\"description\" content=\"Roti s\u00f6\u00f6damaja Atlantis v\u00f5tmega on rotim\u00fcrkide ohutuks kasutamiseks, et v\u00e4ltida ohtu, et lemmikloomad ja lapsed p\u00e4\u00e4sevad rotim\u00fcrgile ligi.\" \/>\n<meta name=\"robots\" content=\"index, follow, max-snippet:-1, max-image-preview:large, max-video-preview:-1\" \/>\n<link rel=\"canonical\" href=\"https:\/\/horticom.ee\/e-pood\/toode\/roti-soodamaja-atlantis-votmega\/\" \/>\n<meta property=\"og:locale\" content=\"ru_RU\" \/>\n<meta property=\"og:type\" content=\"article\" \/>\n<meta property=\"og:title\" content=\"Roti s\u00f6\u00f6damaja Atlantis v\u00f5tmega - Horticom.ee\/e-pood\" \/>\n<meta property=\"og:description\" content=\"Roti s\u00f6\u00f6damaja Atlantis v\u00f5tmega on rotim\u00fcrkide ohutuks kasutamiseks, et v\u00e4ltida ohtu, et lemmikloomad ja lapsed p\u00e4\u00e4sevad rotim\u00fcrgile ligi.\" \/>\n<meta property=\"og:url\" content=\"https:\/\/horticom.ee\/e-pood\/toode\/roti-soodamaja-atlantis-votmega\/\" \/>\n<meta property=\"og:site_name\" content=\"Horticom.ee\" \/>\n<meta property=\"article:publisher\" content=\"https:\/\/www.facebook.com\/horticom.ee\/e-pood\" \/>\n<meta property=\"article:modified_time\" content=\"2026-05-13T00:03:58+00:00\" \/>\n<meta property=\"og:image\" content=\"https:\/\/horticom.ee\/e-pood\/wp-content\/uploads\/importedmedia\/product-152443_0-P1086.jpg\" \/>\n\t<meta property=\"og:image:width\" content=\"1000\" \/>\n\t<meta property=\"og:image:height\" content=\"646\" \/>\n\t<meta property=\"og:image:type\" content=\"image\/jpeg\" \/>\n<meta name=\"twitter:card\" content=\"summary_large_image\" \/>\n<script type=\"application\/ld+json\" class=\"yoast-schema-graph\">{\"@context\":\"https:\/\/schema.org\",\"@graph\":[{\"@type\":\"WebPage\",\"@id\":\"https:\/\/horticom.ee\/e-pood\/toode\/roti-soodamaja-atlantis-votmega\/\",\"url\":\"https:\/\/horticom.ee\/e-pood\/toode\/roti-soodamaja-atlantis-votmega\/\",\"name\":\"Roti s\u00f6\u00f6damaja Atlantis v\u00f5tmega - Horticom.ee\/e-pood\",\"isPartOf\":{\"@id\":\"https:\/\/horticom.ee\/e-pood\/#website\"},\"primaryImageOfPage\":{\"@id\":\"https:\/\/horticom.ee\/e-pood\/toode\/roti-soodamaja-atlantis-votmega\/#primaryimage\"},\"image\":{\"@id\":\"https:\/\/horticom.ee\/e-pood\/toode\/roti-soodamaja-atlantis-votmega\/#primaryimage\"},\"thumbnailUrl\":\"https:\/\/horticom.ee\/e-pood\/wp-content\/uploads\/importedmedia\/product-152443_0-P1086.jpg\",\"datePublished\":\"2022-01-17T13:56:32+00:00\",\"dateModified\":\"2026-05-13T00:03:58+00:00\",\"description\":\"Roti s\u00f6\u00f6damaja Atlantis v\u00f5tmega on rotim\u00fcrkide ohutuks kasutamiseks, et v\u00e4ltida ohtu, et lemmikloomad ja lapsed p\u00e4\u00e4sevad rotim\u00fcrgile ligi.\",\"breadcrumb\":{\"@id\":\"https:\/\/horticom.ee\/e-pood\/toode\/roti-soodamaja-atlantis-votmega\/#breadcrumb\"},\"inLanguage\":\"ru-RU\",\"potentialAction\":[{\"@type\":\"ReadAction\",\"target\":[\"https:\/\/horticom.ee\/e-pood\/toode\/roti-soodamaja-atlantis-votmega\/\"]}]},{\"@type\":\"ImageObject\",\"inLanguage\":\"ru-RU\",\"@id\":\"https:\/\/horticom.ee\/e-pood\/toode\/roti-soodamaja-atlantis-votmega\/#primaryimage\",\"url\":\"https:\/\/horticom.ee\/e-pood\/wp-content\/uploads\/importedmedia\/product-152443_0-P1086.jpg\",\"contentUrl\":\"https:\/\/horticom.ee\/e-pood\/wp-content\/uploads\/importedmedia\/product-152443_0-P1086.jpg\",\"width\":1000,\"height\":646,\"caption\":\"Roti s\u00f6\u00f6damaja Atlantis v\u00f5tmega\"},{\"@type\":\"BreadcrumbList\",\"@id\":\"https:\/\/horticom.ee\/e-pood\/toode\/roti-soodamaja-atlantis-votmega\/#breadcrumb\",\"itemListElement\":[{\"@type\":\"ListItem\",\"position\":1,\"name\":\"Home\",\"item\":\"https:\/\/horticom.ee\/e-pood\/\"},{\"@type\":\"ListItem\",\"position\":2,\"name\":\"Pood\",\"item\":\"https:\/\/horticom.ee\/e-pood\/pood\/\"},{\"@type\":\"ListItem\",\"position\":3,\"name\":\"Roti s\u00f6\u00f6damaja Atlantis v\u00f5tmega\"}]},{\"@type\":\"WebSite\",\"@id\":\"https:\/\/horticom.ee\/e-pood\/#website\",\"url\":\"https:\/\/horticom.ee\/e-pood\/\",\"name\":\"Horticom.ee\",\"description\":\"Aianduskaubad ja kodukaubad nii harrastajatele kui professionaalidele\",\"potentialAction\":[{\"@type\":\"SearchAction\",\"target\":{\"@type\":\"EntryPoint\",\"urlTemplate\":\"https:\/\/horticom.ee\/e-pood\/?s={search_term_string}\"},\"query-input\":{\"@type\":\"PropertyValueSpecification\",\"valueRequired\":true,\"valueName\":\"search_term_string\"}}],\"inLanguage\":\"ru-RU\"}]}<\/script>\n<!-- \/ Yoast SEO plugin. -->","yoast_head_json":{"title":"Roti s\u00f6\u00f6damaja Atlantis v\u00f5tmega - Horticom.ee\/e-pood","description":"Roti s\u00f6\u00f6damaja Atlantis v\u00f5tmega on rotim\u00fcrkide ohutuks kasutamiseks, et v\u00e4ltida ohtu, et lemmikloomad ja lapsed p\u00e4\u00e4sevad rotim\u00fcrgile ligi.","robots":{"index":"index","follow":"follow","max-snippet":"max-snippet:-1","max-image-preview":"max-image-preview:large","max-video-preview":"max-video-preview:-1"},"canonical":"https:\/\/horticom.ee\/e-pood\/toode\/roti-soodamaja-atlantis-votmega\/","og_locale":"ru_RU","og_type":"article","og_title":"Roti s\u00f6\u00f6damaja Atlantis v\u00f5tmega - Horticom.ee\/e-pood","og_description":"Roti s\u00f6\u00f6damaja Atlantis v\u00f5tmega on rotim\u00fcrkide ohutuks kasutamiseks, et v\u00e4ltida ohtu, et lemmikloomad ja lapsed p\u00e4\u00e4sevad rotim\u00fcrgile ligi.","og_url":"https:\/\/horticom.ee\/e-pood\/toode\/roti-soodamaja-atlantis-votmega\/","og_site_name":"Horticom.ee","article_publisher":"https:\/\/www.facebook.com\/horticom.ee\/e-pood","article_modified_time":"2026-05-13T00:03:58+00:00","og_image":[{"width":1000,"height":646,"url":"https:\/\/horticom.ee\/e-pood\/wp-content\/uploads\/importedmedia\/product-152443_0-P1086.jpg","type":"image\/jpeg"}],"twitter_card":"summary_large_image","schema":{"@context":"https:\/\/schema.org","@graph":[{"@type":"WebPage","@id":"https:\/\/horticom.ee\/e-pood\/toode\/roti-soodamaja-atlantis-votmega\/","url":"https:\/\/horticom.ee\/e-pood\/toode\/roti-soodamaja-atlantis-votmega\/","name":"Roti s\u00f6\u00f6damaja Atlantis v\u00f5tmega - Horticom.ee\/e-pood","isPartOf":{"@id":"https:\/\/horticom.ee\/e-pood\/#website"},"primaryImageOfPage":{"@id":"https:\/\/horticom.ee\/e-pood\/toode\/roti-soodamaja-atlantis-votmega\/#primaryimage"},"image":{"@id":"https:\/\/horticom.ee\/e-pood\/toode\/roti-soodamaja-atlantis-votmega\/#primaryimage"},"thumbnailUrl":"https:\/\/horticom.ee\/e-pood\/wp-content\/uploads\/importedmedia\/product-152443_0-P1086.jpg","datePublished":"2022-01-17T13:56:32+00:00","dateModified":"2026-05-13T00:03:58+00:00","description":"Roti s\u00f6\u00f6damaja Atlantis v\u00f5tmega on rotim\u00fcrkide ohutuks kasutamiseks, et v\u00e4ltida ohtu, et lemmikloomad ja lapsed p\u00e4\u00e4sevad rotim\u00fcrgile ligi.","breadcrumb":{"@id":"https:\/\/horticom.ee\/e-pood\/toode\/roti-soodamaja-atlantis-votmega\/#breadcrumb"},"inLanguage":"ru-RU","potentialAction":[{"@type":"ReadAction","target":["https:\/\/horticom.ee\/e-pood\/toode\/roti-soodamaja-atlantis-votmega\/"]}]},{"@type":"ImageObject","inLanguage":"ru-RU","@id":"https:\/\/horticom.ee\/e-pood\/toode\/roti-soodamaja-atlantis-votmega\/#primaryimage","url":"https:\/\/horticom.ee\/e-pood\/wp-content\/uploads\/importedmedia\/product-152443_0-P1086.jpg","contentUrl":"https:\/\/horticom.ee\/e-pood\/wp-content\/uploads\/importedmedia\/product-152443_0-P1086.jpg","width":1000,"height":646,"caption":"Roti s\u00f6\u00f6damaja Atlantis v\u00f5tmega"},{"@type":"BreadcrumbList","@id":"https:\/\/horticom.ee\/e-pood\/toode\/roti-soodamaja-atlantis-votmega\/#breadcrumb","itemListElement":[{"@type":"ListItem","position":1,"name":"Home","item":"https:\/\/horticom.ee\/e-pood\/"},{"@type":"ListItem","position":2,"name":"Pood","item":"https:\/\/horticom.ee\/e-pood\/pood\/"},{"@type":"ListItem","position":3,"name":"Roti s\u00f6\u00f6damaja Atlantis v\u00f5tmega"}]},{"@type":"WebSite","@id":"https:\/\/horticom.ee\/e-pood\/#website","url":"https:\/\/horticom.ee\/e-pood\/","name":"Horticom.ee","description":"Aianduskaubad ja kodukaubad nii harrastajatele kui professionaalidele","potentialAction":[{"@type":"SearchAction","target":{"@type":"EntryPoint","urlTemplate":"https:\/\/horticom.ee\/e-pood\/?s={search_term_string}"},"query-input":{"@type":"PropertyValueSpecification","valueRequired":true,"valueName":"search_term_string"}}],"inLanguage":"ru-RU"}]}},"_links":{"self":[{"href":"https:\/\/horticom.ee\/e-pood\/ru\/wp-json\/wp\/v2\/product\/152443","targetHints":{"allow":["GET"]}}],"collection":[{"href":"https:\/\/horticom.ee\/e-pood\/ru\/wp-json\/wp\/v2\/product"}],"about":[{"href":"https:\/\/horticom.ee\/e-pood\/ru\/wp-json\/wp\/v2\/types\/product"}],"replies":[{"embeddable":true,"href":"https:\/\/horticom.ee\/e-pood\/ru\/wp-json\/wp\/v2\/comments?post=152443"}],"wp:featuredmedia":[{"embeddable":true,"href":"https:\/\/horticom.ee\/e-pood\/ru\/wp-json\/wp\/v2\/media\/179825"}],"wp:attachment":[{"href":"https:\/\/horticom.ee\/e-pood\/ru\/wp-json\/wp\/v2\/media?parent=152443"}],"wp:term":[{"taxonomy":"product_cat","embeddable":true,"href":"https:\/\/horticom.ee\/e-pood\/ru\/wp-json\/wp\/v2\/product_cat?post=152443"},{"taxonomy":"product_tag","embeddable":true,"href":"https:\/\/horticom.ee\/e-pood\/ru\/wp-json\/wp\/v2\/product_tag?post=152443"}],"curies":[{"name":"wp","href":"https:\/\/api.w.org\/{rel}","templated":true}]}}