{"id":152444,"date":"2022-01-17T15:56:33","date_gmt":"2022-01-17T13:56:33","guid":{"rendered":"https:\/\/aednik24.ee\/toode\/karbse-aerosool-biolit-l-lendavatele-putukatele-400ml\/"},"modified":"2026-04-20T18:14:28","modified_gmt":"2026-04-20T15:14:28","slug":"karbse-aerosool-biolit-l-lendavatele-putukatele-400ml","status":"publish","type":"product","link":"https:\/\/horticom.ee\/e-pood\/ru\/toode\/karbse-aerosool-biolit-l-lendavatele-putukatele-400ml\/","title":{"rendered":"K\u00e4rbse aerosool Biolit L lendavatele putukatele 400ml"},"content":{"rendered":"<p>Kiire toimega. Annab pikaajalise kaitse. Kohene surmav toime k\u00e4rbestele, s\u00e4\u00e4skedele, vapsikutele, herilastele, metsherilastele ja teistele lendavatele putukatele. T\u00e4nu t\u00f5husale koostisele h\u00e4vitab usaldusv\u00e4\u00e4rselt lendavad putukad ja kaitseb kogu maja.<br \/>\nNB! KASUTAGE  BIOTSIIDI  OHUTULT. ENNE KASUTAMIST LUGEGE ALATI L\u00c4BI M\u00c4RGISTUS JA TEAVE TOOTE KOHTA.<\/p>\n","protected":false},"excerpt":{"rendered":"<p>Kiire toimega. Annab pikaajalise kaitse. Kohene surmav toime k\u00e4rbestele, s\u00e4\u00e4skedele, vapsikutele, herilastele, metsherilastele ja teistele lendavatele putukatele. T\u00e4nu t\u00f5husale koostisele h\u00e4vitab usaldusv\u00e4\u00e4rselt lendavad putukad ja kaitseb kogu maja. NB! KASUTAGE BIOTSIIDI OHUTULT. ENNE KASUTAMIST LUGEGE ALATI L\u00c4BI M\u00c4RGISTUS JA TEAVE TOOTE KOHTA.<\/p>\n","protected":false},"featured_media":179819,"comment_status":"closed","ping_status":"closed","template":"","meta":{"_themeisle_gutenberg_block_has_review":false},"product_cat":[13597],"product_tag":[],"class_list":{"0":"post-152444","1":"product","2":"type-product","3":"status-publish","4":"has-post-thumbnail","6":"product_cat-karbsed","8":"first","9":"instock","10":"shipping-taxable","11":"purchasable","12":"product-type-simple"},"yoast_head":"<!-- This site is optimized with the Yoast SEO plugin v24.0 - https:\/\/yoast.com\/wordpress\/plugins\/seo\/ -->\n<title>K\u00e4rbse aerosool Biolit L lendavatele putukatele 400ml<\/title>\n<meta name=\"description\" content=\"K\u00e4rbse aerosool Biolit L lendavatele putukatele on kiire toimega. Annab pikaajalise kaitse.\" \/>\n<meta name=\"robots\" content=\"index, follow, max-snippet:-1, max-image-preview:large, max-video-preview:-1\" \/>\n<link rel=\"canonical\" href=\"https:\/\/horticom.ee\/e-pood\/toode\/karbse-aerosool-biolit-l-lendavatele-putukatele-400ml\/\" \/>\n<meta property=\"og:locale\" content=\"ru_RU\" \/>\n<meta property=\"og:type\" content=\"article\" \/>\n<meta property=\"og:title\" content=\"K\u00e4rbse aerosool Biolit L lendavatele putukatele 400ml\" \/>\n<meta property=\"og:description\" content=\"K\u00e4rbse aerosool Biolit L lendavatele putukatele on kiire toimega. Annab pikaajalise kaitse.\" \/>\n<meta property=\"og:url\" content=\"https:\/\/horticom.ee\/e-pood\/toode\/karbse-aerosool-biolit-l-lendavatele-putukatele-400ml\/\" \/>\n<meta property=\"og:site_name\" content=\"Horticom.ee\" \/>\n<meta property=\"article:publisher\" content=\"https:\/\/www.facebook.com\/horticom.ee\/e-pood\" \/>\n<meta property=\"article:modified_time\" content=\"2026-04-20T15:14:28+00:00\" \/>\n<meta property=\"og:image\" content=\"https:\/\/horticom.ee\/e-pood\/wp-content\/uploads\/importedmedia\/product-152444_0-P0490-scaled.jpg\" \/>\n\t<meta property=\"og:image:width\" content=\"841\" \/>\n\t<meta property=\"og:image:height\" content=\"2560\" \/>\n\t<meta property=\"og:image:type\" content=\"image\/jpeg\" \/>\n<meta name=\"twitter:card\" content=\"summary_large_image\" \/>\n<script type=\"application\/ld+json\" class=\"yoast-schema-graph\">{\"@context\":\"https:\/\/schema.org\",\"@graph\":[{\"@type\":\"WebPage\",\"@id\":\"https:\/\/horticom.ee\/e-pood\/toode\/karbse-aerosool-biolit-l-lendavatele-putukatele-400ml\/\",\"url\":\"https:\/\/horticom.ee\/e-pood\/toode\/karbse-aerosool-biolit-l-lendavatele-putukatele-400ml\/\",\"name\":\"K\u00e4rbse aerosool Biolit L lendavatele putukatele 400ml\",\"isPartOf\":{\"@id\":\"https:\/\/horticom.ee\/e-pood\/#website\"},\"primaryImageOfPage\":{\"@id\":\"https:\/\/horticom.ee\/e-pood\/toode\/karbse-aerosool-biolit-l-lendavatele-putukatele-400ml\/#primaryimage\"},\"image\":{\"@id\":\"https:\/\/horticom.ee\/e-pood\/toode\/karbse-aerosool-biolit-l-lendavatele-putukatele-400ml\/#primaryimage\"},\"thumbnailUrl\":\"https:\/\/horticom.ee\/e-pood\/wp-content\/uploads\/importedmedia\/product-152444_0-P0490-scaled.jpg\",\"datePublished\":\"2022-01-17T13:56:33+00:00\",\"dateModified\":\"2026-04-20T15:14:28+00:00\",\"description\":\"K\u00e4rbse aerosool Biolit L lendavatele putukatele on kiire toimega. Annab pikaajalise kaitse.\",\"breadcrumb\":{\"@id\":\"https:\/\/horticom.ee\/e-pood\/toode\/karbse-aerosool-biolit-l-lendavatele-putukatele-400ml\/#breadcrumb\"},\"inLanguage\":\"ru-RU\",\"potentialAction\":[{\"@type\":\"ReadAction\",\"target\":[\"https:\/\/horticom.ee\/e-pood\/toode\/karbse-aerosool-biolit-l-lendavatele-putukatele-400ml\/\"]}]},{\"@type\":\"ImageObject\",\"inLanguage\":\"ru-RU\",\"@id\":\"https:\/\/horticom.ee\/e-pood\/toode\/karbse-aerosool-biolit-l-lendavatele-putukatele-400ml\/#primaryimage\",\"url\":\"https:\/\/horticom.ee\/e-pood\/wp-content\/uploads\/importedmedia\/product-152444_0-P0490-scaled.jpg\",\"contentUrl\":\"https:\/\/horticom.ee\/e-pood\/wp-content\/uploads\/importedmedia\/product-152444_0-P0490-scaled.jpg\",\"width\":841,\"height\":2560,\"caption\":\"K\u00e4rbse aerosool Biolit L lendavatele putukatele 400ml\"},{\"@type\":\"BreadcrumbList\",\"@id\":\"https:\/\/horticom.ee\/e-pood\/toode\/karbse-aerosool-biolit-l-lendavatele-putukatele-400ml\/#breadcrumb\",\"itemListElement\":[{\"@type\":\"ListItem\",\"position\":1,\"name\":\"Home\",\"item\":\"https:\/\/horticom.ee\/e-pood\/\"},{\"@type\":\"ListItem\",\"position\":2,\"name\":\"Pood\",\"item\":\"https:\/\/horticom.ee\/e-pood\/pood\/\"},{\"@type\":\"ListItem\",\"position\":3,\"name\":\"K\u00e4rbse aerosool Biolit L lendavatele putukatele 400ml\"}]},{\"@type\":\"WebSite\",\"@id\":\"https:\/\/horticom.ee\/e-pood\/#website\",\"url\":\"https:\/\/horticom.ee\/e-pood\/\",\"name\":\"Horticom.ee\",\"description\":\"Aianduskaubad ja kodukaubad nii harrastajatele kui professionaalidele\",\"potentialAction\":[{\"@type\":\"SearchAction\",\"target\":{\"@type\":\"EntryPoint\",\"urlTemplate\":\"https:\/\/horticom.ee\/e-pood\/?s={search_term_string}\"},\"query-input\":{\"@type\":\"PropertyValueSpecification\",\"valueRequired\":true,\"valueName\":\"search_term_string\"}}],\"inLanguage\":\"ru-RU\"}]}<\/script>\n<!-- \/ Yoast SEO plugin. -->","yoast_head_json":{"title":"K\u00e4rbse aerosool Biolit L lendavatele putukatele 400ml","description":"K\u00e4rbse aerosool Biolit L lendavatele putukatele on kiire toimega. Annab pikaajalise kaitse.","robots":{"index":"index","follow":"follow","max-snippet":"max-snippet:-1","max-image-preview":"max-image-preview:large","max-video-preview":"max-video-preview:-1"},"canonical":"https:\/\/horticom.ee\/e-pood\/toode\/karbse-aerosool-biolit-l-lendavatele-putukatele-400ml\/","og_locale":"ru_RU","og_type":"article","og_title":"K\u00e4rbse aerosool Biolit L lendavatele putukatele 400ml","og_description":"K\u00e4rbse aerosool Biolit L lendavatele putukatele on kiire toimega. Annab pikaajalise kaitse.","og_url":"https:\/\/horticom.ee\/e-pood\/toode\/karbse-aerosool-biolit-l-lendavatele-putukatele-400ml\/","og_site_name":"Horticom.ee","article_publisher":"https:\/\/www.facebook.com\/horticom.ee\/e-pood","article_modified_time":"2026-04-20T15:14:28+00:00","og_image":[{"width":841,"height":2560,"url":"https:\/\/horticom.ee\/e-pood\/wp-content\/uploads\/importedmedia\/product-152444_0-P0490-scaled.jpg","type":"image\/jpeg"}],"twitter_card":"summary_large_image","schema":{"@context":"https:\/\/schema.org","@graph":[{"@type":"WebPage","@id":"https:\/\/horticom.ee\/e-pood\/toode\/karbse-aerosool-biolit-l-lendavatele-putukatele-400ml\/","url":"https:\/\/horticom.ee\/e-pood\/toode\/karbse-aerosool-biolit-l-lendavatele-putukatele-400ml\/","name":"K\u00e4rbse aerosool Biolit L lendavatele putukatele 400ml","isPartOf":{"@id":"https:\/\/horticom.ee\/e-pood\/#website"},"primaryImageOfPage":{"@id":"https:\/\/horticom.ee\/e-pood\/toode\/karbse-aerosool-biolit-l-lendavatele-putukatele-400ml\/#primaryimage"},"image":{"@id":"https:\/\/horticom.ee\/e-pood\/toode\/karbse-aerosool-biolit-l-lendavatele-putukatele-400ml\/#primaryimage"},"thumbnailUrl":"https:\/\/horticom.ee\/e-pood\/wp-content\/uploads\/importedmedia\/product-152444_0-P0490-scaled.jpg","datePublished":"2022-01-17T13:56:33+00:00","dateModified":"2026-04-20T15:14:28+00:00","description":"K\u00e4rbse aerosool Biolit L lendavatele putukatele on kiire toimega. Annab pikaajalise kaitse.","breadcrumb":{"@id":"https:\/\/horticom.ee\/e-pood\/toode\/karbse-aerosool-biolit-l-lendavatele-putukatele-400ml\/#breadcrumb"},"inLanguage":"ru-RU","potentialAction":[{"@type":"ReadAction","target":["https:\/\/horticom.ee\/e-pood\/toode\/karbse-aerosool-biolit-l-lendavatele-putukatele-400ml\/"]}]},{"@type":"ImageObject","inLanguage":"ru-RU","@id":"https:\/\/horticom.ee\/e-pood\/toode\/karbse-aerosool-biolit-l-lendavatele-putukatele-400ml\/#primaryimage","url":"https:\/\/horticom.ee\/e-pood\/wp-content\/uploads\/importedmedia\/product-152444_0-P0490-scaled.jpg","contentUrl":"https:\/\/horticom.ee\/e-pood\/wp-content\/uploads\/importedmedia\/product-152444_0-P0490-scaled.jpg","width":841,"height":2560,"caption":"K\u00e4rbse aerosool Biolit L lendavatele putukatele 400ml"},{"@type":"BreadcrumbList","@id":"https:\/\/horticom.ee\/e-pood\/toode\/karbse-aerosool-biolit-l-lendavatele-putukatele-400ml\/#breadcrumb","itemListElement":[{"@type":"ListItem","position":1,"name":"Home","item":"https:\/\/horticom.ee\/e-pood\/"},{"@type":"ListItem","position":2,"name":"Pood","item":"https:\/\/horticom.ee\/e-pood\/pood\/"},{"@type":"ListItem","position":3,"name":"K\u00e4rbse aerosool Biolit L lendavatele putukatele 400ml"}]},{"@type":"WebSite","@id":"https:\/\/horticom.ee\/e-pood\/#website","url":"https:\/\/horticom.ee\/e-pood\/","name":"Horticom.ee","description":"Aianduskaubad ja kodukaubad nii harrastajatele kui professionaalidele","potentialAction":[{"@type":"SearchAction","target":{"@type":"EntryPoint","urlTemplate":"https:\/\/horticom.ee\/e-pood\/?s={search_term_string}"},"query-input":{"@type":"PropertyValueSpecification","valueRequired":true,"valueName":"search_term_string"}}],"inLanguage":"ru-RU"}]}},"_links":{"self":[{"href":"https:\/\/horticom.ee\/e-pood\/ru\/wp-json\/wp\/v2\/product\/152444","targetHints":{"allow":["GET"]}}],"collection":[{"href":"https:\/\/horticom.ee\/e-pood\/ru\/wp-json\/wp\/v2\/product"}],"about":[{"href":"https:\/\/horticom.ee\/e-pood\/ru\/wp-json\/wp\/v2\/types\/product"}],"replies":[{"embeddable":true,"href":"https:\/\/horticom.ee\/e-pood\/ru\/wp-json\/wp\/v2\/comments?post=152444"}],"wp:featuredmedia":[{"embeddable":true,"href":"https:\/\/horticom.ee\/e-pood\/ru\/wp-json\/wp\/v2\/media\/179819"}],"wp:attachment":[{"href":"https:\/\/horticom.ee\/e-pood\/ru\/wp-json\/wp\/v2\/media?parent=152444"}],"wp:term":[{"taxonomy":"product_cat","embeddable":true,"href":"https:\/\/horticom.ee\/e-pood\/ru\/wp-json\/wp\/v2\/product_cat?post=152444"},{"taxonomy":"product_tag","embeddable":true,"href":"https:\/\/horticom.ee\/e-pood\/ru\/wp-json\/wp\/v2\/product_tag?post=152444"}],"curies":[{"name":"wp","href":"https:\/\/api.w.org\/{rel}","templated":true}]}}