{"id":152454,"date":"2022-01-17T15:56:38","date_gmt":"2022-01-17T13:56:38","guid":{"rendered":"https:\/\/aednik24.ee\/toode\/putuka-feromoonpuunis-silva-ploomimahkurile\/"},"modified":"2026-05-03T03:03:54","modified_gmt":"2026-05-03T00:03:54","slug":"putuka-feromoonpuunis-silva-ploomimahkurile","status":"publish","type":"product","link":"https:\/\/horticom.ee\/e-pood\/ru\/toode\/putuka-feromoonpuunis-silva-ploomimahkurile\/","title":{"rendered":"Putuka feromoonp\u00fc\u00fcnis Silva ploomim\u00e4hkurile"},"content":{"rendered":"<p>M\u00f5eldud isasputukate p\u00fc\u00fcdmiseks. Ploomim\u00e4hkuri t\u00f5ugud kahjustavad ploome. P\u00fc\u00fcnis on keskkonnas\u00f5bralik ja t\u00f5hus. Putuka suguhormooni sisaldav kummist kapsel eraldab l\u00f5hna, mis meelitab isasputukaid ligi paarituma, kuid nad j\u00e4\u00e4vad selle asemel liimp\u00fc\u00fcnisesse kinni. Pakend sisaldab: 1 l\u00f5ksu, 2 liimpaberit, 2 feromoonkapslit.<\/p>\n","protected":false},"excerpt":{"rendered":"<p>M\u00f5eldud isasputukate p\u00fc\u00fcdmiseks. Ploomim\u00e4hkuri t\u00f5ugud kahjustavad ploome. P\u00fc\u00fcnis on keskkonnas\u00f5bralik ja t\u00f5hus. Putuka suguhormooni sisaldav kummist kapsel eraldab l\u00f5hna, mis meelitab isasputukaid ligi paarituma, kuid nad j\u00e4\u00e4vad selle asemel liimp\u00fc\u00fcnisesse kinni. Pakend sisaldab: 1 l\u00f5ksu, 2 liimpaberit, 2 feromoonkapslit.<\/p>\n","protected":false},"featured_media":179799,"comment_status":"closed","ping_status":"closed","template":"","meta":{"_themeisle_gutenberg_block_has_review":false},"product_cat":[18342],"product_tag":[],"class_list":{"0":"post-152454","1":"product","2":"type-product","3":"status-publish","4":"has-post-thumbnail","6":"product_cat-feromoonpuunised","8":"first","9":"outofstock","10":"sale","11":"shipping-taxable","12":"purchasable","13":"product-type-simple"},"yoast_head":"<!-- This site is optimized with the Yoast SEO plugin v24.0 - https:\/\/yoast.com\/wordpress\/plugins\/seo\/ -->\n<title>Putuka feromoonp\u00fc\u00fcnis Silva ploomim\u00e4hkurile - Horticom.ee<\/title>\n<meta name=\"description\" content=\"Ploomim\u00e4hkuri t\u00f5ugude p\u00fc\u00fcdmiseks m\u00f5eldud p\u00fc\u00fcnis. Keskkonnas\u00f5bralik, sisaldab suguhormooni, mis meelitab isasputukaid liimp\u00fc\u00fcnisesse.\" \/>\n<meta name=\"robots\" content=\"index, follow, max-snippet:-1, max-image-preview:large, max-video-preview:-1\" \/>\n<link rel=\"canonical\" href=\"https:\/\/horticom.ee\/e-pood\/toode\/putuka-feromoonpuunis-silva-ploomimahkurile\/\" \/>\n<meta property=\"og:locale\" content=\"ru_RU\" \/>\n<meta property=\"og:type\" content=\"article\" \/>\n<meta property=\"og:title\" content=\"Putuka feromoonp\u00fc\u00fcnis Silva ploomim\u00e4hkurile - Horticom.ee\" \/>\n<meta property=\"og:description\" content=\"Ploomim\u00e4hkuri t\u00f5ugude p\u00fc\u00fcdmiseks m\u00f5eldud p\u00fc\u00fcnis. Keskkonnas\u00f5bralik, sisaldab suguhormooni, mis meelitab isasputukaid liimp\u00fc\u00fcnisesse.\" \/>\n<meta property=\"og:url\" content=\"https:\/\/horticom.ee\/e-pood\/toode\/putuka-feromoonpuunis-silva-ploomimahkurile\/\" \/>\n<meta property=\"og:site_name\" content=\"Horticom.ee\" \/>\n<meta property=\"article:publisher\" content=\"https:\/\/www.facebook.com\/horticom.ee\/e-pood\" \/>\n<meta property=\"article:modified_time\" content=\"2026-05-03T00:03:54+00:00\" \/>\n<meta property=\"og:image\" content=\"https:\/\/horticom.ee\/e-pood\/wp-content\/uploads\/importedmedia\/product-152454_0-P0953.jpg\" \/>\n\t<meta property=\"og:image:width\" content=\"1000\" \/>\n\t<meta property=\"og:image:height\" content=\"872\" \/>\n\t<meta property=\"og:image:type\" content=\"image\/jpeg\" \/>\n<meta name=\"twitter:card\" content=\"summary_large_image\" \/>\n<script type=\"application\/ld+json\" class=\"yoast-schema-graph\">{\"@context\":\"https:\/\/schema.org\",\"@graph\":[{\"@type\":\"WebPage\",\"@id\":\"https:\/\/horticom.ee\/e-pood\/toode\/putuka-feromoonpuunis-silva-ploomimahkurile\/\",\"url\":\"https:\/\/horticom.ee\/e-pood\/toode\/putuka-feromoonpuunis-silva-ploomimahkurile\/\",\"name\":\"Putuka feromoonp\u00fc\u00fcnis Silva ploomim\u00e4hkurile - Horticom.ee\",\"isPartOf\":{\"@id\":\"https:\/\/horticom.ee\/e-pood\/#website\"},\"primaryImageOfPage\":{\"@id\":\"https:\/\/horticom.ee\/e-pood\/toode\/putuka-feromoonpuunis-silva-ploomimahkurile\/#primaryimage\"},\"image\":{\"@id\":\"https:\/\/horticom.ee\/e-pood\/toode\/putuka-feromoonpuunis-silva-ploomimahkurile\/#primaryimage\"},\"thumbnailUrl\":\"https:\/\/horticom.ee\/e-pood\/wp-content\/uploads\/importedmedia\/product-152454_0-P0953.jpg\",\"datePublished\":\"2022-01-17T13:56:38+00:00\",\"dateModified\":\"2026-05-03T00:03:54+00:00\",\"description\":\"Ploomim\u00e4hkuri t\u00f5ugude p\u00fc\u00fcdmiseks m\u00f5eldud p\u00fc\u00fcnis. Keskkonnas\u00f5bralik, sisaldab suguhormooni, mis meelitab isasputukaid liimp\u00fc\u00fcnisesse.\",\"breadcrumb\":{\"@id\":\"https:\/\/horticom.ee\/e-pood\/toode\/putuka-feromoonpuunis-silva-ploomimahkurile\/#breadcrumb\"},\"inLanguage\":\"ru-RU\",\"potentialAction\":[{\"@type\":\"ReadAction\",\"target\":[\"https:\/\/horticom.ee\/e-pood\/toode\/putuka-feromoonpuunis-silva-ploomimahkurile\/\"]}]},{\"@type\":\"ImageObject\",\"inLanguage\":\"ru-RU\",\"@id\":\"https:\/\/horticom.ee\/e-pood\/toode\/putuka-feromoonpuunis-silva-ploomimahkurile\/#primaryimage\",\"url\":\"https:\/\/horticom.ee\/e-pood\/wp-content\/uploads\/importedmedia\/product-152454_0-P0953.jpg\",\"contentUrl\":\"https:\/\/horticom.ee\/e-pood\/wp-content\/uploads\/importedmedia\/product-152454_0-P0953.jpg\",\"width\":1000,\"height\":872,\"caption\":\"Putuka feromoonp\u00fc\u00fcnis Silva ploomim\u00e4hkurile\"},{\"@type\":\"BreadcrumbList\",\"@id\":\"https:\/\/horticom.ee\/e-pood\/toode\/putuka-feromoonpuunis-silva-ploomimahkurile\/#breadcrumb\",\"itemListElement\":[{\"@type\":\"ListItem\",\"position\":1,\"name\":\"Home\",\"item\":\"https:\/\/horticom.ee\/e-pood\/\"},{\"@type\":\"ListItem\",\"position\":2,\"name\":\"Pood\",\"item\":\"https:\/\/horticom.ee\/e-pood\/pood\/\"},{\"@type\":\"ListItem\",\"position\":3,\"name\":\"Putuka feromoonp\u00fc\u00fcnis Silva ploomim\u00e4hkurile\"}]},{\"@type\":\"WebSite\",\"@id\":\"https:\/\/horticom.ee\/e-pood\/#website\",\"url\":\"https:\/\/horticom.ee\/e-pood\/\",\"name\":\"Horticom.ee\",\"description\":\"Aianduskaubad ja kodukaubad nii harrastajatele kui professionaalidele\",\"potentialAction\":[{\"@type\":\"SearchAction\",\"target\":{\"@type\":\"EntryPoint\",\"urlTemplate\":\"https:\/\/horticom.ee\/e-pood\/?s={search_term_string}\"},\"query-input\":{\"@type\":\"PropertyValueSpecification\",\"valueRequired\":true,\"valueName\":\"search_term_string\"}}],\"inLanguage\":\"ru-RU\"}]}<\/script>\n<!-- \/ Yoast SEO plugin. -->","yoast_head_json":{"title":"Putuka feromoonp\u00fc\u00fcnis Silva ploomim\u00e4hkurile - Horticom.ee","description":"Ploomim\u00e4hkuri t\u00f5ugude p\u00fc\u00fcdmiseks m\u00f5eldud p\u00fc\u00fcnis. Keskkonnas\u00f5bralik, sisaldab suguhormooni, mis meelitab isasputukaid liimp\u00fc\u00fcnisesse.","robots":{"index":"index","follow":"follow","max-snippet":"max-snippet:-1","max-image-preview":"max-image-preview:large","max-video-preview":"max-video-preview:-1"},"canonical":"https:\/\/horticom.ee\/e-pood\/toode\/putuka-feromoonpuunis-silva-ploomimahkurile\/","og_locale":"ru_RU","og_type":"article","og_title":"Putuka feromoonp\u00fc\u00fcnis Silva ploomim\u00e4hkurile - Horticom.ee","og_description":"Ploomim\u00e4hkuri t\u00f5ugude p\u00fc\u00fcdmiseks m\u00f5eldud p\u00fc\u00fcnis. Keskkonnas\u00f5bralik, sisaldab suguhormooni, mis meelitab isasputukaid liimp\u00fc\u00fcnisesse.","og_url":"https:\/\/horticom.ee\/e-pood\/toode\/putuka-feromoonpuunis-silva-ploomimahkurile\/","og_site_name":"Horticom.ee","article_publisher":"https:\/\/www.facebook.com\/horticom.ee\/e-pood","article_modified_time":"2026-05-03T00:03:54+00:00","og_image":[{"width":1000,"height":872,"url":"https:\/\/horticom.ee\/e-pood\/wp-content\/uploads\/importedmedia\/product-152454_0-P0953.jpg","type":"image\/jpeg"}],"twitter_card":"summary_large_image","schema":{"@context":"https:\/\/schema.org","@graph":[{"@type":"WebPage","@id":"https:\/\/horticom.ee\/e-pood\/toode\/putuka-feromoonpuunis-silva-ploomimahkurile\/","url":"https:\/\/horticom.ee\/e-pood\/toode\/putuka-feromoonpuunis-silva-ploomimahkurile\/","name":"Putuka feromoonp\u00fc\u00fcnis Silva ploomim\u00e4hkurile - Horticom.ee","isPartOf":{"@id":"https:\/\/horticom.ee\/e-pood\/#website"},"primaryImageOfPage":{"@id":"https:\/\/horticom.ee\/e-pood\/toode\/putuka-feromoonpuunis-silva-ploomimahkurile\/#primaryimage"},"image":{"@id":"https:\/\/horticom.ee\/e-pood\/toode\/putuka-feromoonpuunis-silva-ploomimahkurile\/#primaryimage"},"thumbnailUrl":"https:\/\/horticom.ee\/e-pood\/wp-content\/uploads\/importedmedia\/product-152454_0-P0953.jpg","datePublished":"2022-01-17T13:56:38+00:00","dateModified":"2026-05-03T00:03:54+00:00","description":"Ploomim\u00e4hkuri t\u00f5ugude p\u00fc\u00fcdmiseks m\u00f5eldud p\u00fc\u00fcnis. Keskkonnas\u00f5bralik, sisaldab suguhormooni, mis meelitab isasputukaid liimp\u00fc\u00fcnisesse.","breadcrumb":{"@id":"https:\/\/horticom.ee\/e-pood\/toode\/putuka-feromoonpuunis-silva-ploomimahkurile\/#breadcrumb"},"inLanguage":"ru-RU","potentialAction":[{"@type":"ReadAction","target":["https:\/\/horticom.ee\/e-pood\/toode\/putuka-feromoonpuunis-silva-ploomimahkurile\/"]}]},{"@type":"ImageObject","inLanguage":"ru-RU","@id":"https:\/\/horticom.ee\/e-pood\/toode\/putuka-feromoonpuunis-silva-ploomimahkurile\/#primaryimage","url":"https:\/\/horticom.ee\/e-pood\/wp-content\/uploads\/importedmedia\/product-152454_0-P0953.jpg","contentUrl":"https:\/\/horticom.ee\/e-pood\/wp-content\/uploads\/importedmedia\/product-152454_0-P0953.jpg","width":1000,"height":872,"caption":"Putuka feromoonp\u00fc\u00fcnis Silva ploomim\u00e4hkurile"},{"@type":"BreadcrumbList","@id":"https:\/\/horticom.ee\/e-pood\/toode\/putuka-feromoonpuunis-silva-ploomimahkurile\/#breadcrumb","itemListElement":[{"@type":"ListItem","position":1,"name":"Home","item":"https:\/\/horticom.ee\/e-pood\/"},{"@type":"ListItem","position":2,"name":"Pood","item":"https:\/\/horticom.ee\/e-pood\/pood\/"},{"@type":"ListItem","position":3,"name":"Putuka feromoonp\u00fc\u00fcnis Silva ploomim\u00e4hkurile"}]},{"@type":"WebSite","@id":"https:\/\/horticom.ee\/e-pood\/#website","url":"https:\/\/horticom.ee\/e-pood\/","name":"Horticom.ee","description":"Aianduskaubad ja kodukaubad nii harrastajatele kui professionaalidele","potentialAction":[{"@type":"SearchAction","target":{"@type":"EntryPoint","urlTemplate":"https:\/\/horticom.ee\/e-pood\/?s={search_term_string}"},"query-input":{"@type":"PropertyValueSpecification","valueRequired":true,"valueName":"search_term_string"}}],"inLanguage":"ru-RU"}]}},"_links":{"self":[{"href":"https:\/\/horticom.ee\/e-pood\/ru\/wp-json\/wp\/v2\/product\/152454","targetHints":{"allow":["GET"]}}],"collection":[{"href":"https:\/\/horticom.ee\/e-pood\/ru\/wp-json\/wp\/v2\/product"}],"about":[{"href":"https:\/\/horticom.ee\/e-pood\/ru\/wp-json\/wp\/v2\/types\/product"}],"replies":[{"embeddable":true,"href":"https:\/\/horticom.ee\/e-pood\/ru\/wp-json\/wp\/v2\/comments?post=152454"}],"wp:featuredmedia":[{"embeddable":true,"href":"https:\/\/horticom.ee\/e-pood\/ru\/wp-json\/wp\/v2\/media\/179799"}],"wp:attachment":[{"href":"https:\/\/horticom.ee\/e-pood\/ru\/wp-json\/wp\/v2\/media?parent=152454"}],"wp:term":[{"taxonomy":"product_cat","embeddable":true,"href":"https:\/\/horticom.ee\/e-pood\/ru\/wp-json\/wp\/v2\/product_cat?post=152454"},{"taxonomy":"product_tag","embeddable":true,"href":"https:\/\/horticom.ee\/e-pood\/ru\/wp-json\/wp\/v2\/product_tag?post=152454"}],"curies":[{"name":"wp","href":"https:\/\/api.w.org\/{rel}","templated":true}]}}