{"id":152463,"date":"2022-01-17T15:56:42","date_gmt":"2022-01-17T13:56:42","guid":{"rendered":"https:\/\/aednik24.ee\/toode\/septik-microbec-kaimlatele-bros-25g\/"},"modified":"2026-04-13T12:02:03","modified_gmt":"2026-04-13T09:02:03","slug":"septik-microbec-kaimlatele-bros-25g","status":"publish","type":"product","link":"https:\/\/horticom.ee\/e-pood\/ru\/toode\/septik-microbec-kaimlatele-bros-25g\/","title":{"rendered":"Septik Microbec k\u00e4imlatele Bros 25g"},"content":{"rendered":"<p>Kaasaegne lahendus lampkastile ning \u00f6koloogilistele kodus kasutatavatele kanalisatsiooni puhastuss\u00fcsteemidele. Septik Microbec k\u00e4imlatele Bros on mikrobioloogiliselt aktiivne vahend, mis sobib kasutamiseks nii eramutes kui ka suvilates. Kolmefaasiline toime kindlustab mustuse kiire ja efektiivse lagunemise keskkonnale ohututeks komponentideks, aidates v\u00e4hendada kogumispaagi t\u00fchjendamise kordi.<\/p>\n","protected":false},"excerpt":{"rendered":"<p>Kaasaegne lahendus lampkastile ning \u00f6koloogilistele kodus kasutatavatele kanalisatsiooni puhastuss\u00fcsteemidele. Septik Microbec k\u00e4imlatele Bros on mikrobioloogiliselt aktiivne vahend, mis sobib kasutamiseks nii eramutes kui ka suvilates. Kolmefaasiline toime kindlustab mustuse kiire ja efektiivse lagunemise keskkonnale ohututeks komponentideks, aidates v\u00e4hendada kogumispaagi t\u00fchjendamise kordi.<\/p>\n","protected":false},"featured_media":179785,"comment_status":"closed","ping_status":"closed","template":"","meta":{"_themeisle_gutenberg_block_has_review":false},"product_cat":[13590],"product_tag":[],"class_list":{"0":"post-152463","1":"product","2":"type-product","3":"status-publish","4":"has-post-thumbnail","6":"product_cat-septikud","8":"first","9":"instock","10":"shipping-taxable","11":"purchasable","12":"product-type-simple"},"yoast_head":"<!-- This site is optimized with the Yoast SEO plugin v24.0 - https:\/\/yoast.com\/wordpress\/plugins\/seo\/ -->\n<title>Septik Microbec k\u00e4imlatele Bros 25g - Horticom.ee\/e-pood<\/title>\n<meta name=\"description\" content=\"Septik Microbec k\u00e4imlatele, \u00f6koloogiline kanalisatsioonipuhasti. Lagundab mustuse ohututeks komponentideks, v\u00e4hendab kogumispaagi t\u00fchjendamise kordi.\" \/>\n<meta name=\"robots\" content=\"index, follow, max-snippet:-1, max-image-preview:large, max-video-preview:-1\" \/>\n<link rel=\"canonical\" href=\"https:\/\/horticom.ee\/e-pood\/toode\/septik-microbec-kaimlatele-bros-25g\/\" \/>\n<meta property=\"og:locale\" content=\"ru_RU\" \/>\n<meta property=\"og:type\" content=\"article\" \/>\n<meta property=\"og:title\" content=\"Septik Microbec k\u00e4imlatele Bros 25g - Horticom.ee\/e-pood\" \/>\n<meta property=\"og:description\" content=\"Septik Microbec k\u00e4imlatele, \u00f6koloogiline kanalisatsioonipuhasti. Lagundab mustuse ohututeks komponentideks, v\u00e4hendab kogumispaagi t\u00fchjendamise kordi.\" \/>\n<meta property=\"og:url\" content=\"https:\/\/horticom.ee\/e-pood\/toode\/septik-microbec-kaimlatele-bros-25g\/\" \/>\n<meta property=\"og:site_name\" content=\"Horticom.ee\" \/>\n<meta property=\"article:publisher\" content=\"https:\/\/www.facebook.com\/horticom.ee\/e-pood\" \/>\n<meta property=\"article:modified_time\" content=\"2026-04-13T09:02:03+00:00\" \/>\n<meta property=\"og:image\" content=\"https:\/\/horticom.ee\/e-pood\/wp-content\/uploads\/importedmedia\/product-152463_0-P1435.jpg\" \/>\n\t<meta property=\"og:image:width\" content=\"1000\" \/>\n\t<meta property=\"og:image:height\" content=\"1094\" \/>\n\t<meta property=\"og:image:type\" content=\"image\/jpeg\" \/>\n<meta name=\"twitter:card\" content=\"summary_large_image\" \/>\n<script type=\"application\/ld+json\" class=\"yoast-schema-graph\">{\"@context\":\"https:\/\/schema.org\",\"@graph\":[{\"@type\":\"WebPage\",\"@id\":\"https:\/\/horticom.ee\/e-pood\/toode\/septik-microbec-kaimlatele-bros-25g\/\",\"url\":\"https:\/\/horticom.ee\/e-pood\/toode\/septik-microbec-kaimlatele-bros-25g\/\",\"name\":\"Septik Microbec k\u00e4imlatele Bros 25g - Horticom.ee\/e-pood\",\"isPartOf\":{\"@id\":\"https:\/\/horticom.ee\/e-pood\/#website\"},\"primaryImageOfPage\":{\"@id\":\"https:\/\/horticom.ee\/e-pood\/toode\/septik-microbec-kaimlatele-bros-25g\/#primaryimage\"},\"image\":{\"@id\":\"https:\/\/horticom.ee\/e-pood\/toode\/septik-microbec-kaimlatele-bros-25g\/#primaryimage\"},\"thumbnailUrl\":\"https:\/\/horticom.ee\/e-pood\/wp-content\/uploads\/importedmedia\/product-152463_0-P1435.jpg\",\"datePublished\":\"2022-01-17T13:56:42+00:00\",\"dateModified\":\"2026-04-13T09:02:03+00:00\",\"description\":\"Septik Microbec k\u00e4imlatele, \u00f6koloogiline kanalisatsioonipuhasti. Lagundab mustuse ohututeks komponentideks, v\u00e4hendab kogumispaagi t\u00fchjendamise kordi.\",\"breadcrumb\":{\"@id\":\"https:\/\/horticom.ee\/e-pood\/toode\/septik-microbec-kaimlatele-bros-25g\/#breadcrumb\"},\"inLanguage\":\"ru-RU\",\"potentialAction\":[{\"@type\":\"ReadAction\",\"target\":[\"https:\/\/horticom.ee\/e-pood\/toode\/septik-microbec-kaimlatele-bros-25g\/\"]}]},{\"@type\":\"ImageObject\",\"inLanguage\":\"ru-RU\",\"@id\":\"https:\/\/horticom.ee\/e-pood\/toode\/septik-microbec-kaimlatele-bros-25g\/#primaryimage\",\"url\":\"https:\/\/horticom.ee\/e-pood\/wp-content\/uploads\/importedmedia\/product-152463_0-P1435.jpg\",\"contentUrl\":\"https:\/\/horticom.ee\/e-pood\/wp-content\/uploads\/importedmedia\/product-152463_0-P1435.jpg\",\"width\":1000,\"height\":1094,\"caption\":\"Septik Microbec k\u00e4imlatele Bros 25g\"},{\"@type\":\"BreadcrumbList\",\"@id\":\"https:\/\/horticom.ee\/e-pood\/toode\/septik-microbec-kaimlatele-bros-25g\/#breadcrumb\",\"itemListElement\":[{\"@type\":\"ListItem\",\"position\":1,\"name\":\"Home\",\"item\":\"https:\/\/horticom.ee\/e-pood\/\"},{\"@type\":\"ListItem\",\"position\":2,\"name\":\"Pood\",\"item\":\"https:\/\/horticom.ee\/e-pood\/pood\/\"},{\"@type\":\"ListItem\",\"position\":3,\"name\":\"Septik Microbec k\u00e4imlatele Bros 25g\"}]},{\"@type\":\"WebSite\",\"@id\":\"https:\/\/horticom.ee\/e-pood\/#website\",\"url\":\"https:\/\/horticom.ee\/e-pood\/\",\"name\":\"Horticom.ee\",\"description\":\"Aianduskaubad ja kodukaubad nii harrastajatele kui professionaalidele\",\"potentialAction\":[{\"@type\":\"SearchAction\",\"target\":{\"@type\":\"EntryPoint\",\"urlTemplate\":\"https:\/\/horticom.ee\/e-pood\/?s={search_term_string}\"},\"query-input\":{\"@type\":\"PropertyValueSpecification\",\"valueRequired\":true,\"valueName\":\"search_term_string\"}}],\"inLanguage\":\"ru-RU\"}]}<\/script>\n<!-- \/ Yoast SEO plugin. -->","yoast_head_json":{"title":"Septik Microbec k\u00e4imlatele Bros 25g - Horticom.ee\/e-pood","description":"Septik Microbec k\u00e4imlatele, \u00f6koloogiline kanalisatsioonipuhasti. Lagundab mustuse ohututeks komponentideks, v\u00e4hendab kogumispaagi t\u00fchjendamise kordi.","robots":{"index":"index","follow":"follow","max-snippet":"max-snippet:-1","max-image-preview":"max-image-preview:large","max-video-preview":"max-video-preview:-1"},"canonical":"https:\/\/horticom.ee\/e-pood\/toode\/septik-microbec-kaimlatele-bros-25g\/","og_locale":"ru_RU","og_type":"article","og_title":"Septik Microbec k\u00e4imlatele Bros 25g - Horticom.ee\/e-pood","og_description":"Septik Microbec k\u00e4imlatele, \u00f6koloogiline kanalisatsioonipuhasti. Lagundab mustuse ohututeks komponentideks, v\u00e4hendab kogumispaagi t\u00fchjendamise kordi.","og_url":"https:\/\/horticom.ee\/e-pood\/toode\/septik-microbec-kaimlatele-bros-25g\/","og_site_name":"Horticom.ee","article_publisher":"https:\/\/www.facebook.com\/horticom.ee\/e-pood","article_modified_time":"2026-04-13T09:02:03+00:00","og_image":[{"width":1000,"height":1094,"url":"https:\/\/horticom.ee\/e-pood\/wp-content\/uploads\/importedmedia\/product-152463_0-P1435.jpg","type":"image\/jpeg"}],"twitter_card":"summary_large_image","schema":{"@context":"https:\/\/schema.org","@graph":[{"@type":"WebPage","@id":"https:\/\/horticom.ee\/e-pood\/toode\/septik-microbec-kaimlatele-bros-25g\/","url":"https:\/\/horticom.ee\/e-pood\/toode\/septik-microbec-kaimlatele-bros-25g\/","name":"Septik Microbec k\u00e4imlatele Bros 25g - Horticom.ee\/e-pood","isPartOf":{"@id":"https:\/\/horticom.ee\/e-pood\/#website"},"primaryImageOfPage":{"@id":"https:\/\/horticom.ee\/e-pood\/toode\/septik-microbec-kaimlatele-bros-25g\/#primaryimage"},"image":{"@id":"https:\/\/horticom.ee\/e-pood\/toode\/septik-microbec-kaimlatele-bros-25g\/#primaryimage"},"thumbnailUrl":"https:\/\/horticom.ee\/e-pood\/wp-content\/uploads\/importedmedia\/product-152463_0-P1435.jpg","datePublished":"2022-01-17T13:56:42+00:00","dateModified":"2026-04-13T09:02:03+00:00","description":"Septik Microbec k\u00e4imlatele, \u00f6koloogiline kanalisatsioonipuhasti. Lagundab mustuse ohututeks komponentideks, v\u00e4hendab kogumispaagi t\u00fchjendamise kordi.","breadcrumb":{"@id":"https:\/\/horticom.ee\/e-pood\/toode\/septik-microbec-kaimlatele-bros-25g\/#breadcrumb"},"inLanguage":"ru-RU","potentialAction":[{"@type":"ReadAction","target":["https:\/\/horticom.ee\/e-pood\/toode\/septik-microbec-kaimlatele-bros-25g\/"]}]},{"@type":"ImageObject","inLanguage":"ru-RU","@id":"https:\/\/horticom.ee\/e-pood\/toode\/septik-microbec-kaimlatele-bros-25g\/#primaryimage","url":"https:\/\/horticom.ee\/e-pood\/wp-content\/uploads\/importedmedia\/product-152463_0-P1435.jpg","contentUrl":"https:\/\/horticom.ee\/e-pood\/wp-content\/uploads\/importedmedia\/product-152463_0-P1435.jpg","width":1000,"height":1094,"caption":"Septik Microbec k\u00e4imlatele Bros 25g"},{"@type":"BreadcrumbList","@id":"https:\/\/horticom.ee\/e-pood\/toode\/septik-microbec-kaimlatele-bros-25g\/#breadcrumb","itemListElement":[{"@type":"ListItem","position":1,"name":"Home","item":"https:\/\/horticom.ee\/e-pood\/"},{"@type":"ListItem","position":2,"name":"Pood","item":"https:\/\/horticom.ee\/e-pood\/pood\/"},{"@type":"ListItem","position":3,"name":"Septik Microbec k\u00e4imlatele Bros 25g"}]},{"@type":"WebSite","@id":"https:\/\/horticom.ee\/e-pood\/#website","url":"https:\/\/horticom.ee\/e-pood\/","name":"Horticom.ee","description":"Aianduskaubad ja kodukaubad nii harrastajatele kui professionaalidele","potentialAction":[{"@type":"SearchAction","target":{"@type":"EntryPoint","urlTemplate":"https:\/\/horticom.ee\/e-pood\/?s={search_term_string}"},"query-input":{"@type":"PropertyValueSpecification","valueRequired":true,"valueName":"search_term_string"}}],"inLanguage":"ru-RU"}]}},"_links":{"self":[{"href":"https:\/\/horticom.ee\/e-pood\/ru\/wp-json\/wp\/v2\/product\/152463","targetHints":{"allow":["GET"]}}],"collection":[{"href":"https:\/\/horticom.ee\/e-pood\/ru\/wp-json\/wp\/v2\/product"}],"about":[{"href":"https:\/\/horticom.ee\/e-pood\/ru\/wp-json\/wp\/v2\/types\/product"}],"replies":[{"embeddable":true,"href":"https:\/\/horticom.ee\/e-pood\/ru\/wp-json\/wp\/v2\/comments?post=152463"}],"wp:featuredmedia":[{"embeddable":true,"href":"https:\/\/horticom.ee\/e-pood\/ru\/wp-json\/wp\/v2\/media\/179785"}],"wp:attachment":[{"href":"https:\/\/horticom.ee\/e-pood\/ru\/wp-json\/wp\/v2\/media?parent=152463"}],"wp:term":[{"taxonomy":"product_cat","embeddable":true,"href":"https:\/\/horticom.ee\/e-pood\/ru\/wp-json\/wp\/v2\/product_cat?post=152463"},{"taxonomy":"product_tag","embeddable":true,"href":"https:\/\/horticom.ee\/e-pood\/ru\/wp-json\/wp\/v2\/product_tag?post=152463"}],"curies":[{"name":"wp","href":"https:\/\/api.w.org\/{rel}","templated":true}]}}