{"id":152480,"date":"2022-01-17T15:56:51","date_gmt":"2022-01-17T13:56:51","guid":{"rendered":"https:\/\/aednik24.ee\/toode\/mutipeleti-supercat-paikesepatarei-toitel\/"},"modified":"2026-05-12T03:03:25","modified_gmt":"2026-05-12T00:03:25","slug":"mutipeleti-supercat-paikesepatarei-toitel","status":"publish","type":"product","link":"https:\/\/horticom.ee\/e-pood\/ru\/toode\/mutipeleti-supercat-paikesepatarei-toitel\/","title":{"rendered":"Mutipeleti SuperCat p\u00e4ikesepatarei toitel"},"content":{"rendered":"<p>P\u00e4ikeseenergial t\u00f6\u00f6tav. Mutipeleti tekitab helilaineid, mis peletavad mullamutte, uruhiiri, p\u00f5ldhiiri ja rotte ca 650m2 raadiuses. Eriti sobib toode aeda ja haljasaladele. Seade v\u00e4ljastab ca 25 sekundilise intervalliga helilaineid, mida nrilised tunnetavad ohusignaalina ning mille tulemusena nad p\u00f5genevad ja hoiavad eemale. Seade t\u00f6\u00f6tab p\u00e4ikesepatareiga, mis muudab p\u00e4ikeseenergia elektrivooluks, millega laetakse seadme sisseehitatud patareisid. Akud suudavad salvestada piisavalt energiat, et seade t\u00f6\u00f6taks ka \u00f6\u00f6sel, pakkudes kaitset 24h. Peltei on ilmastikukindel, kuid p\u00e4ris vihmuti k\u00e4tte mitte j\u00e4tta.<\/p>\n","protected":false},"excerpt":{"rendered":"<p>P\u00e4ikeseenergial t\u00f6\u00f6tav. Mutipeleti tekitab helilaineid, mis peletavad mullamutte, uruhiiri, p\u00f5ldhiiri ja rotte ca 650m2 raadiuses. Eriti sobib toode aeda ja haljasaladele. Seade v\u00e4ljastab ca 25 sekundilise intervalliga helilaineid, mida nrilised tunnetavad ohusignaalina ning mille tulemusena nad p\u00f5genevad ja hoiavad eemale. Seade t\u00f6\u00f6tab p\u00e4ikesepatareiga, mis muudab p\u00e4ikeseenergia elektrivooluks, millega laetakse seadme sisseehitatud patareisid. Akud suudavad salvestada [&hellip;]<\/p>\n","protected":false},"featured_media":2400706,"comment_status":"closed","ping_status":"closed","template":"","meta":{"_themeisle_gutenberg_block_has_review":false},"product_cat":[13601],"product_tag":[],"class_list":{"0":"post-152480","1":"product","2":"type-product","3":"status-publish","4":"has-post-thumbnail","6":"product_cat-mutid-ja-vesirotid","8":"first","9":"instock","10":"shipping-taxable","11":"purchasable","12":"product-type-simple"},"yoast_head":"<!-- This site is optimized with the Yoast SEO plugin v24.0 - https:\/\/yoast.com\/wordpress\/plugins\/seo\/ -->\n<title>Mutipeleti SuperCat p\u00e4ikesepatarei toitel - Horticom<\/title>\n<meta name=\"robots\" content=\"index, follow, max-snippet:-1, max-image-preview:large, max-video-preview:-1\" \/>\n<link rel=\"canonical\" href=\"https:\/\/horticom.ee\/e-pood\/toode\/mutipeleti-supercat-paikesepatarei-toitel\/\" \/>\n<meta property=\"og:locale\" content=\"ru_RU\" \/>\n<meta property=\"og:type\" content=\"article\" \/>\n<meta property=\"og:title\" content=\"Mutipeleti SuperCat p\u00e4ikesepatarei toitel - Horticom\" \/>\n<meta property=\"og:description\" content=\"P\u00e4ikeseenergial t\u00f6\u00f6tav. Mutipeleti tekitab helilaineid, mis peletavad mullamutte, uruhiiri, p\u00f5ldhiiri ja rotte ca 650m2 raadiuses. Eriti sobib toode aeda ja haljasaladele. Seade v\u00e4ljastab ca 25 sekundilise intervalliga helilaineid, mida nrilised tunnetavad ohusignaalina ning mille tulemusena nad p\u00f5genevad ja hoiavad eemale. Seade t\u00f6\u00f6tab p\u00e4ikesepatareiga, mis muudab p\u00e4ikeseenergia elektrivooluks, millega laetakse seadme sisseehitatud patareisid. Akud suudavad salvestada [&hellip;]\" \/>\n<meta property=\"og:url\" content=\"https:\/\/horticom.ee\/e-pood\/toode\/mutipeleti-supercat-paikesepatarei-toitel\/\" \/>\n<meta property=\"og:site_name\" content=\"Horticom.ee\" \/>\n<meta property=\"article:publisher\" content=\"https:\/\/www.facebook.com\/horticom.ee\/e-pood\" \/>\n<meta property=\"article:modified_time\" content=\"2026-05-12T00:03:25+00:00\" \/>\n<meta property=\"og:image\" content=\"https:\/\/horticom.ee\/e-pood\/wp-content\/uploads\/2022\/01\/7640104977049.jpg\" \/>\n\t<meta property=\"og:image:width\" content=\"1772\" \/>\n\t<meta property=\"og:image:height\" content=\"1772\" \/>\n\t<meta property=\"og:image:type\" content=\"image\/jpeg\" \/>\n<meta name=\"twitter:card\" content=\"summary_large_image\" \/>\n<meta name=\"twitter:label1\" content=\"\u041f\u0440\u0438\u043c\u0435\u0440\u043d\u043e\u0435 \u0432\u0440\u0435\u043c\u044f \u0434\u043b\u044f \u0447\u0442\u0435\u043d\u0438\u044f\" \/>\n\t<meta name=\"twitter:data1\" content=\"1 \u043c\u0438\u043d\u0443\u0442\u0430\" \/>\n<script type=\"application\/ld+json\" class=\"yoast-schema-graph\">{\"@context\":\"https:\/\/schema.org\",\"@graph\":[{\"@type\":\"WebPage\",\"@id\":\"https:\/\/horticom.ee\/e-pood\/toode\/mutipeleti-supercat-paikesepatarei-toitel\/\",\"url\":\"https:\/\/horticom.ee\/e-pood\/toode\/mutipeleti-supercat-paikesepatarei-toitel\/\",\"name\":\"Mutipeleti SuperCat p\u00e4ikesepatarei toitel - Horticom\",\"isPartOf\":{\"@id\":\"https:\/\/horticom.ee\/e-pood\/#website\"},\"primaryImageOfPage\":{\"@id\":\"https:\/\/horticom.ee\/e-pood\/toode\/mutipeleti-supercat-paikesepatarei-toitel\/#primaryimage\"},\"image\":{\"@id\":\"https:\/\/horticom.ee\/e-pood\/toode\/mutipeleti-supercat-paikesepatarei-toitel\/#primaryimage\"},\"thumbnailUrl\":\"https:\/\/horticom.ee\/e-pood\/wp-content\/uploads\/2022\/01\/7640104977049.jpg\",\"datePublished\":\"2022-01-17T13:56:51+00:00\",\"dateModified\":\"2026-05-12T00:03:25+00:00\",\"breadcrumb\":{\"@id\":\"https:\/\/horticom.ee\/e-pood\/toode\/mutipeleti-supercat-paikesepatarei-toitel\/#breadcrumb\"},\"inLanguage\":\"ru-RU\",\"potentialAction\":[{\"@type\":\"ReadAction\",\"target\":[\"https:\/\/horticom.ee\/e-pood\/toode\/mutipeleti-supercat-paikesepatarei-toitel\/\"]}]},{\"@type\":\"ImageObject\",\"inLanguage\":\"ru-RU\",\"@id\":\"https:\/\/horticom.ee\/e-pood\/toode\/mutipeleti-supercat-paikesepatarei-toitel\/#primaryimage\",\"url\":\"https:\/\/horticom.ee\/e-pood\/wp-content\/uploads\/2022\/01\/7640104977049.jpg\",\"contentUrl\":\"https:\/\/horticom.ee\/e-pood\/wp-content\/uploads\/2022\/01\/7640104977049.jpg\",\"width\":1772,\"height\":1772},{\"@type\":\"BreadcrumbList\",\"@id\":\"https:\/\/horticom.ee\/e-pood\/toode\/mutipeleti-supercat-paikesepatarei-toitel\/#breadcrumb\",\"itemListElement\":[{\"@type\":\"ListItem\",\"position\":1,\"name\":\"Home\",\"item\":\"https:\/\/horticom.ee\/e-pood\/\"},{\"@type\":\"ListItem\",\"position\":2,\"name\":\"Pood\",\"item\":\"https:\/\/horticom.ee\/e-pood\/pood\/\"},{\"@type\":\"ListItem\",\"position\":3,\"name\":\"Mutipeleti SuperCat p\u00e4ikesepatarei toitel\"}]},{\"@type\":\"WebSite\",\"@id\":\"https:\/\/horticom.ee\/e-pood\/#website\",\"url\":\"https:\/\/horticom.ee\/e-pood\/\",\"name\":\"Horticom.ee\",\"description\":\"Aianduskaubad ja kodukaubad nii harrastajatele kui professionaalidele\",\"potentialAction\":[{\"@type\":\"SearchAction\",\"target\":{\"@type\":\"EntryPoint\",\"urlTemplate\":\"https:\/\/horticom.ee\/e-pood\/?s={search_term_string}\"},\"query-input\":{\"@type\":\"PropertyValueSpecification\",\"valueRequired\":true,\"valueName\":\"search_term_string\"}}],\"inLanguage\":\"ru-RU\"}]}<\/script>\n<!-- \/ Yoast SEO plugin. -->","yoast_head_json":{"title":"Mutipeleti SuperCat p\u00e4ikesepatarei toitel - Horticom","robots":{"index":"index","follow":"follow","max-snippet":"max-snippet:-1","max-image-preview":"max-image-preview:large","max-video-preview":"max-video-preview:-1"},"canonical":"https:\/\/horticom.ee\/e-pood\/toode\/mutipeleti-supercat-paikesepatarei-toitel\/","og_locale":"ru_RU","og_type":"article","og_title":"Mutipeleti SuperCat p\u00e4ikesepatarei toitel - Horticom","og_description":"P\u00e4ikeseenergial t\u00f6\u00f6tav. Mutipeleti tekitab helilaineid, mis peletavad mullamutte, uruhiiri, p\u00f5ldhiiri ja rotte ca 650m2 raadiuses. Eriti sobib toode aeda ja haljasaladele. Seade v\u00e4ljastab ca 25 sekundilise intervalliga helilaineid, mida nrilised tunnetavad ohusignaalina ning mille tulemusena nad p\u00f5genevad ja hoiavad eemale. Seade t\u00f6\u00f6tab p\u00e4ikesepatareiga, mis muudab p\u00e4ikeseenergia elektrivooluks, millega laetakse seadme sisseehitatud patareisid. Akud suudavad salvestada [&hellip;]","og_url":"https:\/\/horticom.ee\/e-pood\/toode\/mutipeleti-supercat-paikesepatarei-toitel\/","og_site_name":"Horticom.ee","article_publisher":"https:\/\/www.facebook.com\/horticom.ee\/e-pood","article_modified_time":"2026-05-12T00:03:25+00:00","og_image":[{"width":1772,"height":1772,"url":"https:\/\/horticom.ee\/e-pood\/wp-content\/uploads\/2022\/01\/7640104977049.jpg","type":"image\/jpeg"}],"twitter_card":"summary_large_image","twitter_misc":{"\u041f\u0440\u0438\u043c\u0435\u0440\u043d\u043e\u0435 \u0432\u0440\u0435\u043c\u044f \u0434\u043b\u044f \u0447\u0442\u0435\u043d\u0438\u044f":"1 \u043c\u0438\u043d\u0443\u0442\u0430"},"schema":{"@context":"https:\/\/schema.org","@graph":[{"@type":"WebPage","@id":"https:\/\/horticom.ee\/e-pood\/toode\/mutipeleti-supercat-paikesepatarei-toitel\/","url":"https:\/\/horticom.ee\/e-pood\/toode\/mutipeleti-supercat-paikesepatarei-toitel\/","name":"Mutipeleti SuperCat p\u00e4ikesepatarei toitel - Horticom","isPartOf":{"@id":"https:\/\/horticom.ee\/e-pood\/#website"},"primaryImageOfPage":{"@id":"https:\/\/horticom.ee\/e-pood\/toode\/mutipeleti-supercat-paikesepatarei-toitel\/#primaryimage"},"image":{"@id":"https:\/\/horticom.ee\/e-pood\/toode\/mutipeleti-supercat-paikesepatarei-toitel\/#primaryimage"},"thumbnailUrl":"https:\/\/horticom.ee\/e-pood\/wp-content\/uploads\/2022\/01\/7640104977049.jpg","datePublished":"2022-01-17T13:56:51+00:00","dateModified":"2026-05-12T00:03:25+00:00","breadcrumb":{"@id":"https:\/\/horticom.ee\/e-pood\/toode\/mutipeleti-supercat-paikesepatarei-toitel\/#breadcrumb"},"inLanguage":"ru-RU","potentialAction":[{"@type":"ReadAction","target":["https:\/\/horticom.ee\/e-pood\/toode\/mutipeleti-supercat-paikesepatarei-toitel\/"]}]},{"@type":"ImageObject","inLanguage":"ru-RU","@id":"https:\/\/horticom.ee\/e-pood\/toode\/mutipeleti-supercat-paikesepatarei-toitel\/#primaryimage","url":"https:\/\/horticom.ee\/e-pood\/wp-content\/uploads\/2022\/01\/7640104977049.jpg","contentUrl":"https:\/\/horticom.ee\/e-pood\/wp-content\/uploads\/2022\/01\/7640104977049.jpg","width":1772,"height":1772},{"@type":"BreadcrumbList","@id":"https:\/\/horticom.ee\/e-pood\/toode\/mutipeleti-supercat-paikesepatarei-toitel\/#breadcrumb","itemListElement":[{"@type":"ListItem","position":1,"name":"Home","item":"https:\/\/horticom.ee\/e-pood\/"},{"@type":"ListItem","position":2,"name":"Pood","item":"https:\/\/horticom.ee\/e-pood\/pood\/"},{"@type":"ListItem","position":3,"name":"Mutipeleti SuperCat p\u00e4ikesepatarei toitel"}]},{"@type":"WebSite","@id":"https:\/\/horticom.ee\/e-pood\/#website","url":"https:\/\/horticom.ee\/e-pood\/","name":"Horticom.ee","description":"Aianduskaubad ja kodukaubad nii harrastajatele kui professionaalidele","potentialAction":[{"@type":"SearchAction","target":{"@type":"EntryPoint","urlTemplate":"https:\/\/horticom.ee\/e-pood\/?s={search_term_string}"},"query-input":{"@type":"PropertyValueSpecification","valueRequired":true,"valueName":"search_term_string"}}],"inLanguage":"ru-RU"}]}},"_links":{"self":[{"href":"https:\/\/horticom.ee\/e-pood\/ru\/wp-json\/wp\/v2\/product\/152480","targetHints":{"allow":["GET"]}}],"collection":[{"href":"https:\/\/horticom.ee\/e-pood\/ru\/wp-json\/wp\/v2\/product"}],"about":[{"href":"https:\/\/horticom.ee\/e-pood\/ru\/wp-json\/wp\/v2\/types\/product"}],"replies":[{"embeddable":true,"href":"https:\/\/horticom.ee\/e-pood\/ru\/wp-json\/wp\/v2\/comments?post=152480"}],"wp:featuredmedia":[{"embeddable":true,"href":"https:\/\/horticom.ee\/e-pood\/ru\/wp-json\/wp\/v2\/media\/2400706"}],"wp:attachment":[{"href":"https:\/\/horticom.ee\/e-pood\/ru\/wp-json\/wp\/v2\/media?parent=152480"}],"wp:term":[{"taxonomy":"product_cat","embeddable":true,"href":"https:\/\/horticom.ee\/e-pood\/ru\/wp-json\/wp\/v2\/product_cat?post=152480"},{"taxonomy":"product_tag","embeddable":true,"href":"https:\/\/horticom.ee\/e-pood\/ru\/wp-json\/wp\/v2\/product_tag?post=152480"}],"curies":[{"name":"wp","href":"https:\/\/api.w.org\/{rel}","templated":true}]}}