{"id":152481,"date":"2022-01-17T15:56:51","date_gmt":"2022-01-17T13:56:51","guid":{"rendered":"https:\/\/aednik24.ee\/toode\/prussaka-liimpuunis-arox-2tk-pakis\/"},"modified":"2026-05-08T14:01:04","modified_gmt":"2026-05-08T11:01:04","slug":"prussaka-liimpuunis-arox-2tk-pakis","status":"publish","type":"product","link":"https:\/\/horticom.ee\/e-pood\/ru\/toode\/prussaka-liimpuunis-arox-2tk-pakis\/","title":{"rendered":"Prussaka liimp\u00fc\u00fcnis Arox 2tk\/pakis"},"content":{"rendered":"<p>L\u00f5hnatu ja t\u00f5hus vahend, mis ei sisalda biotsiidi ja toimib 6 n\u00e4dalat. P\u00fc\u00fcnise ehitus v\u00e4hendab v\u00f5imalust puutuda k\u00e4ega liimpinda ja ei j\u00e4ta kinnip\u00fc\u00fctuid putukaid n\u00e4htavale. Volditav kartongist liimp\u00fc\u00fcnis prussakate ja teiste roomavate putukate p\u00fc\u00fcdmiseks ruumidest, kus kahjurputukaid esineb. Toode ei sisalda insektitsiide, vaid meelitab ligi putukaid, kes j\u00e4\u00e4vad kinni liimiga kaetud pinnale.<\/p>\n","protected":false},"excerpt":{"rendered":"<p>L\u00f5hnatu ja t\u00f5hus vahend, mis ei sisalda biotsiidi ja toimib 6 n\u00e4dalat. P\u00fc\u00fcnise ehitus v\u00e4hendab v\u00f5imalust puutuda k\u00e4ega liimpinda ja ei j\u00e4ta kinnip\u00fc\u00fctuid putukaid n\u00e4htavale. Volditav kartongist liimp\u00fc\u00fcnis prussakate ja teiste roomavate putukate p\u00fc\u00fcdmiseks ruumidest, kus kahjurputukaid esineb. Toode ei sisalda insektitsiide, vaid meelitab ligi putukaid, kes j\u00e4\u00e4vad kinni liimiga kaetud pinnale.<\/p>\n","protected":false},"featured_media":179727,"comment_status":"closed","ping_status":"closed","template":"","meta":{"_themeisle_gutenberg_block_has_review":false},"product_cat":[13596],"product_tag":[],"class_list":{"0":"post-152481","1":"product","2":"type-product","3":"status-publish","4":"has-post-thumbnail","6":"product_cat-prussakad","8":"first","9":"instock","10":"shipping-taxable","11":"purchasable","12":"product-type-simple"},"yoast_head":"<!-- This site is optimized with the Yoast SEO plugin v24.0 - https:\/\/yoast.com\/wordpress\/plugins\/seo\/ -->\n<title>Prussaka liimp\u00fc\u00fcnis Arox 2tk\/pakis - Horticom.ee\/e-pood<\/title>\n<meta name=\"description\" content=\"L\u00f5hnatu liimp\u00fc\u00fcnis \u2013 kartongist volditav p\u00fc\u00fcnis prussakate ja roomavate putukate p\u00fc\u00fcdmiseks. Ei sisalda insektitsiide, toimib kuni 6 n\u00e4dalat.\" \/>\n<meta name=\"robots\" content=\"index, follow, max-snippet:-1, max-image-preview:large, max-video-preview:-1\" \/>\n<link rel=\"canonical\" href=\"https:\/\/horticom.ee\/e-pood\/toode\/prussaka-liimpuunis-arox-2tk-pakis\/\" \/>\n<meta property=\"og:locale\" content=\"ru_RU\" \/>\n<meta property=\"og:type\" content=\"article\" \/>\n<meta property=\"og:title\" content=\"Prussaka liimp\u00fc\u00fcnis Arox 2tk\/pakis - Horticom.ee\/e-pood\" \/>\n<meta property=\"og:description\" content=\"L\u00f5hnatu liimp\u00fc\u00fcnis \u2013 kartongist volditav p\u00fc\u00fcnis prussakate ja roomavate putukate p\u00fc\u00fcdmiseks. Ei sisalda insektitsiide, toimib kuni 6 n\u00e4dalat.\" \/>\n<meta property=\"og:url\" content=\"https:\/\/horticom.ee\/e-pood\/toode\/prussaka-liimpuunis-arox-2tk-pakis\/\" \/>\n<meta property=\"og:site_name\" content=\"Horticom.ee\" \/>\n<meta property=\"article:publisher\" content=\"https:\/\/www.facebook.com\/horticom.ee\/e-pood\" \/>\n<meta property=\"article:modified_time\" content=\"2026-05-08T11:01:04+00:00\" \/>\n<meta property=\"og:image\" content=\"https:\/\/horticom.ee\/e-pood\/wp-content\/uploads\/importedmedia\/product-152481_0-P0228.jpg\" \/>\n\t<meta property=\"og:image:width\" content=\"1000\" \/>\n\t<meta property=\"og:image:height\" content=\"1624\" \/>\n\t<meta property=\"og:image:type\" content=\"image\/jpeg\" \/>\n<meta name=\"twitter:card\" content=\"summary_large_image\" \/>\n<script type=\"application\/ld+json\" class=\"yoast-schema-graph\">{\"@context\":\"https:\/\/schema.org\",\"@graph\":[{\"@type\":\"WebPage\",\"@id\":\"https:\/\/horticom.ee\/e-pood\/toode\/prussaka-liimpuunis-arox-2tk-pakis\/\",\"url\":\"https:\/\/horticom.ee\/e-pood\/toode\/prussaka-liimpuunis-arox-2tk-pakis\/\",\"name\":\"Prussaka liimp\u00fc\u00fcnis Arox 2tk\/pakis - Horticom.ee\/e-pood\",\"isPartOf\":{\"@id\":\"https:\/\/horticom.ee\/e-pood\/#website\"},\"primaryImageOfPage\":{\"@id\":\"https:\/\/horticom.ee\/e-pood\/toode\/prussaka-liimpuunis-arox-2tk-pakis\/#primaryimage\"},\"image\":{\"@id\":\"https:\/\/horticom.ee\/e-pood\/toode\/prussaka-liimpuunis-arox-2tk-pakis\/#primaryimage\"},\"thumbnailUrl\":\"https:\/\/horticom.ee\/e-pood\/wp-content\/uploads\/importedmedia\/product-152481_0-P0228.jpg\",\"datePublished\":\"2022-01-17T13:56:51+00:00\",\"dateModified\":\"2026-05-08T11:01:04+00:00\",\"description\":\"L\u00f5hnatu liimp\u00fc\u00fcnis \u2013 kartongist volditav p\u00fc\u00fcnis prussakate ja roomavate putukate p\u00fc\u00fcdmiseks. Ei sisalda insektitsiide, toimib kuni 6 n\u00e4dalat.\",\"breadcrumb\":{\"@id\":\"https:\/\/horticom.ee\/e-pood\/toode\/prussaka-liimpuunis-arox-2tk-pakis\/#breadcrumb\"},\"inLanguage\":\"ru-RU\",\"potentialAction\":[{\"@type\":\"ReadAction\",\"target\":[\"https:\/\/horticom.ee\/e-pood\/toode\/prussaka-liimpuunis-arox-2tk-pakis\/\"]}]},{\"@type\":\"ImageObject\",\"inLanguage\":\"ru-RU\",\"@id\":\"https:\/\/horticom.ee\/e-pood\/toode\/prussaka-liimpuunis-arox-2tk-pakis\/#primaryimage\",\"url\":\"https:\/\/horticom.ee\/e-pood\/wp-content\/uploads\/importedmedia\/product-152481_0-P0228.jpg\",\"contentUrl\":\"https:\/\/horticom.ee\/e-pood\/wp-content\/uploads\/importedmedia\/product-152481_0-P0228.jpg\",\"width\":1000,\"height\":1624,\"caption\":\"Prussaka liimp\u00fc\u00fcnis Arox 2tk\/pakis\"},{\"@type\":\"BreadcrumbList\",\"@id\":\"https:\/\/horticom.ee\/e-pood\/toode\/prussaka-liimpuunis-arox-2tk-pakis\/#breadcrumb\",\"itemListElement\":[{\"@type\":\"ListItem\",\"position\":1,\"name\":\"Home\",\"item\":\"https:\/\/horticom.ee\/e-pood\/\"},{\"@type\":\"ListItem\",\"position\":2,\"name\":\"Pood\",\"item\":\"https:\/\/horticom.ee\/e-pood\/pood\/\"},{\"@type\":\"ListItem\",\"position\":3,\"name\":\"Prussaka liimp\u00fc\u00fcnis Arox 2tk\/pakis\"}]},{\"@type\":\"WebSite\",\"@id\":\"https:\/\/horticom.ee\/e-pood\/#website\",\"url\":\"https:\/\/horticom.ee\/e-pood\/\",\"name\":\"Horticom.ee\",\"description\":\"Aianduskaubad ja kodukaubad nii harrastajatele kui professionaalidele\",\"potentialAction\":[{\"@type\":\"SearchAction\",\"target\":{\"@type\":\"EntryPoint\",\"urlTemplate\":\"https:\/\/horticom.ee\/e-pood\/?s={search_term_string}\"},\"query-input\":{\"@type\":\"PropertyValueSpecification\",\"valueRequired\":true,\"valueName\":\"search_term_string\"}}],\"inLanguage\":\"ru-RU\"}]}<\/script>\n<!-- \/ Yoast SEO plugin. -->","yoast_head_json":{"title":"Prussaka liimp\u00fc\u00fcnis Arox 2tk\/pakis - Horticom.ee\/e-pood","description":"L\u00f5hnatu liimp\u00fc\u00fcnis \u2013 kartongist volditav p\u00fc\u00fcnis prussakate ja roomavate putukate p\u00fc\u00fcdmiseks. Ei sisalda insektitsiide, toimib kuni 6 n\u00e4dalat.","robots":{"index":"index","follow":"follow","max-snippet":"max-snippet:-1","max-image-preview":"max-image-preview:large","max-video-preview":"max-video-preview:-1"},"canonical":"https:\/\/horticom.ee\/e-pood\/toode\/prussaka-liimpuunis-arox-2tk-pakis\/","og_locale":"ru_RU","og_type":"article","og_title":"Prussaka liimp\u00fc\u00fcnis Arox 2tk\/pakis - Horticom.ee\/e-pood","og_description":"L\u00f5hnatu liimp\u00fc\u00fcnis \u2013 kartongist volditav p\u00fc\u00fcnis prussakate ja roomavate putukate p\u00fc\u00fcdmiseks. Ei sisalda insektitsiide, toimib kuni 6 n\u00e4dalat.","og_url":"https:\/\/horticom.ee\/e-pood\/toode\/prussaka-liimpuunis-arox-2tk-pakis\/","og_site_name":"Horticom.ee","article_publisher":"https:\/\/www.facebook.com\/horticom.ee\/e-pood","article_modified_time":"2026-05-08T11:01:04+00:00","og_image":[{"width":1000,"height":1624,"url":"https:\/\/horticom.ee\/e-pood\/wp-content\/uploads\/importedmedia\/product-152481_0-P0228.jpg","type":"image\/jpeg"}],"twitter_card":"summary_large_image","schema":{"@context":"https:\/\/schema.org","@graph":[{"@type":"WebPage","@id":"https:\/\/horticom.ee\/e-pood\/toode\/prussaka-liimpuunis-arox-2tk-pakis\/","url":"https:\/\/horticom.ee\/e-pood\/toode\/prussaka-liimpuunis-arox-2tk-pakis\/","name":"Prussaka liimp\u00fc\u00fcnis Arox 2tk\/pakis - Horticom.ee\/e-pood","isPartOf":{"@id":"https:\/\/horticom.ee\/e-pood\/#website"},"primaryImageOfPage":{"@id":"https:\/\/horticom.ee\/e-pood\/toode\/prussaka-liimpuunis-arox-2tk-pakis\/#primaryimage"},"image":{"@id":"https:\/\/horticom.ee\/e-pood\/toode\/prussaka-liimpuunis-arox-2tk-pakis\/#primaryimage"},"thumbnailUrl":"https:\/\/horticom.ee\/e-pood\/wp-content\/uploads\/importedmedia\/product-152481_0-P0228.jpg","datePublished":"2022-01-17T13:56:51+00:00","dateModified":"2026-05-08T11:01:04+00:00","description":"L\u00f5hnatu liimp\u00fc\u00fcnis \u2013 kartongist volditav p\u00fc\u00fcnis prussakate ja roomavate putukate p\u00fc\u00fcdmiseks. Ei sisalda insektitsiide, toimib kuni 6 n\u00e4dalat.","breadcrumb":{"@id":"https:\/\/horticom.ee\/e-pood\/toode\/prussaka-liimpuunis-arox-2tk-pakis\/#breadcrumb"},"inLanguage":"ru-RU","potentialAction":[{"@type":"ReadAction","target":["https:\/\/horticom.ee\/e-pood\/toode\/prussaka-liimpuunis-arox-2tk-pakis\/"]}]},{"@type":"ImageObject","inLanguage":"ru-RU","@id":"https:\/\/horticom.ee\/e-pood\/toode\/prussaka-liimpuunis-arox-2tk-pakis\/#primaryimage","url":"https:\/\/horticom.ee\/e-pood\/wp-content\/uploads\/importedmedia\/product-152481_0-P0228.jpg","contentUrl":"https:\/\/horticom.ee\/e-pood\/wp-content\/uploads\/importedmedia\/product-152481_0-P0228.jpg","width":1000,"height":1624,"caption":"Prussaka liimp\u00fc\u00fcnis Arox 2tk\/pakis"},{"@type":"BreadcrumbList","@id":"https:\/\/horticom.ee\/e-pood\/toode\/prussaka-liimpuunis-arox-2tk-pakis\/#breadcrumb","itemListElement":[{"@type":"ListItem","position":1,"name":"Home","item":"https:\/\/horticom.ee\/e-pood\/"},{"@type":"ListItem","position":2,"name":"Pood","item":"https:\/\/horticom.ee\/e-pood\/pood\/"},{"@type":"ListItem","position":3,"name":"Prussaka liimp\u00fc\u00fcnis Arox 2tk\/pakis"}]},{"@type":"WebSite","@id":"https:\/\/horticom.ee\/e-pood\/#website","url":"https:\/\/horticom.ee\/e-pood\/","name":"Horticom.ee","description":"Aianduskaubad ja kodukaubad nii harrastajatele kui professionaalidele","potentialAction":[{"@type":"SearchAction","target":{"@type":"EntryPoint","urlTemplate":"https:\/\/horticom.ee\/e-pood\/?s={search_term_string}"},"query-input":{"@type":"PropertyValueSpecification","valueRequired":true,"valueName":"search_term_string"}}],"inLanguage":"ru-RU"}]}},"_links":{"self":[{"href":"https:\/\/horticom.ee\/e-pood\/ru\/wp-json\/wp\/v2\/product\/152481","targetHints":{"allow":["GET"]}}],"collection":[{"href":"https:\/\/horticom.ee\/e-pood\/ru\/wp-json\/wp\/v2\/product"}],"about":[{"href":"https:\/\/horticom.ee\/e-pood\/ru\/wp-json\/wp\/v2\/types\/product"}],"replies":[{"embeddable":true,"href":"https:\/\/horticom.ee\/e-pood\/ru\/wp-json\/wp\/v2\/comments?post=152481"}],"wp:featuredmedia":[{"embeddable":true,"href":"https:\/\/horticom.ee\/e-pood\/ru\/wp-json\/wp\/v2\/media\/179727"}],"wp:attachment":[{"href":"https:\/\/horticom.ee\/e-pood\/ru\/wp-json\/wp\/v2\/media?parent=152481"}],"wp:term":[{"taxonomy":"product_cat","embeddable":true,"href":"https:\/\/horticom.ee\/e-pood\/ru\/wp-json\/wp\/v2\/product_cat?post=152481"},{"taxonomy":"product_tag","embeddable":true,"href":"https:\/\/horticom.ee\/e-pood\/ru\/wp-json\/wp\/v2\/product_tag?post=152481"}],"curies":[{"name":"wp","href":"https:\/\/api.w.org\/{rel}","templated":true}]}}