{"id":152486,"date":"2022-01-17T15:56:54","date_gmt":"2022-01-17T13:56:54","guid":{"rendered":"https:\/\/aednik24.ee\/toode\/herilase-aerosool-biolit-plus-400ml\/"},"modified":"2026-04-17T03:06:43","modified_gmt":"2026-04-17T00:06:43","slug":"herilase-aerosool-biolit-plus-400ml","status":"publish","type":"product","link":"https:\/\/horticom.ee\/e-pood\/ru\/toode\/herilase-aerosool-biolit-plus-400ml\/","title":{"rendered":"Herilase aerosool Biolit Plus 400ml"},"content":{"rendered":"<p>Tapab t\u00e4nu  oma  koostisele otsesel kokkupuutel herilased ja vapsikud ning samuti teised lendavad putukad nagu k\u00e4rbsed, s\u00e4\u00e4sed, koid. J\u00e4tab puhta meeldiva l\u00f5hna. NB! KASUTAGE  BIOTSIIDI  OHUTULT. ENNE KASUTAMIST LUGEGE ALATI L\u00c4BI M\u00c4RGISTUS JA TEAVE TOOTE KOHTA.<\/p>\n","protected":false},"excerpt":{"rendered":"<p>Tapab t\u00e4nu oma koostisele otsesel kokkupuutel herilased ja vapsikud ning samuti teised lendavad putukad nagu k\u00e4rbsed, s\u00e4\u00e4sed, koid. J\u00e4tab puhta meeldiva l\u00f5hna. NB! KASUTAGE BIOTSIIDI OHUTULT. ENNE KASUTAMIST LUGEGE ALATI L\u00c4BI M\u00c4RGISTUS JA TEAVE TOOTE KOHTA.<\/p>\n","protected":false},"featured_media":179703,"comment_status":"closed","ping_status":"closed","template":"","meta":{"_themeisle_gutenberg_block_has_review":false},"product_cat":[13605],"product_tag":[],"class_list":{"0":"post-152486","1":"product","2":"type-product","3":"status-publish","4":"has-post-thumbnail","6":"product_cat-herilased","8":"first","9":"instock","10":"shipping-taxable","11":"purchasable","12":"product-type-simple"},"yoast_head":"<!-- This site is optimized with the Yoast SEO plugin v24.0 - https:\/\/yoast.com\/wordpress\/plugins\/seo\/ -->\n<title>Herilase aerosool Biolit Plus 400ml - Horticom.ee\/e-pood<\/title>\n<meta name=\"description\" content=\"Herilase aerosool Biolit Plus \u2013 H\u00e4vitab herilased, vapsikud ja teised lendavad putukad kokkupuutel, j\u00e4ttes meeldiva l\u00f5hna. Kasutage vastavalt juhistele.\" \/>\n<meta name=\"robots\" content=\"index, follow, max-snippet:-1, max-image-preview:large, max-video-preview:-1\" \/>\n<link rel=\"canonical\" href=\"https:\/\/horticom.ee\/e-pood\/toode\/herilase-aerosool-biolit-plus-400ml\/\" \/>\n<meta property=\"og:locale\" content=\"ru_RU\" \/>\n<meta property=\"og:type\" content=\"article\" \/>\n<meta property=\"og:title\" content=\"Herilase aerosool Biolit Plus 400ml - Horticom.ee\/e-pood\" \/>\n<meta property=\"og:description\" content=\"Herilase aerosool Biolit Plus \u2013 H\u00e4vitab herilased, vapsikud ja teised lendavad putukad kokkupuutel, j\u00e4ttes meeldiva l\u00f5hna. Kasutage vastavalt juhistele.\" \/>\n<meta property=\"og:url\" content=\"https:\/\/horticom.ee\/e-pood\/toode\/herilase-aerosool-biolit-plus-400ml\/\" \/>\n<meta property=\"og:site_name\" content=\"Horticom.ee\" \/>\n<meta property=\"article:publisher\" content=\"https:\/\/www.facebook.com\/horticom.ee\/e-pood\" \/>\n<meta property=\"article:modified_time\" content=\"2026-04-17T00:06:43+00:00\" \/>\n<meta property=\"og:image\" content=\"https:\/\/horticom.ee\/e-pood\/wp-content\/uploads\/importedmedia\/product-152486_0-P0482-scaled.jpg\" \/>\n\t<meta property=\"og:image:width\" content=\"833\" \/>\n\t<meta property=\"og:image:height\" content=\"2560\" \/>\n\t<meta property=\"og:image:type\" content=\"image\/jpeg\" \/>\n<meta name=\"twitter:card\" content=\"summary_large_image\" \/>\n<script type=\"application\/ld+json\" class=\"yoast-schema-graph\">{\"@context\":\"https:\/\/schema.org\",\"@graph\":[{\"@type\":\"WebPage\",\"@id\":\"https:\/\/horticom.ee\/e-pood\/toode\/herilase-aerosool-biolit-plus-400ml\/\",\"url\":\"https:\/\/horticom.ee\/e-pood\/toode\/herilase-aerosool-biolit-plus-400ml\/\",\"name\":\"Herilase aerosool Biolit Plus 400ml - Horticom.ee\/e-pood\",\"isPartOf\":{\"@id\":\"https:\/\/horticom.ee\/e-pood\/#website\"},\"primaryImageOfPage\":{\"@id\":\"https:\/\/horticom.ee\/e-pood\/toode\/herilase-aerosool-biolit-plus-400ml\/#primaryimage\"},\"image\":{\"@id\":\"https:\/\/horticom.ee\/e-pood\/toode\/herilase-aerosool-biolit-plus-400ml\/#primaryimage\"},\"thumbnailUrl\":\"https:\/\/horticom.ee\/e-pood\/wp-content\/uploads\/importedmedia\/product-152486_0-P0482-scaled.jpg\",\"datePublished\":\"2022-01-17T13:56:54+00:00\",\"dateModified\":\"2026-04-17T00:06:43+00:00\",\"description\":\"Herilase aerosool Biolit Plus \u2013 H\u00e4vitab herilased, vapsikud ja teised lendavad putukad kokkupuutel, j\u00e4ttes meeldiva l\u00f5hna. Kasutage vastavalt juhistele.\",\"breadcrumb\":{\"@id\":\"https:\/\/horticom.ee\/e-pood\/toode\/herilase-aerosool-biolit-plus-400ml\/#breadcrumb\"},\"inLanguage\":\"ru-RU\",\"potentialAction\":[{\"@type\":\"ReadAction\",\"target\":[\"https:\/\/horticom.ee\/e-pood\/toode\/herilase-aerosool-biolit-plus-400ml\/\"]}]},{\"@type\":\"ImageObject\",\"inLanguage\":\"ru-RU\",\"@id\":\"https:\/\/horticom.ee\/e-pood\/toode\/herilase-aerosool-biolit-plus-400ml\/#primaryimage\",\"url\":\"https:\/\/horticom.ee\/e-pood\/wp-content\/uploads\/importedmedia\/product-152486_0-P0482-scaled.jpg\",\"contentUrl\":\"https:\/\/horticom.ee\/e-pood\/wp-content\/uploads\/importedmedia\/product-152486_0-P0482-scaled.jpg\",\"width\":833,\"height\":2560,\"caption\":\"Herilase aerosool Biolit Plus 400ml\"},{\"@type\":\"BreadcrumbList\",\"@id\":\"https:\/\/horticom.ee\/e-pood\/toode\/herilase-aerosool-biolit-plus-400ml\/#breadcrumb\",\"itemListElement\":[{\"@type\":\"ListItem\",\"position\":1,\"name\":\"Home\",\"item\":\"https:\/\/horticom.ee\/e-pood\/\"},{\"@type\":\"ListItem\",\"position\":2,\"name\":\"Pood\",\"item\":\"https:\/\/horticom.ee\/e-pood\/pood\/\"},{\"@type\":\"ListItem\",\"position\":3,\"name\":\"Herilase aerosool Biolit Plus 400ml\"}]},{\"@type\":\"WebSite\",\"@id\":\"https:\/\/horticom.ee\/e-pood\/#website\",\"url\":\"https:\/\/horticom.ee\/e-pood\/\",\"name\":\"Horticom.ee\",\"description\":\"Aianduskaubad ja kodukaubad nii harrastajatele kui professionaalidele\",\"potentialAction\":[{\"@type\":\"SearchAction\",\"target\":{\"@type\":\"EntryPoint\",\"urlTemplate\":\"https:\/\/horticom.ee\/e-pood\/?s={search_term_string}\"},\"query-input\":{\"@type\":\"PropertyValueSpecification\",\"valueRequired\":true,\"valueName\":\"search_term_string\"}}],\"inLanguage\":\"ru-RU\"}]}<\/script>\n<!-- \/ Yoast SEO plugin. -->","yoast_head_json":{"title":"Herilase aerosool Biolit Plus 400ml - Horticom.ee\/e-pood","description":"Herilase aerosool Biolit Plus \u2013 H\u00e4vitab herilased, vapsikud ja teised lendavad putukad kokkupuutel, j\u00e4ttes meeldiva l\u00f5hna. Kasutage vastavalt juhistele.","robots":{"index":"index","follow":"follow","max-snippet":"max-snippet:-1","max-image-preview":"max-image-preview:large","max-video-preview":"max-video-preview:-1"},"canonical":"https:\/\/horticom.ee\/e-pood\/toode\/herilase-aerosool-biolit-plus-400ml\/","og_locale":"ru_RU","og_type":"article","og_title":"Herilase aerosool Biolit Plus 400ml - Horticom.ee\/e-pood","og_description":"Herilase aerosool Biolit Plus \u2013 H\u00e4vitab herilased, vapsikud ja teised lendavad putukad kokkupuutel, j\u00e4ttes meeldiva l\u00f5hna. Kasutage vastavalt juhistele.","og_url":"https:\/\/horticom.ee\/e-pood\/toode\/herilase-aerosool-biolit-plus-400ml\/","og_site_name":"Horticom.ee","article_publisher":"https:\/\/www.facebook.com\/horticom.ee\/e-pood","article_modified_time":"2026-04-17T00:06:43+00:00","og_image":[{"width":833,"height":2560,"url":"https:\/\/horticom.ee\/e-pood\/wp-content\/uploads\/importedmedia\/product-152486_0-P0482-scaled.jpg","type":"image\/jpeg"}],"twitter_card":"summary_large_image","schema":{"@context":"https:\/\/schema.org","@graph":[{"@type":"WebPage","@id":"https:\/\/horticom.ee\/e-pood\/toode\/herilase-aerosool-biolit-plus-400ml\/","url":"https:\/\/horticom.ee\/e-pood\/toode\/herilase-aerosool-biolit-plus-400ml\/","name":"Herilase aerosool Biolit Plus 400ml - Horticom.ee\/e-pood","isPartOf":{"@id":"https:\/\/horticom.ee\/e-pood\/#website"},"primaryImageOfPage":{"@id":"https:\/\/horticom.ee\/e-pood\/toode\/herilase-aerosool-biolit-plus-400ml\/#primaryimage"},"image":{"@id":"https:\/\/horticom.ee\/e-pood\/toode\/herilase-aerosool-biolit-plus-400ml\/#primaryimage"},"thumbnailUrl":"https:\/\/horticom.ee\/e-pood\/wp-content\/uploads\/importedmedia\/product-152486_0-P0482-scaled.jpg","datePublished":"2022-01-17T13:56:54+00:00","dateModified":"2026-04-17T00:06:43+00:00","description":"Herilase aerosool Biolit Plus \u2013 H\u00e4vitab herilased, vapsikud ja teised lendavad putukad kokkupuutel, j\u00e4ttes meeldiva l\u00f5hna. Kasutage vastavalt juhistele.","breadcrumb":{"@id":"https:\/\/horticom.ee\/e-pood\/toode\/herilase-aerosool-biolit-plus-400ml\/#breadcrumb"},"inLanguage":"ru-RU","potentialAction":[{"@type":"ReadAction","target":["https:\/\/horticom.ee\/e-pood\/toode\/herilase-aerosool-biolit-plus-400ml\/"]}]},{"@type":"ImageObject","inLanguage":"ru-RU","@id":"https:\/\/horticom.ee\/e-pood\/toode\/herilase-aerosool-biolit-plus-400ml\/#primaryimage","url":"https:\/\/horticom.ee\/e-pood\/wp-content\/uploads\/importedmedia\/product-152486_0-P0482-scaled.jpg","contentUrl":"https:\/\/horticom.ee\/e-pood\/wp-content\/uploads\/importedmedia\/product-152486_0-P0482-scaled.jpg","width":833,"height":2560,"caption":"Herilase aerosool Biolit Plus 400ml"},{"@type":"BreadcrumbList","@id":"https:\/\/horticom.ee\/e-pood\/toode\/herilase-aerosool-biolit-plus-400ml\/#breadcrumb","itemListElement":[{"@type":"ListItem","position":1,"name":"Home","item":"https:\/\/horticom.ee\/e-pood\/"},{"@type":"ListItem","position":2,"name":"Pood","item":"https:\/\/horticom.ee\/e-pood\/pood\/"},{"@type":"ListItem","position":3,"name":"Herilase aerosool Biolit Plus 400ml"}]},{"@type":"WebSite","@id":"https:\/\/horticom.ee\/e-pood\/#website","url":"https:\/\/horticom.ee\/e-pood\/","name":"Horticom.ee","description":"Aianduskaubad ja kodukaubad nii harrastajatele kui professionaalidele","potentialAction":[{"@type":"SearchAction","target":{"@type":"EntryPoint","urlTemplate":"https:\/\/horticom.ee\/e-pood\/?s={search_term_string}"},"query-input":{"@type":"PropertyValueSpecification","valueRequired":true,"valueName":"search_term_string"}}],"inLanguage":"ru-RU"}]}},"_links":{"self":[{"href":"https:\/\/horticom.ee\/e-pood\/ru\/wp-json\/wp\/v2\/product\/152486","targetHints":{"allow":["GET"]}}],"collection":[{"href":"https:\/\/horticom.ee\/e-pood\/ru\/wp-json\/wp\/v2\/product"}],"about":[{"href":"https:\/\/horticom.ee\/e-pood\/ru\/wp-json\/wp\/v2\/types\/product"}],"replies":[{"embeddable":true,"href":"https:\/\/horticom.ee\/e-pood\/ru\/wp-json\/wp\/v2\/comments?post=152486"}],"wp:featuredmedia":[{"embeddable":true,"href":"https:\/\/horticom.ee\/e-pood\/ru\/wp-json\/wp\/v2\/media\/179703"}],"wp:attachment":[{"href":"https:\/\/horticom.ee\/e-pood\/ru\/wp-json\/wp\/v2\/media?parent=152486"}],"wp:term":[{"taxonomy":"product_cat","embeddable":true,"href":"https:\/\/horticom.ee\/e-pood\/ru\/wp-json\/wp\/v2\/product_cat?post=152486"},{"taxonomy":"product_tag","embeddable":true,"href":"https:\/\/horticom.ee\/e-pood\/ru\/wp-json\/wp\/v2\/product_tag?post=152486"}],"curies":[{"name":"wp","href":"https:\/\/api.w.org\/{rel}","templated":true}]}}