{"id":152505,"date":"2022-01-17T15:57:03","date_gmt":"2022-01-17T13:57:03","guid":{"rendered":"https:\/\/aednik24.ee\/toode\/putuka-liimpaber-silva-puutuvele-5m\/"},"modified":"2026-04-18T03:06:16","modified_gmt":"2026-04-18T00:06:16","slug":"putuka-liimpaber-silva-puutuvele-5m","status":"publish","type":"product","link":"https:\/\/horticom.ee\/e-pood\/ru\/toode\/putuka-liimpaber-silva-puutuvele-5m\/","title":{"rendered":"Putuka liimpaber Silva puut\u00fcvele 5m"},"content":{"rendered":"<p>Kaitseb vilja- ja dekoratiivpuid kahjurputukate nagu n\u00e4iteks k\u00fclmavaksikute, sipelgate jt. roomavate putukate eest. Liimpaberi asetamine \u00fcmber puut\u00fcve on lihtne, see ei lase putukatel m\u00f6\u00f6da t\u00fcve \u00fcles ronida. Liimpind on vett h\u00fclgav ja talub erinevad ilmastikutingimusi. Liimpaber asetatakse vahtkummist r\u00f5ngale, mis omakorda kaitseb puud ega lase putukatel p\u00fc\u00fcnise ja puukoore vahelt l\u00e4bi tungida. K\u00fclmavaksikute t\u00f5rjeks m\u00e4hkida t\u00fcved s\u00fcgisel kuna lennuv\u00f5imetud emased k\u00fclmavaksikud ronivad puudele paarituma ja munema s\u00fcgisel. Sipelgate t\u00f5rjeks tuleks asetada liimpaber kevadel.<\/p>\n","protected":false},"excerpt":{"rendered":"<p>Kaitseb vilja- ja dekoratiivpuid kahjurputukate nagu n\u00e4iteks k\u00fclmavaksikute, sipelgate jt. roomavate putukate eest. Liimpaberi asetamine \u00fcmber puut\u00fcve on lihtne, see ei lase putukatel m\u00f6\u00f6da t\u00fcve \u00fcles ronida. Liimpind on vett h\u00fclgav ja talub erinevad ilmastikutingimusi. Liimpaber asetatakse vahtkummist r\u00f5ngale, mis omakorda kaitseb puud ega lase putukatel p\u00fc\u00fcnise ja puukoore vahelt l\u00e4bi tungida. K\u00fclmavaksikute t\u00f5rjeks m\u00e4hkida [&hellip;]<\/p>\n","protected":false},"featured_media":179655,"comment_status":"closed","ping_status":"closed","template":"","meta":{"_themeisle_gutenberg_block_has_review":false},"product_cat":[18340],"product_tag":[],"class_list":{"0":"post-152505","1":"product","2":"type-product","3":"status-publish","4":"has-post-thumbnail","6":"product_cat-tuve-kaitsevahendid","8":"first","9":"instock","10":"sale","11":"shipping-taxable","12":"purchasable","13":"product-type-simple"},"yoast_head":"<!-- This site is optimized with the Yoast SEO plugin v24.0 - https:\/\/yoast.com\/wordpress\/plugins\/seo\/ -->\n<title>Putuka liimpaber Silva puut\u00fcvele 5m - Horticom.ee\/e-pood<\/title>\n<meta name=\"description\" content=\"Kahjurite t\u00f5rje liimpaber \u2013 Kaitseb puid k\u00fclmavaksikute ja sipelgate eest. Liimpaber takistab putukatel m\u00f6\u00f6da t\u00fcve ronimast, vett h\u00fclgav.\" \/>\n<meta name=\"robots\" content=\"index, follow, max-snippet:-1, max-image-preview:large, max-video-preview:-1\" \/>\n<link rel=\"canonical\" href=\"https:\/\/horticom.ee\/e-pood\/toode\/putuka-liimpaber-silva-puutuvele-5m\/\" \/>\n<meta property=\"og:locale\" content=\"ru_RU\" \/>\n<meta property=\"og:type\" content=\"article\" \/>\n<meta property=\"og:title\" content=\"Putuka liimpaber Silva puut\u00fcvele 5m - Horticom.ee\/e-pood\" \/>\n<meta property=\"og:description\" content=\"Kahjurite t\u00f5rje liimpaber \u2013 Kaitseb puid k\u00fclmavaksikute ja sipelgate eest. Liimpaber takistab putukatel m\u00f6\u00f6da t\u00fcve ronimast, vett h\u00fclgav.\" \/>\n<meta property=\"og:url\" content=\"https:\/\/horticom.ee\/e-pood\/toode\/putuka-liimpaber-silva-puutuvele-5m\/\" \/>\n<meta property=\"og:site_name\" content=\"Horticom.ee\" \/>\n<meta property=\"article:publisher\" content=\"https:\/\/www.facebook.com\/horticom.ee\/e-pood\" \/>\n<meta property=\"article:modified_time\" content=\"2026-04-18T00:06:16+00:00\" \/>\n<meta property=\"og:image\" content=\"https:\/\/horticom.ee\/e-pood\/wp-content\/uploads\/importedmedia\/product-152505_0-P0954.jpg\" \/>\n\t<meta property=\"og:image:width\" content=\"999\" \/>\n\t<meta property=\"og:image:height\" content=\"886\" \/>\n\t<meta property=\"og:image:type\" content=\"image\/jpeg\" \/>\n<meta name=\"twitter:card\" content=\"summary_large_image\" \/>\n<script type=\"application\/ld+json\" class=\"yoast-schema-graph\">{\"@context\":\"https:\/\/schema.org\",\"@graph\":[{\"@type\":\"WebPage\",\"@id\":\"https:\/\/horticom.ee\/e-pood\/toode\/putuka-liimpaber-silva-puutuvele-5m\/\",\"url\":\"https:\/\/horticom.ee\/e-pood\/toode\/putuka-liimpaber-silva-puutuvele-5m\/\",\"name\":\"Putuka liimpaber Silva puut\u00fcvele 5m - Horticom.ee\/e-pood\",\"isPartOf\":{\"@id\":\"https:\/\/horticom.ee\/e-pood\/#website\"},\"primaryImageOfPage\":{\"@id\":\"https:\/\/horticom.ee\/e-pood\/toode\/putuka-liimpaber-silva-puutuvele-5m\/#primaryimage\"},\"image\":{\"@id\":\"https:\/\/horticom.ee\/e-pood\/toode\/putuka-liimpaber-silva-puutuvele-5m\/#primaryimage\"},\"thumbnailUrl\":\"https:\/\/horticom.ee\/e-pood\/wp-content\/uploads\/importedmedia\/product-152505_0-P0954.jpg\",\"datePublished\":\"2022-01-17T13:57:03+00:00\",\"dateModified\":\"2026-04-18T00:06:16+00:00\",\"description\":\"Kahjurite t\u00f5rje liimpaber \u2013 Kaitseb puid k\u00fclmavaksikute ja sipelgate eest. Liimpaber takistab putukatel m\u00f6\u00f6da t\u00fcve ronimast, vett h\u00fclgav.\",\"breadcrumb\":{\"@id\":\"https:\/\/horticom.ee\/e-pood\/toode\/putuka-liimpaber-silva-puutuvele-5m\/#breadcrumb\"},\"inLanguage\":\"ru-RU\",\"potentialAction\":[{\"@type\":\"ReadAction\",\"target\":[\"https:\/\/horticom.ee\/e-pood\/toode\/putuka-liimpaber-silva-puutuvele-5m\/\"]}]},{\"@type\":\"ImageObject\",\"inLanguage\":\"ru-RU\",\"@id\":\"https:\/\/horticom.ee\/e-pood\/toode\/putuka-liimpaber-silva-puutuvele-5m\/#primaryimage\",\"url\":\"https:\/\/horticom.ee\/e-pood\/wp-content\/uploads\/importedmedia\/product-152505_0-P0954.jpg\",\"contentUrl\":\"https:\/\/horticom.ee\/e-pood\/wp-content\/uploads\/importedmedia\/product-152505_0-P0954.jpg\",\"width\":999,\"height\":886,\"caption\":\"Putuka liimpaber Silva puut\u00fcvele 5m\"},{\"@type\":\"BreadcrumbList\",\"@id\":\"https:\/\/horticom.ee\/e-pood\/toode\/putuka-liimpaber-silva-puutuvele-5m\/#breadcrumb\",\"itemListElement\":[{\"@type\":\"ListItem\",\"position\":1,\"name\":\"Home\",\"item\":\"https:\/\/horticom.ee\/e-pood\/\"},{\"@type\":\"ListItem\",\"position\":2,\"name\":\"Pood\",\"item\":\"https:\/\/horticom.ee\/e-pood\/pood\/\"},{\"@type\":\"ListItem\",\"position\":3,\"name\":\"Putuka liimpaber Silva puut\u00fcvele 5m\"}]},{\"@type\":\"WebSite\",\"@id\":\"https:\/\/horticom.ee\/e-pood\/#website\",\"url\":\"https:\/\/horticom.ee\/e-pood\/\",\"name\":\"Horticom.ee\",\"description\":\"Aianduskaubad ja kodukaubad nii harrastajatele kui professionaalidele\",\"potentialAction\":[{\"@type\":\"SearchAction\",\"target\":{\"@type\":\"EntryPoint\",\"urlTemplate\":\"https:\/\/horticom.ee\/e-pood\/?s={search_term_string}\"},\"query-input\":{\"@type\":\"PropertyValueSpecification\",\"valueRequired\":true,\"valueName\":\"search_term_string\"}}],\"inLanguage\":\"ru-RU\"}]}<\/script>\n<!-- \/ Yoast SEO plugin. -->","yoast_head_json":{"title":"Putuka liimpaber Silva puut\u00fcvele 5m - Horticom.ee\/e-pood","description":"Kahjurite t\u00f5rje liimpaber \u2013 Kaitseb puid k\u00fclmavaksikute ja sipelgate eest. Liimpaber takistab putukatel m\u00f6\u00f6da t\u00fcve ronimast, vett h\u00fclgav.","robots":{"index":"index","follow":"follow","max-snippet":"max-snippet:-1","max-image-preview":"max-image-preview:large","max-video-preview":"max-video-preview:-1"},"canonical":"https:\/\/horticom.ee\/e-pood\/toode\/putuka-liimpaber-silva-puutuvele-5m\/","og_locale":"ru_RU","og_type":"article","og_title":"Putuka liimpaber Silva puut\u00fcvele 5m - Horticom.ee\/e-pood","og_description":"Kahjurite t\u00f5rje liimpaber \u2013 Kaitseb puid k\u00fclmavaksikute ja sipelgate eest. Liimpaber takistab putukatel m\u00f6\u00f6da t\u00fcve ronimast, vett h\u00fclgav.","og_url":"https:\/\/horticom.ee\/e-pood\/toode\/putuka-liimpaber-silva-puutuvele-5m\/","og_site_name":"Horticom.ee","article_publisher":"https:\/\/www.facebook.com\/horticom.ee\/e-pood","article_modified_time":"2026-04-18T00:06:16+00:00","og_image":[{"width":999,"height":886,"url":"https:\/\/horticom.ee\/e-pood\/wp-content\/uploads\/importedmedia\/product-152505_0-P0954.jpg","type":"image\/jpeg"}],"twitter_card":"summary_large_image","schema":{"@context":"https:\/\/schema.org","@graph":[{"@type":"WebPage","@id":"https:\/\/horticom.ee\/e-pood\/toode\/putuka-liimpaber-silva-puutuvele-5m\/","url":"https:\/\/horticom.ee\/e-pood\/toode\/putuka-liimpaber-silva-puutuvele-5m\/","name":"Putuka liimpaber Silva puut\u00fcvele 5m - Horticom.ee\/e-pood","isPartOf":{"@id":"https:\/\/horticom.ee\/e-pood\/#website"},"primaryImageOfPage":{"@id":"https:\/\/horticom.ee\/e-pood\/toode\/putuka-liimpaber-silva-puutuvele-5m\/#primaryimage"},"image":{"@id":"https:\/\/horticom.ee\/e-pood\/toode\/putuka-liimpaber-silva-puutuvele-5m\/#primaryimage"},"thumbnailUrl":"https:\/\/horticom.ee\/e-pood\/wp-content\/uploads\/importedmedia\/product-152505_0-P0954.jpg","datePublished":"2022-01-17T13:57:03+00:00","dateModified":"2026-04-18T00:06:16+00:00","description":"Kahjurite t\u00f5rje liimpaber \u2013 Kaitseb puid k\u00fclmavaksikute ja sipelgate eest. Liimpaber takistab putukatel m\u00f6\u00f6da t\u00fcve ronimast, vett h\u00fclgav.","breadcrumb":{"@id":"https:\/\/horticom.ee\/e-pood\/toode\/putuka-liimpaber-silva-puutuvele-5m\/#breadcrumb"},"inLanguage":"ru-RU","potentialAction":[{"@type":"ReadAction","target":["https:\/\/horticom.ee\/e-pood\/toode\/putuka-liimpaber-silva-puutuvele-5m\/"]}]},{"@type":"ImageObject","inLanguage":"ru-RU","@id":"https:\/\/horticom.ee\/e-pood\/toode\/putuka-liimpaber-silva-puutuvele-5m\/#primaryimage","url":"https:\/\/horticom.ee\/e-pood\/wp-content\/uploads\/importedmedia\/product-152505_0-P0954.jpg","contentUrl":"https:\/\/horticom.ee\/e-pood\/wp-content\/uploads\/importedmedia\/product-152505_0-P0954.jpg","width":999,"height":886,"caption":"Putuka liimpaber Silva puut\u00fcvele 5m"},{"@type":"BreadcrumbList","@id":"https:\/\/horticom.ee\/e-pood\/toode\/putuka-liimpaber-silva-puutuvele-5m\/#breadcrumb","itemListElement":[{"@type":"ListItem","position":1,"name":"Home","item":"https:\/\/horticom.ee\/e-pood\/"},{"@type":"ListItem","position":2,"name":"Pood","item":"https:\/\/horticom.ee\/e-pood\/pood\/"},{"@type":"ListItem","position":3,"name":"Putuka liimpaber Silva puut\u00fcvele 5m"}]},{"@type":"WebSite","@id":"https:\/\/horticom.ee\/e-pood\/#website","url":"https:\/\/horticom.ee\/e-pood\/","name":"Horticom.ee","description":"Aianduskaubad ja kodukaubad nii harrastajatele kui professionaalidele","potentialAction":[{"@type":"SearchAction","target":{"@type":"EntryPoint","urlTemplate":"https:\/\/horticom.ee\/e-pood\/?s={search_term_string}"},"query-input":{"@type":"PropertyValueSpecification","valueRequired":true,"valueName":"search_term_string"}}],"inLanguage":"ru-RU"}]}},"_links":{"self":[{"href":"https:\/\/horticom.ee\/e-pood\/ru\/wp-json\/wp\/v2\/product\/152505","targetHints":{"allow":["GET"]}}],"collection":[{"href":"https:\/\/horticom.ee\/e-pood\/ru\/wp-json\/wp\/v2\/product"}],"about":[{"href":"https:\/\/horticom.ee\/e-pood\/ru\/wp-json\/wp\/v2\/types\/product"}],"replies":[{"embeddable":true,"href":"https:\/\/horticom.ee\/e-pood\/ru\/wp-json\/wp\/v2\/comments?post=152505"}],"wp:featuredmedia":[{"embeddable":true,"href":"https:\/\/horticom.ee\/e-pood\/ru\/wp-json\/wp\/v2\/media\/179655"}],"wp:attachment":[{"href":"https:\/\/horticom.ee\/e-pood\/ru\/wp-json\/wp\/v2\/media?parent=152505"}],"wp:term":[{"taxonomy":"product_cat","embeddable":true,"href":"https:\/\/horticom.ee\/e-pood\/ru\/wp-json\/wp\/v2\/product_cat?post=152505"},{"taxonomy":"product_tag","embeddable":true,"href":"https:\/\/horticom.ee\/e-pood\/ru\/wp-json\/wp\/v2\/product_tag?post=152505"}],"curies":[{"name":"wp","href":"https:\/\/api.w.org\/{rel}","templated":true}]}}