{"id":152510,"date":"2022-01-17T15:57:06","date_gmt":"2022-01-17T13:57:06","guid":{"rendered":"https:\/\/aednik24.ee\/toode\/maraton-vaetisetabletid-suvelilledele-horticom-10tk\/"},"modified":"2026-04-20T18:14:25","modified_gmt":"2026-04-20T15:14:25","slug":"maraton-vaetisetabletid-suvelilledele-horticom-10tk","status":"publish","type":"product","link":"https:\/\/horticom.ee\/e-pood\/ru\/toode\/maraton-vaetisetabletid-suvelilledele-horticom-10tk\/","title":{"rendered":"MARATON v\u00e4etisetabletid suvelilledele Horticom 10tk"},"content":{"rendered":"<p>T\u00e4isv\u00e4etis koos vajalike mikroelementidega. T\u00e4nu koonilisele kujule on tabletti lihtne kasvusubstraati suruda. Tableti kaal 7,5 g. Kestvus 5-6 kuud. Sobib konteiner- ja amplitaimede v\u00e4etamiseks. Soovitatav kulunorm 1 tbl. 2-3 l kasvusubstraadi kohta. V\u00e4etises olevad toitained j\u00f5uavad taimeni \u00fchtlaselt, selle omastamist m\u00f5jutab kasvupinnase temperatuur ja niiskus. +21C juures j\u00e4tkub toitaineid 5-6 kuuks. Iga v\u00e4etisegraanul sisaldab k\u00f5iki NPK elemente, sealhulgas mikroelemente Mg, B, Fe, Cu, Mn, Zn ja Mo. Toitained vabanevad graanulitest igap\u00e4evaselt, muutes taimed tugevaks ja kauniks.<\/p>\n","protected":false},"excerpt":{"rendered":"<p>T\u00e4isv\u00e4etis koos vajalike mikroelementidega. T\u00e4nu koonilisele kujule on tabletti lihtne kasvusubstraati suruda. Tableti kaal 7,5 g. Kestvus 5-6 kuud. Sobib konteiner- ja amplitaimede v\u00e4etamiseks. Soovitatav kulunorm 1 tbl. 2-3 l kasvusubstraadi kohta. V\u00e4etises olevad toitained j\u00f5uavad taimeni \u00fchtlaselt, selle omastamist m\u00f5jutab kasvupinnase temperatuur ja niiskus. +21C juures j\u00e4tkub toitaineid 5-6 kuuks. Iga v\u00e4etisegraanul sisaldab k\u00f5iki [&hellip;]<\/p>\n","protected":false},"featured_media":2370663,"comment_status":"closed","ping_status":"closed","template":"","meta":{"_themeisle_gutenberg_block_has_review":false},"product_cat":[16962,16964],"product_tag":[],"class_list":{"0":"post-152510","1":"product","2":"type-product","3":"status-publish","4":"has-post-thumbnail","6":"product_cat-ilupoosastele-ja-pusikutele","7":"product_cat-suvelilledele-ja-rodutaimedele","9":"first","10":"instock","11":"shipping-taxable","12":"purchasable","13":"product-type-simple"},"yoast_head":"<!-- This site is optimized with the Yoast SEO plugin v24.0 - https:\/\/yoast.com\/wordpress\/plugins\/seo\/ -->\n<title>MARATON v\u00e4etisetabletid suvelilledele Horticom 10tk - Horticom<\/title>\n<meta name=\"robots\" content=\"index, follow, max-snippet:-1, max-image-preview:large, max-video-preview:-1\" \/>\n<link rel=\"canonical\" href=\"https:\/\/horticom.ee\/e-pood\/toode\/maraton-vaetisetabletid-suvelilledele-horticom-10tk\/\" \/>\n<meta property=\"og:locale\" content=\"ru_RU\" \/>\n<meta property=\"og:type\" content=\"article\" \/>\n<meta property=\"og:title\" content=\"MARATON v\u00e4etisetabletid suvelilledele Horticom 10tk - Horticom\" \/>\n<meta property=\"og:description\" content=\"T\u00e4isv\u00e4etis koos vajalike mikroelementidega. T\u00e4nu koonilisele kujule on tabletti lihtne kasvusubstraati suruda. Tableti kaal 7,5 g. Kestvus 5-6 kuud. Sobib konteiner- ja amplitaimede v\u00e4etamiseks. Soovitatav kulunorm 1 tbl. 2-3 l kasvusubstraadi kohta. V\u00e4etises olevad toitained j\u00f5uavad taimeni \u00fchtlaselt, selle omastamist m\u00f5jutab kasvupinnase temperatuur ja niiskus. +21C juures j\u00e4tkub toitaineid 5-6 kuuks. Iga v\u00e4etisegraanul sisaldab k\u00f5iki [&hellip;]\" \/>\n<meta property=\"og:url\" content=\"https:\/\/horticom.ee\/e-pood\/toode\/maraton-vaetisetabletid-suvelilledele-horticom-10tk\/\" \/>\n<meta property=\"og:site_name\" content=\"Horticom.ee\" \/>\n<meta property=\"article:publisher\" content=\"https:\/\/www.facebook.com\/horticom.ee\/e-pood\" \/>\n<meta property=\"article:modified_time\" content=\"2026-04-20T15:14:25+00:00\" \/>\n<meta property=\"og:image\" content=\"https:\/\/horticom.ee\/e-pood\/wp-content\/uploads\/2022\/01\/4742145007013.jpg\" \/>\n\t<meta property=\"og:image:width\" content=\"1200\" \/>\n\t<meta property=\"og:image:height\" content=\"1200\" \/>\n\t<meta property=\"og:image:type\" content=\"image\/jpeg\" \/>\n<meta name=\"twitter:card\" content=\"summary_large_image\" \/>\n<meta name=\"twitter:label1\" content=\"\u041f\u0440\u0438\u043c\u0435\u0440\u043d\u043e\u0435 \u0432\u0440\u0435\u043c\u044f \u0434\u043b\u044f \u0447\u0442\u0435\u043d\u0438\u044f\" \/>\n\t<meta name=\"twitter:data1\" content=\"1 \u043c\u0438\u043d\u0443\u0442\u0430\" \/>\n<script type=\"application\/ld+json\" class=\"yoast-schema-graph\">{\"@context\":\"https:\/\/schema.org\",\"@graph\":[{\"@type\":\"WebPage\",\"@id\":\"https:\/\/horticom.ee\/e-pood\/toode\/maraton-vaetisetabletid-suvelilledele-horticom-10tk\/\",\"url\":\"https:\/\/horticom.ee\/e-pood\/toode\/maraton-vaetisetabletid-suvelilledele-horticom-10tk\/\",\"name\":\"MARATON v\u00e4etisetabletid suvelilledele Horticom 10tk - Horticom\",\"isPartOf\":{\"@id\":\"https:\/\/horticom.ee\/e-pood\/#website\"},\"primaryImageOfPage\":{\"@id\":\"https:\/\/horticom.ee\/e-pood\/toode\/maraton-vaetisetabletid-suvelilledele-horticom-10tk\/#primaryimage\"},\"image\":{\"@id\":\"https:\/\/horticom.ee\/e-pood\/toode\/maraton-vaetisetabletid-suvelilledele-horticom-10tk\/#primaryimage\"},\"thumbnailUrl\":\"https:\/\/horticom.ee\/e-pood\/wp-content\/uploads\/2022\/01\/4742145007013.jpg\",\"datePublished\":\"2022-01-17T13:57:06+00:00\",\"dateModified\":\"2026-04-20T15:14:25+00:00\",\"breadcrumb\":{\"@id\":\"https:\/\/horticom.ee\/e-pood\/toode\/maraton-vaetisetabletid-suvelilledele-horticom-10tk\/#breadcrumb\"},\"inLanguage\":\"ru-RU\",\"potentialAction\":[{\"@type\":\"ReadAction\",\"target\":[\"https:\/\/horticom.ee\/e-pood\/toode\/maraton-vaetisetabletid-suvelilledele-horticom-10tk\/\"]}]},{\"@type\":\"ImageObject\",\"inLanguage\":\"ru-RU\",\"@id\":\"https:\/\/horticom.ee\/e-pood\/toode\/maraton-vaetisetabletid-suvelilledele-horticom-10tk\/#primaryimage\",\"url\":\"https:\/\/horticom.ee\/e-pood\/wp-content\/uploads\/2022\/01\/4742145007013.jpg\",\"contentUrl\":\"https:\/\/horticom.ee\/e-pood\/wp-content\/uploads\/2022\/01\/4742145007013.jpg\",\"width\":1200,\"height\":1200},{\"@type\":\"BreadcrumbList\",\"@id\":\"https:\/\/horticom.ee\/e-pood\/toode\/maraton-vaetisetabletid-suvelilledele-horticom-10tk\/#breadcrumb\",\"itemListElement\":[{\"@type\":\"ListItem\",\"position\":1,\"name\":\"Home\",\"item\":\"https:\/\/horticom.ee\/e-pood\/\"},{\"@type\":\"ListItem\",\"position\":2,\"name\":\"Pood\",\"item\":\"https:\/\/horticom.ee\/e-pood\/pood\/\"},{\"@type\":\"ListItem\",\"position\":3,\"name\":\"MARATON v\u00e4etisetabletid suvelilledele Horticom 10tk\"}]},{\"@type\":\"WebSite\",\"@id\":\"https:\/\/horticom.ee\/e-pood\/#website\",\"url\":\"https:\/\/horticom.ee\/e-pood\/\",\"name\":\"Horticom.ee\",\"description\":\"Aianduskaubad ja kodukaubad nii harrastajatele kui professionaalidele\",\"potentialAction\":[{\"@type\":\"SearchAction\",\"target\":{\"@type\":\"EntryPoint\",\"urlTemplate\":\"https:\/\/horticom.ee\/e-pood\/?s={search_term_string}\"},\"query-input\":{\"@type\":\"PropertyValueSpecification\",\"valueRequired\":true,\"valueName\":\"search_term_string\"}}],\"inLanguage\":\"ru-RU\"}]}<\/script>\n<!-- \/ Yoast SEO plugin. -->","yoast_head_json":{"title":"MARATON v\u00e4etisetabletid suvelilledele Horticom 10tk - Horticom","robots":{"index":"index","follow":"follow","max-snippet":"max-snippet:-1","max-image-preview":"max-image-preview:large","max-video-preview":"max-video-preview:-1"},"canonical":"https:\/\/horticom.ee\/e-pood\/toode\/maraton-vaetisetabletid-suvelilledele-horticom-10tk\/","og_locale":"ru_RU","og_type":"article","og_title":"MARATON v\u00e4etisetabletid suvelilledele Horticom 10tk - Horticom","og_description":"T\u00e4isv\u00e4etis koos vajalike mikroelementidega. T\u00e4nu koonilisele kujule on tabletti lihtne kasvusubstraati suruda. Tableti kaal 7,5 g. Kestvus 5-6 kuud. Sobib konteiner- ja amplitaimede v\u00e4etamiseks. Soovitatav kulunorm 1 tbl. 2-3 l kasvusubstraadi kohta. V\u00e4etises olevad toitained j\u00f5uavad taimeni \u00fchtlaselt, selle omastamist m\u00f5jutab kasvupinnase temperatuur ja niiskus. +21C juures j\u00e4tkub toitaineid 5-6 kuuks. Iga v\u00e4etisegraanul sisaldab k\u00f5iki [&hellip;]","og_url":"https:\/\/horticom.ee\/e-pood\/toode\/maraton-vaetisetabletid-suvelilledele-horticom-10tk\/","og_site_name":"Horticom.ee","article_publisher":"https:\/\/www.facebook.com\/horticom.ee\/e-pood","article_modified_time":"2026-04-20T15:14:25+00:00","og_image":[{"width":1200,"height":1200,"url":"https:\/\/horticom.ee\/e-pood\/wp-content\/uploads\/2022\/01\/4742145007013.jpg","type":"image\/jpeg"}],"twitter_card":"summary_large_image","twitter_misc":{"\u041f\u0440\u0438\u043c\u0435\u0440\u043d\u043e\u0435 \u0432\u0440\u0435\u043c\u044f \u0434\u043b\u044f \u0447\u0442\u0435\u043d\u0438\u044f":"1 \u043c\u0438\u043d\u0443\u0442\u0430"},"schema":{"@context":"https:\/\/schema.org","@graph":[{"@type":"WebPage","@id":"https:\/\/horticom.ee\/e-pood\/toode\/maraton-vaetisetabletid-suvelilledele-horticom-10tk\/","url":"https:\/\/horticom.ee\/e-pood\/toode\/maraton-vaetisetabletid-suvelilledele-horticom-10tk\/","name":"MARATON v\u00e4etisetabletid suvelilledele Horticom 10tk - Horticom","isPartOf":{"@id":"https:\/\/horticom.ee\/e-pood\/#website"},"primaryImageOfPage":{"@id":"https:\/\/horticom.ee\/e-pood\/toode\/maraton-vaetisetabletid-suvelilledele-horticom-10tk\/#primaryimage"},"image":{"@id":"https:\/\/horticom.ee\/e-pood\/toode\/maraton-vaetisetabletid-suvelilledele-horticom-10tk\/#primaryimage"},"thumbnailUrl":"https:\/\/horticom.ee\/e-pood\/wp-content\/uploads\/2022\/01\/4742145007013.jpg","datePublished":"2022-01-17T13:57:06+00:00","dateModified":"2026-04-20T15:14:25+00:00","breadcrumb":{"@id":"https:\/\/horticom.ee\/e-pood\/toode\/maraton-vaetisetabletid-suvelilledele-horticom-10tk\/#breadcrumb"},"inLanguage":"ru-RU","potentialAction":[{"@type":"ReadAction","target":["https:\/\/horticom.ee\/e-pood\/toode\/maraton-vaetisetabletid-suvelilledele-horticom-10tk\/"]}]},{"@type":"ImageObject","inLanguage":"ru-RU","@id":"https:\/\/horticom.ee\/e-pood\/toode\/maraton-vaetisetabletid-suvelilledele-horticom-10tk\/#primaryimage","url":"https:\/\/horticom.ee\/e-pood\/wp-content\/uploads\/2022\/01\/4742145007013.jpg","contentUrl":"https:\/\/horticom.ee\/e-pood\/wp-content\/uploads\/2022\/01\/4742145007013.jpg","width":1200,"height":1200},{"@type":"BreadcrumbList","@id":"https:\/\/horticom.ee\/e-pood\/toode\/maraton-vaetisetabletid-suvelilledele-horticom-10tk\/#breadcrumb","itemListElement":[{"@type":"ListItem","position":1,"name":"Home","item":"https:\/\/horticom.ee\/e-pood\/"},{"@type":"ListItem","position":2,"name":"Pood","item":"https:\/\/horticom.ee\/e-pood\/pood\/"},{"@type":"ListItem","position":3,"name":"MARATON v\u00e4etisetabletid suvelilledele Horticom 10tk"}]},{"@type":"WebSite","@id":"https:\/\/horticom.ee\/e-pood\/#website","url":"https:\/\/horticom.ee\/e-pood\/","name":"Horticom.ee","description":"Aianduskaubad ja kodukaubad nii harrastajatele kui professionaalidele","potentialAction":[{"@type":"SearchAction","target":{"@type":"EntryPoint","urlTemplate":"https:\/\/horticom.ee\/e-pood\/?s={search_term_string}"},"query-input":{"@type":"PropertyValueSpecification","valueRequired":true,"valueName":"search_term_string"}}],"inLanguage":"ru-RU"}]}},"_links":{"self":[{"href":"https:\/\/horticom.ee\/e-pood\/ru\/wp-json\/wp\/v2\/product\/152510","targetHints":{"allow":["GET"]}}],"collection":[{"href":"https:\/\/horticom.ee\/e-pood\/ru\/wp-json\/wp\/v2\/product"}],"about":[{"href":"https:\/\/horticom.ee\/e-pood\/ru\/wp-json\/wp\/v2\/types\/product"}],"replies":[{"embeddable":true,"href":"https:\/\/horticom.ee\/e-pood\/ru\/wp-json\/wp\/v2\/comments?post=152510"}],"wp:featuredmedia":[{"embeddable":true,"href":"https:\/\/horticom.ee\/e-pood\/ru\/wp-json\/wp\/v2\/media\/2370663"}],"wp:attachment":[{"href":"https:\/\/horticom.ee\/e-pood\/ru\/wp-json\/wp\/v2\/media?parent=152510"}],"wp:term":[{"taxonomy":"product_cat","embeddable":true,"href":"https:\/\/horticom.ee\/e-pood\/ru\/wp-json\/wp\/v2\/product_cat?post=152510"},{"taxonomy":"product_tag","embeddable":true,"href":"https:\/\/horticom.ee\/e-pood\/ru\/wp-json\/wp\/v2\/product_tag?post=152510"}],"curies":[{"name":"wp","href":"https:\/\/api.w.org\/{rel}","templated":true}]}}