{"id":152532,"date":"2022-01-17T15:57:18","date_gmt":"2022-01-17T13:57:18","guid":{"rendered":"https:\/\/aednik24.ee\/toode\/korge-raudurt-verbena-bonariensis\/"},"modified":"2026-05-04T03:03:09","modified_gmt":"2026-05-04T00:03:09","slug":"korge-raudurt-verbena-bonariensis","status":"publish","type":"product","link":"https:\/\/horticom.ee\/e-pood\/ru\/toode\/korge-raudurt-verbena-bonariensis\/","title":{"rendered":"K\u00f5rge raud\u00fcrt Verbena bonariensis"},"content":{"rendered":"<p>K\u00f5rge raud\u00fcrt on \u00fcheaastane, k\u00f5rgekasvuline kaunitar tugevate, ilmastikukindlate vartega kasvab kuni 150cm k\u00f5rguseks. \u00d5ied \u00f5rn-lillad, \u00f5itseb kuni s\u00fcgiseste k\u00fclmadeni. \u00dcks viimaseid suvelilli, kes meid oma \u00f5itega s\u00fcgisel veel r\u00f5\u00f5mustab. Eelistab p\u00e4ikesepaistelist kasvukohta ja toitaineterikast mulda.<\/p>\n","protected":false},"excerpt":{"rendered":"<p>K\u00f5rge raud\u00fcrt on \u00fcheaastane, k\u00f5rgekasvuline kaunitar tugevate, ilmastikukindlate vartega kasvab kuni 150cm k\u00f5rguseks. \u00d5ied \u00f5rn-lillad, \u00f5itseb kuni s\u00fcgiseste k\u00fclmadeni. \u00dcks viimaseid suvelilli, kes meid oma \u00f5itega s\u00fcgisel veel r\u00f5\u00f5mustab. Eelistab p\u00e4ikesepaistelist kasvukohta ja toitaineterikast mulda.<\/p>\n","protected":false},"featured_media":179590,"comment_status":"closed","ping_status":"closed","template":"","meta":{"_themeisle_gutenberg_block_has_review":false},"product_cat":[13506],"product_tag":[],"class_list":{"0":"post-152532","1":"product","2":"type-product","3":"status-publish","4":"has-post-thumbnail","6":"product_cat-raudurt","8":"first","9":"outofstock","10":"shipping-taxable","11":"purchasable","12":"product-type-simple"},"yoast_head":"<!-- This site is optimized with the Yoast SEO plugin v24.0 - https:\/\/yoast.com\/wordpress\/plugins\/seo\/ -->\n<title>K\u00f5rge raud\u00fcrt Verbena bonariensis - Horticom.ee\/e-pood<\/title>\n<meta name=\"description\" content=\"\u00dcheaastane kaunitar, kasvab kuni 150 cm k\u00f5rguseks, \u00f5ied \u00f5rn-lillad. \u00d5itseb s\u00fcgiseni ja sobib p\u00e4ikesepaistelisse kasvukohta.\" \/>\n<meta name=\"robots\" content=\"index, follow, max-snippet:-1, max-image-preview:large, max-video-preview:-1\" \/>\n<link rel=\"canonical\" href=\"https:\/\/horticom.ee\/e-pood\/toode\/korge-raudurt-verbena-bonariensis\/\" \/>\n<meta property=\"og:locale\" content=\"ru_RU\" \/>\n<meta property=\"og:type\" content=\"article\" \/>\n<meta property=\"og:title\" content=\"K\u00f5rge raud\u00fcrt Verbena bonariensis - Horticom.ee\/e-pood\" \/>\n<meta property=\"og:description\" content=\"\u00dcheaastane kaunitar, kasvab kuni 150 cm k\u00f5rguseks, \u00f5ied \u00f5rn-lillad. \u00d5itseb s\u00fcgiseni ja sobib p\u00e4ikesepaistelisse kasvukohta.\" \/>\n<meta property=\"og:url\" content=\"https:\/\/horticom.ee\/e-pood\/toode\/korge-raudurt-verbena-bonariensis\/\" \/>\n<meta property=\"og:site_name\" content=\"Horticom.ee\" \/>\n<meta property=\"article:publisher\" content=\"https:\/\/www.facebook.com\/horticom.ee\/e-pood\" \/>\n<meta property=\"article:modified_time\" content=\"2026-05-04T00:03:09+00:00\" \/>\n<meta property=\"og:image\" content=\"https:\/\/horticom.ee\/e-pood\/wp-content\/uploads\/importedmedia\/product-152532_0-VC255.jpg\" \/>\n\t<meta property=\"og:image:width\" content=\"1000\" \/>\n\t<meta property=\"og:image:height\" content=\"1885\" \/>\n\t<meta property=\"og:image:type\" content=\"image\/jpeg\" \/>\n<meta name=\"twitter:card\" content=\"summary_large_image\" \/>\n<script type=\"application\/ld+json\" class=\"yoast-schema-graph\">{\"@context\":\"https:\/\/schema.org\",\"@graph\":[{\"@type\":\"WebPage\",\"@id\":\"https:\/\/horticom.ee\/e-pood\/toode\/korge-raudurt-verbena-bonariensis\/\",\"url\":\"https:\/\/horticom.ee\/e-pood\/toode\/korge-raudurt-verbena-bonariensis\/\",\"name\":\"K\u00f5rge raud\u00fcrt Verbena bonariensis - Horticom.ee\/e-pood\",\"isPartOf\":{\"@id\":\"https:\/\/horticom.ee\/e-pood\/#website\"},\"primaryImageOfPage\":{\"@id\":\"https:\/\/horticom.ee\/e-pood\/toode\/korge-raudurt-verbena-bonariensis\/#primaryimage\"},\"image\":{\"@id\":\"https:\/\/horticom.ee\/e-pood\/toode\/korge-raudurt-verbena-bonariensis\/#primaryimage\"},\"thumbnailUrl\":\"https:\/\/horticom.ee\/e-pood\/wp-content\/uploads\/importedmedia\/product-152532_0-VC255.jpg\",\"datePublished\":\"2022-01-17T13:57:18+00:00\",\"dateModified\":\"2026-05-04T00:03:09+00:00\",\"description\":\"\u00dcheaastane kaunitar, kasvab kuni 150 cm k\u00f5rguseks, \u00f5ied \u00f5rn-lillad. \u00d5itseb s\u00fcgiseni ja sobib p\u00e4ikesepaistelisse kasvukohta.\",\"breadcrumb\":{\"@id\":\"https:\/\/horticom.ee\/e-pood\/toode\/korge-raudurt-verbena-bonariensis\/#breadcrumb\"},\"inLanguage\":\"ru-RU\",\"potentialAction\":[{\"@type\":\"ReadAction\",\"target\":[\"https:\/\/horticom.ee\/e-pood\/toode\/korge-raudurt-verbena-bonariensis\/\"]}]},{\"@type\":\"ImageObject\",\"inLanguage\":\"ru-RU\",\"@id\":\"https:\/\/horticom.ee\/e-pood\/toode\/korge-raudurt-verbena-bonariensis\/#primaryimage\",\"url\":\"https:\/\/horticom.ee\/e-pood\/wp-content\/uploads\/importedmedia\/product-152532_0-VC255.jpg\",\"contentUrl\":\"https:\/\/horticom.ee\/e-pood\/wp-content\/uploads\/importedmedia\/product-152532_0-VC255.jpg\",\"width\":1000,\"height\":1885,\"caption\":\"K\u00f5rge raud\u00fcrt Verbena bonariensis\"},{\"@type\":\"BreadcrumbList\",\"@id\":\"https:\/\/horticom.ee\/e-pood\/toode\/korge-raudurt-verbena-bonariensis\/#breadcrumb\",\"itemListElement\":[{\"@type\":\"ListItem\",\"position\":1,\"name\":\"Home\",\"item\":\"https:\/\/horticom.ee\/e-pood\/\"},{\"@type\":\"ListItem\",\"position\":2,\"name\":\"Pood\",\"item\":\"https:\/\/horticom.ee\/e-pood\/pood\/\"},{\"@type\":\"ListItem\",\"position\":3,\"name\":\"K\u00f5rge raud\u00fcrt Verbena bonariensis\"}]},{\"@type\":\"WebSite\",\"@id\":\"https:\/\/horticom.ee\/e-pood\/#website\",\"url\":\"https:\/\/horticom.ee\/e-pood\/\",\"name\":\"Horticom.ee\",\"description\":\"Aianduskaubad ja kodukaubad nii harrastajatele kui professionaalidele\",\"potentialAction\":[{\"@type\":\"SearchAction\",\"target\":{\"@type\":\"EntryPoint\",\"urlTemplate\":\"https:\/\/horticom.ee\/e-pood\/?s={search_term_string}\"},\"query-input\":{\"@type\":\"PropertyValueSpecification\",\"valueRequired\":true,\"valueName\":\"search_term_string\"}}],\"inLanguage\":\"ru-RU\"}]}<\/script>\n<!-- \/ Yoast SEO plugin. -->","yoast_head_json":{"title":"K\u00f5rge raud\u00fcrt Verbena bonariensis - Horticom.ee\/e-pood","description":"\u00dcheaastane kaunitar, kasvab kuni 150 cm k\u00f5rguseks, \u00f5ied \u00f5rn-lillad. \u00d5itseb s\u00fcgiseni ja sobib p\u00e4ikesepaistelisse kasvukohta.","robots":{"index":"index","follow":"follow","max-snippet":"max-snippet:-1","max-image-preview":"max-image-preview:large","max-video-preview":"max-video-preview:-1"},"canonical":"https:\/\/horticom.ee\/e-pood\/toode\/korge-raudurt-verbena-bonariensis\/","og_locale":"ru_RU","og_type":"article","og_title":"K\u00f5rge raud\u00fcrt Verbena bonariensis - Horticom.ee\/e-pood","og_description":"\u00dcheaastane kaunitar, kasvab kuni 150 cm k\u00f5rguseks, \u00f5ied \u00f5rn-lillad. \u00d5itseb s\u00fcgiseni ja sobib p\u00e4ikesepaistelisse kasvukohta.","og_url":"https:\/\/horticom.ee\/e-pood\/toode\/korge-raudurt-verbena-bonariensis\/","og_site_name":"Horticom.ee","article_publisher":"https:\/\/www.facebook.com\/horticom.ee\/e-pood","article_modified_time":"2026-05-04T00:03:09+00:00","og_image":[{"width":1000,"height":1885,"url":"https:\/\/horticom.ee\/e-pood\/wp-content\/uploads\/importedmedia\/product-152532_0-VC255.jpg","type":"image\/jpeg"}],"twitter_card":"summary_large_image","schema":{"@context":"https:\/\/schema.org","@graph":[{"@type":"WebPage","@id":"https:\/\/horticom.ee\/e-pood\/toode\/korge-raudurt-verbena-bonariensis\/","url":"https:\/\/horticom.ee\/e-pood\/toode\/korge-raudurt-verbena-bonariensis\/","name":"K\u00f5rge raud\u00fcrt Verbena bonariensis - Horticom.ee\/e-pood","isPartOf":{"@id":"https:\/\/horticom.ee\/e-pood\/#website"},"primaryImageOfPage":{"@id":"https:\/\/horticom.ee\/e-pood\/toode\/korge-raudurt-verbena-bonariensis\/#primaryimage"},"image":{"@id":"https:\/\/horticom.ee\/e-pood\/toode\/korge-raudurt-verbena-bonariensis\/#primaryimage"},"thumbnailUrl":"https:\/\/horticom.ee\/e-pood\/wp-content\/uploads\/importedmedia\/product-152532_0-VC255.jpg","datePublished":"2022-01-17T13:57:18+00:00","dateModified":"2026-05-04T00:03:09+00:00","description":"\u00dcheaastane kaunitar, kasvab kuni 150 cm k\u00f5rguseks, \u00f5ied \u00f5rn-lillad. \u00d5itseb s\u00fcgiseni ja sobib p\u00e4ikesepaistelisse kasvukohta.","breadcrumb":{"@id":"https:\/\/horticom.ee\/e-pood\/toode\/korge-raudurt-verbena-bonariensis\/#breadcrumb"},"inLanguage":"ru-RU","potentialAction":[{"@type":"ReadAction","target":["https:\/\/horticom.ee\/e-pood\/toode\/korge-raudurt-verbena-bonariensis\/"]}]},{"@type":"ImageObject","inLanguage":"ru-RU","@id":"https:\/\/horticom.ee\/e-pood\/toode\/korge-raudurt-verbena-bonariensis\/#primaryimage","url":"https:\/\/horticom.ee\/e-pood\/wp-content\/uploads\/importedmedia\/product-152532_0-VC255.jpg","contentUrl":"https:\/\/horticom.ee\/e-pood\/wp-content\/uploads\/importedmedia\/product-152532_0-VC255.jpg","width":1000,"height":1885,"caption":"K\u00f5rge raud\u00fcrt Verbena bonariensis"},{"@type":"BreadcrumbList","@id":"https:\/\/horticom.ee\/e-pood\/toode\/korge-raudurt-verbena-bonariensis\/#breadcrumb","itemListElement":[{"@type":"ListItem","position":1,"name":"Home","item":"https:\/\/horticom.ee\/e-pood\/"},{"@type":"ListItem","position":2,"name":"Pood","item":"https:\/\/horticom.ee\/e-pood\/pood\/"},{"@type":"ListItem","position":3,"name":"K\u00f5rge raud\u00fcrt Verbena bonariensis"}]},{"@type":"WebSite","@id":"https:\/\/horticom.ee\/e-pood\/#website","url":"https:\/\/horticom.ee\/e-pood\/","name":"Horticom.ee","description":"Aianduskaubad ja kodukaubad nii harrastajatele kui professionaalidele","potentialAction":[{"@type":"SearchAction","target":{"@type":"EntryPoint","urlTemplate":"https:\/\/horticom.ee\/e-pood\/?s={search_term_string}"},"query-input":{"@type":"PropertyValueSpecification","valueRequired":true,"valueName":"search_term_string"}}],"inLanguage":"ru-RU"}]}},"_links":{"self":[{"href":"https:\/\/horticom.ee\/e-pood\/ru\/wp-json\/wp\/v2\/product\/152532","targetHints":{"allow":["GET"]}}],"collection":[{"href":"https:\/\/horticom.ee\/e-pood\/ru\/wp-json\/wp\/v2\/product"}],"about":[{"href":"https:\/\/horticom.ee\/e-pood\/ru\/wp-json\/wp\/v2\/types\/product"}],"replies":[{"embeddable":true,"href":"https:\/\/horticom.ee\/e-pood\/ru\/wp-json\/wp\/v2\/comments?post=152532"}],"wp:featuredmedia":[{"embeddable":true,"href":"https:\/\/horticom.ee\/e-pood\/ru\/wp-json\/wp\/v2\/media\/179590"}],"wp:attachment":[{"href":"https:\/\/horticom.ee\/e-pood\/ru\/wp-json\/wp\/v2\/media?parent=152532"}],"wp:term":[{"taxonomy":"product_cat","embeddable":true,"href":"https:\/\/horticom.ee\/e-pood\/ru\/wp-json\/wp\/v2\/product_cat?post=152532"},{"taxonomy":"product_tag","embeddable":true,"href":"https:\/\/horticom.ee\/e-pood\/ru\/wp-json\/wp\/v2\/product_tag?post=152532"}],"curies":[{"name":"wp","href":"https:\/\/api.w.org\/{rel}","templated":true}]}}