{"id":152562,"date":"2022-01-17T15:57:33","date_gmt":"2022-01-17T13:57:33","guid":{"rendered":"https:\/\/aednik24.ee\/toode\/aiasaag-taskuga-felco-621-80mm-saeleht-24cm\/"},"modified":"2026-04-09T03:03:37","modified_gmt":"2026-04-09T00:03:37","slug":"aiasaag-taskuga-felco-621-80mm-saeleht-24cm","status":"publish","type":"product","link":"https:\/\/horticom.ee\/e-pood\/ru\/toode\/aiasaag-taskuga-felco-621-80mm-saeleht-24cm\/","title":{"rendered":"Aiasaag taskuga Felco 621 80mm saeleht 24cm"},"content":{"rendered":"<p>Kokkupandav k\u00e4sisaag, mis on v\u00e4ga praktiline &#8211; kanna kasv\u00f5i taskus! L\u00f5iketera hambad on vastupidavad ja t\u00f6\u00f6kindlad t\u00e4nu soolvees karastatud terasele. K\u00e4sisae kokkupanemise v\u00f5imalus kaitseb roostekindlaid kroomitud terasest valmistatud l\u00f5iketerasid. Risti asetsevad kulumiskindlad l\u00f5ikehambad sobivad puidu saagimiseks ja tagavad ohutuse. Pikk l\u00f5iketera tagab optimaalsed ja mugavad t\u00f6\u00f6tingimused v\u00e4hendades vibratsiooni. Ergonoomilise ja libisemisvastase k\u00e4epideme t\u00f5ttu on saega kerge t\u00f6\u00f6tada. Komplekti kuulub eemaldatav v\u00f6\u00f6aas, mis v\u00f5imaldab saagi kanda v\u00f6\u00f6l. Toode sobib nii parema kui ka vasakuk\u00e4elistele.<\/p>\n","protected":false},"excerpt":{"rendered":"<p>Kokkupandav k\u00e4sisaag, mis on v\u00e4ga praktiline &#8211; kanna kasv\u00f5i taskus! L\u00f5iketera hambad on vastupidavad ja t\u00f6\u00f6kindlad t\u00e4nu soolvees karastatud terasele. K\u00e4sisae kokkupanemise v\u00f5imalus kaitseb roostekindlaid kroomitud terasest valmistatud l\u00f5iketerasid. Risti asetsevad kulumiskindlad l\u00f5ikehambad sobivad puidu saagimiseks ja tagavad ohutuse. Pikk l\u00f5iketera tagab optimaalsed ja mugavad t\u00f6\u00f6tingimused v\u00e4hendades vibratsiooni. Ergonoomilise ja libisemisvastase k\u00e4epideme t\u00f5ttu on saega [&hellip;]<\/p>\n","protected":false},"featured_media":2387714,"comment_status":"closed","ping_status":"closed","template":"","meta":{"_themeisle_gutenberg_block_has_review":false},"product_cat":[13348,13622],"product_tag":[],"class_list":{"0":"post-152562","1":"product","2":"type-product","3":"status-publish","4":"has-post-thumbnail","6":"product_cat-kasisaed","7":"product_cat-aiatooriistad-tootjale","9":"first","10":"instock","11":"shipping-taxable","12":"purchasable","13":"product-type-simple"},"yoast_head":"<!-- This site is optimized with the Yoast SEO plugin v24.0 - https:\/\/yoast.com\/wordpress\/plugins\/seo\/ -->\n<title>Aiasaag taskuga Felco 621 80mm saeleht 24cm - Horticom<\/title>\n<meta name=\"robots\" content=\"index, follow, max-snippet:-1, max-image-preview:large, max-video-preview:-1\" \/>\n<link rel=\"canonical\" href=\"https:\/\/horticom.ee\/e-pood\/toode\/aiasaag-taskuga-felco-621-80mm-saeleht-24cm\/\" \/>\n<meta property=\"og:locale\" content=\"ru_RU\" \/>\n<meta property=\"og:type\" content=\"article\" \/>\n<meta property=\"og:title\" content=\"Aiasaag taskuga Felco 621 80mm saeleht 24cm - Horticom\" \/>\n<meta property=\"og:description\" content=\"Kokkupandav k\u00e4sisaag, mis on v\u00e4ga praktiline &#8211; kanna kasv\u00f5i taskus! L\u00f5iketera hambad on vastupidavad ja t\u00f6\u00f6kindlad t\u00e4nu soolvees karastatud terasele. K\u00e4sisae kokkupanemise v\u00f5imalus kaitseb roostekindlaid kroomitud terasest valmistatud l\u00f5iketerasid. Risti asetsevad kulumiskindlad l\u00f5ikehambad sobivad puidu saagimiseks ja tagavad ohutuse. Pikk l\u00f5iketera tagab optimaalsed ja mugavad t\u00f6\u00f6tingimused v\u00e4hendades vibratsiooni. Ergonoomilise ja libisemisvastase k\u00e4epideme t\u00f5ttu on saega [&hellip;]\" \/>\n<meta property=\"og:url\" content=\"https:\/\/horticom.ee\/e-pood\/toode\/aiasaag-taskuga-felco-621-80mm-saeleht-24cm\/\" \/>\n<meta property=\"og:site_name\" content=\"Horticom.ee\" \/>\n<meta property=\"article:publisher\" content=\"https:\/\/www.facebook.com\/horticom.ee\/e-pood\" \/>\n<meta property=\"article:modified_time\" content=\"2026-04-09T00:03:37+00:00\" \/>\n<meta property=\"og:image\" content=\"https:\/\/horticom.ee\/e-pood\/wp-content\/uploads\/importedmedia\/product_152562_0_42563-scaled.jpg\" \/>\n\t<meta property=\"og:image:width\" content=\"986\" \/>\n\t<meta property=\"og:image:height\" content=\"2560\" \/>\n\t<meta property=\"og:image:type\" content=\"image\/jpeg\" \/>\n<meta name=\"twitter:card\" content=\"summary_large_image\" \/>\n<meta name=\"twitter:label1\" content=\"\u041f\u0440\u0438\u043c\u0435\u0440\u043d\u043e\u0435 \u0432\u0440\u0435\u043c\u044f \u0434\u043b\u044f \u0447\u0442\u0435\u043d\u0438\u044f\" \/>\n\t<meta name=\"twitter:data1\" content=\"1 \u043c\u0438\u043d\u0443\u0442\u0430\" \/>\n<script type=\"application\/ld+json\" class=\"yoast-schema-graph\">{\"@context\":\"https:\/\/schema.org\",\"@graph\":[{\"@type\":\"WebPage\",\"@id\":\"https:\/\/horticom.ee\/e-pood\/toode\/aiasaag-taskuga-felco-621-80mm-saeleht-24cm\/\",\"url\":\"https:\/\/horticom.ee\/e-pood\/toode\/aiasaag-taskuga-felco-621-80mm-saeleht-24cm\/\",\"name\":\"Aiasaag taskuga Felco 621 80mm saeleht 24cm - Horticom\",\"isPartOf\":{\"@id\":\"https:\/\/horticom.ee\/e-pood\/#website\"},\"primaryImageOfPage\":{\"@id\":\"https:\/\/horticom.ee\/e-pood\/toode\/aiasaag-taskuga-felco-621-80mm-saeleht-24cm\/#primaryimage\"},\"image\":{\"@id\":\"https:\/\/horticom.ee\/e-pood\/toode\/aiasaag-taskuga-felco-621-80mm-saeleht-24cm\/#primaryimage\"},\"thumbnailUrl\":\"https:\/\/horticom.ee\/e-pood\/wp-content\/uploads\/importedmedia\/product_152562_0_42563-scaled.jpg\",\"datePublished\":\"2022-01-17T13:57:33+00:00\",\"dateModified\":\"2026-04-09T00:03:37+00:00\",\"breadcrumb\":{\"@id\":\"https:\/\/horticom.ee\/e-pood\/toode\/aiasaag-taskuga-felco-621-80mm-saeleht-24cm\/#breadcrumb\"},\"inLanguage\":\"ru-RU\",\"potentialAction\":[{\"@type\":\"ReadAction\",\"target\":[\"https:\/\/horticom.ee\/e-pood\/toode\/aiasaag-taskuga-felco-621-80mm-saeleht-24cm\/\"]}]},{\"@type\":\"ImageObject\",\"inLanguage\":\"ru-RU\",\"@id\":\"https:\/\/horticom.ee\/e-pood\/toode\/aiasaag-taskuga-felco-621-80mm-saeleht-24cm\/#primaryimage\",\"url\":\"https:\/\/horticom.ee\/e-pood\/wp-content\/uploads\/importedmedia\/product_152562_0_42563-scaled.jpg\",\"contentUrl\":\"https:\/\/horticom.ee\/e-pood\/wp-content\/uploads\/importedmedia\/product_152562_0_42563-scaled.jpg\",\"width\":986,\"height\":2560},{\"@type\":\"BreadcrumbList\",\"@id\":\"https:\/\/horticom.ee\/e-pood\/toode\/aiasaag-taskuga-felco-621-80mm-saeleht-24cm\/#breadcrumb\",\"itemListElement\":[{\"@type\":\"ListItem\",\"position\":1,\"name\":\"Home\",\"item\":\"https:\/\/horticom.ee\/e-pood\/\"},{\"@type\":\"ListItem\",\"position\":2,\"name\":\"Pood\",\"item\":\"https:\/\/horticom.ee\/e-pood\/pood\/\"},{\"@type\":\"ListItem\",\"position\":3,\"name\":\"Aiasaag taskuga Felco 621 80mm saeleht 24cm\"}]},{\"@type\":\"WebSite\",\"@id\":\"https:\/\/horticom.ee\/e-pood\/#website\",\"url\":\"https:\/\/horticom.ee\/e-pood\/\",\"name\":\"Horticom.ee\",\"description\":\"Aianduskaubad ja kodukaubad nii harrastajatele kui professionaalidele\",\"potentialAction\":[{\"@type\":\"SearchAction\",\"target\":{\"@type\":\"EntryPoint\",\"urlTemplate\":\"https:\/\/horticom.ee\/e-pood\/?s={search_term_string}\"},\"query-input\":{\"@type\":\"PropertyValueSpecification\",\"valueRequired\":true,\"valueName\":\"search_term_string\"}}],\"inLanguage\":\"ru-RU\"}]}<\/script>\n<!-- \/ Yoast SEO plugin. -->","yoast_head_json":{"title":"Aiasaag taskuga Felco 621 80mm saeleht 24cm - Horticom","robots":{"index":"index","follow":"follow","max-snippet":"max-snippet:-1","max-image-preview":"max-image-preview:large","max-video-preview":"max-video-preview:-1"},"canonical":"https:\/\/horticom.ee\/e-pood\/toode\/aiasaag-taskuga-felco-621-80mm-saeleht-24cm\/","og_locale":"ru_RU","og_type":"article","og_title":"Aiasaag taskuga Felco 621 80mm saeleht 24cm - Horticom","og_description":"Kokkupandav k\u00e4sisaag, mis on v\u00e4ga praktiline &#8211; kanna kasv\u00f5i taskus! L\u00f5iketera hambad on vastupidavad ja t\u00f6\u00f6kindlad t\u00e4nu soolvees karastatud terasele. K\u00e4sisae kokkupanemise v\u00f5imalus kaitseb roostekindlaid kroomitud terasest valmistatud l\u00f5iketerasid. Risti asetsevad kulumiskindlad l\u00f5ikehambad sobivad puidu saagimiseks ja tagavad ohutuse. Pikk l\u00f5iketera tagab optimaalsed ja mugavad t\u00f6\u00f6tingimused v\u00e4hendades vibratsiooni. Ergonoomilise ja libisemisvastase k\u00e4epideme t\u00f5ttu on saega [&hellip;]","og_url":"https:\/\/horticom.ee\/e-pood\/toode\/aiasaag-taskuga-felco-621-80mm-saeleht-24cm\/","og_site_name":"Horticom.ee","article_publisher":"https:\/\/www.facebook.com\/horticom.ee\/e-pood","article_modified_time":"2026-04-09T00:03:37+00:00","og_image":[{"width":986,"height":2560,"url":"https:\/\/horticom.ee\/e-pood\/wp-content\/uploads\/importedmedia\/product_152562_0_42563-scaled.jpg","type":"image\/jpeg"}],"twitter_card":"summary_large_image","twitter_misc":{"\u041f\u0440\u0438\u043c\u0435\u0440\u043d\u043e\u0435 \u0432\u0440\u0435\u043c\u044f \u0434\u043b\u044f \u0447\u0442\u0435\u043d\u0438\u044f":"1 \u043c\u0438\u043d\u0443\u0442\u0430"},"schema":{"@context":"https:\/\/schema.org","@graph":[{"@type":"WebPage","@id":"https:\/\/horticom.ee\/e-pood\/toode\/aiasaag-taskuga-felco-621-80mm-saeleht-24cm\/","url":"https:\/\/horticom.ee\/e-pood\/toode\/aiasaag-taskuga-felco-621-80mm-saeleht-24cm\/","name":"Aiasaag taskuga Felco 621 80mm saeleht 24cm - Horticom","isPartOf":{"@id":"https:\/\/horticom.ee\/e-pood\/#website"},"primaryImageOfPage":{"@id":"https:\/\/horticom.ee\/e-pood\/toode\/aiasaag-taskuga-felco-621-80mm-saeleht-24cm\/#primaryimage"},"image":{"@id":"https:\/\/horticom.ee\/e-pood\/toode\/aiasaag-taskuga-felco-621-80mm-saeleht-24cm\/#primaryimage"},"thumbnailUrl":"https:\/\/horticom.ee\/e-pood\/wp-content\/uploads\/importedmedia\/product_152562_0_42563-scaled.jpg","datePublished":"2022-01-17T13:57:33+00:00","dateModified":"2026-04-09T00:03:37+00:00","breadcrumb":{"@id":"https:\/\/horticom.ee\/e-pood\/toode\/aiasaag-taskuga-felco-621-80mm-saeleht-24cm\/#breadcrumb"},"inLanguage":"ru-RU","potentialAction":[{"@type":"ReadAction","target":["https:\/\/horticom.ee\/e-pood\/toode\/aiasaag-taskuga-felco-621-80mm-saeleht-24cm\/"]}]},{"@type":"ImageObject","inLanguage":"ru-RU","@id":"https:\/\/horticom.ee\/e-pood\/toode\/aiasaag-taskuga-felco-621-80mm-saeleht-24cm\/#primaryimage","url":"https:\/\/horticom.ee\/e-pood\/wp-content\/uploads\/importedmedia\/product_152562_0_42563-scaled.jpg","contentUrl":"https:\/\/horticom.ee\/e-pood\/wp-content\/uploads\/importedmedia\/product_152562_0_42563-scaled.jpg","width":986,"height":2560},{"@type":"BreadcrumbList","@id":"https:\/\/horticom.ee\/e-pood\/toode\/aiasaag-taskuga-felco-621-80mm-saeleht-24cm\/#breadcrumb","itemListElement":[{"@type":"ListItem","position":1,"name":"Home","item":"https:\/\/horticom.ee\/e-pood\/"},{"@type":"ListItem","position":2,"name":"Pood","item":"https:\/\/horticom.ee\/e-pood\/pood\/"},{"@type":"ListItem","position":3,"name":"Aiasaag taskuga Felco 621 80mm saeleht 24cm"}]},{"@type":"WebSite","@id":"https:\/\/horticom.ee\/e-pood\/#website","url":"https:\/\/horticom.ee\/e-pood\/","name":"Horticom.ee","description":"Aianduskaubad ja kodukaubad nii harrastajatele kui professionaalidele","potentialAction":[{"@type":"SearchAction","target":{"@type":"EntryPoint","urlTemplate":"https:\/\/horticom.ee\/e-pood\/?s={search_term_string}"},"query-input":{"@type":"PropertyValueSpecification","valueRequired":true,"valueName":"search_term_string"}}],"inLanguage":"ru-RU"}]}},"_links":{"self":[{"href":"https:\/\/horticom.ee\/e-pood\/ru\/wp-json\/wp\/v2\/product\/152562","targetHints":{"allow":["GET"]}}],"collection":[{"href":"https:\/\/horticom.ee\/e-pood\/ru\/wp-json\/wp\/v2\/product"}],"about":[{"href":"https:\/\/horticom.ee\/e-pood\/ru\/wp-json\/wp\/v2\/types\/product"}],"replies":[{"embeddable":true,"href":"https:\/\/horticom.ee\/e-pood\/ru\/wp-json\/wp\/v2\/comments?post=152562"}],"wp:featuredmedia":[{"embeddable":true,"href":"https:\/\/horticom.ee\/e-pood\/ru\/wp-json\/wp\/v2\/media\/2387714"}],"wp:attachment":[{"href":"https:\/\/horticom.ee\/e-pood\/ru\/wp-json\/wp\/v2\/media?parent=152562"}],"wp:term":[{"taxonomy":"product_cat","embeddable":true,"href":"https:\/\/horticom.ee\/e-pood\/ru\/wp-json\/wp\/v2\/product_cat?post=152562"},{"taxonomy":"product_tag","embeddable":true,"href":"https:\/\/horticom.ee\/e-pood\/ru\/wp-json\/wp\/v2\/product_tag?post=152562"}],"curies":[{"name":"wp","href":"https:\/\/api.w.org\/{rel}","templated":true}]}}