{"id":152622,"date":"2022-01-17T15:58:04","date_gmt":"2022-01-17T13:58:04","guid":{"rendered":"https:\/\/aednik24.ee\/toode\/suur-loviloug-rainbow-antirrhinum-majus-l-b\/"},"modified":"2026-05-03T03:04:32","modified_gmt":"2026-05-03T00:04:32","slug":"suur-loviloug-rainbow-antirrhinum-majus-l-b","status":"publish","type":"product","link":"https:\/\/horticom.ee\/e-pood\/ru\/toode\/suur-loviloug-rainbow-antirrhinum-majus-l-b\/","title":{"rendered":"Suur l\u00f5vil\u00f5ug Snapdragon Rainbow &#8211; Anthirrhinum majus L."},"content":{"rendered":"<p>Suur l\u00f5vil\u00f5ug Rainbow on \u00fcheaastane, 60-80cm k\u00f5rgune lill. Istutatakse iluaedadesse, dekoratiivvaasidesse, \u00f5isi nopitakse kimpude jaoks. 1g umbes 7500 seemet. \u00d5ied hakkavad avanema alt \u00fclesse, \u00fcks \u00f5is \u00f5itseb umbes 12 p\u00e4eva, kogu taim 3\u20133,5 kuud. Kasvab ja \u00f5itseb h\u00e4sti p\u00e4ikesepaistelises kohas ja heledas vilus, kobedas pinnases.<\/p>\n","protected":false},"excerpt":{"rendered":"<p>Suur l\u00f5vil\u00f5ug Rainbow on \u00fcheaastane, 60-80cm k\u00f5rgune lill. Istutatakse iluaedadesse, dekoratiivvaasidesse, \u00f5isi nopitakse kimpude jaoks. 1g umbes 7500 seemet. \u00d5ied hakkavad avanema alt \u00fclesse, \u00fcks \u00f5is \u00f5itseb umbes 12 p\u00e4eva, kogu taim 3\u20133,5 kuud. Kasvab ja \u00f5itseb h\u00e4sti p\u00e4ikesepaistelises kohas ja heledas vilus, kobedas pinnases.<\/p>\n","protected":false},"featured_media":177875,"comment_status":"closed","ping_status":"closed","template":"","meta":{"_themeisle_gutenberg_block_has_review":false},"product_cat":[13516],"product_tag":[],"class_list":{"0":"post-152622","1":"product","2":"type-product","3":"status-publish","4":"has-post-thumbnail","6":"product_cat-loviloug-levkoi-nemeesia","8":"first","9":"instock","10":"shipping-taxable","11":"purchasable","12":"product-type-simple"},"yoast_head":"<!-- This site is optimized with the Yoast SEO plugin v24.0 - https:\/\/yoast.com\/wordpress\/plugins\/seo\/ -->\n<title>Suur l\u00f5vil\u00f5ug Snapdragon Rainbow - Anthirrhinum majus L.<\/title>\n<meta name=\"description\" content=\"Kaunilt v\u00e4rvikas suur l\u00f5vil\u00f5ug, ideaalne lillepeenrasse v\u00f5i lillekimbu. Taimede k\u00f5rgus kuni 90cm, \u00f5itseb suve jooksul rikkalikult.\" \/>\n<meta name=\"robots\" content=\"index, follow, max-snippet:-1, max-image-preview:large, max-video-preview:-1\" \/>\n<link rel=\"canonical\" href=\"https:\/\/horticom.ee\/e-pood\/toode\/suur-loviloug-rainbow-antirrhinum-majus-l-b\/\" \/>\n<meta property=\"og:locale\" content=\"ru_RU\" \/>\n<meta property=\"og:type\" content=\"article\" \/>\n<meta property=\"og:title\" content=\"Suur l\u00f5vil\u00f5ug Snapdragon Rainbow - Anthirrhinum majus L.\" \/>\n<meta property=\"og:description\" content=\"Kaunilt v\u00e4rvikas suur l\u00f5vil\u00f5ug, ideaalne lillepeenrasse v\u00f5i lillekimbu. Taimede k\u00f5rgus kuni 90cm, \u00f5itseb suve jooksul rikkalikult.\" \/>\n<meta property=\"og:url\" content=\"https:\/\/horticom.ee\/e-pood\/toode\/suur-loviloug-rainbow-antirrhinum-majus-l-b\/\" \/>\n<meta property=\"og:site_name\" content=\"Horticom.ee\" \/>\n<meta property=\"article:publisher\" content=\"https:\/\/www.facebook.com\/horticom.ee\/e-pood\" \/>\n<meta property=\"article:modified_time\" content=\"2026-05-03T00:04:32+00:00\" \/>\n<meta property=\"og:image\" content=\"https:\/\/horticom.ee\/e-pood\/wp-content\/uploads\/importedmedia\/product-152622_0-L7800.jpg\" \/>\n\t<meta property=\"og:image:width\" content=\"1000\" \/>\n\t<meta property=\"og:image:height\" content=\"1577\" \/>\n\t<meta property=\"og:image:type\" content=\"image\/jpeg\" \/>\n<meta name=\"twitter:card\" content=\"summary_large_image\" \/>\n<script type=\"application\/ld+json\" class=\"yoast-schema-graph\">{\"@context\":\"https:\/\/schema.org\",\"@graph\":[{\"@type\":\"WebPage\",\"@id\":\"https:\/\/horticom.ee\/e-pood\/toode\/suur-loviloug-rainbow-antirrhinum-majus-l-b\/\",\"url\":\"https:\/\/horticom.ee\/e-pood\/toode\/suur-loviloug-rainbow-antirrhinum-majus-l-b\/\",\"name\":\"Suur l\u00f5vil\u00f5ug Snapdragon Rainbow - Anthirrhinum majus L.\",\"isPartOf\":{\"@id\":\"https:\/\/horticom.ee\/e-pood\/#website\"},\"primaryImageOfPage\":{\"@id\":\"https:\/\/horticom.ee\/e-pood\/toode\/suur-loviloug-rainbow-antirrhinum-majus-l-b\/#primaryimage\"},\"image\":{\"@id\":\"https:\/\/horticom.ee\/e-pood\/toode\/suur-loviloug-rainbow-antirrhinum-majus-l-b\/#primaryimage\"},\"thumbnailUrl\":\"https:\/\/horticom.ee\/e-pood\/wp-content\/uploads\/importedmedia\/product-152622_0-L7800.jpg\",\"datePublished\":\"2022-01-17T13:58:04+00:00\",\"dateModified\":\"2026-05-03T00:04:32+00:00\",\"description\":\"Kaunilt v\u00e4rvikas suur l\u00f5vil\u00f5ug, ideaalne lillepeenrasse v\u00f5i lillekimbu. Taimede k\u00f5rgus kuni 90cm, \u00f5itseb suve jooksul rikkalikult.\",\"breadcrumb\":{\"@id\":\"https:\/\/horticom.ee\/e-pood\/toode\/suur-loviloug-rainbow-antirrhinum-majus-l-b\/#breadcrumb\"},\"inLanguage\":\"ru-RU\",\"potentialAction\":[{\"@type\":\"ReadAction\",\"target\":[\"https:\/\/horticom.ee\/e-pood\/toode\/suur-loviloug-rainbow-antirrhinum-majus-l-b\/\"]}]},{\"@type\":\"ImageObject\",\"inLanguage\":\"ru-RU\",\"@id\":\"https:\/\/horticom.ee\/e-pood\/toode\/suur-loviloug-rainbow-antirrhinum-majus-l-b\/#primaryimage\",\"url\":\"https:\/\/horticom.ee\/e-pood\/wp-content\/uploads\/importedmedia\/product-152622_0-L7800.jpg\",\"contentUrl\":\"https:\/\/horticom.ee\/e-pood\/wp-content\/uploads\/importedmedia\/product-152622_0-L7800.jpg\",\"width\":1000,\"height\":1577,\"caption\":\"Suur l\u00f5vil\u00f5ug Snapdragon Rainbow - Anthirrhinum majus L.\"},{\"@type\":\"BreadcrumbList\",\"@id\":\"https:\/\/horticom.ee\/e-pood\/toode\/suur-loviloug-rainbow-antirrhinum-majus-l-b\/#breadcrumb\",\"itemListElement\":[{\"@type\":\"ListItem\",\"position\":1,\"name\":\"Home\",\"item\":\"https:\/\/horticom.ee\/e-pood\/\"},{\"@type\":\"ListItem\",\"position\":2,\"name\":\"Pood\",\"item\":\"https:\/\/horticom.ee\/e-pood\/pood\/\"},{\"@type\":\"ListItem\",\"position\":3,\"name\":\"Suur l\u00f5vil\u00f5ug Snapdragon Rainbow &#8211; Anthirrhinum majus L.\"}]},{\"@type\":\"WebSite\",\"@id\":\"https:\/\/horticom.ee\/e-pood\/#website\",\"url\":\"https:\/\/horticom.ee\/e-pood\/\",\"name\":\"Horticom.ee\",\"description\":\"Aianduskaubad ja kodukaubad nii harrastajatele kui professionaalidele\",\"potentialAction\":[{\"@type\":\"SearchAction\",\"target\":{\"@type\":\"EntryPoint\",\"urlTemplate\":\"https:\/\/horticom.ee\/e-pood\/?s={search_term_string}\"},\"query-input\":{\"@type\":\"PropertyValueSpecification\",\"valueRequired\":true,\"valueName\":\"search_term_string\"}}],\"inLanguage\":\"ru-RU\"}]}<\/script>\n<!-- \/ Yoast SEO plugin. -->","yoast_head_json":{"title":"Suur l\u00f5vil\u00f5ug Snapdragon Rainbow - Anthirrhinum majus L.","description":"Kaunilt v\u00e4rvikas suur l\u00f5vil\u00f5ug, ideaalne lillepeenrasse v\u00f5i lillekimbu. Taimede k\u00f5rgus kuni 90cm, \u00f5itseb suve jooksul rikkalikult.","robots":{"index":"index","follow":"follow","max-snippet":"max-snippet:-1","max-image-preview":"max-image-preview:large","max-video-preview":"max-video-preview:-1"},"canonical":"https:\/\/horticom.ee\/e-pood\/toode\/suur-loviloug-rainbow-antirrhinum-majus-l-b\/","og_locale":"ru_RU","og_type":"article","og_title":"Suur l\u00f5vil\u00f5ug Snapdragon Rainbow - Anthirrhinum majus L.","og_description":"Kaunilt v\u00e4rvikas suur l\u00f5vil\u00f5ug, ideaalne lillepeenrasse v\u00f5i lillekimbu. Taimede k\u00f5rgus kuni 90cm, \u00f5itseb suve jooksul rikkalikult.","og_url":"https:\/\/horticom.ee\/e-pood\/toode\/suur-loviloug-rainbow-antirrhinum-majus-l-b\/","og_site_name":"Horticom.ee","article_publisher":"https:\/\/www.facebook.com\/horticom.ee\/e-pood","article_modified_time":"2026-05-03T00:04:32+00:00","og_image":[{"width":1000,"height":1577,"url":"https:\/\/horticom.ee\/e-pood\/wp-content\/uploads\/importedmedia\/product-152622_0-L7800.jpg","type":"image\/jpeg"}],"twitter_card":"summary_large_image","schema":{"@context":"https:\/\/schema.org","@graph":[{"@type":"WebPage","@id":"https:\/\/horticom.ee\/e-pood\/toode\/suur-loviloug-rainbow-antirrhinum-majus-l-b\/","url":"https:\/\/horticom.ee\/e-pood\/toode\/suur-loviloug-rainbow-antirrhinum-majus-l-b\/","name":"Suur l\u00f5vil\u00f5ug Snapdragon Rainbow - Anthirrhinum majus L.","isPartOf":{"@id":"https:\/\/horticom.ee\/e-pood\/#website"},"primaryImageOfPage":{"@id":"https:\/\/horticom.ee\/e-pood\/toode\/suur-loviloug-rainbow-antirrhinum-majus-l-b\/#primaryimage"},"image":{"@id":"https:\/\/horticom.ee\/e-pood\/toode\/suur-loviloug-rainbow-antirrhinum-majus-l-b\/#primaryimage"},"thumbnailUrl":"https:\/\/horticom.ee\/e-pood\/wp-content\/uploads\/importedmedia\/product-152622_0-L7800.jpg","datePublished":"2022-01-17T13:58:04+00:00","dateModified":"2026-05-03T00:04:32+00:00","description":"Kaunilt v\u00e4rvikas suur l\u00f5vil\u00f5ug, ideaalne lillepeenrasse v\u00f5i lillekimbu. Taimede k\u00f5rgus kuni 90cm, \u00f5itseb suve jooksul rikkalikult.","breadcrumb":{"@id":"https:\/\/horticom.ee\/e-pood\/toode\/suur-loviloug-rainbow-antirrhinum-majus-l-b\/#breadcrumb"},"inLanguage":"ru-RU","potentialAction":[{"@type":"ReadAction","target":["https:\/\/horticom.ee\/e-pood\/toode\/suur-loviloug-rainbow-antirrhinum-majus-l-b\/"]}]},{"@type":"ImageObject","inLanguage":"ru-RU","@id":"https:\/\/horticom.ee\/e-pood\/toode\/suur-loviloug-rainbow-antirrhinum-majus-l-b\/#primaryimage","url":"https:\/\/horticom.ee\/e-pood\/wp-content\/uploads\/importedmedia\/product-152622_0-L7800.jpg","contentUrl":"https:\/\/horticom.ee\/e-pood\/wp-content\/uploads\/importedmedia\/product-152622_0-L7800.jpg","width":1000,"height":1577,"caption":"Suur l\u00f5vil\u00f5ug Snapdragon Rainbow - Anthirrhinum majus L."},{"@type":"BreadcrumbList","@id":"https:\/\/horticom.ee\/e-pood\/toode\/suur-loviloug-rainbow-antirrhinum-majus-l-b\/#breadcrumb","itemListElement":[{"@type":"ListItem","position":1,"name":"Home","item":"https:\/\/horticom.ee\/e-pood\/"},{"@type":"ListItem","position":2,"name":"Pood","item":"https:\/\/horticom.ee\/e-pood\/pood\/"},{"@type":"ListItem","position":3,"name":"Suur l\u00f5vil\u00f5ug Snapdragon Rainbow &#8211; Anthirrhinum majus L."}]},{"@type":"WebSite","@id":"https:\/\/horticom.ee\/e-pood\/#website","url":"https:\/\/horticom.ee\/e-pood\/","name":"Horticom.ee","description":"Aianduskaubad ja kodukaubad nii harrastajatele kui professionaalidele","potentialAction":[{"@type":"SearchAction","target":{"@type":"EntryPoint","urlTemplate":"https:\/\/horticom.ee\/e-pood\/?s={search_term_string}"},"query-input":{"@type":"PropertyValueSpecification","valueRequired":true,"valueName":"search_term_string"}}],"inLanguage":"ru-RU"}]}},"_links":{"self":[{"href":"https:\/\/horticom.ee\/e-pood\/ru\/wp-json\/wp\/v2\/product\/152622","targetHints":{"allow":["GET"]}}],"collection":[{"href":"https:\/\/horticom.ee\/e-pood\/ru\/wp-json\/wp\/v2\/product"}],"about":[{"href":"https:\/\/horticom.ee\/e-pood\/ru\/wp-json\/wp\/v2\/types\/product"}],"replies":[{"embeddable":true,"href":"https:\/\/horticom.ee\/e-pood\/ru\/wp-json\/wp\/v2\/comments?post=152622"}],"wp:featuredmedia":[{"embeddable":true,"href":"https:\/\/horticom.ee\/e-pood\/ru\/wp-json\/wp\/v2\/media\/177875"}],"wp:attachment":[{"href":"https:\/\/horticom.ee\/e-pood\/ru\/wp-json\/wp\/v2\/media?parent=152622"}],"wp:term":[{"taxonomy":"product_cat","embeddable":true,"href":"https:\/\/horticom.ee\/e-pood\/ru\/wp-json\/wp\/v2\/product_cat?post=152622"},{"taxonomy":"product_tag","embeddable":true,"href":"https:\/\/horticom.ee\/e-pood\/ru\/wp-json\/wp\/v2\/product_tag?post=152622"}],"curies":[{"name":"wp","href":"https:\/\/api.w.org\/{rel}","templated":true}]}}