{"id":152627,"date":"2022-01-17T15:58:08","date_gmt":"2022-01-17T13:58:08","guid":{"rendered":"https:\/\/aednik24.ee\/toode\/porgand-nantes-3-tip-top-daucus-carota-l-b\/"},"modified":"2026-05-03T03:04:32","modified_gmt":"2026-05-03T00:04:32","slug":"porgand-nantes-3-tip-top-daucus-carota-l-b","status":"publish","type":"product","link":"https:\/\/horticom.ee\/e-pood\/ru\/toode\/porgand-nantes-3-tip-top-daucus-carota-l-b\/","title":{"rendered":"Porgand Nantes 3- Daucus carota L."},"content":{"rendered":"<p>Porgand Nantes 3 Tip Top on keskvarajane sort. Juurikad 16\u201320cm, sirged, t\u00f6mbi otsaga, v\u00e4ike s\u00fcdamik. Vegetatsiooniperiood 110\u2013115 p\u00e4eva. Sisaldab palju suhkrut ja karotiini ning sobib mahlaks ja salatiks. Kasvab kergetel liivsavi muldadel.<br \/>\n1g 800 &#8211; 1400 seemet.<\/p>\n","protected":false},"excerpt":{"rendered":"<p>Porgand Nantes 3 Tip Top on keskvarajane sort. Juurikad 16\u201320cm, sirged, t\u00f6mbi otsaga, v\u00e4ike s\u00fcdamik. Vegetatsiooniperiood 110\u2013115 p\u00e4eva. Sisaldab palju suhkrut ja karotiini ning sobib mahlaks ja salatiks. Kasvab kergetel liivsavi muldadel. 1g 800 &#8211; 1400 seemet.<\/p>\n","protected":false},"featured_media":177861,"comment_status":"closed","ping_status":"closed","template":"","meta":{"_themeisle_gutenberg_block_has_review":false},"product_cat":[13487],"product_tag":[],"class_list":{"0":"post-152627","1":"product","2":"type-product","3":"status-publish","4":"has-post-thumbnail","6":"product_cat-porgand-pastinaak","8":"first","9":"outofstock","10":"shipping-taxable","11":"purchasable","12":"product-type-simple"},"yoast_head":"<!-- This site is optimized with the Yoast SEO plugin v24.0 - https:\/\/yoast.com\/wordpress\/plugins\/seo\/ -->\n<title>Porgand Nantes 3- Daucus carota L. - Horticom.ee\/e-pood<\/title>\n<meta name=\"description\" content=\"Porgand Nantes 3 Tip Top \u2013 keskvarajane sort, 16-20cm sirged juurikad v\u00e4ikese s\u00fcdamikuga. Sisaldab palju suhkrut, sobib mahlaks ja salatiks.\" \/>\n<meta name=\"robots\" content=\"index, follow, max-snippet:-1, max-image-preview:large, max-video-preview:-1\" \/>\n<link rel=\"canonical\" href=\"https:\/\/horticom.ee\/e-pood\/toode\/porgand-nantes-3-tip-top-daucus-carota-l-b\/\" \/>\n<meta property=\"og:locale\" content=\"ru_RU\" \/>\n<meta property=\"og:type\" content=\"article\" \/>\n<meta property=\"og:title\" content=\"Porgand Nantes 3- Daucus carota L. - Horticom.ee\/e-pood\" \/>\n<meta property=\"og:description\" content=\"Porgand Nantes 3 Tip Top \u2013 keskvarajane sort, 16-20cm sirged juurikad v\u00e4ikese s\u00fcdamikuga. Sisaldab palju suhkrut, sobib mahlaks ja salatiks.\" \/>\n<meta property=\"og:url\" content=\"https:\/\/horticom.ee\/e-pood\/toode\/porgand-nantes-3-tip-top-daucus-carota-l-b\/\" \/>\n<meta property=\"og:site_name\" content=\"Horticom.ee\" \/>\n<meta property=\"article:publisher\" content=\"https:\/\/www.facebook.com\/horticom.ee\/e-pood\" \/>\n<meta property=\"article:modified_time\" content=\"2026-05-03T00:04:32+00:00\" \/>\n<meta property=\"og:image\" content=\"https:\/\/horticom.ee\/e-pood\/wp-content\/uploads\/importedmedia\/product-152627_0-L12322.jpg\" \/>\n\t<meta property=\"og:image:width\" content=\"1000\" \/>\n\t<meta property=\"og:image:height\" content=\"1750\" \/>\n\t<meta property=\"og:image:type\" content=\"image\/jpeg\" \/>\n<meta name=\"twitter:card\" content=\"summary_large_image\" \/>\n<script type=\"application\/ld+json\" class=\"yoast-schema-graph\">{\"@context\":\"https:\/\/schema.org\",\"@graph\":[{\"@type\":\"WebPage\",\"@id\":\"https:\/\/horticom.ee\/e-pood\/toode\/porgand-nantes-3-tip-top-daucus-carota-l-b\/\",\"url\":\"https:\/\/horticom.ee\/e-pood\/toode\/porgand-nantes-3-tip-top-daucus-carota-l-b\/\",\"name\":\"Porgand Nantes 3- Daucus carota L. - Horticom.ee\/e-pood\",\"isPartOf\":{\"@id\":\"https:\/\/horticom.ee\/e-pood\/#website\"},\"primaryImageOfPage\":{\"@id\":\"https:\/\/horticom.ee\/e-pood\/toode\/porgand-nantes-3-tip-top-daucus-carota-l-b\/#primaryimage\"},\"image\":{\"@id\":\"https:\/\/horticom.ee\/e-pood\/toode\/porgand-nantes-3-tip-top-daucus-carota-l-b\/#primaryimage\"},\"thumbnailUrl\":\"https:\/\/horticom.ee\/e-pood\/wp-content\/uploads\/importedmedia\/product-152627_0-L12322.jpg\",\"datePublished\":\"2022-01-17T13:58:08+00:00\",\"dateModified\":\"2026-05-03T00:04:32+00:00\",\"description\":\"Porgand Nantes 3 Tip Top \u2013 keskvarajane sort, 16-20cm sirged juurikad v\u00e4ikese s\u00fcdamikuga. Sisaldab palju suhkrut, sobib mahlaks ja salatiks.\",\"breadcrumb\":{\"@id\":\"https:\/\/horticom.ee\/e-pood\/toode\/porgand-nantes-3-tip-top-daucus-carota-l-b\/#breadcrumb\"},\"inLanguage\":\"ru-RU\",\"potentialAction\":[{\"@type\":\"ReadAction\",\"target\":[\"https:\/\/horticom.ee\/e-pood\/toode\/porgand-nantes-3-tip-top-daucus-carota-l-b\/\"]}]},{\"@type\":\"ImageObject\",\"inLanguage\":\"ru-RU\",\"@id\":\"https:\/\/horticom.ee\/e-pood\/toode\/porgand-nantes-3-tip-top-daucus-carota-l-b\/#primaryimage\",\"url\":\"https:\/\/horticom.ee\/e-pood\/wp-content\/uploads\/importedmedia\/product-152627_0-L12322.jpg\",\"contentUrl\":\"https:\/\/horticom.ee\/e-pood\/wp-content\/uploads\/importedmedia\/product-152627_0-L12322.jpg\",\"width\":1000,\"height\":1750,\"caption\":\"Porgand Nantes 3- Daucus carota L.\"},{\"@type\":\"BreadcrumbList\",\"@id\":\"https:\/\/horticom.ee\/e-pood\/toode\/porgand-nantes-3-tip-top-daucus-carota-l-b\/#breadcrumb\",\"itemListElement\":[{\"@type\":\"ListItem\",\"position\":1,\"name\":\"Home\",\"item\":\"https:\/\/horticom.ee\/e-pood\/\"},{\"@type\":\"ListItem\",\"position\":2,\"name\":\"Pood\",\"item\":\"https:\/\/horticom.ee\/e-pood\/pood\/\"},{\"@type\":\"ListItem\",\"position\":3,\"name\":\"Porgand Nantes 3- Daucus carota L.\"}]},{\"@type\":\"WebSite\",\"@id\":\"https:\/\/horticom.ee\/e-pood\/#website\",\"url\":\"https:\/\/horticom.ee\/e-pood\/\",\"name\":\"Horticom.ee\",\"description\":\"Aianduskaubad ja kodukaubad nii harrastajatele kui professionaalidele\",\"potentialAction\":[{\"@type\":\"SearchAction\",\"target\":{\"@type\":\"EntryPoint\",\"urlTemplate\":\"https:\/\/horticom.ee\/e-pood\/?s={search_term_string}\"},\"query-input\":{\"@type\":\"PropertyValueSpecification\",\"valueRequired\":true,\"valueName\":\"search_term_string\"}}],\"inLanguage\":\"ru-RU\"}]}<\/script>\n<!-- \/ Yoast SEO plugin. -->","yoast_head_json":{"title":"Porgand Nantes 3- Daucus carota L. - Horticom.ee\/e-pood","description":"Porgand Nantes 3 Tip Top \u2013 keskvarajane sort, 16-20cm sirged juurikad v\u00e4ikese s\u00fcdamikuga. Sisaldab palju suhkrut, sobib mahlaks ja salatiks.","robots":{"index":"index","follow":"follow","max-snippet":"max-snippet:-1","max-image-preview":"max-image-preview:large","max-video-preview":"max-video-preview:-1"},"canonical":"https:\/\/horticom.ee\/e-pood\/toode\/porgand-nantes-3-tip-top-daucus-carota-l-b\/","og_locale":"ru_RU","og_type":"article","og_title":"Porgand Nantes 3- Daucus carota L. - Horticom.ee\/e-pood","og_description":"Porgand Nantes 3 Tip Top \u2013 keskvarajane sort, 16-20cm sirged juurikad v\u00e4ikese s\u00fcdamikuga. Sisaldab palju suhkrut, sobib mahlaks ja salatiks.","og_url":"https:\/\/horticom.ee\/e-pood\/toode\/porgand-nantes-3-tip-top-daucus-carota-l-b\/","og_site_name":"Horticom.ee","article_publisher":"https:\/\/www.facebook.com\/horticom.ee\/e-pood","article_modified_time":"2026-05-03T00:04:32+00:00","og_image":[{"width":1000,"height":1750,"url":"https:\/\/horticom.ee\/e-pood\/wp-content\/uploads\/importedmedia\/product-152627_0-L12322.jpg","type":"image\/jpeg"}],"twitter_card":"summary_large_image","schema":{"@context":"https:\/\/schema.org","@graph":[{"@type":"WebPage","@id":"https:\/\/horticom.ee\/e-pood\/toode\/porgand-nantes-3-tip-top-daucus-carota-l-b\/","url":"https:\/\/horticom.ee\/e-pood\/toode\/porgand-nantes-3-tip-top-daucus-carota-l-b\/","name":"Porgand Nantes 3- Daucus carota L. - Horticom.ee\/e-pood","isPartOf":{"@id":"https:\/\/horticom.ee\/e-pood\/#website"},"primaryImageOfPage":{"@id":"https:\/\/horticom.ee\/e-pood\/toode\/porgand-nantes-3-tip-top-daucus-carota-l-b\/#primaryimage"},"image":{"@id":"https:\/\/horticom.ee\/e-pood\/toode\/porgand-nantes-3-tip-top-daucus-carota-l-b\/#primaryimage"},"thumbnailUrl":"https:\/\/horticom.ee\/e-pood\/wp-content\/uploads\/importedmedia\/product-152627_0-L12322.jpg","datePublished":"2022-01-17T13:58:08+00:00","dateModified":"2026-05-03T00:04:32+00:00","description":"Porgand Nantes 3 Tip Top \u2013 keskvarajane sort, 16-20cm sirged juurikad v\u00e4ikese s\u00fcdamikuga. Sisaldab palju suhkrut, sobib mahlaks ja salatiks.","breadcrumb":{"@id":"https:\/\/horticom.ee\/e-pood\/toode\/porgand-nantes-3-tip-top-daucus-carota-l-b\/#breadcrumb"},"inLanguage":"ru-RU","potentialAction":[{"@type":"ReadAction","target":["https:\/\/horticom.ee\/e-pood\/toode\/porgand-nantes-3-tip-top-daucus-carota-l-b\/"]}]},{"@type":"ImageObject","inLanguage":"ru-RU","@id":"https:\/\/horticom.ee\/e-pood\/toode\/porgand-nantes-3-tip-top-daucus-carota-l-b\/#primaryimage","url":"https:\/\/horticom.ee\/e-pood\/wp-content\/uploads\/importedmedia\/product-152627_0-L12322.jpg","contentUrl":"https:\/\/horticom.ee\/e-pood\/wp-content\/uploads\/importedmedia\/product-152627_0-L12322.jpg","width":1000,"height":1750,"caption":"Porgand Nantes 3- Daucus carota L."},{"@type":"BreadcrumbList","@id":"https:\/\/horticom.ee\/e-pood\/toode\/porgand-nantes-3-tip-top-daucus-carota-l-b\/#breadcrumb","itemListElement":[{"@type":"ListItem","position":1,"name":"Home","item":"https:\/\/horticom.ee\/e-pood\/"},{"@type":"ListItem","position":2,"name":"Pood","item":"https:\/\/horticom.ee\/e-pood\/pood\/"},{"@type":"ListItem","position":3,"name":"Porgand Nantes 3- Daucus carota L."}]},{"@type":"WebSite","@id":"https:\/\/horticom.ee\/e-pood\/#website","url":"https:\/\/horticom.ee\/e-pood\/","name":"Horticom.ee","description":"Aianduskaubad ja kodukaubad nii harrastajatele kui professionaalidele","potentialAction":[{"@type":"SearchAction","target":{"@type":"EntryPoint","urlTemplate":"https:\/\/horticom.ee\/e-pood\/?s={search_term_string}"},"query-input":{"@type":"PropertyValueSpecification","valueRequired":true,"valueName":"search_term_string"}}],"inLanguage":"ru-RU"}]}},"_links":{"self":[{"href":"https:\/\/horticom.ee\/e-pood\/ru\/wp-json\/wp\/v2\/product\/152627","targetHints":{"allow":["GET"]}}],"collection":[{"href":"https:\/\/horticom.ee\/e-pood\/ru\/wp-json\/wp\/v2\/product"}],"about":[{"href":"https:\/\/horticom.ee\/e-pood\/ru\/wp-json\/wp\/v2\/types\/product"}],"replies":[{"embeddable":true,"href":"https:\/\/horticom.ee\/e-pood\/ru\/wp-json\/wp\/v2\/comments?post=152627"}],"wp:featuredmedia":[{"embeddable":true,"href":"https:\/\/horticom.ee\/e-pood\/ru\/wp-json\/wp\/v2\/media\/177861"}],"wp:attachment":[{"href":"https:\/\/horticom.ee\/e-pood\/ru\/wp-json\/wp\/v2\/media?parent=152627"}],"wp:term":[{"taxonomy":"product_cat","embeddable":true,"href":"https:\/\/horticom.ee\/e-pood\/ru\/wp-json\/wp\/v2\/product_cat?post=152627"},{"taxonomy":"product_tag","embeddable":true,"href":"https:\/\/horticom.ee\/e-pood\/ru\/wp-json\/wp\/v2\/product_tag?post=152627"}],"curies":[{"name":"wp","href":"https:\/\/api.w.org\/{rel}","templated":true}]}}