{"id":152633,"date":"2022-01-17T15:58:12","date_gmt":"2022-01-17T13:58:12","guid":{"rendered":"https:\/\/aednik24.ee\/toode\/kurk-dirigent-h-cucumis-sativus-l-k\/"},"modified":"2026-04-18T18:09:27","modified_gmt":"2026-04-18T15:09:27","slug":"kurk-dirigent-h-cucumis-sativus-l-k","status":"publish","type":"product","link":"https:\/\/horticom.ee\/e-pood\/ru\/toode\/kurk-dirigent-h-cucumis-sativus-l-k\/","title":{"rendered":"Kurk Dirigent H &#8211; Cucumis sativus L."},"content":{"rendered":"<p>Kurk Dirigent H &#8211; viljad esmaklassilised, \u00fchendatud on v\u00e4ga varajane saagikus ja viljade kvaliteet. Viljad s\u00e4ilitavad tugeva kr\u00f5mpsuva sisestruktuuri ja ilusa v\u00e4rvuse ka pikaajalisel hoidistamisel. Sordile on omane v\u00e4iksem lehtede mass, mis h\u00f5lbustab tunduvalt kasvatamist ja viljade korjamist. Pakis ca 15 seemet.<\/p>\n","protected":false},"excerpt":{"rendered":"<p>Kurk Dirigent H &#8211; viljad esmaklassilised, \u00fchendatud on v\u00e4ga varajane saagikus ja viljade kvaliteet. Viljad s\u00e4ilitavad tugeva kr\u00f5mpsuva sisestruktuuri ja ilusa v\u00e4rvuse ka pikaajalisel hoidistamisel. Sordile on omane v\u00e4iksem lehtede mass, mis h\u00f5lbustab tunduvalt kasvatamist ja viljade korjamist. Pakis ca 15 seemet.<\/p>\n","protected":false},"featured_media":177849,"comment_status":"closed","ping_status":"closed","template":"","meta":{"_themeisle_gutenberg_block_has_review":false},"product_cat":[13493],"product_tag":[],"class_list":{"0":"post-152633","1":"product","2":"type-product","3":"status-publish","4":"has-post-thumbnail","6":"product_cat-kurk","8":"first","9":"instock","10":"shipping-taxable","11":"purchasable","12":"product-type-simple"},"yoast_head":"<!-- This site is optimized with the Yoast SEO plugin v24.0 - https:\/\/yoast.com\/wordpress\/plugins\/seo\/ -->\n<title>Kurk Dirigent H - Cucumis sativus L. - Horticom.ee\/e-pood<\/title>\n<meta name=\"description\" content=\"Harilik kurk Dirigent \u2013 varajane, iseviljuv h\u00fcbriid sileda koorega, tugeva struktuuriga viljadega. Ideaalne konserveerimiseks, ei kasva kiirelt \u00fcle.\" \/>\n<meta name=\"robots\" content=\"index, follow, max-snippet:-1, max-image-preview:large, max-video-preview:-1\" \/>\n<link rel=\"canonical\" href=\"https:\/\/horticom.ee\/e-pood\/toode\/kurk-dirigent-h-cucumis-sativus-l-k\/\" \/>\n<meta property=\"og:locale\" content=\"ru_RU\" \/>\n<meta property=\"og:type\" content=\"article\" \/>\n<meta property=\"og:title\" content=\"Kurk Dirigent H - Cucumis sativus L. - Horticom.ee\/e-pood\" \/>\n<meta property=\"og:description\" content=\"Harilik kurk Dirigent \u2013 varajane, iseviljuv h\u00fcbriid sileda koorega, tugeva struktuuriga viljadega. Ideaalne konserveerimiseks, ei kasva kiirelt \u00fcle.\" \/>\n<meta property=\"og:url\" content=\"https:\/\/horticom.ee\/e-pood\/toode\/kurk-dirigent-h-cucumis-sativus-l-k\/\" \/>\n<meta property=\"og:site_name\" content=\"Horticom.ee\" \/>\n<meta property=\"article:publisher\" content=\"https:\/\/www.facebook.com\/horticom.ee\/e-pood\" \/>\n<meta property=\"article:modified_time\" content=\"2026-04-18T15:09:27+00:00\" \/>\n<meta property=\"og:image\" content=\"https:\/\/horticom.ee\/e-pood\/wp-content\/uploads\/importedmedia\/product-152633_0-L10195.jpg\" \/>\n\t<meta property=\"og:image:width\" content=\"999\" \/>\n\t<meta property=\"og:image:height\" content=\"1763\" \/>\n\t<meta property=\"og:image:type\" content=\"image\/jpeg\" \/>\n<meta name=\"twitter:card\" content=\"summary_large_image\" \/>\n<script type=\"application\/ld+json\" class=\"yoast-schema-graph\">{\"@context\":\"https:\/\/schema.org\",\"@graph\":[{\"@type\":\"WebPage\",\"@id\":\"https:\/\/horticom.ee\/e-pood\/toode\/kurk-dirigent-h-cucumis-sativus-l-k\/\",\"url\":\"https:\/\/horticom.ee\/e-pood\/toode\/kurk-dirigent-h-cucumis-sativus-l-k\/\",\"name\":\"Kurk Dirigent H - Cucumis sativus L. - Horticom.ee\/e-pood\",\"isPartOf\":{\"@id\":\"https:\/\/horticom.ee\/e-pood\/#website\"},\"primaryImageOfPage\":{\"@id\":\"https:\/\/horticom.ee\/e-pood\/toode\/kurk-dirigent-h-cucumis-sativus-l-k\/#primaryimage\"},\"image\":{\"@id\":\"https:\/\/horticom.ee\/e-pood\/toode\/kurk-dirigent-h-cucumis-sativus-l-k\/#primaryimage\"},\"thumbnailUrl\":\"https:\/\/horticom.ee\/e-pood\/wp-content\/uploads\/importedmedia\/product-152633_0-L10195.jpg\",\"datePublished\":\"2022-01-17T13:58:12+00:00\",\"dateModified\":\"2026-04-18T15:09:27+00:00\",\"description\":\"Harilik kurk Dirigent \u2013 varajane, iseviljuv h\u00fcbriid sileda koorega, tugeva struktuuriga viljadega. Ideaalne konserveerimiseks, ei kasva kiirelt \u00fcle.\",\"breadcrumb\":{\"@id\":\"https:\/\/horticom.ee\/e-pood\/toode\/kurk-dirigent-h-cucumis-sativus-l-k\/#breadcrumb\"},\"inLanguage\":\"ru-RU\",\"potentialAction\":[{\"@type\":\"ReadAction\",\"target\":[\"https:\/\/horticom.ee\/e-pood\/toode\/kurk-dirigent-h-cucumis-sativus-l-k\/\"]}]},{\"@type\":\"ImageObject\",\"inLanguage\":\"ru-RU\",\"@id\":\"https:\/\/horticom.ee\/e-pood\/toode\/kurk-dirigent-h-cucumis-sativus-l-k\/#primaryimage\",\"url\":\"https:\/\/horticom.ee\/e-pood\/wp-content\/uploads\/importedmedia\/product-152633_0-L10195.jpg\",\"contentUrl\":\"https:\/\/horticom.ee\/e-pood\/wp-content\/uploads\/importedmedia\/product-152633_0-L10195.jpg\",\"width\":999,\"height\":1763,\"caption\":\"Kurk Dirigent H - Cucumis sativus L.\"},{\"@type\":\"BreadcrumbList\",\"@id\":\"https:\/\/horticom.ee\/e-pood\/toode\/kurk-dirigent-h-cucumis-sativus-l-k\/#breadcrumb\",\"itemListElement\":[{\"@type\":\"ListItem\",\"position\":1,\"name\":\"Home\",\"item\":\"https:\/\/horticom.ee\/e-pood\/\"},{\"@type\":\"ListItem\",\"position\":2,\"name\":\"Pood\",\"item\":\"https:\/\/horticom.ee\/e-pood\/pood\/\"},{\"@type\":\"ListItem\",\"position\":3,\"name\":\"Kurk Dirigent H &#8211; Cucumis sativus L.\"}]},{\"@type\":\"WebSite\",\"@id\":\"https:\/\/horticom.ee\/e-pood\/#website\",\"url\":\"https:\/\/horticom.ee\/e-pood\/\",\"name\":\"Horticom.ee\",\"description\":\"Aianduskaubad ja kodukaubad nii harrastajatele kui professionaalidele\",\"potentialAction\":[{\"@type\":\"SearchAction\",\"target\":{\"@type\":\"EntryPoint\",\"urlTemplate\":\"https:\/\/horticom.ee\/e-pood\/?s={search_term_string}\"},\"query-input\":{\"@type\":\"PropertyValueSpecification\",\"valueRequired\":true,\"valueName\":\"search_term_string\"}}],\"inLanguage\":\"ru-RU\"}]}<\/script>\n<!-- \/ Yoast SEO plugin. -->","yoast_head_json":{"title":"Kurk Dirigent H - Cucumis sativus L. - Horticom.ee\/e-pood","description":"Harilik kurk Dirigent \u2013 varajane, iseviljuv h\u00fcbriid sileda koorega, tugeva struktuuriga viljadega. Ideaalne konserveerimiseks, ei kasva kiirelt \u00fcle.","robots":{"index":"index","follow":"follow","max-snippet":"max-snippet:-1","max-image-preview":"max-image-preview:large","max-video-preview":"max-video-preview:-1"},"canonical":"https:\/\/horticom.ee\/e-pood\/toode\/kurk-dirigent-h-cucumis-sativus-l-k\/","og_locale":"ru_RU","og_type":"article","og_title":"Kurk Dirigent H - Cucumis sativus L. - Horticom.ee\/e-pood","og_description":"Harilik kurk Dirigent \u2013 varajane, iseviljuv h\u00fcbriid sileda koorega, tugeva struktuuriga viljadega. Ideaalne konserveerimiseks, ei kasva kiirelt \u00fcle.","og_url":"https:\/\/horticom.ee\/e-pood\/toode\/kurk-dirigent-h-cucumis-sativus-l-k\/","og_site_name":"Horticom.ee","article_publisher":"https:\/\/www.facebook.com\/horticom.ee\/e-pood","article_modified_time":"2026-04-18T15:09:27+00:00","og_image":[{"width":999,"height":1763,"url":"https:\/\/horticom.ee\/e-pood\/wp-content\/uploads\/importedmedia\/product-152633_0-L10195.jpg","type":"image\/jpeg"}],"twitter_card":"summary_large_image","schema":{"@context":"https:\/\/schema.org","@graph":[{"@type":"WebPage","@id":"https:\/\/horticom.ee\/e-pood\/toode\/kurk-dirigent-h-cucumis-sativus-l-k\/","url":"https:\/\/horticom.ee\/e-pood\/toode\/kurk-dirigent-h-cucumis-sativus-l-k\/","name":"Kurk Dirigent H - Cucumis sativus L. - Horticom.ee\/e-pood","isPartOf":{"@id":"https:\/\/horticom.ee\/e-pood\/#website"},"primaryImageOfPage":{"@id":"https:\/\/horticom.ee\/e-pood\/toode\/kurk-dirigent-h-cucumis-sativus-l-k\/#primaryimage"},"image":{"@id":"https:\/\/horticom.ee\/e-pood\/toode\/kurk-dirigent-h-cucumis-sativus-l-k\/#primaryimage"},"thumbnailUrl":"https:\/\/horticom.ee\/e-pood\/wp-content\/uploads\/importedmedia\/product-152633_0-L10195.jpg","datePublished":"2022-01-17T13:58:12+00:00","dateModified":"2026-04-18T15:09:27+00:00","description":"Harilik kurk Dirigent \u2013 varajane, iseviljuv h\u00fcbriid sileda koorega, tugeva struktuuriga viljadega. Ideaalne konserveerimiseks, ei kasva kiirelt \u00fcle.","breadcrumb":{"@id":"https:\/\/horticom.ee\/e-pood\/toode\/kurk-dirigent-h-cucumis-sativus-l-k\/#breadcrumb"},"inLanguage":"ru-RU","potentialAction":[{"@type":"ReadAction","target":["https:\/\/horticom.ee\/e-pood\/toode\/kurk-dirigent-h-cucumis-sativus-l-k\/"]}]},{"@type":"ImageObject","inLanguage":"ru-RU","@id":"https:\/\/horticom.ee\/e-pood\/toode\/kurk-dirigent-h-cucumis-sativus-l-k\/#primaryimage","url":"https:\/\/horticom.ee\/e-pood\/wp-content\/uploads\/importedmedia\/product-152633_0-L10195.jpg","contentUrl":"https:\/\/horticom.ee\/e-pood\/wp-content\/uploads\/importedmedia\/product-152633_0-L10195.jpg","width":999,"height":1763,"caption":"Kurk Dirigent H - Cucumis sativus L."},{"@type":"BreadcrumbList","@id":"https:\/\/horticom.ee\/e-pood\/toode\/kurk-dirigent-h-cucumis-sativus-l-k\/#breadcrumb","itemListElement":[{"@type":"ListItem","position":1,"name":"Home","item":"https:\/\/horticom.ee\/e-pood\/"},{"@type":"ListItem","position":2,"name":"Pood","item":"https:\/\/horticom.ee\/e-pood\/pood\/"},{"@type":"ListItem","position":3,"name":"Kurk Dirigent H &#8211; Cucumis sativus L."}]},{"@type":"WebSite","@id":"https:\/\/horticom.ee\/e-pood\/#website","url":"https:\/\/horticom.ee\/e-pood\/","name":"Horticom.ee","description":"Aianduskaubad ja kodukaubad nii harrastajatele kui professionaalidele","potentialAction":[{"@type":"SearchAction","target":{"@type":"EntryPoint","urlTemplate":"https:\/\/horticom.ee\/e-pood\/?s={search_term_string}"},"query-input":{"@type":"PropertyValueSpecification","valueRequired":true,"valueName":"search_term_string"}}],"inLanguage":"ru-RU"}]}},"_links":{"self":[{"href":"https:\/\/horticom.ee\/e-pood\/ru\/wp-json\/wp\/v2\/product\/152633","targetHints":{"allow":["GET"]}}],"collection":[{"href":"https:\/\/horticom.ee\/e-pood\/ru\/wp-json\/wp\/v2\/product"}],"about":[{"href":"https:\/\/horticom.ee\/e-pood\/ru\/wp-json\/wp\/v2\/types\/product"}],"replies":[{"embeddable":true,"href":"https:\/\/horticom.ee\/e-pood\/ru\/wp-json\/wp\/v2\/comments?post=152633"}],"wp:featuredmedia":[{"embeddable":true,"href":"https:\/\/horticom.ee\/e-pood\/ru\/wp-json\/wp\/v2\/media\/177849"}],"wp:attachment":[{"href":"https:\/\/horticom.ee\/e-pood\/ru\/wp-json\/wp\/v2\/media?parent=152633"}],"wp:term":[{"taxonomy":"product_cat","embeddable":true,"href":"https:\/\/horticom.ee\/e-pood\/ru\/wp-json\/wp\/v2\/product_cat?post=152633"},{"taxonomy":"product_tag","embeddable":true,"href":"https:\/\/horticom.ee\/e-pood\/ru\/wp-json\/wp\/v2\/product_tag?post=152633"}],"curies":[{"name":"wp","href":"https:\/\/api.w.org\/{rel}","templated":true}]}}