{"id":152674,"date":"2022-01-17T15:58:33","date_gmt":"2022-01-17T13:58:33","guid":{"rendered":"https:\/\/aednik24.ee\/toode\/rooside-vedelvaetis-compo-1l\/"},"modified":"2026-05-02T03:04:05","modified_gmt":"2026-05-02T00:04:05","slug":"rooside-vedelvaetis-compo-1l","status":"publish","type":"product","link":"https:\/\/horticom.ee\/e-pood\/ru\/toode\/rooside-vedelvaetis-compo-1l\/","title":{"rendered":"Rooside vedelv\u00e4etis Compo 1L"},"content":{"rendered":"<p>Tasakaalustatud NPK v\u00e4etislahus, mis sobib nii peenraroosidele kui potiroosidele. K\u00f5rge l\u00e4mmastiku osakaal hoolitseb tugeva v\u00f5rsumise ja terve kasvu eest. Kaalium tugevdab taime rakustruktuuri l\u00e4bi ka roosivart ja v\u00f5rseid. Fosfori osakaal soodustab \u00f5ite tekkimist. Lisamagneesium toetab klorof\u00fclli moodustumist ja takistab koos mikrotoitainetega lehtede kolletumist. COMPO soovitus on, et PAA-biostimulaator annab taime juurtele eluj\u00f5udu ergutades toitainete vastuv\u00f5ttu ja soodustades samaaegselt juurte moodustumist. Stimuleeritakse taimede kasvu.<\/p>\n","protected":false},"excerpt":{"rendered":"<p>Tasakaalustatud NPK v\u00e4etislahus, mis sobib nii peenraroosidele kui potiroosidele. K\u00f5rge l\u00e4mmastiku osakaal hoolitseb tugeva v\u00f5rsumise ja terve kasvu eest. Kaalium tugevdab taime rakustruktuuri l\u00e4bi ka roosivart ja v\u00f5rseid. Fosfori osakaal soodustab \u00f5ite tekkimist. Lisamagneesium toetab klorof\u00fclli moodustumist ja takistab koos mikrotoitainetega lehtede kolletumist. COMPO soovitus on, et PAA-biostimulaator annab taime juurtele eluj\u00f5udu ergutades toitainete vastuv\u00f5ttu [&hellip;]<\/p>\n","protected":false},"featured_media":177017,"comment_status":"closed","ping_status":"closed","template":"","meta":{"_themeisle_gutenberg_block_has_review":false},"product_cat":[16963],"product_tag":[],"class_list":{"0":"post-152674","1":"product","2":"type-product","3":"status-publish","4":"has-post-thumbnail","6":"product_cat-roosidele","8":"first","9":"instock","10":"shipping-taxable","11":"purchasable","12":"product-type-simple"},"yoast_head":"<!-- This site is optimized with the Yoast SEO plugin v24.0 - https:\/\/yoast.com\/wordpress\/plugins\/seo\/ -->\n<title>Rooside vedelv\u00e4etis Compo 1L - Horticom<\/title>\n<meta name=\"robots\" content=\"index, follow, max-snippet:-1, max-image-preview:large, max-video-preview:-1\" \/>\n<link rel=\"canonical\" href=\"https:\/\/horticom.ee\/e-pood\/toode\/rooside-vedelvaetis-compo-1l\/\" \/>\n<meta property=\"og:locale\" content=\"ru_RU\" \/>\n<meta property=\"og:type\" content=\"article\" \/>\n<meta property=\"og:title\" content=\"Rooside vedelv\u00e4etis Compo 1L - Horticom\" \/>\n<meta property=\"og:description\" content=\"Tasakaalustatud NPK v\u00e4etislahus, mis sobib nii peenraroosidele kui potiroosidele. K\u00f5rge l\u00e4mmastiku osakaal hoolitseb tugeva v\u00f5rsumise ja terve kasvu eest. Kaalium tugevdab taime rakustruktuuri l\u00e4bi ka roosivart ja v\u00f5rseid. Fosfori osakaal soodustab \u00f5ite tekkimist. Lisamagneesium toetab klorof\u00fclli moodustumist ja takistab koos mikrotoitainetega lehtede kolletumist. COMPO soovitus on, et PAA-biostimulaator annab taime juurtele eluj\u00f5udu ergutades toitainete vastuv\u00f5ttu [&hellip;]\" \/>\n<meta property=\"og:url\" content=\"https:\/\/horticom.ee\/e-pood\/toode\/rooside-vedelvaetis-compo-1l\/\" \/>\n<meta property=\"og:site_name\" content=\"Horticom.ee\" \/>\n<meta property=\"article:publisher\" content=\"https:\/\/www.facebook.com\/horticom.ee\/e-pood\" \/>\n<meta property=\"article:modified_time\" content=\"2026-05-02T00:04:05+00:00\" \/>\n<meta property=\"og:image\" content=\"https:\/\/horticom.ee\/e-pood\/wp-content\/uploads\/importedmedia\/product-152674_0-670106.jpg\" \/>\n\t<meta property=\"og:image:width\" content=\"1000\" \/>\n\t<meta property=\"og:image:height\" content=\"1414\" \/>\n\t<meta property=\"og:image:type\" content=\"image\/jpeg\" \/>\n<meta name=\"twitter:card\" content=\"summary_large_image\" \/>\n<script type=\"application\/ld+json\" class=\"yoast-schema-graph\">{\"@context\":\"https:\/\/schema.org\",\"@graph\":[{\"@type\":\"WebPage\",\"@id\":\"https:\/\/horticom.ee\/e-pood\/toode\/rooside-vedelvaetis-compo-1l\/\",\"url\":\"https:\/\/horticom.ee\/e-pood\/toode\/rooside-vedelvaetis-compo-1l\/\",\"name\":\"Rooside vedelv\u00e4etis Compo 1L - Horticom\",\"isPartOf\":{\"@id\":\"https:\/\/horticom.ee\/e-pood\/#website\"},\"primaryImageOfPage\":{\"@id\":\"https:\/\/horticom.ee\/e-pood\/toode\/rooside-vedelvaetis-compo-1l\/#primaryimage\"},\"image\":{\"@id\":\"https:\/\/horticom.ee\/e-pood\/toode\/rooside-vedelvaetis-compo-1l\/#primaryimage\"},\"thumbnailUrl\":\"https:\/\/horticom.ee\/e-pood\/wp-content\/uploads\/importedmedia\/product-152674_0-670106.jpg\",\"datePublished\":\"2022-01-17T13:58:33+00:00\",\"dateModified\":\"2026-05-02T00:04:05+00:00\",\"breadcrumb\":{\"@id\":\"https:\/\/horticom.ee\/e-pood\/toode\/rooside-vedelvaetis-compo-1l\/#breadcrumb\"},\"inLanguage\":\"ru-RU\",\"potentialAction\":[{\"@type\":\"ReadAction\",\"target\":[\"https:\/\/horticom.ee\/e-pood\/toode\/rooside-vedelvaetis-compo-1l\/\"]}]},{\"@type\":\"ImageObject\",\"inLanguage\":\"ru-RU\",\"@id\":\"https:\/\/horticom.ee\/e-pood\/toode\/rooside-vedelvaetis-compo-1l\/#primaryimage\",\"url\":\"https:\/\/horticom.ee\/e-pood\/wp-content\/uploads\/importedmedia\/product-152674_0-670106.jpg\",\"contentUrl\":\"https:\/\/horticom.ee\/e-pood\/wp-content\/uploads\/importedmedia\/product-152674_0-670106.jpg\",\"width\":1000,\"height\":1414},{\"@type\":\"BreadcrumbList\",\"@id\":\"https:\/\/horticom.ee\/e-pood\/toode\/rooside-vedelvaetis-compo-1l\/#breadcrumb\",\"itemListElement\":[{\"@type\":\"ListItem\",\"position\":1,\"name\":\"Home\",\"item\":\"https:\/\/horticom.ee\/e-pood\/\"},{\"@type\":\"ListItem\",\"position\":2,\"name\":\"Pood\",\"item\":\"https:\/\/horticom.ee\/e-pood\/pood\/\"},{\"@type\":\"ListItem\",\"position\":3,\"name\":\"Rooside vedelv\u00e4etis Compo 1L\"}]},{\"@type\":\"WebSite\",\"@id\":\"https:\/\/horticom.ee\/e-pood\/#website\",\"url\":\"https:\/\/horticom.ee\/e-pood\/\",\"name\":\"Horticom.ee\",\"description\":\"Aianduskaubad ja kodukaubad nii harrastajatele kui professionaalidele\",\"potentialAction\":[{\"@type\":\"SearchAction\",\"target\":{\"@type\":\"EntryPoint\",\"urlTemplate\":\"https:\/\/horticom.ee\/e-pood\/?s={search_term_string}\"},\"query-input\":{\"@type\":\"PropertyValueSpecification\",\"valueRequired\":true,\"valueName\":\"search_term_string\"}}],\"inLanguage\":\"ru-RU\"}]}<\/script>\n<!-- \/ Yoast SEO plugin. -->","yoast_head_json":{"title":"Rooside vedelv\u00e4etis Compo 1L - Horticom","robots":{"index":"index","follow":"follow","max-snippet":"max-snippet:-1","max-image-preview":"max-image-preview:large","max-video-preview":"max-video-preview:-1"},"canonical":"https:\/\/horticom.ee\/e-pood\/toode\/rooside-vedelvaetis-compo-1l\/","og_locale":"ru_RU","og_type":"article","og_title":"Rooside vedelv\u00e4etis Compo 1L - Horticom","og_description":"Tasakaalustatud NPK v\u00e4etislahus, mis sobib nii peenraroosidele kui potiroosidele. K\u00f5rge l\u00e4mmastiku osakaal hoolitseb tugeva v\u00f5rsumise ja terve kasvu eest. Kaalium tugevdab taime rakustruktuuri l\u00e4bi ka roosivart ja v\u00f5rseid. Fosfori osakaal soodustab \u00f5ite tekkimist. Lisamagneesium toetab klorof\u00fclli moodustumist ja takistab koos mikrotoitainetega lehtede kolletumist. COMPO soovitus on, et PAA-biostimulaator annab taime juurtele eluj\u00f5udu ergutades toitainete vastuv\u00f5ttu [&hellip;]","og_url":"https:\/\/horticom.ee\/e-pood\/toode\/rooside-vedelvaetis-compo-1l\/","og_site_name":"Horticom.ee","article_publisher":"https:\/\/www.facebook.com\/horticom.ee\/e-pood","article_modified_time":"2026-05-02T00:04:05+00:00","og_image":[{"width":1000,"height":1414,"url":"https:\/\/horticom.ee\/e-pood\/wp-content\/uploads\/importedmedia\/product-152674_0-670106.jpg","type":"image\/jpeg"}],"twitter_card":"summary_large_image","schema":{"@context":"https:\/\/schema.org","@graph":[{"@type":"WebPage","@id":"https:\/\/horticom.ee\/e-pood\/toode\/rooside-vedelvaetis-compo-1l\/","url":"https:\/\/horticom.ee\/e-pood\/toode\/rooside-vedelvaetis-compo-1l\/","name":"Rooside vedelv\u00e4etis Compo 1L - Horticom","isPartOf":{"@id":"https:\/\/horticom.ee\/e-pood\/#website"},"primaryImageOfPage":{"@id":"https:\/\/horticom.ee\/e-pood\/toode\/rooside-vedelvaetis-compo-1l\/#primaryimage"},"image":{"@id":"https:\/\/horticom.ee\/e-pood\/toode\/rooside-vedelvaetis-compo-1l\/#primaryimage"},"thumbnailUrl":"https:\/\/horticom.ee\/e-pood\/wp-content\/uploads\/importedmedia\/product-152674_0-670106.jpg","datePublished":"2022-01-17T13:58:33+00:00","dateModified":"2026-05-02T00:04:05+00:00","breadcrumb":{"@id":"https:\/\/horticom.ee\/e-pood\/toode\/rooside-vedelvaetis-compo-1l\/#breadcrumb"},"inLanguage":"ru-RU","potentialAction":[{"@type":"ReadAction","target":["https:\/\/horticom.ee\/e-pood\/toode\/rooside-vedelvaetis-compo-1l\/"]}]},{"@type":"ImageObject","inLanguage":"ru-RU","@id":"https:\/\/horticom.ee\/e-pood\/toode\/rooside-vedelvaetis-compo-1l\/#primaryimage","url":"https:\/\/horticom.ee\/e-pood\/wp-content\/uploads\/importedmedia\/product-152674_0-670106.jpg","contentUrl":"https:\/\/horticom.ee\/e-pood\/wp-content\/uploads\/importedmedia\/product-152674_0-670106.jpg","width":1000,"height":1414},{"@type":"BreadcrumbList","@id":"https:\/\/horticom.ee\/e-pood\/toode\/rooside-vedelvaetis-compo-1l\/#breadcrumb","itemListElement":[{"@type":"ListItem","position":1,"name":"Home","item":"https:\/\/horticom.ee\/e-pood\/"},{"@type":"ListItem","position":2,"name":"Pood","item":"https:\/\/horticom.ee\/e-pood\/pood\/"},{"@type":"ListItem","position":3,"name":"Rooside vedelv\u00e4etis Compo 1L"}]},{"@type":"WebSite","@id":"https:\/\/horticom.ee\/e-pood\/#website","url":"https:\/\/horticom.ee\/e-pood\/","name":"Horticom.ee","description":"Aianduskaubad ja kodukaubad nii harrastajatele kui professionaalidele","potentialAction":[{"@type":"SearchAction","target":{"@type":"EntryPoint","urlTemplate":"https:\/\/horticom.ee\/e-pood\/?s={search_term_string}"},"query-input":{"@type":"PropertyValueSpecification","valueRequired":true,"valueName":"search_term_string"}}],"inLanguage":"ru-RU"}]}},"_links":{"self":[{"href":"https:\/\/horticom.ee\/e-pood\/ru\/wp-json\/wp\/v2\/product\/152674","targetHints":{"allow":["GET"]}}],"collection":[{"href":"https:\/\/horticom.ee\/e-pood\/ru\/wp-json\/wp\/v2\/product"}],"about":[{"href":"https:\/\/horticom.ee\/e-pood\/ru\/wp-json\/wp\/v2\/types\/product"}],"replies":[{"embeddable":true,"href":"https:\/\/horticom.ee\/e-pood\/ru\/wp-json\/wp\/v2\/comments?post=152674"}],"wp:featuredmedia":[{"embeddable":true,"href":"https:\/\/horticom.ee\/e-pood\/ru\/wp-json\/wp\/v2\/media\/177017"}],"wp:attachment":[{"href":"https:\/\/horticom.ee\/e-pood\/ru\/wp-json\/wp\/v2\/media?parent=152674"}],"wp:term":[{"taxonomy":"product_cat","embeddable":true,"href":"https:\/\/horticom.ee\/e-pood\/ru\/wp-json\/wp\/v2\/product_cat?post=152674"},{"taxonomy":"product_tag","embeddable":true,"href":"https:\/\/horticom.ee\/e-pood\/ru\/wp-json\/wp\/v2\/product_tag?post=152674"}],"curies":[{"name":"wp","href":"https:\/\/api.w.org\/{rel}","templated":true}]}}