{"id":152787,"date":"2022-01-17T15:59:33","date_gmt":"2022-01-17T13:59:33","guid":{"rendered":"https:\/\/aednik24.ee\/toode\/puhastuslapid-orhideele-puhastamiseks-agrecol-15tk\/"},"modified":"2026-05-02T03:04:13","modified_gmt":"2026-05-02T00:04:13","slug":"puhastuslapid-orhideele-puhastamiseks-agrecol-15tk","status":"publish","type":"product","link":"https:\/\/horticom.ee\/e-pood\/ru\/toode\/puhastuslapid-orhideele-puhastamiseks-agrecol-15tk\/","title":{"rendered":"Puhastuslapid orhideele puhastamiseks Agrecol 15tk"},"content":{"rendered":"<p>Salvr\u00e4tid taime lehtede puhastamiseks. Agrecol on m\u00f5eldud orhideede ja teiste taimede hooldamiseks. Salvr\u00e4tid niisutavad ja loovad orhideele optimaalsed kasvu-, arengu- ja \u00f5itsemistingimused, v\u00e4hendavad tolmu ladestumist lehtedele ega lase tekkida plekkidel. Lisaks on tootel taime toitvad omadused ja lehed s\u00e4ilitavad hea seisundi. Korrap\u00e4rane kasutamine tagab paraja niiskustaseme. Karbis on 15 vaakumpakendisse pakendatud salvr\u00e4tikut. NB! Toodete parim enne aeg on m\u00f6\u00f6das!<\/p>\n","protected":false},"excerpt":{"rendered":"<p>Salvr\u00e4tid taime lehtede puhastamiseks. Agrecol on m\u00f5eldud orhideede ja teiste taimede hooldamiseks. Salvr\u00e4tid niisutavad ja loovad orhideele optimaalsed kasvu-, arengu- ja \u00f5itsemistingimused, v\u00e4hendavad tolmu ladestumist lehtedele ega lase tekkida plekkidel. Lisaks on tootel taime toitvad omadused ja lehed s\u00e4ilitavad hea seisundi. Korrap\u00e4rane kasutamine tagab paraja niiskustaseme. Karbis on 15 vaakumpakendisse pakendatud salvr\u00e4tikut. NB! Toodete parim [&hellip;]<\/p>\n","protected":false},"featured_media":176023,"comment_status":"closed","ping_status":"closed","template":"","meta":{"_themeisle_gutenberg_block_has_review":false},"product_cat":[18563,16971],"product_tag":[],"class_list":{"0":"post-152787","1":"product","2":"type-product","3":"status-publish","4":"has-post-thumbnail","6":"product_cat-lopumuugitooted","7":"product_cat-orhideedele","9":"first","10":"instock","11":"sale","12":"shipping-taxable","13":"purchasable","14":"product-type-simple"},"yoast_head":"<!-- This site is optimized with the Yoast SEO plugin v24.0 - https:\/\/yoast.com\/wordpress\/plugins\/seo\/ -->\n<title>Puhastuslapid orhideele puhastamiseks Agrecol 15tk<\/title>\n<meta name=\"description\" content=\"Salvr\u00e4tid taime lehtede puhastamiseks. Agrecol on m\u00f5eldud orhideede ja teiste taimede hooldamiseks.\" \/>\n<meta name=\"robots\" content=\"index, follow, max-snippet:-1, max-image-preview:large, max-video-preview:-1\" \/>\n<link rel=\"canonical\" href=\"https:\/\/horticom.ee\/e-pood\/toode\/puhastuslapid-orhideele-puhastamiseks-agrecol-15tk\/\" \/>\n<meta property=\"og:locale\" content=\"ru_RU\" \/>\n<meta property=\"og:type\" content=\"article\" \/>\n<meta property=\"og:title\" content=\"Puhastuslapid orhideele puhastamiseks Agrecol 15tk\" \/>\n<meta property=\"og:description\" content=\"Salvr\u00e4tid taime lehtede puhastamiseks. Agrecol on m\u00f5eldud orhideede ja teiste taimede hooldamiseks.\" \/>\n<meta property=\"og:url\" content=\"https:\/\/horticom.ee\/e-pood\/toode\/puhastuslapid-orhideele-puhastamiseks-agrecol-15tk\/\" \/>\n<meta property=\"og:site_name\" content=\"Horticom.ee\" \/>\n<meta property=\"article:publisher\" content=\"https:\/\/www.facebook.com\/horticom.ee\/e-pood\" \/>\n<meta property=\"article:modified_time\" content=\"2026-05-02T00:04:13+00:00\" \/>\n<meta property=\"og:image\" content=\"https:\/\/horticom.ee\/e-pood\/wp-content\/uploads\/importedmedia\/product-152787_0-P7417.jpg\" \/>\n\t<meta property=\"og:image:width\" content=\"999\" \/>\n\t<meta property=\"og:image:height\" content=\"1012\" \/>\n\t<meta property=\"og:image:type\" content=\"image\/jpeg\" \/>\n<meta name=\"twitter:card\" content=\"summary_large_image\" \/>\n<script type=\"application\/ld+json\" class=\"yoast-schema-graph\">{\"@context\":\"https:\/\/schema.org\",\"@graph\":[{\"@type\":\"WebPage\",\"@id\":\"https:\/\/horticom.ee\/e-pood\/toode\/puhastuslapid-orhideele-puhastamiseks-agrecol-15tk\/\",\"url\":\"https:\/\/horticom.ee\/e-pood\/toode\/puhastuslapid-orhideele-puhastamiseks-agrecol-15tk\/\",\"name\":\"Puhastuslapid orhideele puhastamiseks Agrecol 15tk\",\"isPartOf\":{\"@id\":\"https:\/\/horticom.ee\/e-pood\/#website\"},\"primaryImageOfPage\":{\"@id\":\"https:\/\/horticom.ee\/e-pood\/toode\/puhastuslapid-orhideele-puhastamiseks-agrecol-15tk\/#primaryimage\"},\"image\":{\"@id\":\"https:\/\/horticom.ee\/e-pood\/toode\/puhastuslapid-orhideele-puhastamiseks-agrecol-15tk\/#primaryimage\"},\"thumbnailUrl\":\"https:\/\/horticom.ee\/e-pood\/wp-content\/uploads\/importedmedia\/product-152787_0-P7417.jpg\",\"datePublished\":\"2022-01-17T13:59:33+00:00\",\"dateModified\":\"2026-05-02T00:04:13+00:00\",\"description\":\"Salvr\u00e4tid taime lehtede puhastamiseks. Agrecol on m\u00f5eldud orhideede ja teiste taimede hooldamiseks.\",\"breadcrumb\":{\"@id\":\"https:\/\/horticom.ee\/e-pood\/toode\/puhastuslapid-orhideele-puhastamiseks-agrecol-15tk\/#breadcrumb\"},\"inLanguage\":\"ru-RU\",\"potentialAction\":[{\"@type\":\"ReadAction\",\"target\":[\"https:\/\/horticom.ee\/e-pood\/toode\/puhastuslapid-orhideele-puhastamiseks-agrecol-15tk\/\"]}]},{\"@type\":\"ImageObject\",\"inLanguage\":\"ru-RU\",\"@id\":\"https:\/\/horticom.ee\/e-pood\/toode\/puhastuslapid-orhideele-puhastamiseks-agrecol-15tk\/#primaryimage\",\"url\":\"https:\/\/horticom.ee\/e-pood\/wp-content\/uploads\/importedmedia\/product-152787_0-P7417.jpg\",\"contentUrl\":\"https:\/\/horticom.ee\/e-pood\/wp-content\/uploads\/importedmedia\/product-152787_0-P7417.jpg\",\"width\":999,\"height\":1012,\"caption\":\"Puhastuslapid orhideele puhastamiseks Agrecol 15tk\"},{\"@type\":\"BreadcrumbList\",\"@id\":\"https:\/\/horticom.ee\/e-pood\/toode\/puhastuslapid-orhideele-puhastamiseks-agrecol-15tk\/#breadcrumb\",\"itemListElement\":[{\"@type\":\"ListItem\",\"position\":1,\"name\":\"Home\",\"item\":\"https:\/\/horticom.ee\/e-pood\/\"},{\"@type\":\"ListItem\",\"position\":2,\"name\":\"Pood\",\"item\":\"https:\/\/horticom.ee\/e-pood\/pood\/\"},{\"@type\":\"ListItem\",\"position\":3,\"name\":\"Puhastuslapid orhideele puhastamiseks Agrecol 15tk\"}]},{\"@type\":\"WebSite\",\"@id\":\"https:\/\/horticom.ee\/e-pood\/#website\",\"url\":\"https:\/\/horticom.ee\/e-pood\/\",\"name\":\"Horticom.ee\",\"description\":\"Aianduskaubad ja kodukaubad nii harrastajatele kui professionaalidele\",\"potentialAction\":[{\"@type\":\"SearchAction\",\"target\":{\"@type\":\"EntryPoint\",\"urlTemplate\":\"https:\/\/horticom.ee\/e-pood\/?s={search_term_string}\"},\"query-input\":{\"@type\":\"PropertyValueSpecification\",\"valueRequired\":true,\"valueName\":\"search_term_string\"}}],\"inLanguage\":\"ru-RU\"}]}<\/script>\n<!-- \/ Yoast SEO plugin. -->","yoast_head_json":{"title":"Puhastuslapid orhideele puhastamiseks Agrecol 15tk","description":"Salvr\u00e4tid taime lehtede puhastamiseks. Agrecol on m\u00f5eldud orhideede ja teiste taimede hooldamiseks.","robots":{"index":"index","follow":"follow","max-snippet":"max-snippet:-1","max-image-preview":"max-image-preview:large","max-video-preview":"max-video-preview:-1"},"canonical":"https:\/\/horticom.ee\/e-pood\/toode\/puhastuslapid-orhideele-puhastamiseks-agrecol-15tk\/","og_locale":"ru_RU","og_type":"article","og_title":"Puhastuslapid orhideele puhastamiseks Agrecol 15tk","og_description":"Salvr\u00e4tid taime lehtede puhastamiseks. Agrecol on m\u00f5eldud orhideede ja teiste taimede hooldamiseks.","og_url":"https:\/\/horticom.ee\/e-pood\/toode\/puhastuslapid-orhideele-puhastamiseks-agrecol-15tk\/","og_site_name":"Horticom.ee","article_publisher":"https:\/\/www.facebook.com\/horticom.ee\/e-pood","article_modified_time":"2026-05-02T00:04:13+00:00","og_image":[{"width":999,"height":1012,"url":"https:\/\/horticom.ee\/e-pood\/wp-content\/uploads\/importedmedia\/product-152787_0-P7417.jpg","type":"image\/jpeg"}],"twitter_card":"summary_large_image","schema":{"@context":"https:\/\/schema.org","@graph":[{"@type":"WebPage","@id":"https:\/\/horticom.ee\/e-pood\/toode\/puhastuslapid-orhideele-puhastamiseks-agrecol-15tk\/","url":"https:\/\/horticom.ee\/e-pood\/toode\/puhastuslapid-orhideele-puhastamiseks-agrecol-15tk\/","name":"Puhastuslapid orhideele puhastamiseks Agrecol 15tk","isPartOf":{"@id":"https:\/\/horticom.ee\/e-pood\/#website"},"primaryImageOfPage":{"@id":"https:\/\/horticom.ee\/e-pood\/toode\/puhastuslapid-orhideele-puhastamiseks-agrecol-15tk\/#primaryimage"},"image":{"@id":"https:\/\/horticom.ee\/e-pood\/toode\/puhastuslapid-orhideele-puhastamiseks-agrecol-15tk\/#primaryimage"},"thumbnailUrl":"https:\/\/horticom.ee\/e-pood\/wp-content\/uploads\/importedmedia\/product-152787_0-P7417.jpg","datePublished":"2022-01-17T13:59:33+00:00","dateModified":"2026-05-02T00:04:13+00:00","description":"Salvr\u00e4tid taime lehtede puhastamiseks. Agrecol on m\u00f5eldud orhideede ja teiste taimede hooldamiseks.","breadcrumb":{"@id":"https:\/\/horticom.ee\/e-pood\/toode\/puhastuslapid-orhideele-puhastamiseks-agrecol-15tk\/#breadcrumb"},"inLanguage":"ru-RU","potentialAction":[{"@type":"ReadAction","target":["https:\/\/horticom.ee\/e-pood\/toode\/puhastuslapid-orhideele-puhastamiseks-agrecol-15tk\/"]}]},{"@type":"ImageObject","inLanguage":"ru-RU","@id":"https:\/\/horticom.ee\/e-pood\/toode\/puhastuslapid-orhideele-puhastamiseks-agrecol-15tk\/#primaryimage","url":"https:\/\/horticom.ee\/e-pood\/wp-content\/uploads\/importedmedia\/product-152787_0-P7417.jpg","contentUrl":"https:\/\/horticom.ee\/e-pood\/wp-content\/uploads\/importedmedia\/product-152787_0-P7417.jpg","width":999,"height":1012,"caption":"Puhastuslapid orhideele puhastamiseks Agrecol 15tk"},{"@type":"BreadcrumbList","@id":"https:\/\/horticom.ee\/e-pood\/toode\/puhastuslapid-orhideele-puhastamiseks-agrecol-15tk\/#breadcrumb","itemListElement":[{"@type":"ListItem","position":1,"name":"Home","item":"https:\/\/horticom.ee\/e-pood\/"},{"@type":"ListItem","position":2,"name":"Pood","item":"https:\/\/horticom.ee\/e-pood\/pood\/"},{"@type":"ListItem","position":3,"name":"Puhastuslapid orhideele puhastamiseks Agrecol 15tk"}]},{"@type":"WebSite","@id":"https:\/\/horticom.ee\/e-pood\/#website","url":"https:\/\/horticom.ee\/e-pood\/","name":"Horticom.ee","description":"Aianduskaubad ja kodukaubad nii harrastajatele kui professionaalidele","potentialAction":[{"@type":"SearchAction","target":{"@type":"EntryPoint","urlTemplate":"https:\/\/horticom.ee\/e-pood\/?s={search_term_string}"},"query-input":{"@type":"PropertyValueSpecification","valueRequired":true,"valueName":"search_term_string"}}],"inLanguage":"ru-RU"}]}},"_links":{"self":[{"href":"https:\/\/horticom.ee\/e-pood\/ru\/wp-json\/wp\/v2\/product\/152787","targetHints":{"allow":["GET"]}}],"collection":[{"href":"https:\/\/horticom.ee\/e-pood\/ru\/wp-json\/wp\/v2\/product"}],"about":[{"href":"https:\/\/horticom.ee\/e-pood\/ru\/wp-json\/wp\/v2\/types\/product"}],"replies":[{"embeddable":true,"href":"https:\/\/horticom.ee\/e-pood\/ru\/wp-json\/wp\/v2\/comments?post=152787"}],"wp:featuredmedia":[{"embeddable":true,"href":"https:\/\/horticom.ee\/e-pood\/ru\/wp-json\/wp\/v2\/media\/176023"}],"wp:attachment":[{"href":"https:\/\/horticom.ee\/e-pood\/ru\/wp-json\/wp\/v2\/media?parent=152787"}],"wp:term":[{"taxonomy":"product_cat","embeddable":true,"href":"https:\/\/horticom.ee\/e-pood\/ru\/wp-json\/wp\/v2\/product_cat?post=152787"},{"taxonomy":"product_tag","embeddable":true,"href":"https:\/\/horticom.ee\/e-pood\/ru\/wp-json\/wp\/v2\/product_tag?post=152787"}],"curies":[{"name":"wp","href":"https:\/\/api.w.org\/{rel}","templated":true}]}}