{"id":152806,"date":"2022-01-17T15:59:43","date_gmt":"2022-01-17T13:59:43","guid":{"rendered":"https:\/\/aednik24.ee\/toode\/tomati-ja-koogiviljamuld-compo-20l\/"},"modified":"2026-04-24T13:01:24","modified_gmt":"2026-04-24T10:01:24","slug":"tomati-ja-koogiviljamuld-compo-20l","status":"publish","type":"product","link":"https:\/\/horticom.ee\/e-pood\/ru\/toode\/tomati-ja-koogiviljamuld-compo-20l\/","title":{"rendered":"Tomati- ja k\u00f6\u00f6giviljamuld Compo 20L"},"content":{"rendered":"<p>Kvalifitseerub spetsiaalselt saagikuse t\u00f5stmiseks k\u00f6\u00f6giviljadel, mis n\u00f5uavad rohkelt vajalikke toitaineid nagu tomat, paprika, kurk, bakla\u017eaan, nuikapsas. Muld tagab taimedele optimaalse ja tervisliku keskkonna k\u00f6\u00f6giviljade saagikuse t\u00f5stmiseks, haiguste eest kaitseks. Taimed on tugevad ja viljad aromaatsed.<\/p>\n","protected":false},"excerpt":{"rendered":"<p>Kvalifitseerub spetsiaalselt saagikuse t\u00f5stmiseks k\u00f6\u00f6giviljadel, mis n\u00f5uavad rohkelt vajalikke toitaineid nagu tomat, paprika, kurk, bakla\u017eaan, nuikapsas. Muld tagab taimedele optimaalse ja tervisliku keskkonna k\u00f6\u00f6giviljade saagikuse t\u00f5stmiseks, haiguste eest kaitseks. Taimed on tugevad ja viljad aromaatsed.<\/p>\n","protected":false},"featured_media":175979,"comment_status":"closed","ping_status":"closed","template":"","meta":{"_themeisle_gutenberg_block_has_review":false},"product_cat":[13575],"product_tag":[],"class_list":{"0":"post-152806","1":"product","2":"type-product","3":"status-publish","4":"has-post-thumbnail","6":"product_cat-mullad-ja-turbad","8":"first","9":"instock","10":"shipping-taxable","11":"purchasable","12":"product-type-simple"},"yoast_head":"<!-- This site is optimized with the Yoast SEO plugin v24.0 - https:\/\/yoast.com\/wordpress\/plugins\/seo\/ -->\n<title>Tomati- ja k\u00f6\u00f6giviljamuld Compo 20L - Horticom<\/title>\n<meta name=\"robots\" content=\"index, follow, max-snippet:-1, max-image-preview:large, max-video-preview:-1\" \/>\n<link rel=\"canonical\" href=\"https:\/\/horticom.ee\/e-pood\/toode\/tomati-ja-koogiviljamuld-compo-20l\/\" \/>\n<meta property=\"og:locale\" content=\"ru_RU\" \/>\n<meta property=\"og:type\" content=\"article\" \/>\n<meta property=\"og:title\" content=\"Tomati- ja k\u00f6\u00f6giviljamuld Compo 20L - Horticom\" \/>\n<meta property=\"og:description\" content=\"Kvalifitseerub spetsiaalselt saagikuse t\u00f5stmiseks k\u00f6\u00f6giviljadel, mis n\u00f5uavad rohkelt vajalikke toitaineid nagu tomat, paprika, kurk, bakla\u017eaan, nuikapsas. Muld tagab taimedele optimaalse ja tervisliku keskkonna k\u00f6\u00f6giviljade saagikuse t\u00f5stmiseks, haiguste eest kaitseks. Taimed on tugevad ja viljad aromaatsed.\" \/>\n<meta property=\"og:url\" content=\"https:\/\/horticom.ee\/e-pood\/toode\/tomati-ja-koogiviljamuld-compo-20l\/\" \/>\n<meta property=\"og:site_name\" content=\"Horticom.ee\" \/>\n<meta property=\"article:publisher\" content=\"https:\/\/www.facebook.com\/horticom.ee\/e-pood\" \/>\n<meta property=\"article:modified_time\" content=\"2026-04-24T10:01:24+00:00\" \/>\n<meta property=\"og:image\" content=\"https:\/\/horticom.ee\/e-pood\/wp-content\/uploads\/importedmedia\/product-152806_0-670249.jpg\" \/>\n\t<meta property=\"og:image:width\" content=\"1000\" \/>\n\t<meta property=\"og:image:height\" content=\"1414\" \/>\n\t<meta property=\"og:image:type\" content=\"image\/jpeg\" \/>\n<meta name=\"twitter:card\" content=\"summary_large_image\" \/>\n<script type=\"application\/ld+json\" class=\"yoast-schema-graph\">{\"@context\":\"https:\/\/schema.org\",\"@graph\":[{\"@type\":\"WebPage\",\"@id\":\"https:\/\/horticom.ee\/e-pood\/toode\/tomati-ja-koogiviljamuld-compo-20l\/\",\"url\":\"https:\/\/horticom.ee\/e-pood\/toode\/tomati-ja-koogiviljamuld-compo-20l\/\",\"name\":\"Tomati- ja k\u00f6\u00f6giviljamuld Compo 20L - Horticom\",\"isPartOf\":{\"@id\":\"https:\/\/horticom.ee\/e-pood\/#website\"},\"primaryImageOfPage\":{\"@id\":\"https:\/\/horticom.ee\/e-pood\/toode\/tomati-ja-koogiviljamuld-compo-20l\/#primaryimage\"},\"image\":{\"@id\":\"https:\/\/horticom.ee\/e-pood\/toode\/tomati-ja-koogiviljamuld-compo-20l\/#primaryimage\"},\"thumbnailUrl\":\"https:\/\/horticom.ee\/e-pood\/wp-content\/uploads\/importedmedia\/product-152806_0-670249.jpg\",\"datePublished\":\"2022-01-17T13:59:43+00:00\",\"dateModified\":\"2026-04-24T10:01:24+00:00\",\"breadcrumb\":{\"@id\":\"https:\/\/horticom.ee\/e-pood\/toode\/tomati-ja-koogiviljamuld-compo-20l\/#breadcrumb\"},\"inLanguage\":\"ru-RU\",\"potentialAction\":[{\"@type\":\"ReadAction\",\"target\":[\"https:\/\/horticom.ee\/e-pood\/toode\/tomati-ja-koogiviljamuld-compo-20l\/\"]}]},{\"@type\":\"ImageObject\",\"inLanguage\":\"ru-RU\",\"@id\":\"https:\/\/horticom.ee\/e-pood\/toode\/tomati-ja-koogiviljamuld-compo-20l\/#primaryimage\",\"url\":\"https:\/\/horticom.ee\/e-pood\/wp-content\/uploads\/importedmedia\/product-152806_0-670249.jpg\",\"contentUrl\":\"https:\/\/horticom.ee\/e-pood\/wp-content\/uploads\/importedmedia\/product-152806_0-670249.jpg\",\"width\":1000,\"height\":1414},{\"@type\":\"BreadcrumbList\",\"@id\":\"https:\/\/horticom.ee\/e-pood\/toode\/tomati-ja-koogiviljamuld-compo-20l\/#breadcrumb\",\"itemListElement\":[{\"@type\":\"ListItem\",\"position\":1,\"name\":\"Home\",\"item\":\"https:\/\/horticom.ee\/e-pood\/\"},{\"@type\":\"ListItem\",\"position\":2,\"name\":\"Pood\",\"item\":\"https:\/\/horticom.ee\/e-pood\/pood\/\"},{\"@type\":\"ListItem\",\"position\":3,\"name\":\"Tomati- ja k\u00f6\u00f6giviljamuld Compo 20L\"}]},{\"@type\":\"WebSite\",\"@id\":\"https:\/\/horticom.ee\/e-pood\/#website\",\"url\":\"https:\/\/horticom.ee\/e-pood\/\",\"name\":\"Horticom.ee\",\"description\":\"Aianduskaubad ja kodukaubad nii harrastajatele kui professionaalidele\",\"potentialAction\":[{\"@type\":\"SearchAction\",\"target\":{\"@type\":\"EntryPoint\",\"urlTemplate\":\"https:\/\/horticom.ee\/e-pood\/?s={search_term_string}\"},\"query-input\":{\"@type\":\"PropertyValueSpecification\",\"valueRequired\":true,\"valueName\":\"search_term_string\"}}],\"inLanguage\":\"ru-RU\"}]}<\/script>\n<!-- \/ Yoast SEO plugin. -->","yoast_head_json":{"title":"Tomati- ja k\u00f6\u00f6giviljamuld Compo 20L - Horticom","robots":{"index":"index","follow":"follow","max-snippet":"max-snippet:-1","max-image-preview":"max-image-preview:large","max-video-preview":"max-video-preview:-1"},"canonical":"https:\/\/horticom.ee\/e-pood\/toode\/tomati-ja-koogiviljamuld-compo-20l\/","og_locale":"ru_RU","og_type":"article","og_title":"Tomati- ja k\u00f6\u00f6giviljamuld Compo 20L - Horticom","og_description":"Kvalifitseerub spetsiaalselt saagikuse t\u00f5stmiseks k\u00f6\u00f6giviljadel, mis n\u00f5uavad rohkelt vajalikke toitaineid nagu tomat, paprika, kurk, bakla\u017eaan, nuikapsas. Muld tagab taimedele optimaalse ja tervisliku keskkonna k\u00f6\u00f6giviljade saagikuse t\u00f5stmiseks, haiguste eest kaitseks. Taimed on tugevad ja viljad aromaatsed.","og_url":"https:\/\/horticom.ee\/e-pood\/toode\/tomati-ja-koogiviljamuld-compo-20l\/","og_site_name":"Horticom.ee","article_publisher":"https:\/\/www.facebook.com\/horticom.ee\/e-pood","article_modified_time":"2026-04-24T10:01:24+00:00","og_image":[{"width":1000,"height":1414,"url":"https:\/\/horticom.ee\/e-pood\/wp-content\/uploads\/importedmedia\/product-152806_0-670249.jpg","type":"image\/jpeg"}],"twitter_card":"summary_large_image","schema":{"@context":"https:\/\/schema.org","@graph":[{"@type":"WebPage","@id":"https:\/\/horticom.ee\/e-pood\/toode\/tomati-ja-koogiviljamuld-compo-20l\/","url":"https:\/\/horticom.ee\/e-pood\/toode\/tomati-ja-koogiviljamuld-compo-20l\/","name":"Tomati- ja k\u00f6\u00f6giviljamuld Compo 20L - Horticom","isPartOf":{"@id":"https:\/\/horticom.ee\/e-pood\/#website"},"primaryImageOfPage":{"@id":"https:\/\/horticom.ee\/e-pood\/toode\/tomati-ja-koogiviljamuld-compo-20l\/#primaryimage"},"image":{"@id":"https:\/\/horticom.ee\/e-pood\/toode\/tomati-ja-koogiviljamuld-compo-20l\/#primaryimage"},"thumbnailUrl":"https:\/\/horticom.ee\/e-pood\/wp-content\/uploads\/importedmedia\/product-152806_0-670249.jpg","datePublished":"2022-01-17T13:59:43+00:00","dateModified":"2026-04-24T10:01:24+00:00","breadcrumb":{"@id":"https:\/\/horticom.ee\/e-pood\/toode\/tomati-ja-koogiviljamuld-compo-20l\/#breadcrumb"},"inLanguage":"ru-RU","potentialAction":[{"@type":"ReadAction","target":["https:\/\/horticom.ee\/e-pood\/toode\/tomati-ja-koogiviljamuld-compo-20l\/"]}]},{"@type":"ImageObject","inLanguage":"ru-RU","@id":"https:\/\/horticom.ee\/e-pood\/toode\/tomati-ja-koogiviljamuld-compo-20l\/#primaryimage","url":"https:\/\/horticom.ee\/e-pood\/wp-content\/uploads\/importedmedia\/product-152806_0-670249.jpg","contentUrl":"https:\/\/horticom.ee\/e-pood\/wp-content\/uploads\/importedmedia\/product-152806_0-670249.jpg","width":1000,"height":1414},{"@type":"BreadcrumbList","@id":"https:\/\/horticom.ee\/e-pood\/toode\/tomati-ja-koogiviljamuld-compo-20l\/#breadcrumb","itemListElement":[{"@type":"ListItem","position":1,"name":"Home","item":"https:\/\/horticom.ee\/e-pood\/"},{"@type":"ListItem","position":2,"name":"Pood","item":"https:\/\/horticom.ee\/e-pood\/pood\/"},{"@type":"ListItem","position":3,"name":"Tomati- ja k\u00f6\u00f6giviljamuld Compo 20L"}]},{"@type":"WebSite","@id":"https:\/\/horticom.ee\/e-pood\/#website","url":"https:\/\/horticom.ee\/e-pood\/","name":"Horticom.ee","description":"Aianduskaubad ja kodukaubad nii harrastajatele kui professionaalidele","potentialAction":[{"@type":"SearchAction","target":{"@type":"EntryPoint","urlTemplate":"https:\/\/horticom.ee\/e-pood\/?s={search_term_string}"},"query-input":{"@type":"PropertyValueSpecification","valueRequired":true,"valueName":"search_term_string"}}],"inLanguage":"ru-RU"}]}},"_links":{"self":[{"href":"https:\/\/horticom.ee\/e-pood\/ru\/wp-json\/wp\/v2\/product\/152806","targetHints":{"allow":["GET"]}}],"collection":[{"href":"https:\/\/horticom.ee\/e-pood\/ru\/wp-json\/wp\/v2\/product"}],"about":[{"href":"https:\/\/horticom.ee\/e-pood\/ru\/wp-json\/wp\/v2\/types\/product"}],"replies":[{"embeddable":true,"href":"https:\/\/horticom.ee\/e-pood\/ru\/wp-json\/wp\/v2\/comments?post=152806"}],"wp:featuredmedia":[{"embeddable":true,"href":"https:\/\/horticom.ee\/e-pood\/ru\/wp-json\/wp\/v2\/media\/175979"}],"wp:attachment":[{"href":"https:\/\/horticom.ee\/e-pood\/ru\/wp-json\/wp\/v2\/media?parent=152806"}],"wp:term":[{"taxonomy":"product_cat","embeddable":true,"href":"https:\/\/horticom.ee\/e-pood\/ru\/wp-json\/wp\/v2\/product_cat?post=152806"},{"taxonomy":"product_tag","embeddable":true,"href":"https:\/\/horticom.ee\/e-pood\/ru\/wp-json\/wp\/v2\/product_tag?post=152806"}],"curies":[{"name":"wp","href":"https:\/\/api.w.org\/{rel}","templated":true}]}}