{"id":152817,"date":"2022-01-17T15:59:49","date_gmt":"2022-01-17T13:59:49","guid":{"rendered":"https:\/\/aednik24.ee\/toode\/vedelvaetis-oitsvatele-toataimedele-compo-500ml\/"},"modified":"2026-05-03T00:00:46","modified_gmt":"2026-05-02T21:00:46","slug":"vedelvaetis-oitsvatele-toataimedele-compo-500ml","status":"publish","type":"product","link":"https:\/\/horticom.ee\/e-pood\/ru\/toode\/vedelvaetis-oitsvatele-toataimedele-compo-500ml\/","title":{"rendered":"Vedelv\u00e4etis \u00f5itsvatele toataimedele Compo 500ml"},"content":{"rendered":"<p>Mikroelementidega, spetsiaalselt \u00f5itsvatele taimedele m\u00f5eldud NPK v\u00e4etislahus. Toode sobib h\u00e4sti toas, r\u00f5dul ja terrassil kasvavatele \u00f5itsvatele taimedele. K\u00f5rge fosfori osakaal soodustab \u00f5ite lopsakat moodustumist ja tugevat v\u00e4rvumist. Kaalium tugevdab taime rakustruktuuri. Tasakaalustatud mikrotoitainete hulk t\u00f5stab vastupanuv\u00f5imet haigustele. Naturaalne vedelhuumuse osakaal tugevdab taimi veelgi ja hoolitseb rohke \u00f5itsemise eest. V\u00e4etises sisalduv PAA-biostimulaator annab taime juurtele eluj\u00f5udu ergutades toitainete vastuv\u00f5ttu ja soodustab samaaegselt juurte moodustumist. Lisaks stimuleerib taimede kasvu.<\/p>\n","protected":false},"excerpt":{"rendered":"<p>Mikroelementidega, spetsiaalselt \u00f5itsvatele taimedele m\u00f5eldud NPK v\u00e4etislahus. Toode sobib h\u00e4sti toas, r\u00f5dul ja terrassil kasvavatele \u00f5itsvatele taimedele. K\u00f5rge fosfori osakaal soodustab \u00f5ite lopsakat moodustumist ja tugevat v\u00e4rvumist. Kaalium tugevdab taime rakustruktuuri. Tasakaalustatud mikrotoitainete hulk t\u00f5stab vastupanuv\u00f5imet haigustele. Naturaalne vedelhuumuse osakaal tugevdab taimi veelgi ja hoolitseb rohke \u00f5itsemise eest. V\u00e4etises sisalduv PAA-biostimulaator annab taime juurtele eluj\u00f5udu [&hellip;]<\/p>\n","protected":false},"featured_media":175961,"comment_status":"closed","ping_status":"closed","template":"","meta":{"_themeisle_gutenberg_block_has_review":false},"product_cat":[16964,16968],"product_tag":[],"class_list":{"0":"post-152817","1":"product","2":"type-product","3":"status-publish","4":"has-post-thumbnail","6":"product_cat-suvelilledele-ja-rodutaimedele","7":"product_cat-toataimedele","9":"first","10":"instock","11":"shipping-taxable","12":"purchasable","13":"product-type-simple"},"yoast_head":"<!-- This site is optimized with the Yoast SEO plugin v24.0 - https:\/\/yoast.com\/wordpress\/plugins\/seo\/ -->\n<title>Vedelv\u00e4etis \u00f5itsvatele toataimedele Compo 500ml - Horticom<\/title>\n<meta name=\"robots\" content=\"index, follow, max-snippet:-1, max-image-preview:large, max-video-preview:-1\" \/>\n<link rel=\"canonical\" href=\"https:\/\/horticom.ee\/e-pood\/toode\/vedelvaetis-oitsvatele-toataimedele-compo-500ml\/\" \/>\n<meta property=\"og:locale\" content=\"ru_RU\" \/>\n<meta property=\"og:type\" content=\"article\" \/>\n<meta property=\"og:title\" content=\"Vedelv\u00e4etis \u00f5itsvatele toataimedele Compo 500ml - Horticom\" \/>\n<meta property=\"og:description\" content=\"Mikroelementidega, spetsiaalselt \u00f5itsvatele taimedele m\u00f5eldud NPK v\u00e4etislahus. Toode sobib h\u00e4sti toas, r\u00f5dul ja terrassil kasvavatele \u00f5itsvatele taimedele. K\u00f5rge fosfori osakaal soodustab \u00f5ite lopsakat moodustumist ja tugevat v\u00e4rvumist. Kaalium tugevdab taime rakustruktuuri. Tasakaalustatud mikrotoitainete hulk t\u00f5stab vastupanuv\u00f5imet haigustele. Naturaalne vedelhuumuse osakaal tugevdab taimi veelgi ja hoolitseb rohke \u00f5itsemise eest. V\u00e4etises sisalduv PAA-biostimulaator annab taime juurtele eluj\u00f5udu [&hellip;]\" \/>\n<meta property=\"og:url\" content=\"https:\/\/horticom.ee\/e-pood\/toode\/vedelvaetis-oitsvatele-toataimedele-compo-500ml\/\" \/>\n<meta property=\"og:site_name\" content=\"Horticom.ee\" \/>\n<meta property=\"article:publisher\" content=\"https:\/\/www.facebook.com\/horticom.ee\/e-pood\" \/>\n<meta property=\"article:modified_time\" content=\"2026-05-02T21:00:46+00:00\" \/>\n<meta property=\"og:image\" content=\"https:\/\/horticom.ee\/e-pood\/wp-content\/uploads\/importedmedia\/product-152817_0-670101.jpg\" \/>\n\t<meta property=\"og:image:width\" content=\"1000\" \/>\n\t<meta property=\"og:image:height\" content=\"1414\" \/>\n\t<meta property=\"og:image:type\" content=\"image\/jpeg\" \/>\n<meta name=\"twitter:card\" content=\"summary_large_image\" \/>\n<script type=\"application\/ld+json\" class=\"yoast-schema-graph\">{\"@context\":\"https:\/\/schema.org\",\"@graph\":[{\"@type\":\"WebPage\",\"@id\":\"https:\/\/horticom.ee\/e-pood\/toode\/vedelvaetis-oitsvatele-toataimedele-compo-500ml\/\",\"url\":\"https:\/\/horticom.ee\/e-pood\/toode\/vedelvaetis-oitsvatele-toataimedele-compo-500ml\/\",\"name\":\"Vedelv\u00e4etis \u00f5itsvatele toataimedele Compo 500ml - Horticom\",\"isPartOf\":{\"@id\":\"https:\/\/horticom.ee\/e-pood\/#website\"},\"primaryImageOfPage\":{\"@id\":\"https:\/\/horticom.ee\/e-pood\/toode\/vedelvaetis-oitsvatele-toataimedele-compo-500ml\/#primaryimage\"},\"image\":{\"@id\":\"https:\/\/horticom.ee\/e-pood\/toode\/vedelvaetis-oitsvatele-toataimedele-compo-500ml\/#primaryimage\"},\"thumbnailUrl\":\"https:\/\/horticom.ee\/e-pood\/wp-content\/uploads\/importedmedia\/product-152817_0-670101.jpg\",\"datePublished\":\"2022-01-17T13:59:49+00:00\",\"dateModified\":\"2026-05-02T21:00:46+00:00\",\"breadcrumb\":{\"@id\":\"https:\/\/horticom.ee\/e-pood\/toode\/vedelvaetis-oitsvatele-toataimedele-compo-500ml\/#breadcrumb\"},\"inLanguage\":\"ru-RU\",\"potentialAction\":[{\"@type\":\"ReadAction\",\"target\":[\"https:\/\/horticom.ee\/e-pood\/toode\/vedelvaetis-oitsvatele-toataimedele-compo-500ml\/\"]}]},{\"@type\":\"ImageObject\",\"inLanguage\":\"ru-RU\",\"@id\":\"https:\/\/horticom.ee\/e-pood\/toode\/vedelvaetis-oitsvatele-toataimedele-compo-500ml\/#primaryimage\",\"url\":\"https:\/\/horticom.ee\/e-pood\/wp-content\/uploads\/importedmedia\/product-152817_0-670101.jpg\",\"contentUrl\":\"https:\/\/horticom.ee\/e-pood\/wp-content\/uploads\/importedmedia\/product-152817_0-670101.jpg\",\"width\":1000,\"height\":1414},{\"@type\":\"BreadcrumbList\",\"@id\":\"https:\/\/horticom.ee\/e-pood\/toode\/vedelvaetis-oitsvatele-toataimedele-compo-500ml\/#breadcrumb\",\"itemListElement\":[{\"@type\":\"ListItem\",\"position\":1,\"name\":\"Home\",\"item\":\"https:\/\/horticom.ee\/e-pood\/\"},{\"@type\":\"ListItem\",\"position\":2,\"name\":\"Pood\",\"item\":\"https:\/\/horticom.ee\/e-pood\/pood\/\"},{\"@type\":\"ListItem\",\"position\":3,\"name\":\"Vedelv\u00e4etis \u00f5itsvatele toataimedele Compo 500ml\"}]},{\"@type\":\"WebSite\",\"@id\":\"https:\/\/horticom.ee\/e-pood\/#website\",\"url\":\"https:\/\/horticom.ee\/e-pood\/\",\"name\":\"Horticom.ee\",\"description\":\"Aianduskaubad ja kodukaubad nii harrastajatele kui professionaalidele\",\"potentialAction\":[{\"@type\":\"SearchAction\",\"target\":{\"@type\":\"EntryPoint\",\"urlTemplate\":\"https:\/\/horticom.ee\/e-pood\/?s={search_term_string}\"},\"query-input\":{\"@type\":\"PropertyValueSpecification\",\"valueRequired\":true,\"valueName\":\"search_term_string\"}}],\"inLanguage\":\"ru-RU\"}]}<\/script>\n<!-- \/ Yoast SEO plugin. -->","yoast_head_json":{"title":"Vedelv\u00e4etis \u00f5itsvatele toataimedele Compo 500ml - Horticom","robots":{"index":"index","follow":"follow","max-snippet":"max-snippet:-1","max-image-preview":"max-image-preview:large","max-video-preview":"max-video-preview:-1"},"canonical":"https:\/\/horticom.ee\/e-pood\/toode\/vedelvaetis-oitsvatele-toataimedele-compo-500ml\/","og_locale":"ru_RU","og_type":"article","og_title":"Vedelv\u00e4etis \u00f5itsvatele toataimedele Compo 500ml - Horticom","og_description":"Mikroelementidega, spetsiaalselt \u00f5itsvatele taimedele m\u00f5eldud NPK v\u00e4etislahus. Toode sobib h\u00e4sti toas, r\u00f5dul ja terrassil kasvavatele \u00f5itsvatele taimedele. K\u00f5rge fosfori osakaal soodustab \u00f5ite lopsakat moodustumist ja tugevat v\u00e4rvumist. Kaalium tugevdab taime rakustruktuuri. Tasakaalustatud mikrotoitainete hulk t\u00f5stab vastupanuv\u00f5imet haigustele. Naturaalne vedelhuumuse osakaal tugevdab taimi veelgi ja hoolitseb rohke \u00f5itsemise eest. V\u00e4etises sisalduv PAA-biostimulaator annab taime juurtele eluj\u00f5udu [&hellip;]","og_url":"https:\/\/horticom.ee\/e-pood\/toode\/vedelvaetis-oitsvatele-toataimedele-compo-500ml\/","og_site_name":"Horticom.ee","article_publisher":"https:\/\/www.facebook.com\/horticom.ee\/e-pood","article_modified_time":"2026-05-02T21:00:46+00:00","og_image":[{"width":1000,"height":1414,"url":"https:\/\/horticom.ee\/e-pood\/wp-content\/uploads\/importedmedia\/product-152817_0-670101.jpg","type":"image\/jpeg"}],"twitter_card":"summary_large_image","schema":{"@context":"https:\/\/schema.org","@graph":[{"@type":"WebPage","@id":"https:\/\/horticom.ee\/e-pood\/toode\/vedelvaetis-oitsvatele-toataimedele-compo-500ml\/","url":"https:\/\/horticom.ee\/e-pood\/toode\/vedelvaetis-oitsvatele-toataimedele-compo-500ml\/","name":"Vedelv\u00e4etis \u00f5itsvatele toataimedele Compo 500ml - Horticom","isPartOf":{"@id":"https:\/\/horticom.ee\/e-pood\/#website"},"primaryImageOfPage":{"@id":"https:\/\/horticom.ee\/e-pood\/toode\/vedelvaetis-oitsvatele-toataimedele-compo-500ml\/#primaryimage"},"image":{"@id":"https:\/\/horticom.ee\/e-pood\/toode\/vedelvaetis-oitsvatele-toataimedele-compo-500ml\/#primaryimage"},"thumbnailUrl":"https:\/\/horticom.ee\/e-pood\/wp-content\/uploads\/importedmedia\/product-152817_0-670101.jpg","datePublished":"2022-01-17T13:59:49+00:00","dateModified":"2026-05-02T21:00:46+00:00","breadcrumb":{"@id":"https:\/\/horticom.ee\/e-pood\/toode\/vedelvaetis-oitsvatele-toataimedele-compo-500ml\/#breadcrumb"},"inLanguage":"ru-RU","potentialAction":[{"@type":"ReadAction","target":["https:\/\/horticom.ee\/e-pood\/toode\/vedelvaetis-oitsvatele-toataimedele-compo-500ml\/"]}]},{"@type":"ImageObject","inLanguage":"ru-RU","@id":"https:\/\/horticom.ee\/e-pood\/toode\/vedelvaetis-oitsvatele-toataimedele-compo-500ml\/#primaryimage","url":"https:\/\/horticom.ee\/e-pood\/wp-content\/uploads\/importedmedia\/product-152817_0-670101.jpg","contentUrl":"https:\/\/horticom.ee\/e-pood\/wp-content\/uploads\/importedmedia\/product-152817_0-670101.jpg","width":1000,"height":1414},{"@type":"BreadcrumbList","@id":"https:\/\/horticom.ee\/e-pood\/toode\/vedelvaetis-oitsvatele-toataimedele-compo-500ml\/#breadcrumb","itemListElement":[{"@type":"ListItem","position":1,"name":"Home","item":"https:\/\/horticom.ee\/e-pood\/"},{"@type":"ListItem","position":2,"name":"Pood","item":"https:\/\/horticom.ee\/e-pood\/pood\/"},{"@type":"ListItem","position":3,"name":"Vedelv\u00e4etis \u00f5itsvatele toataimedele Compo 500ml"}]},{"@type":"WebSite","@id":"https:\/\/horticom.ee\/e-pood\/#website","url":"https:\/\/horticom.ee\/e-pood\/","name":"Horticom.ee","description":"Aianduskaubad ja kodukaubad nii harrastajatele kui professionaalidele","potentialAction":[{"@type":"SearchAction","target":{"@type":"EntryPoint","urlTemplate":"https:\/\/horticom.ee\/e-pood\/?s={search_term_string}"},"query-input":{"@type":"PropertyValueSpecification","valueRequired":true,"valueName":"search_term_string"}}],"inLanguage":"ru-RU"}]}},"_links":{"self":[{"href":"https:\/\/horticom.ee\/e-pood\/ru\/wp-json\/wp\/v2\/product\/152817","targetHints":{"allow":["GET"]}}],"collection":[{"href":"https:\/\/horticom.ee\/e-pood\/ru\/wp-json\/wp\/v2\/product"}],"about":[{"href":"https:\/\/horticom.ee\/e-pood\/ru\/wp-json\/wp\/v2\/types\/product"}],"replies":[{"embeddable":true,"href":"https:\/\/horticom.ee\/e-pood\/ru\/wp-json\/wp\/v2\/comments?post=152817"}],"wp:featuredmedia":[{"embeddable":true,"href":"https:\/\/horticom.ee\/e-pood\/ru\/wp-json\/wp\/v2\/media\/175961"}],"wp:attachment":[{"href":"https:\/\/horticom.ee\/e-pood\/ru\/wp-json\/wp\/v2\/media?parent=152817"}],"wp:term":[{"taxonomy":"product_cat","embeddable":true,"href":"https:\/\/horticom.ee\/e-pood\/ru\/wp-json\/wp\/v2\/product_cat?post=152817"},{"taxonomy":"product_tag","embeddable":true,"href":"https:\/\/horticom.ee\/e-pood\/ru\/wp-json\/wp\/v2\/product_tag?post=152817"}],"curies":[{"name":"wp","href":"https:\/\/api.w.org\/{rel}","templated":true}]}}