{"id":152828,"date":"2022-01-17T15:59:55","date_gmt":"2022-01-17T13:59:55","guid":{"rendered":"https:\/\/aednik24.ee\/toode\/puunispaber-pakendis-compo-7tk\/"},"modified":"2026-04-21T03:09:54","modified_gmt":"2026-04-21T00:09:54","slug":"puunispaber-pakendis-compo-7tk","status":"publish","type":"product","link":"https:\/\/horticom.ee\/e-pood\/ru\/toode\/puunispaber-pakendis-compo-7tk\/","title":{"rendered":"P\u00fc\u00fcnispaber pakendis Compo 7tk"},"content":{"rendered":"<p>Biotehnoloogiline toode, mis kaitseb dekoratiivtaimi ja aedvilju lendavate kahjulike putukate nagu kasvuhoone karilaste, leinas\u00e4\u00e4sklaste, kaevandik\u00e4rblaste, tiivuliste lehet\u00e4ide ja ripstiivaliste eest. Tootel on kollane v\u00e4rv, mis meelitab kahjureid. Liim ei tilgu ja selle liimimisomadused s\u00e4ilivad kaua. Insektitsiidivaba iimpaberit on kerge kinnitada.<\/p>\n","protected":false},"excerpt":{"rendered":"<p>Biotehnoloogiline toode, mis kaitseb dekoratiivtaimi ja aedvilju lendavate kahjulike putukate nagu kasvuhoone karilaste, leinas\u00e4\u00e4sklaste, kaevandik\u00e4rblaste, tiivuliste lehet\u00e4ide ja ripstiivaliste eest. Tootel on kollane v\u00e4rv, mis meelitab kahjureid. Liim ei tilgu ja selle liimimisomadused s\u00e4ilivad kaua. Insektitsiidivaba iimpaberit on kerge kinnitada.<\/p>\n","protected":false},"featured_media":2377924,"comment_status":"closed","ping_status":"closed","template":"","meta":{"_themeisle_gutenberg_block_has_review":false},"product_cat":[18338],"product_tag":[],"class_list":{"0":"post-152828","1":"product","2":"type-product","3":"status-publish","4":"has-post-thumbnail","6":"product_cat-lehetaid","8":"first","9":"instock","10":"shipping-taxable","11":"purchasable","12":"product-type-simple"},"yoast_head":"<!-- This site is optimized with the Yoast SEO plugin v24.0 - https:\/\/yoast.com\/wordpress\/plugins\/seo\/ -->\n<title>P\u00fc\u00fcnispaber pakendis Compo 7tk - Horticom<\/title>\n<meta name=\"robots\" content=\"index, follow, max-snippet:-1, max-image-preview:large, max-video-preview:-1\" \/>\n<link rel=\"canonical\" href=\"https:\/\/horticom.ee\/e-pood\/toode\/puunispaber-pakendis-compo-7tk\/\" \/>\n<meta property=\"og:locale\" content=\"ru_RU\" \/>\n<meta property=\"og:type\" content=\"article\" \/>\n<meta property=\"og:title\" content=\"P\u00fc\u00fcnispaber pakendis Compo 7tk - Horticom\" \/>\n<meta property=\"og:description\" content=\"Biotehnoloogiline toode, mis kaitseb dekoratiivtaimi ja aedvilju lendavate kahjulike putukate nagu kasvuhoone karilaste, leinas\u00e4\u00e4sklaste, kaevandik\u00e4rblaste, tiivuliste lehet\u00e4ide ja ripstiivaliste eest. Tootel on kollane v\u00e4rv, mis meelitab kahjureid. Liim ei tilgu ja selle liimimisomadused s\u00e4ilivad kaua. Insektitsiidivaba iimpaberit on kerge kinnitada.\" \/>\n<meta property=\"og:url\" content=\"https:\/\/horticom.ee\/e-pood\/toode\/puunispaber-pakendis-compo-7tk\/\" \/>\n<meta property=\"og:site_name\" content=\"Horticom.ee\" \/>\n<meta property=\"article:publisher\" content=\"https:\/\/www.facebook.com\/horticom.ee\/e-pood\" \/>\n<meta property=\"article:modified_time\" content=\"2026-04-21T00:09:54+00:00\" \/>\n<meta property=\"og:image\" content=\"https:\/\/horticom.ee\/e-pood\/wp-content\/uploads\/importedmedia\/product-152828_0-670160.jpg\" \/>\n\t<meta property=\"og:image:width\" content=\"1000\" \/>\n\t<meta property=\"og:image:height\" content=\"1414\" \/>\n\t<meta property=\"og:image:type\" content=\"image\/jpeg\" \/>\n<meta name=\"twitter:card\" content=\"summary_large_image\" \/>\n<script type=\"application\/ld+json\" class=\"yoast-schema-graph\">{\"@context\":\"https:\/\/schema.org\",\"@graph\":[{\"@type\":\"WebPage\",\"@id\":\"https:\/\/horticom.ee\/e-pood\/toode\/puunispaber-pakendis-compo-7tk\/\",\"url\":\"https:\/\/horticom.ee\/e-pood\/toode\/puunispaber-pakendis-compo-7tk\/\",\"name\":\"P\u00fc\u00fcnispaber pakendis Compo 7tk - Horticom\",\"isPartOf\":{\"@id\":\"https:\/\/horticom.ee\/e-pood\/#website\"},\"primaryImageOfPage\":{\"@id\":\"https:\/\/horticom.ee\/e-pood\/toode\/puunispaber-pakendis-compo-7tk\/#primaryimage\"},\"image\":{\"@id\":\"https:\/\/horticom.ee\/e-pood\/toode\/puunispaber-pakendis-compo-7tk\/#primaryimage\"},\"thumbnailUrl\":\"https:\/\/horticom.ee\/e-pood\/wp-content\/uploads\/importedmedia\/product-152828_0-670160.jpg\",\"datePublished\":\"2022-01-17T13:59:55+00:00\",\"dateModified\":\"2026-04-21T00:09:54+00:00\",\"breadcrumb\":{\"@id\":\"https:\/\/horticom.ee\/e-pood\/toode\/puunispaber-pakendis-compo-7tk\/#breadcrumb\"},\"inLanguage\":\"ru-RU\",\"potentialAction\":[{\"@type\":\"ReadAction\",\"target\":[\"https:\/\/horticom.ee\/e-pood\/toode\/puunispaber-pakendis-compo-7tk\/\"]}]},{\"@type\":\"ImageObject\",\"inLanguage\":\"ru-RU\",\"@id\":\"https:\/\/horticom.ee\/e-pood\/toode\/puunispaber-pakendis-compo-7tk\/#primaryimage\",\"url\":\"https:\/\/horticom.ee\/e-pood\/wp-content\/uploads\/importedmedia\/product-152828_0-670160.jpg\",\"contentUrl\":\"https:\/\/horticom.ee\/e-pood\/wp-content\/uploads\/importedmedia\/product-152828_0-670160.jpg\",\"width\":1000,\"height\":1414},{\"@type\":\"BreadcrumbList\",\"@id\":\"https:\/\/horticom.ee\/e-pood\/toode\/puunispaber-pakendis-compo-7tk\/#breadcrumb\",\"itemListElement\":[{\"@type\":\"ListItem\",\"position\":1,\"name\":\"Home\",\"item\":\"https:\/\/horticom.ee\/e-pood\/\"},{\"@type\":\"ListItem\",\"position\":2,\"name\":\"Pood\",\"item\":\"https:\/\/horticom.ee\/e-pood\/pood\/\"},{\"@type\":\"ListItem\",\"position\":3,\"name\":\"P\u00fc\u00fcnispaber pakendis Compo 7tk\"}]},{\"@type\":\"WebSite\",\"@id\":\"https:\/\/horticom.ee\/e-pood\/#website\",\"url\":\"https:\/\/horticom.ee\/e-pood\/\",\"name\":\"Horticom.ee\",\"description\":\"Aianduskaubad ja kodukaubad nii harrastajatele kui professionaalidele\",\"potentialAction\":[{\"@type\":\"SearchAction\",\"target\":{\"@type\":\"EntryPoint\",\"urlTemplate\":\"https:\/\/horticom.ee\/e-pood\/?s={search_term_string}\"},\"query-input\":{\"@type\":\"PropertyValueSpecification\",\"valueRequired\":true,\"valueName\":\"search_term_string\"}}],\"inLanguage\":\"ru-RU\"}]}<\/script>\n<!-- \/ Yoast SEO plugin. -->","yoast_head_json":{"title":"P\u00fc\u00fcnispaber pakendis Compo 7tk - Horticom","robots":{"index":"index","follow":"follow","max-snippet":"max-snippet:-1","max-image-preview":"max-image-preview:large","max-video-preview":"max-video-preview:-1"},"canonical":"https:\/\/horticom.ee\/e-pood\/toode\/puunispaber-pakendis-compo-7tk\/","og_locale":"ru_RU","og_type":"article","og_title":"P\u00fc\u00fcnispaber pakendis Compo 7tk - Horticom","og_description":"Biotehnoloogiline toode, mis kaitseb dekoratiivtaimi ja aedvilju lendavate kahjulike putukate nagu kasvuhoone karilaste, leinas\u00e4\u00e4sklaste, kaevandik\u00e4rblaste, tiivuliste lehet\u00e4ide ja ripstiivaliste eest. Tootel on kollane v\u00e4rv, mis meelitab kahjureid. Liim ei tilgu ja selle liimimisomadused s\u00e4ilivad kaua. Insektitsiidivaba iimpaberit on kerge kinnitada.","og_url":"https:\/\/horticom.ee\/e-pood\/toode\/puunispaber-pakendis-compo-7tk\/","og_site_name":"Horticom.ee","article_publisher":"https:\/\/www.facebook.com\/horticom.ee\/e-pood","article_modified_time":"2026-04-21T00:09:54+00:00","og_image":[{"width":1000,"height":1414,"url":"https:\/\/horticom.ee\/e-pood\/wp-content\/uploads\/importedmedia\/product-152828_0-670160.jpg","type":"image\/jpeg"}],"twitter_card":"summary_large_image","schema":{"@context":"https:\/\/schema.org","@graph":[{"@type":"WebPage","@id":"https:\/\/horticom.ee\/e-pood\/toode\/puunispaber-pakendis-compo-7tk\/","url":"https:\/\/horticom.ee\/e-pood\/toode\/puunispaber-pakendis-compo-7tk\/","name":"P\u00fc\u00fcnispaber pakendis Compo 7tk - Horticom","isPartOf":{"@id":"https:\/\/horticom.ee\/e-pood\/#website"},"primaryImageOfPage":{"@id":"https:\/\/horticom.ee\/e-pood\/toode\/puunispaber-pakendis-compo-7tk\/#primaryimage"},"image":{"@id":"https:\/\/horticom.ee\/e-pood\/toode\/puunispaber-pakendis-compo-7tk\/#primaryimage"},"thumbnailUrl":"https:\/\/horticom.ee\/e-pood\/wp-content\/uploads\/importedmedia\/product-152828_0-670160.jpg","datePublished":"2022-01-17T13:59:55+00:00","dateModified":"2026-04-21T00:09:54+00:00","breadcrumb":{"@id":"https:\/\/horticom.ee\/e-pood\/toode\/puunispaber-pakendis-compo-7tk\/#breadcrumb"},"inLanguage":"ru-RU","potentialAction":[{"@type":"ReadAction","target":["https:\/\/horticom.ee\/e-pood\/toode\/puunispaber-pakendis-compo-7tk\/"]}]},{"@type":"ImageObject","inLanguage":"ru-RU","@id":"https:\/\/horticom.ee\/e-pood\/toode\/puunispaber-pakendis-compo-7tk\/#primaryimage","url":"https:\/\/horticom.ee\/e-pood\/wp-content\/uploads\/importedmedia\/product-152828_0-670160.jpg","contentUrl":"https:\/\/horticom.ee\/e-pood\/wp-content\/uploads\/importedmedia\/product-152828_0-670160.jpg","width":1000,"height":1414},{"@type":"BreadcrumbList","@id":"https:\/\/horticom.ee\/e-pood\/toode\/puunispaber-pakendis-compo-7tk\/#breadcrumb","itemListElement":[{"@type":"ListItem","position":1,"name":"Home","item":"https:\/\/horticom.ee\/e-pood\/"},{"@type":"ListItem","position":2,"name":"Pood","item":"https:\/\/horticom.ee\/e-pood\/pood\/"},{"@type":"ListItem","position":3,"name":"P\u00fc\u00fcnispaber pakendis Compo 7tk"}]},{"@type":"WebSite","@id":"https:\/\/horticom.ee\/e-pood\/#website","url":"https:\/\/horticom.ee\/e-pood\/","name":"Horticom.ee","description":"Aianduskaubad ja kodukaubad nii harrastajatele kui professionaalidele","potentialAction":[{"@type":"SearchAction","target":{"@type":"EntryPoint","urlTemplate":"https:\/\/horticom.ee\/e-pood\/?s={search_term_string}"},"query-input":{"@type":"PropertyValueSpecification","valueRequired":true,"valueName":"search_term_string"}}],"inLanguage":"ru-RU"}]}},"_links":{"self":[{"href":"https:\/\/horticom.ee\/e-pood\/ru\/wp-json\/wp\/v2\/product\/152828","targetHints":{"allow":["GET"]}}],"collection":[{"href":"https:\/\/horticom.ee\/e-pood\/ru\/wp-json\/wp\/v2\/product"}],"about":[{"href":"https:\/\/horticom.ee\/e-pood\/ru\/wp-json\/wp\/v2\/types\/product"}],"replies":[{"embeddable":true,"href":"https:\/\/horticom.ee\/e-pood\/ru\/wp-json\/wp\/v2\/comments?post=152828"}],"wp:featuredmedia":[{"embeddable":true,"href":"https:\/\/horticom.ee\/e-pood\/ru\/wp-json\/wp\/v2\/media\/2377924"}],"wp:attachment":[{"href":"https:\/\/horticom.ee\/e-pood\/ru\/wp-json\/wp\/v2\/media?parent=152828"}],"wp:term":[{"taxonomy":"product_cat","embeddable":true,"href":"https:\/\/horticom.ee\/e-pood\/ru\/wp-json\/wp\/v2\/product_cat?post=152828"},{"taxonomy":"product_tag","embeddable":true,"href":"https:\/\/horticom.ee\/e-pood\/ru\/wp-json\/wp\/v2\/product_tag?post=152828"}],"curies":[{"name":"wp","href":"https:\/\/api.w.org\/{rel}","templated":true}]}}