{"id":152878,"date":"2022-01-17T16:00:24","date_gmt":"2022-01-17T14:00:24","guid":{"rendered":"https:\/\/aednik24.ee\/toode\/muruaaris-valley-view-karbis-pro-20b-61m\/"},"modified":"2026-05-03T03:05:15","modified_gmt":"2026-05-03T00:05:15","slug":"muruaaris-valley-view-karbis-pro-20b-61m","status":"publish","type":"product","link":"https:\/\/horticom.ee\/e-pood\/ru\/toode\/muruaaris-valley-view-karbis-pro-20b-61m\/","title":{"rendered":"Muru\u00e4\u00e4ris Valley View karbis PRO-20B 6,1m"},"content":{"rendered":"<p>Valmistatud tugevast mustast UV-kindlast pol\u00fcet\u00fcleenist. Plastist muru\u00e4\u00e4rise eelised on selle lihtne ja kiire paigaldatavus, pikaealisus ja sobivus erinevate aiajoontega. Murutaimede levik peenrasse on piiratud, istutusaladel saab kasutada erinevaid pinnakattematerjale (killustikku, koorepuru, liiva) ja samas j\u00e4\u00e4b \u00e4\u00e4ris \u00f5igel paigaldusel v\u00e4hem\u00e4rgatavaks.<\/p>\n","protected":false},"excerpt":{"rendered":"<p>Valmistatud tugevast mustast UV-kindlast pol\u00fcet\u00fcleenist. Plastist muru\u00e4\u00e4rise eelised on selle lihtne ja kiire paigaldatavus, pikaealisus ja sobivus erinevate aiajoontega. Murutaimede levik peenrasse on piiratud, istutusaladel saab kasutada erinevaid pinnakattematerjale (killustikku, koorepuru, liiva) ja samas j\u00e4\u00e4b \u00e4\u00e4ris \u00f5igel paigaldusel v\u00e4hem\u00e4rgatavaks.<\/p>\n","protected":false},"featured_media":175069,"comment_status":"closed","ping_status":"closed","template":"","meta":{"_themeisle_gutenberg_block_has_review":false},"product_cat":[13408],"product_tag":[],"class_list":{"0":"post-152878","1":"product","2":"type-product","3":"status-publish","4":"has-post-thumbnail","6":"product_cat-peenrapiirded","8":"first","9":"instock","10":"shipping-taxable","11":"purchasable","12":"product-type-simple"},"yoast_head":"<!-- This site is optimized with the Yoast SEO plugin v24.0 - https:\/\/yoast.com\/wordpress\/plugins\/seo\/ -->\n<title>Muru\u00e4\u00e4ris Valley View karbis PRO-20B 6,1m - Horticom<\/title>\n<meta name=\"robots\" content=\"index, follow, max-snippet:-1, max-image-preview:large, max-video-preview:-1\" \/>\n<link rel=\"canonical\" href=\"https:\/\/horticom.ee\/e-pood\/toode\/muruaaris-valley-view-karbis-pro-20b-61m\/\" \/>\n<meta property=\"og:locale\" content=\"ru_RU\" \/>\n<meta property=\"og:type\" content=\"article\" \/>\n<meta property=\"og:title\" content=\"Muru\u00e4\u00e4ris Valley View karbis PRO-20B 6,1m - Horticom\" \/>\n<meta property=\"og:description\" content=\"Valmistatud tugevast mustast UV-kindlast pol\u00fcet\u00fcleenist. Plastist muru\u00e4\u00e4rise eelised on selle lihtne ja kiire paigaldatavus, pikaealisus ja sobivus erinevate aiajoontega. Murutaimede levik peenrasse on piiratud, istutusaladel saab kasutada erinevaid pinnakattematerjale (killustikku, koorepuru, liiva) ja samas j\u00e4\u00e4b \u00e4\u00e4ris \u00f5igel paigaldusel v\u00e4hem\u00e4rgatavaks.\" \/>\n<meta property=\"og:url\" content=\"https:\/\/horticom.ee\/e-pood\/toode\/muruaaris-valley-view-karbis-pro-20b-61m\/\" \/>\n<meta property=\"og:site_name\" content=\"Horticom.ee\" \/>\n<meta property=\"article:publisher\" content=\"https:\/\/www.facebook.com\/horticom.ee\/e-pood\" \/>\n<meta property=\"article:modified_time\" content=\"2026-05-03T00:05:15+00:00\" \/>\n<meta property=\"og:image\" content=\"https:\/\/horticom.ee\/e-pood\/wp-content\/uploads\/importedmedia\/product-152878_0-830000.jpg\" \/>\n\t<meta property=\"og:image:width\" content=\"999\" \/>\n\t<meta property=\"og:image:height\" content=\"1097\" \/>\n\t<meta property=\"og:image:type\" content=\"image\/jpeg\" \/>\n<meta name=\"twitter:card\" content=\"summary_large_image\" \/>\n<script type=\"application\/ld+json\" class=\"yoast-schema-graph\">{\"@context\":\"https:\/\/schema.org\",\"@graph\":[{\"@type\":\"WebPage\",\"@id\":\"https:\/\/horticom.ee\/e-pood\/toode\/muruaaris-valley-view-karbis-pro-20b-61m\/\",\"url\":\"https:\/\/horticom.ee\/e-pood\/toode\/muruaaris-valley-view-karbis-pro-20b-61m\/\",\"name\":\"Muru\u00e4\u00e4ris Valley View karbis PRO-20B 6,1m - Horticom\",\"isPartOf\":{\"@id\":\"https:\/\/horticom.ee\/e-pood\/#website\"},\"primaryImageOfPage\":{\"@id\":\"https:\/\/horticom.ee\/e-pood\/toode\/muruaaris-valley-view-karbis-pro-20b-61m\/#primaryimage\"},\"image\":{\"@id\":\"https:\/\/horticom.ee\/e-pood\/toode\/muruaaris-valley-view-karbis-pro-20b-61m\/#primaryimage\"},\"thumbnailUrl\":\"https:\/\/horticom.ee\/e-pood\/wp-content\/uploads\/importedmedia\/product-152878_0-830000.jpg\",\"datePublished\":\"2022-01-17T14:00:24+00:00\",\"dateModified\":\"2026-05-03T00:05:15+00:00\",\"breadcrumb\":{\"@id\":\"https:\/\/horticom.ee\/e-pood\/toode\/muruaaris-valley-view-karbis-pro-20b-61m\/#breadcrumb\"},\"inLanguage\":\"ru-RU\",\"potentialAction\":[{\"@type\":\"ReadAction\",\"target\":[\"https:\/\/horticom.ee\/e-pood\/toode\/muruaaris-valley-view-karbis-pro-20b-61m\/\"]}]},{\"@type\":\"ImageObject\",\"inLanguage\":\"ru-RU\",\"@id\":\"https:\/\/horticom.ee\/e-pood\/toode\/muruaaris-valley-view-karbis-pro-20b-61m\/#primaryimage\",\"url\":\"https:\/\/horticom.ee\/e-pood\/wp-content\/uploads\/importedmedia\/product-152878_0-830000.jpg\",\"contentUrl\":\"https:\/\/horticom.ee\/e-pood\/wp-content\/uploads\/importedmedia\/product-152878_0-830000.jpg\",\"width\":999,\"height\":1097},{\"@type\":\"BreadcrumbList\",\"@id\":\"https:\/\/horticom.ee\/e-pood\/toode\/muruaaris-valley-view-karbis-pro-20b-61m\/#breadcrumb\",\"itemListElement\":[{\"@type\":\"ListItem\",\"position\":1,\"name\":\"Home\",\"item\":\"https:\/\/horticom.ee\/e-pood\/\"},{\"@type\":\"ListItem\",\"position\":2,\"name\":\"Pood\",\"item\":\"https:\/\/horticom.ee\/e-pood\/pood\/\"},{\"@type\":\"ListItem\",\"position\":3,\"name\":\"Muru\u00e4\u00e4ris Valley View karbis PRO-20B 6,1m\"}]},{\"@type\":\"WebSite\",\"@id\":\"https:\/\/horticom.ee\/e-pood\/#website\",\"url\":\"https:\/\/horticom.ee\/e-pood\/\",\"name\":\"Horticom.ee\",\"description\":\"Aianduskaubad ja kodukaubad nii harrastajatele kui professionaalidele\",\"potentialAction\":[{\"@type\":\"SearchAction\",\"target\":{\"@type\":\"EntryPoint\",\"urlTemplate\":\"https:\/\/horticom.ee\/e-pood\/?s={search_term_string}\"},\"query-input\":{\"@type\":\"PropertyValueSpecification\",\"valueRequired\":true,\"valueName\":\"search_term_string\"}}],\"inLanguage\":\"ru-RU\"}]}<\/script>\n<!-- \/ Yoast SEO plugin. -->","yoast_head_json":{"title":"Muru\u00e4\u00e4ris Valley View karbis PRO-20B 6,1m - Horticom","robots":{"index":"index","follow":"follow","max-snippet":"max-snippet:-1","max-image-preview":"max-image-preview:large","max-video-preview":"max-video-preview:-1"},"canonical":"https:\/\/horticom.ee\/e-pood\/toode\/muruaaris-valley-view-karbis-pro-20b-61m\/","og_locale":"ru_RU","og_type":"article","og_title":"Muru\u00e4\u00e4ris Valley View karbis PRO-20B 6,1m - Horticom","og_description":"Valmistatud tugevast mustast UV-kindlast pol\u00fcet\u00fcleenist. Plastist muru\u00e4\u00e4rise eelised on selle lihtne ja kiire paigaldatavus, pikaealisus ja sobivus erinevate aiajoontega. Murutaimede levik peenrasse on piiratud, istutusaladel saab kasutada erinevaid pinnakattematerjale (killustikku, koorepuru, liiva) ja samas j\u00e4\u00e4b \u00e4\u00e4ris \u00f5igel paigaldusel v\u00e4hem\u00e4rgatavaks.","og_url":"https:\/\/horticom.ee\/e-pood\/toode\/muruaaris-valley-view-karbis-pro-20b-61m\/","og_site_name":"Horticom.ee","article_publisher":"https:\/\/www.facebook.com\/horticom.ee\/e-pood","article_modified_time":"2026-05-03T00:05:15+00:00","og_image":[{"width":999,"height":1097,"url":"https:\/\/horticom.ee\/e-pood\/wp-content\/uploads\/importedmedia\/product-152878_0-830000.jpg","type":"image\/jpeg"}],"twitter_card":"summary_large_image","schema":{"@context":"https:\/\/schema.org","@graph":[{"@type":"WebPage","@id":"https:\/\/horticom.ee\/e-pood\/toode\/muruaaris-valley-view-karbis-pro-20b-61m\/","url":"https:\/\/horticom.ee\/e-pood\/toode\/muruaaris-valley-view-karbis-pro-20b-61m\/","name":"Muru\u00e4\u00e4ris Valley View karbis PRO-20B 6,1m - Horticom","isPartOf":{"@id":"https:\/\/horticom.ee\/e-pood\/#website"},"primaryImageOfPage":{"@id":"https:\/\/horticom.ee\/e-pood\/toode\/muruaaris-valley-view-karbis-pro-20b-61m\/#primaryimage"},"image":{"@id":"https:\/\/horticom.ee\/e-pood\/toode\/muruaaris-valley-view-karbis-pro-20b-61m\/#primaryimage"},"thumbnailUrl":"https:\/\/horticom.ee\/e-pood\/wp-content\/uploads\/importedmedia\/product-152878_0-830000.jpg","datePublished":"2022-01-17T14:00:24+00:00","dateModified":"2026-05-03T00:05:15+00:00","breadcrumb":{"@id":"https:\/\/horticom.ee\/e-pood\/toode\/muruaaris-valley-view-karbis-pro-20b-61m\/#breadcrumb"},"inLanguage":"ru-RU","potentialAction":[{"@type":"ReadAction","target":["https:\/\/horticom.ee\/e-pood\/toode\/muruaaris-valley-view-karbis-pro-20b-61m\/"]}]},{"@type":"ImageObject","inLanguage":"ru-RU","@id":"https:\/\/horticom.ee\/e-pood\/toode\/muruaaris-valley-view-karbis-pro-20b-61m\/#primaryimage","url":"https:\/\/horticom.ee\/e-pood\/wp-content\/uploads\/importedmedia\/product-152878_0-830000.jpg","contentUrl":"https:\/\/horticom.ee\/e-pood\/wp-content\/uploads\/importedmedia\/product-152878_0-830000.jpg","width":999,"height":1097},{"@type":"BreadcrumbList","@id":"https:\/\/horticom.ee\/e-pood\/toode\/muruaaris-valley-view-karbis-pro-20b-61m\/#breadcrumb","itemListElement":[{"@type":"ListItem","position":1,"name":"Home","item":"https:\/\/horticom.ee\/e-pood\/"},{"@type":"ListItem","position":2,"name":"Pood","item":"https:\/\/horticom.ee\/e-pood\/pood\/"},{"@type":"ListItem","position":3,"name":"Muru\u00e4\u00e4ris Valley View karbis PRO-20B 6,1m"}]},{"@type":"WebSite","@id":"https:\/\/horticom.ee\/e-pood\/#website","url":"https:\/\/horticom.ee\/e-pood\/","name":"Horticom.ee","description":"Aianduskaubad ja kodukaubad nii harrastajatele kui professionaalidele","potentialAction":[{"@type":"SearchAction","target":{"@type":"EntryPoint","urlTemplate":"https:\/\/horticom.ee\/e-pood\/?s={search_term_string}"},"query-input":{"@type":"PropertyValueSpecification","valueRequired":true,"valueName":"search_term_string"}}],"inLanguage":"ru-RU"}]}},"_links":{"self":[{"href":"https:\/\/horticom.ee\/e-pood\/ru\/wp-json\/wp\/v2\/product\/152878","targetHints":{"allow":["GET"]}}],"collection":[{"href":"https:\/\/horticom.ee\/e-pood\/ru\/wp-json\/wp\/v2\/product"}],"about":[{"href":"https:\/\/horticom.ee\/e-pood\/ru\/wp-json\/wp\/v2\/types\/product"}],"replies":[{"embeddable":true,"href":"https:\/\/horticom.ee\/e-pood\/ru\/wp-json\/wp\/v2\/comments?post=152878"}],"wp:featuredmedia":[{"embeddable":true,"href":"https:\/\/horticom.ee\/e-pood\/ru\/wp-json\/wp\/v2\/media\/175069"}],"wp:attachment":[{"href":"https:\/\/horticom.ee\/e-pood\/ru\/wp-json\/wp\/v2\/media?parent=152878"}],"wp:term":[{"taxonomy":"product_cat","embeddable":true,"href":"https:\/\/horticom.ee\/e-pood\/ru\/wp-json\/wp\/v2\/product_cat?post=152878"},{"taxonomy":"product_tag","embeddable":true,"href":"https:\/\/horticom.ee\/e-pood\/ru\/wp-json\/wp\/v2\/product_tag?post=152878"}],"curies":[{"name":"wp","href":"https:\/\/api.w.org\/{rel}","templated":true}]}}