{"id":152908,"date":"2022-01-17T16:00:40","date_gmt":"2022-01-17T14:00:40","guid":{"rendered":"https:\/\/aednik24.ee\/toode\/kuunal-rustik-100-x-100mm-75h-bordoo-sp\/"},"modified":"2026-05-04T03:04:04","modified_gmt":"2026-05-04T00:04:04","slug":"kuunal-rustik-100-x-100mm-75h-bordoo-sp","status":"publish","type":"product","link":"https:\/\/horticom.ee\/e-pood\/ru\/toode\/kuunal-rustik-100-x-100mm-75h-bordoo-sp\/","title":{"rendered":"K\u00fc\u00fcnal Rustik 75h d 100 x 100mm bordoo"},"content":{"rendered":"<p>K\u00fc\u00fcnal Rustik on k\u00e4sitsi valmistatud omap\u00e4rane ja atrkatiivne k\u00fc\u00fcnal, mis ei tilgu. K\u00fc\u00fcnla taht ei ulatu vaha p\u00f5hja ja t\u00e4nu sellele k\u00fc\u00fcnal kustub enne l\u00f5puni p\u00f5lemist. Kvaliteetsed k\u00fc\u00fcnlad firmalt, kellel on 150+ aastat kogemust valmistamaks parimatest saadaolevatest koostisosadest h\u00e4sti p\u00f5levaid k\u00fc\u00fcnlaid, mis ei saasta \u00f5hku ega ole tervisele ohtlikud.<\/p>\n","protected":false},"excerpt":{"rendered":"<p>K\u00fc\u00fcnal Rustik on k\u00e4sitsi valmistatud omap\u00e4rane ja atrkatiivne k\u00fc\u00fcnal, mis ei tilgu. K\u00fc\u00fcnla taht ei ulatu vaha p\u00f5hja ja t\u00e4nu sellele k\u00fc\u00fcnal kustub enne l\u00f5puni p\u00f5lemist. Kvaliteetsed k\u00fc\u00fcnlad firmalt, kellel on 150+ aastat kogemust valmistamaks parimatest saadaolevatest koostisosadest h\u00e4sti p\u00f5levaid k\u00fc\u00fcnlaid, mis ei saasta \u00f5hku ega ole tervisele ohtlikud.<\/p>\n","protected":false},"featured_media":175007,"comment_status":"closed","ping_status":"closed","template":"","meta":{"_themeisle_gutenberg_block_has_review":false},"product_cat":[18563,13451],"product_tag":[],"class_list":{"0":"post-152908","1":"product","2":"type-product","3":"status-publish","4":"has-post-thumbnail","6":"product_cat-lopumuugitooted","7":"product_cat-rustik-kuunlad","9":"first","10":"outofstock","11":"sale","12":"shipping-taxable","13":"purchasable","14":"product-type-simple"},"yoast_head":"<!-- This site is optimized with the Yoast SEO plugin v24.0 - https:\/\/yoast.com\/wordpress\/plugins\/seo\/ -->\n<title>K\u00fc\u00fcnal Rustik 75h d 100 x 100mm bordoo - Horticom.ee<\/title>\n<meta name=\"description\" content=\"K\u00fc\u00fcnal Rustik on k\u00e4sitsi valmistatud atraktiivne k\u00fc\u00fcnal, mis ei tilgu. K\u00fc\u00fcnla taht ei ulatu vaha p\u00f5hja, seega kustub see enne l\u00f5puni p\u00f5lemist.\" \/>\n<meta name=\"robots\" content=\"index, follow, max-snippet:-1, max-image-preview:large, max-video-preview:-1\" \/>\n<link rel=\"canonical\" href=\"https:\/\/horticom.ee\/e-pood\/toode\/kuunal-rustik-100-x-100mm-75h-bordoo-sp\/\" \/>\n<meta property=\"og:locale\" content=\"ru_RU\" \/>\n<meta property=\"og:type\" content=\"article\" \/>\n<meta property=\"og:title\" content=\"K\u00fc\u00fcnal Rustik 75h d 100 x 100mm bordoo - Horticom.ee\" \/>\n<meta property=\"og:description\" content=\"K\u00fc\u00fcnal Rustik on k\u00e4sitsi valmistatud atraktiivne k\u00fc\u00fcnal, mis ei tilgu. K\u00fc\u00fcnla taht ei ulatu vaha p\u00f5hja, seega kustub see enne l\u00f5puni p\u00f5lemist.\" \/>\n<meta property=\"og:url\" content=\"https:\/\/horticom.ee\/e-pood\/toode\/kuunal-rustik-100-x-100mm-75h-bordoo-sp\/\" \/>\n<meta property=\"og:site_name\" content=\"Horticom.ee\" \/>\n<meta property=\"article:publisher\" content=\"https:\/\/www.facebook.com\/horticom.ee\/e-pood\" \/>\n<meta property=\"article:modified_time\" content=\"2026-05-04T00:04:04+00:00\" \/>\n<meta property=\"og:image\" content=\"https:\/\/horticom.ee\/e-pood\/wp-content\/uploads\/importedmedia\/product-152908_0-690207_081.jpg\" \/>\n\t<meta property=\"og:image:width\" content=\"1000\" \/>\n\t<meta property=\"og:image:height\" content=\"1096\" \/>\n\t<meta property=\"og:image:type\" content=\"image\/jpeg\" \/>\n<meta name=\"twitter:card\" content=\"summary_large_image\" \/>\n<script type=\"application\/ld+json\" class=\"yoast-schema-graph\">{\"@context\":\"https:\/\/schema.org\",\"@graph\":[{\"@type\":\"WebPage\",\"@id\":\"https:\/\/horticom.ee\/e-pood\/toode\/kuunal-rustik-100-x-100mm-75h-bordoo-sp\/\",\"url\":\"https:\/\/horticom.ee\/e-pood\/toode\/kuunal-rustik-100-x-100mm-75h-bordoo-sp\/\",\"name\":\"K\u00fc\u00fcnal Rustik 75h d 100 x 100mm bordoo - Horticom.ee\",\"isPartOf\":{\"@id\":\"https:\/\/horticom.ee\/e-pood\/#website\"},\"primaryImageOfPage\":{\"@id\":\"https:\/\/horticom.ee\/e-pood\/toode\/kuunal-rustik-100-x-100mm-75h-bordoo-sp\/#primaryimage\"},\"image\":{\"@id\":\"https:\/\/horticom.ee\/e-pood\/toode\/kuunal-rustik-100-x-100mm-75h-bordoo-sp\/#primaryimage\"},\"thumbnailUrl\":\"https:\/\/horticom.ee\/e-pood\/wp-content\/uploads\/importedmedia\/product-152908_0-690207_081.jpg\",\"datePublished\":\"2022-01-17T14:00:40+00:00\",\"dateModified\":\"2026-05-04T00:04:04+00:00\",\"description\":\"K\u00fc\u00fcnal Rustik on k\u00e4sitsi valmistatud atraktiivne k\u00fc\u00fcnal, mis ei tilgu. K\u00fc\u00fcnla taht ei ulatu vaha p\u00f5hja, seega kustub see enne l\u00f5puni p\u00f5lemist.\",\"breadcrumb\":{\"@id\":\"https:\/\/horticom.ee\/e-pood\/toode\/kuunal-rustik-100-x-100mm-75h-bordoo-sp\/#breadcrumb\"},\"inLanguage\":\"ru-RU\",\"potentialAction\":[{\"@type\":\"ReadAction\",\"target\":[\"https:\/\/horticom.ee\/e-pood\/toode\/kuunal-rustik-100-x-100mm-75h-bordoo-sp\/\"]}]},{\"@type\":\"ImageObject\",\"inLanguage\":\"ru-RU\",\"@id\":\"https:\/\/horticom.ee\/e-pood\/toode\/kuunal-rustik-100-x-100mm-75h-bordoo-sp\/#primaryimage\",\"url\":\"https:\/\/horticom.ee\/e-pood\/wp-content\/uploads\/importedmedia\/product-152908_0-690207_081.jpg\",\"contentUrl\":\"https:\/\/horticom.ee\/e-pood\/wp-content\/uploads\/importedmedia\/product-152908_0-690207_081.jpg\",\"width\":1000,\"height\":1096,\"caption\":\"K\u00fc\u00fcnal Rustik 75h d 100 x 100mm bordoo\"},{\"@type\":\"BreadcrumbList\",\"@id\":\"https:\/\/horticom.ee\/e-pood\/toode\/kuunal-rustik-100-x-100mm-75h-bordoo-sp\/#breadcrumb\",\"itemListElement\":[{\"@type\":\"ListItem\",\"position\":1,\"name\":\"Home\",\"item\":\"https:\/\/horticom.ee\/e-pood\/\"},{\"@type\":\"ListItem\",\"position\":2,\"name\":\"Pood\",\"item\":\"https:\/\/horticom.ee\/e-pood\/pood\/\"},{\"@type\":\"ListItem\",\"position\":3,\"name\":\"K\u00fc\u00fcnal Rustik 75h d 100 x 100mm bordoo\"}]},{\"@type\":\"WebSite\",\"@id\":\"https:\/\/horticom.ee\/e-pood\/#website\",\"url\":\"https:\/\/horticom.ee\/e-pood\/\",\"name\":\"Horticom.ee\",\"description\":\"Aianduskaubad ja kodukaubad nii harrastajatele kui professionaalidele\",\"potentialAction\":[{\"@type\":\"SearchAction\",\"target\":{\"@type\":\"EntryPoint\",\"urlTemplate\":\"https:\/\/horticom.ee\/e-pood\/?s={search_term_string}\"},\"query-input\":{\"@type\":\"PropertyValueSpecification\",\"valueRequired\":true,\"valueName\":\"search_term_string\"}}],\"inLanguage\":\"ru-RU\"}]}<\/script>\n<!-- \/ Yoast SEO plugin. -->","yoast_head_json":{"title":"K\u00fc\u00fcnal Rustik 75h d 100 x 100mm bordoo - Horticom.ee","description":"K\u00fc\u00fcnal Rustik on k\u00e4sitsi valmistatud atraktiivne k\u00fc\u00fcnal, mis ei tilgu. K\u00fc\u00fcnla taht ei ulatu vaha p\u00f5hja, seega kustub see enne l\u00f5puni p\u00f5lemist.","robots":{"index":"index","follow":"follow","max-snippet":"max-snippet:-1","max-image-preview":"max-image-preview:large","max-video-preview":"max-video-preview:-1"},"canonical":"https:\/\/horticom.ee\/e-pood\/toode\/kuunal-rustik-100-x-100mm-75h-bordoo-sp\/","og_locale":"ru_RU","og_type":"article","og_title":"K\u00fc\u00fcnal Rustik 75h d 100 x 100mm bordoo - Horticom.ee","og_description":"K\u00fc\u00fcnal Rustik on k\u00e4sitsi valmistatud atraktiivne k\u00fc\u00fcnal, mis ei tilgu. K\u00fc\u00fcnla taht ei ulatu vaha p\u00f5hja, seega kustub see enne l\u00f5puni p\u00f5lemist.","og_url":"https:\/\/horticom.ee\/e-pood\/toode\/kuunal-rustik-100-x-100mm-75h-bordoo-sp\/","og_site_name":"Horticom.ee","article_publisher":"https:\/\/www.facebook.com\/horticom.ee\/e-pood","article_modified_time":"2026-05-04T00:04:04+00:00","og_image":[{"width":1000,"height":1096,"url":"https:\/\/horticom.ee\/e-pood\/wp-content\/uploads\/importedmedia\/product-152908_0-690207_081.jpg","type":"image\/jpeg"}],"twitter_card":"summary_large_image","schema":{"@context":"https:\/\/schema.org","@graph":[{"@type":"WebPage","@id":"https:\/\/horticom.ee\/e-pood\/toode\/kuunal-rustik-100-x-100mm-75h-bordoo-sp\/","url":"https:\/\/horticom.ee\/e-pood\/toode\/kuunal-rustik-100-x-100mm-75h-bordoo-sp\/","name":"K\u00fc\u00fcnal Rustik 75h d 100 x 100mm bordoo - Horticom.ee","isPartOf":{"@id":"https:\/\/horticom.ee\/e-pood\/#website"},"primaryImageOfPage":{"@id":"https:\/\/horticom.ee\/e-pood\/toode\/kuunal-rustik-100-x-100mm-75h-bordoo-sp\/#primaryimage"},"image":{"@id":"https:\/\/horticom.ee\/e-pood\/toode\/kuunal-rustik-100-x-100mm-75h-bordoo-sp\/#primaryimage"},"thumbnailUrl":"https:\/\/horticom.ee\/e-pood\/wp-content\/uploads\/importedmedia\/product-152908_0-690207_081.jpg","datePublished":"2022-01-17T14:00:40+00:00","dateModified":"2026-05-04T00:04:04+00:00","description":"K\u00fc\u00fcnal Rustik on k\u00e4sitsi valmistatud atraktiivne k\u00fc\u00fcnal, mis ei tilgu. K\u00fc\u00fcnla taht ei ulatu vaha p\u00f5hja, seega kustub see enne l\u00f5puni p\u00f5lemist.","breadcrumb":{"@id":"https:\/\/horticom.ee\/e-pood\/toode\/kuunal-rustik-100-x-100mm-75h-bordoo-sp\/#breadcrumb"},"inLanguage":"ru-RU","potentialAction":[{"@type":"ReadAction","target":["https:\/\/horticom.ee\/e-pood\/toode\/kuunal-rustik-100-x-100mm-75h-bordoo-sp\/"]}]},{"@type":"ImageObject","inLanguage":"ru-RU","@id":"https:\/\/horticom.ee\/e-pood\/toode\/kuunal-rustik-100-x-100mm-75h-bordoo-sp\/#primaryimage","url":"https:\/\/horticom.ee\/e-pood\/wp-content\/uploads\/importedmedia\/product-152908_0-690207_081.jpg","contentUrl":"https:\/\/horticom.ee\/e-pood\/wp-content\/uploads\/importedmedia\/product-152908_0-690207_081.jpg","width":1000,"height":1096,"caption":"K\u00fc\u00fcnal Rustik 75h d 100 x 100mm bordoo"},{"@type":"BreadcrumbList","@id":"https:\/\/horticom.ee\/e-pood\/toode\/kuunal-rustik-100-x-100mm-75h-bordoo-sp\/#breadcrumb","itemListElement":[{"@type":"ListItem","position":1,"name":"Home","item":"https:\/\/horticom.ee\/e-pood\/"},{"@type":"ListItem","position":2,"name":"Pood","item":"https:\/\/horticom.ee\/e-pood\/pood\/"},{"@type":"ListItem","position":3,"name":"K\u00fc\u00fcnal Rustik 75h d 100 x 100mm bordoo"}]},{"@type":"WebSite","@id":"https:\/\/horticom.ee\/e-pood\/#website","url":"https:\/\/horticom.ee\/e-pood\/","name":"Horticom.ee","description":"Aianduskaubad ja kodukaubad nii harrastajatele kui professionaalidele","potentialAction":[{"@type":"SearchAction","target":{"@type":"EntryPoint","urlTemplate":"https:\/\/horticom.ee\/e-pood\/?s={search_term_string}"},"query-input":{"@type":"PropertyValueSpecification","valueRequired":true,"valueName":"search_term_string"}}],"inLanguage":"ru-RU"}]}},"_links":{"self":[{"href":"https:\/\/horticom.ee\/e-pood\/ru\/wp-json\/wp\/v2\/product\/152908","targetHints":{"allow":["GET"]}}],"collection":[{"href":"https:\/\/horticom.ee\/e-pood\/ru\/wp-json\/wp\/v2\/product"}],"about":[{"href":"https:\/\/horticom.ee\/e-pood\/ru\/wp-json\/wp\/v2\/types\/product"}],"replies":[{"embeddable":true,"href":"https:\/\/horticom.ee\/e-pood\/ru\/wp-json\/wp\/v2\/comments?post=152908"}],"wp:featuredmedia":[{"embeddable":true,"href":"https:\/\/horticom.ee\/e-pood\/ru\/wp-json\/wp\/v2\/media\/175007"}],"wp:attachment":[{"href":"https:\/\/horticom.ee\/e-pood\/ru\/wp-json\/wp\/v2\/media?parent=152908"}],"wp:term":[{"taxonomy":"product_cat","embeddable":true,"href":"https:\/\/horticom.ee\/e-pood\/ru\/wp-json\/wp\/v2\/product_cat?post=152908"},{"taxonomy":"product_tag","embeddable":true,"href":"https:\/\/horticom.ee\/e-pood\/ru\/wp-json\/wp\/v2\/product_tag?post=152908"}],"curies":[{"name":"wp","href":"https:\/\/api.w.org\/{rel}","templated":true}]}}