{"id":152948,"date":"2022-01-17T16:01:00","date_gmt":"2022-01-17T14:01:00","guid":{"rendered":"https:\/\/aednik24.ee\/toode\/kindad-rtela\/"},"modified":"2026-05-03T03:05:38","modified_gmt":"2026-05-03T00:05:38","slug":"kindad-rtela","status":"publish","type":"product","link":"https:\/\/horticom.ee\/e-pood\/ru\/toode\/kindad-rtela\/","title":{"rendered":"Kindad Rtela"},"content":{"rendered":"<p>Kindad Rtela \u2013 Mugavad vastupidavad, elastsed kaitsekindad valmistatud pol\u00fcestrist, peopesad kaetud lateksiga. Peopesa t\u00f6\u00f6tlemata struktuur tagab kindale suurep\u00e4rase haarduvuse, ilma seda j\u00e4igaks muutmata. kinda k\u00e4eselja toon v\u00f5ib partiiti olla erinev. EN:388-2131<\/p>\n","protected":false},"excerpt":{"rendered":"<p>Kindad Rtela \u2013 Mugavad vastupidavad, elastsed kaitsekindad valmistatud pol\u00fcestrist, peopesad kaetud lateksiga. Peopesa t\u00f6\u00f6tlemata struktuur tagab kindale suurep\u00e4rase haarduvuse, ilma seda j\u00e4igaks muutmata. kinda k\u00e4eselja toon v\u00f5ib partiiti olla erinev. EN:388-2131<\/p>\n","protected":false},"featured_media":2384935,"comment_status":"closed","ping_status":"closed","template":"","meta":{"_themeisle_gutenberg_block_has_review":false},"product_cat":[13417],"product_tag":[],"class_list":{"0":"post-152948","1":"product","2":"type-product","3":"status-publish","4":"has-post-thumbnail","6":"product_cat-kindad","8":"first","9":"outofstock","10":"sale","11":"shipping-taxable","12":"purchasable","13":"product-type-variable"},"yoast_head":"<!-- This site is optimized with the Yoast SEO plugin v24.0 - https:\/\/yoast.com\/wordpress\/plugins\/seo\/ -->\n<title>Kindad Rtela nr 9 - Horticom.ee\/e-pood<\/title>\n<meta name=\"description\" content=\"Elastsed kaitsekindad \u2013 pol\u00fcestrist kindad lateksiga kaetud peopesaga. Suurep\u00e4rane haarduvus ja vastupidavus, sobivad mitmesugusteks t\u00f6\u00f6deks.\" \/>\n<meta name=\"robots\" content=\"index, follow, max-snippet:-1, max-image-preview:large, max-video-preview:-1\" \/>\n<link rel=\"canonical\" href=\"https:\/\/horticom.ee\/e-pood\/toode\/kindad-rtela\/\" \/>\n<meta property=\"og:locale\" content=\"ru_RU\" \/>\n<meta property=\"og:type\" content=\"article\" \/>\n<meta property=\"og:title\" content=\"Kindad Rtela nr 9 - Horticom.ee\/e-pood\" \/>\n<meta property=\"og:description\" content=\"Elastsed kaitsekindad \u2013 pol\u00fcestrist kindad lateksiga kaetud peopesaga. Suurep\u00e4rane haarduvus ja vastupidavus, sobivad mitmesugusteks t\u00f6\u00f6deks.\" \/>\n<meta property=\"og:url\" content=\"https:\/\/horticom.ee\/e-pood\/toode\/kindad-rtela\/\" \/>\n<meta property=\"og:site_name\" content=\"Horticom.ee\" \/>\n<meta property=\"article:publisher\" content=\"https:\/\/www.facebook.com\/horticom.ee\/e-pood\" \/>\n<meta property=\"article:modified_time\" content=\"2026-05-03T00:05:38+00:00\" \/>\n<meta property=\"og:image\" content=\"https:\/\/horticom.ee\/e-pood\/wp-content\/uploads\/importedmedia\/product-152948_0-VILrtela.jpg\" \/>\n\t<meta property=\"og:image:width\" content=\"1000\" \/>\n\t<meta property=\"og:image:height\" content=\"774\" \/>\n\t<meta property=\"og:image:type\" content=\"image\/jpeg\" \/>\n<meta name=\"twitter:card\" content=\"summary_large_image\" \/>\n<script type=\"application\/ld+json\" class=\"yoast-schema-graph\">{\"@context\":\"https:\/\/schema.org\",\"@graph\":[{\"@type\":\"WebPage\",\"@id\":\"https:\/\/horticom.ee\/e-pood\/toode\/kindad-rtela\/\",\"url\":\"https:\/\/horticom.ee\/e-pood\/toode\/kindad-rtela\/\",\"name\":\"Kindad Rtela nr 9 - Horticom.ee\/e-pood\",\"isPartOf\":{\"@id\":\"https:\/\/horticom.ee\/e-pood\/#website\"},\"primaryImageOfPage\":{\"@id\":\"https:\/\/horticom.ee\/e-pood\/toode\/kindad-rtela\/#primaryimage\"},\"image\":{\"@id\":\"https:\/\/horticom.ee\/e-pood\/toode\/kindad-rtela\/#primaryimage\"},\"thumbnailUrl\":\"https:\/\/horticom.ee\/e-pood\/wp-content\/uploads\/importedmedia\/product-152948_0-VILrtela.jpg\",\"datePublished\":\"2022-01-17T14:01:00+00:00\",\"dateModified\":\"2026-05-03T00:05:38+00:00\",\"description\":\"Elastsed kaitsekindad \u2013 pol\u00fcestrist kindad lateksiga kaetud peopesaga. Suurep\u00e4rane haarduvus ja vastupidavus, sobivad mitmesugusteks t\u00f6\u00f6deks.\",\"breadcrumb\":{\"@id\":\"https:\/\/horticom.ee\/e-pood\/toode\/kindad-rtela\/#breadcrumb\"},\"inLanguage\":\"ru-RU\",\"potentialAction\":[{\"@type\":\"ReadAction\",\"target\":[\"https:\/\/horticom.ee\/e-pood\/toode\/kindad-rtela\/\"]}]},{\"@type\":\"ImageObject\",\"inLanguage\":\"ru-RU\",\"@id\":\"https:\/\/horticom.ee\/e-pood\/toode\/kindad-rtela\/#primaryimage\",\"url\":\"https:\/\/horticom.ee\/e-pood\/wp-content\/uploads\/importedmedia\/product-152948_0-VILrtela.jpg\",\"contentUrl\":\"https:\/\/horticom.ee\/e-pood\/wp-content\/uploads\/importedmedia\/product-152948_0-VILrtela.jpg\",\"width\":1000,\"height\":774},{\"@type\":\"BreadcrumbList\",\"@id\":\"https:\/\/horticom.ee\/e-pood\/toode\/kindad-rtela\/#breadcrumb\",\"itemListElement\":[{\"@type\":\"ListItem\",\"position\":1,\"name\":\"Home\",\"item\":\"https:\/\/horticom.ee\/e-pood\/\"},{\"@type\":\"ListItem\",\"position\":2,\"name\":\"Pood\",\"item\":\"https:\/\/horticom.ee\/e-pood\/pood\/\"},{\"@type\":\"ListItem\",\"position\":3,\"name\":\"Kindad Rtela\"}]},{\"@type\":\"WebSite\",\"@id\":\"https:\/\/horticom.ee\/e-pood\/#website\",\"url\":\"https:\/\/horticom.ee\/e-pood\/\",\"name\":\"Horticom.ee\",\"description\":\"Aianduskaubad ja kodukaubad nii harrastajatele kui professionaalidele\",\"potentialAction\":[{\"@type\":\"SearchAction\",\"target\":{\"@type\":\"EntryPoint\",\"urlTemplate\":\"https:\/\/horticom.ee\/e-pood\/?s={search_term_string}\"},\"query-input\":{\"@type\":\"PropertyValueSpecification\",\"valueRequired\":true,\"valueName\":\"search_term_string\"}}],\"inLanguage\":\"ru-RU\"}]}<\/script>\n<!-- \/ Yoast SEO plugin. -->","yoast_head_json":{"title":"Kindad Rtela nr 9 - Horticom.ee\/e-pood","description":"Elastsed kaitsekindad \u2013 pol\u00fcestrist kindad lateksiga kaetud peopesaga. Suurep\u00e4rane haarduvus ja vastupidavus, sobivad mitmesugusteks t\u00f6\u00f6deks.","robots":{"index":"index","follow":"follow","max-snippet":"max-snippet:-1","max-image-preview":"max-image-preview:large","max-video-preview":"max-video-preview:-1"},"canonical":"https:\/\/horticom.ee\/e-pood\/toode\/kindad-rtela\/","og_locale":"ru_RU","og_type":"article","og_title":"Kindad Rtela nr 9 - Horticom.ee\/e-pood","og_description":"Elastsed kaitsekindad \u2013 pol\u00fcestrist kindad lateksiga kaetud peopesaga. Suurep\u00e4rane haarduvus ja vastupidavus, sobivad mitmesugusteks t\u00f6\u00f6deks.","og_url":"https:\/\/horticom.ee\/e-pood\/toode\/kindad-rtela\/","og_site_name":"Horticom.ee","article_publisher":"https:\/\/www.facebook.com\/horticom.ee\/e-pood","article_modified_time":"2026-05-03T00:05:38+00:00","og_image":[{"width":1000,"height":774,"url":"https:\/\/horticom.ee\/e-pood\/wp-content\/uploads\/importedmedia\/product-152948_0-VILrtela.jpg","type":"image\/jpeg"}],"twitter_card":"summary_large_image","schema":{"@context":"https:\/\/schema.org","@graph":[{"@type":"WebPage","@id":"https:\/\/horticom.ee\/e-pood\/toode\/kindad-rtela\/","url":"https:\/\/horticom.ee\/e-pood\/toode\/kindad-rtela\/","name":"Kindad Rtela nr 9 - Horticom.ee\/e-pood","isPartOf":{"@id":"https:\/\/horticom.ee\/e-pood\/#website"},"primaryImageOfPage":{"@id":"https:\/\/horticom.ee\/e-pood\/toode\/kindad-rtela\/#primaryimage"},"image":{"@id":"https:\/\/horticom.ee\/e-pood\/toode\/kindad-rtela\/#primaryimage"},"thumbnailUrl":"https:\/\/horticom.ee\/e-pood\/wp-content\/uploads\/importedmedia\/product-152948_0-VILrtela.jpg","datePublished":"2022-01-17T14:01:00+00:00","dateModified":"2026-05-03T00:05:38+00:00","description":"Elastsed kaitsekindad \u2013 pol\u00fcestrist kindad lateksiga kaetud peopesaga. Suurep\u00e4rane haarduvus ja vastupidavus, sobivad mitmesugusteks t\u00f6\u00f6deks.","breadcrumb":{"@id":"https:\/\/horticom.ee\/e-pood\/toode\/kindad-rtela\/#breadcrumb"},"inLanguage":"ru-RU","potentialAction":[{"@type":"ReadAction","target":["https:\/\/horticom.ee\/e-pood\/toode\/kindad-rtela\/"]}]},{"@type":"ImageObject","inLanguage":"ru-RU","@id":"https:\/\/horticom.ee\/e-pood\/toode\/kindad-rtela\/#primaryimage","url":"https:\/\/horticom.ee\/e-pood\/wp-content\/uploads\/importedmedia\/product-152948_0-VILrtela.jpg","contentUrl":"https:\/\/horticom.ee\/e-pood\/wp-content\/uploads\/importedmedia\/product-152948_0-VILrtela.jpg","width":1000,"height":774},{"@type":"BreadcrumbList","@id":"https:\/\/horticom.ee\/e-pood\/toode\/kindad-rtela\/#breadcrumb","itemListElement":[{"@type":"ListItem","position":1,"name":"Home","item":"https:\/\/horticom.ee\/e-pood\/"},{"@type":"ListItem","position":2,"name":"Pood","item":"https:\/\/horticom.ee\/e-pood\/pood\/"},{"@type":"ListItem","position":3,"name":"Kindad Rtela"}]},{"@type":"WebSite","@id":"https:\/\/horticom.ee\/e-pood\/#website","url":"https:\/\/horticom.ee\/e-pood\/","name":"Horticom.ee","description":"Aianduskaubad ja kodukaubad nii harrastajatele kui professionaalidele","potentialAction":[{"@type":"SearchAction","target":{"@type":"EntryPoint","urlTemplate":"https:\/\/horticom.ee\/e-pood\/?s={search_term_string}"},"query-input":{"@type":"PropertyValueSpecification","valueRequired":true,"valueName":"search_term_string"}}],"inLanguage":"ru-RU"}]}},"_links":{"self":[{"href":"https:\/\/horticom.ee\/e-pood\/ru\/wp-json\/wp\/v2\/product\/152948","targetHints":{"allow":["GET"]}}],"collection":[{"href":"https:\/\/horticom.ee\/e-pood\/ru\/wp-json\/wp\/v2\/product"}],"about":[{"href":"https:\/\/horticom.ee\/e-pood\/ru\/wp-json\/wp\/v2\/types\/product"}],"replies":[{"embeddable":true,"href":"https:\/\/horticom.ee\/e-pood\/ru\/wp-json\/wp\/v2\/comments?post=152948"}],"wp:featuredmedia":[{"embeddable":true,"href":"https:\/\/horticom.ee\/e-pood\/ru\/wp-json\/wp\/v2\/media\/2384935"}],"wp:attachment":[{"href":"https:\/\/horticom.ee\/e-pood\/ru\/wp-json\/wp\/v2\/media?parent=152948"}],"wp:term":[{"taxonomy":"product_cat","embeddable":true,"href":"https:\/\/horticom.ee\/e-pood\/ru\/wp-json\/wp\/v2\/product_cat?post=152948"},{"taxonomy":"product_tag","embeddable":true,"href":"https:\/\/horticom.ee\/e-pood\/ru\/wp-json\/wp\/v2\/product_tag?post=152948"}],"curies":[{"name":"wp","href":"https:\/\/api.w.org\/{rel}","templated":true}]}}