{"id":153078,"date":"2022-01-17T16:02:21","date_gmt":"2022-01-17T14:02:21","guid":{"rendered":"https:\/\/aednik24.ee\/toode\/sametlill-segu-04g-a\/"},"modified":"2026-04-24T03:07:10","modified_gmt":"2026-04-24T00:07:10","slug":"sametlill-segu-04g-a","status":"publish","type":"product","link":"https:\/\/horticom.ee\/e-pood\/ru\/toode\/sametlill-segu-04g-a\/","title":{"rendered":"Sametlill, segu 0,4g A"},"content":{"rendered":"<p>Sametlill on tugev ja kiirekasvuline suvelill, k\u00f5rgusega 45cm. Tugevate lehistunud varte tippudes kobaras asalead meenutavad 5cm lailehterjad \u00f5ied roosast kuni lillani. \u00d5itseb lakkamatult juulist alates ja talub kergemaid k\u00fclmasid. Kaua s\u00e4iliv l\u00f5ikelill, sobib ka kuivatamiseks.<\/p>\n","protected":false},"excerpt":{"rendered":"<p>Sametlill on tugev ja kiirekasvuline suvelill, k\u00f5rgusega 45cm. Tugevate lehistunud varte tippudes kobaras asalead meenutavad 5cm lailehterjad \u00f5ied roosast kuni lillani. \u00d5itseb lakkamatult juulist alates ja talub kergemaid k\u00fclmasid. Kaua s\u00e4iliv l\u00f5ikelill, sobib ka kuivatamiseks.<\/p>\n","protected":false},"featured_media":2382792,"comment_status":"closed","ping_status":"closed","template":"","meta":{"_themeisle_gutenberg_block_has_review":false},"product_cat":[18325],"product_tag":[],"class_list":{"0":"post-153078","1":"product","2":"type-product","3":"status-publish","4":"has-post-thumbnail","6":"product_cat-sametlill","8":"first","9":"outofstock","10":"shipping-taxable","11":"purchasable","12":"product-type-simple"},"yoast_head":"<!-- This site is optimized with the Yoast SEO plugin v24.0 - https:\/\/yoast.com\/wordpress\/plugins\/seo\/ -->\n<title>Sametlill, segu 0,4g A - Horticom<\/title>\n<meta name=\"robots\" content=\"index, follow, max-snippet:-1, max-image-preview:large, max-video-preview:-1\" \/>\n<link rel=\"canonical\" href=\"https:\/\/horticom.ee\/e-pood\/toode\/sametlill-segu-04g-a\/\" \/>\n<meta property=\"og:locale\" content=\"ru_RU\" \/>\n<meta property=\"og:type\" content=\"article\" \/>\n<meta property=\"og:title\" content=\"Sametlill, segu 0,4g A - Horticom\" \/>\n<meta property=\"og:description\" content=\"Sametlill on tugev ja kiirekasvuline suvelill, k\u00f5rgusega 45cm. Tugevate lehistunud varte tippudes kobaras asalead meenutavad 5cm lailehterjad \u00f5ied roosast kuni lillani. \u00d5itseb lakkamatult juulist alates ja talub kergemaid k\u00fclmasid. Kaua s\u00e4iliv l\u00f5ikelill, sobib ka kuivatamiseks.\" \/>\n<meta property=\"og:url\" content=\"https:\/\/horticom.ee\/e-pood\/toode\/sametlill-segu-04g-a\/\" \/>\n<meta property=\"og:site_name\" content=\"Horticom.ee\" \/>\n<meta property=\"article:publisher\" content=\"https:\/\/www.facebook.com\/horticom.ee\/e-pood\" \/>\n<meta property=\"article:modified_time\" content=\"2026-04-24T00:07:10+00:00\" \/>\n<meta property=\"og:image\" content=\"https:\/\/horticom.ee\/e-pood\/wp-content\/uploads\/importedmedia\/product-153078_0-1404315.jpg\" \/>\n\t<meta property=\"og:image:width\" content=\"999\" \/>\n\t<meta property=\"og:image:height\" content=\"666\" \/>\n\t<meta property=\"og:image:type\" content=\"image\/jpeg\" \/>\n<meta name=\"twitter:card\" content=\"summary_large_image\" \/>\n<script type=\"application\/ld+json\" class=\"yoast-schema-graph\">{\"@context\":\"https:\/\/schema.org\",\"@graph\":[{\"@type\":\"WebPage\",\"@id\":\"https:\/\/horticom.ee\/e-pood\/toode\/sametlill-segu-04g-a\/\",\"url\":\"https:\/\/horticom.ee\/e-pood\/toode\/sametlill-segu-04g-a\/\",\"name\":\"Sametlill, segu 0,4g A - Horticom\",\"isPartOf\":{\"@id\":\"https:\/\/horticom.ee\/e-pood\/#website\"},\"primaryImageOfPage\":{\"@id\":\"https:\/\/horticom.ee\/e-pood\/toode\/sametlill-segu-04g-a\/#primaryimage\"},\"image\":{\"@id\":\"https:\/\/horticom.ee\/e-pood\/toode\/sametlill-segu-04g-a\/#primaryimage\"},\"thumbnailUrl\":\"https:\/\/horticom.ee\/e-pood\/wp-content\/uploads\/importedmedia\/product-153078_0-1404315.jpg\",\"datePublished\":\"2022-01-17T14:02:21+00:00\",\"dateModified\":\"2026-04-24T00:07:10+00:00\",\"breadcrumb\":{\"@id\":\"https:\/\/horticom.ee\/e-pood\/toode\/sametlill-segu-04g-a\/#breadcrumb\"},\"inLanguage\":\"ru-RU\",\"potentialAction\":[{\"@type\":\"ReadAction\",\"target\":[\"https:\/\/horticom.ee\/e-pood\/toode\/sametlill-segu-04g-a\/\"]}]},{\"@type\":\"ImageObject\",\"inLanguage\":\"ru-RU\",\"@id\":\"https:\/\/horticom.ee\/e-pood\/toode\/sametlill-segu-04g-a\/#primaryimage\",\"url\":\"https:\/\/horticom.ee\/e-pood\/wp-content\/uploads\/importedmedia\/product-153078_0-1404315.jpg\",\"contentUrl\":\"https:\/\/horticom.ee\/e-pood\/wp-content\/uploads\/importedmedia\/product-153078_0-1404315.jpg\",\"width\":999,\"height\":666},{\"@type\":\"BreadcrumbList\",\"@id\":\"https:\/\/horticom.ee\/e-pood\/toode\/sametlill-segu-04g-a\/#breadcrumb\",\"itemListElement\":[{\"@type\":\"ListItem\",\"position\":1,\"name\":\"Home\",\"item\":\"https:\/\/horticom.ee\/e-pood\/\"},{\"@type\":\"ListItem\",\"position\":2,\"name\":\"Pood\",\"item\":\"https:\/\/horticom.ee\/e-pood\/pood\/\"},{\"@type\":\"ListItem\",\"position\":3,\"name\":\"Sametlill, segu 0,4g A\"}]},{\"@type\":\"WebSite\",\"@id\":\"https:\/\/horticom.ee\/e-pood\/#website\",\"url\":\"https:\/\/horticom.ee\/e-pood\/\",\"name\":\"Horticom.ee\",\"description\":\"Aianduskaubad ja kodukaubad nii harrastajatele kui professionaalidele\",\"potentialAction\":[{\"@type\":\"SearchAction\",\"target\":{\"@type\":\"EntryPoint\",\"urlTemplate\":\"https:\/\/horticom.ee\/e-pood\/?s={search_term_string}\"},\"query-input\":{\"@type\":\"PropertyValueSpecification\",\"valueRequired\":true,\"valueName\":\"search_term_string\"}}],\"inLanguage\":\"ru-RU\"}]}<\/script>\n<!-- \/ Yoast SEO plugin. -->","yoast_head_json":{"title":"Sametlill, segu 0,4g A - Horticom","robots":{"index":"index","follow":"follow","max-snippet":"max-snippet:-1","max-image-preview":"max-image-preview:large","max-video-preview":"max-video-preview:-1"},"canonical":"https:\/\/horticom.ee\/e-pood\/toode\/sametlill-segu-04g-a\/","og_locale":"ru_RU","og_type":"article","og_title":"Sametlill, segu 0,4g A - Horticom","og_description":"Sametlill on tugev ja kiirekasvuline suvelill, k\u00f5rgusega 45cm. Tugevate lehistunud varte tippudes kobaras asalead meenutavad 5cm lailehterjad \u00f5ied roosast kuni lillani. \u00d5itseb lakkamatult juulist alates ja talub kergemaid k\u00fclmasid. Kaua s\u00e4iliv l\u00f5ikelill, sobib ka kuivatamiseks.","og_url":"https:\/\/horticom.ee\/e-pood\/toode\/sametlill-segu-04g-a\/","og_site_name":"Horticom.ee","article_publisher":"https:\/\/www.facebook.com\/horticom.ee\/e-pood","article_modified_time":"2026-04-24T00:07:10+00:00","og_image":[{"width":999,"height":666,"url":"https:\/\/horticom.ee\/e-pood\/wp-content\/uploads\/importedmedia\/product-153078_0-1404315.jpg","type":"image\/jpeg"}],"twitter_card":"summary_large_image","schema":{"@context":"https:\/\/schema.org","@graph":[{"@type":"WebPage","@id":"https:\/\/horticom.ee\/e-pood\/toode\/sametlill-segu-04g-a\/","url":"https:\/\/horticom.ee\/e-pood\/toode\/sametlill-segu-04g-a\/","name":"Sametlill, segu 0,4g A - Horticom","isPartOf":{"@id":"https:\/\/horticom.ee\/e-pood\/#website"},"primaryImageOfPage":{"@id":"https:\/\/horticom.ee\/e-pood\/toode\/sametlill-segu-04g-a\/#primaryimage"},"image":{"@id":"https:\/\/horticom.ee\/e-pood\/toode\/sametlill-segu-04g-a\/#primaryimage"},"thumbnailUrl":"https:\/\/horticom.ee\/e-pood\/wp-content\/uploads\/importedmedia\/product-153078_0-1404315.jpg","datePublished":"2022-01-17T14:02:21+00:00","dateModified":"2026-04-24T00:07:10+00:00","breadcrumb":{"@id":"https:\/\/horticom.ee\/e-pood\/toode\/sametlill-segu-04g-a\/#breadcrumb"},"inLanguage":"ru-RU","potentialAction":[{"@type":"ReadAction","target":["https:\/\/horticom.ee\/e-pood\/toode\/sametlill-segu-04g-a\/"]}]},{"@type":"ImageObject","inLanguage":"ru-RU","@id":"https:\/\/horticom.ee\/e-pood\/toode\/sametlill-segu-04g-a\/#primaryimage","url":"https:\/\/horticom.ee\/e-pood\/wp-content\/uploads\/importedmedia\/product-153078_0-1404315.jpg","contentUrl":"https:\/\/horticom.ee\/e-pood\/wp-content\/uploads\/importedmedia\/product-153078_0-1404315.jpg","width":999,"height":666},{"@type":"BreadcrumbList","@id":"https:\/\/horticom.ee\/e-pood\/toode\/sametlill-segu-04g-a\/#breadcrumb","itemListElement":[{"@type":"ListItem","position":1,"name":"Home","item":"https:\/\/horticom.ee\/e-pood\/"},{"@type":"ListItem","position":2,"name":"Pood","item":"https:\/\/horticom.ee\/e-pood\/pood\/"},{"@type":"ListItem","position":3,"name":"Sametlill, segu 0,4g A"}]},{"@type":"WebSite","@id":"https:\/\/horticom.ee\/e-pood\/#website","url":"https:\/\/horticom.ee\/e-pood\/","name":"Horticom.ee","description":"Aianduskaubad ja kodukaubad nii harrastajatele kui professionaalidele","potentialAction":[{"@type":"SearchAction","target":{"@type":"EntryPoint","urlTemplate":"https:\/\/horticom.ee\/e-pood\/?s={search_term_string}"},"query-input":{"@type":"PropertyValueSpecification","valueRequired":true,"valueName":"search_term_string"}}],"inLanguage":"ru-RU"}]}},"_links":{"self":[{"href":"https:\/\/horticom.ee\/e-pood\/ru\/wp-json\/wp\/v2\/product\/153078","targetHints":{"allow":["GET"]}}],"collection":[{"href":"https:\/\/horticom.ee\/e-pood\/ru\/wp-json\/wp\/v2\/product"}],"about":[{"href":"https:\/\/horticom.ee\/e-pood\/ru\/wp-json\/wp\/v2\/types\/product"}],"replies":[{"embeddable":true,"href":"https:\/\/horticom.ee\/e-pood\/ru\/wp-json\/wp\/v2\/comments?post=153078"}],"wp:featuredmedia":[{"embeddable":true,"href":"https:\/\/horticom.ee\/e-pood\/ru\/wp-json\/wp\/v2\/media\/2382792"}],"wp:attachment":[{"href":"https:\/\/horticom.ee\/e-pood\/ru\/wp-json\/wp\/v2\/media?parent=153078"}],"wp:term":[{"taxonomy":"product_cat","embeddable":true,"href":"https:\/\/horticom.ee\/e-pood\/ru\/wp-json\/wp\/v2\/product_cat?post=153078"},{"taxonomy":"product_tag","embeddable":true,"href":"https:\/\/horticom.ee\/e-pood\/ru\/wp-json\/wp\/v2\/product_tag?post=153078"}],"curies":[{"name":"wp","href":"https:\/\/api.w.org\/{rel}","templated":true}]}}