{"id":153140,"date":"2022-01-17T16:03:00","date_gmt":"2022-01-17T14:03:00","guid":{"rendered":"https:\/\/aednik24.ee\/toode\/redis-warta-raphanus-sativus\/"},"modified":"2026-04-16T03:11:15","modified_gmt":"2026-04-16T00:11:15","slug":"redis-warta-raphanus-sativus","status":"publish","type":"product","link":"https:\/\/horticom.ee\/e-pood\/ru\/toode\/redis-warta-raphanus-sativus\/","title":{"rendered":"Redis Warta Raphanus sativus"},"content":{"rendered":"<p>Redis Warta on varajane sort aastaringseks kasvatamiseks katikaladel ja avamaal. Silindrilised, punased valge otsaga juurikad. Viljaliha \u00f5rna maitsega, ei puitu. Vahetuks tarbimiseks, lisandina toorsalatite, salatite juurde, dekoratsiooniks. Seemnete k\u00fclvamine vahetult avamaale varakevadel, kohe kui pinnas on tahenenud. K\u00fclvi korrata iga kahe n\u00e4dala tagant kuni mai l\u00f5puni. S\u00fcgiseseks korjeks k\u00fclv augustis.<\/p>\n","protected":false},"excerpt":{"rendered":"<p>Redis Warta on varajane sort aastaringseks kasvatamiseks katikaladel ja avamaal. Silindrilised, punased valge otsaga juurikad. Viljaliha \u00f5rna maitsega, ei puitu. Vahetuks tarbimiseks, lisandina toorsalatite, salatite juurde, dekoratsiooniks. Seemnete k\u00fclvamine vahetult avamaale varakevadel, kohe kui pinnas on tahenenud. K\u00fclvi korrata iga kahe n\u00e4dala tagant kuni mai l\u00f5puni. S\u00fcgiseseks korjeks k\u00fclv augustis.<\/p>\n","protected":false},"featured_media":172309,"comment_status":"closed","ping_status":"closed","template":"","meta":{"_themeisle_gutenberg_block_has_review":false},"product_cat":[13485],"product_tag":[],"class_list":{"0":"post-153140","1":"product","2":"type-product","3":"status-publish","4":"has-post-thumbnail","6":"product_cat-redis-roigas","8":"first","9":"instock","10":"shipping-taxable","11":"purchasable","12":"product-type-simple"},"yoast_head":"<!-- This site is optimized with the Yoast SEO plugin v24.0 - https:\/\/yoast.com\/wordpress\/plugins\/seo\/ -->\n<title>Redis Warta Raphanus sativus - Horticom.ee\/e-pood<\/title>\n<meta name=\"description\" content=\"Redis Warta \u2013 varajane sort aastaringseks kasvatamiseks. \u00d5rna maitsega punased ja valge otsaga viljad. Valmib kiiresti, sobib salatite jaoks.\" \/>\n<meta name=\"robots\" content=\"index, follow, max-snippet:-1, max-image-preview:large, max-video-preview:-1\" \/>\n<link rel=\"canonical\" href=\"https:\/\/horticom.ee\/e-pood\/toode\/redis-warta-raphanus-sativus\/\" \/>\n<meta property=\"og:locale\" content=\"ru_RU\" \/>\n<meta property=\"og:type\" content=\"article\" \/>\n<meta property=\"og:title\" content=\"Redis Warta Raphanus sativus - Horticom.ee\/e-pood\" \/>\n<meta property=\"og:description\" content=\"Redis Warta \u2013 varajane sort aastaringseks kasvatamiseks. \u00d5rna maitsega punased ja valge otsaga viljad. Valmib kiiresti, sobib salatite jaoks.\" \/>\n<meta property=\"og:url\" content=\"https:\/\/horticom.ee\/e-pood\/toode\/redis-warta-raphanus-sativus\/\" \/>\n<meta property=\"og:site_name\" content=\"Horticom.ee\" \/>\n<meta property=\"article:publisher\" content=\"https:\/\/www.facebook.com\/horticom.ee\/e-pood\" \/>\n<meta property=\"article:modified_time\" content=\"2026-04-16T00:11:15+00:00\" \/>\n<meta property=\"og:image\" content=\"https:\/\/horticom.ee\/e-pood\/wp-content\/uploads\/importedmedia\/product-153140_0-VC683-530x1024.jpg\" \/>\n\t<meta property=\"og:image:width\" content=\"530\" \/>\n\t<meta property=\"og:image:height\" content=\"1024\" \/>\n\t<meta property=\"og:image:type\" content=\"image\/jpeg\" \/>\n<meta name=\"twitter:card\" content=\"summary_large_image\" \/>\n<script type=\"application\/ld+json\" class=\"yoast-schema-graph\">{\"@context\":\"https:\/\/schema.org\",\"@graph\":[{\"@type\":\"WebPage\",\"@id\":\"https:\/\/horticom.ee\/e-pood\/toode\/redis-warta-raphanus-sativus\/\",\"url\":\"https:\/\/horticom.ee\/e-pood\/toode\/redis-warta-raphanus-sativus\/\",\"name\":\"Redis Warta Raphanus sativus - Horticom.ee\/e-pood\",\"isPartOf\":{\"@id\":\"https:\/\/horticom.ee\/e-pood\/#website\"},\"primaryImageOfPage\":{\"@id\":\"https:\/\/horticom.ee\/e-pood\/toode\/redis-warta-raphanus-sativus\/#primaryimage\"},\"image\":{\"@id\":\"https:\/\/horticom.ee\/e-pood\/toode\/redis-warta-raphanus-sativus\/#primaryimage\"},\"thumbnailUrl\":\"https:\/\/horticom.ee\/e-pood\/wp-content\/uploads\/importedmedia\/product-153140_0-VC683.jpg\",\"datePublished\":\"2022-01-17T14:03:00+00:00\",\"dateModified\":\"2026-04-16T00:11:15+00:00\",\"description\":\"Redis Warta \u2013 varajane sort aastaringseks kasvatamiseks. \u00d5rna maitsega punased ja valge otsaga viljad. Valmib kiiresti, sobib salatite jaoks.\",\"breadcrumb\":{\"@id\":\"https:\/\/horticom.ee\/e-pood\/toode\/redis-warta-raphanus-sativus\/#breadcrumb\"},\"inLanguage\":\"ru-RU\",\"potentialAction\":[{\"@type\":\"ReadAction\",\"target\":[\"https:\/\/horticom.ee\/e-pood\/toode\/redis-warta-raphanus-sativus\/\"]}]},{\"@type\":\"ImageObject\",\"inLanguage\":\"ru-RU\",\"@id\":\"https:\/\/horticom.ee\/e-pood\/toode\/redis-warta-raphanus-sativus\/#primaryimage\",\"url\":\"https:\/\/horticom.ee\/e-pood\/wp-content\/uploads\/importedmedia\/product-153140_0-VC683.jpg\",\"contentUrl\":\"https:\/\/horticom.ee\/e-pood\/wp-content\/uploads\/importedmedia\/product-153140_0-VC683.jpg\",\"width\":1000,\"height\":1931,\"caption\":\"Redis Warta Raphanus sativus\"},{\"@type\":\"BreadcrumbList\",\"@id\":\"https:\/\/horticom.ee\/e-pood\/toode\/redis-warta-raphanus-sativus\/#breadcrumb\",\"itemListElement\":[{\"@type\":\"ListItem\",\"position\":1,\"name\":\"Home\",\"item\":\"https:\/\/horticom.ee\/e-pood\/\"},{\"@type\":\"ListItem\",\"position\":2,\"name\":\"Pood\",\"item\":\"https:\/\/horticom.ee\/e-pood\/pood\/\"},{\"@type\":\"ListItem\",\"position\":3,\"name\":\"Redis Warta Raphanus sativus\"}]},{\"@type\":\"WebSite\",\"@id\":\"https:\/\/horticom.ee\/e-pood\/#website\",\"url\":\"https:\/\/horticom.ee\/e-pood\/\",\"name\":\"Horticom.ee\",\"description\":\"Aianduskaubad ja kodukaubad nii harrastajatele kui professionaalidele\",\"potentialAction\":[{\"@type\":\"SearchAction\",\"target\":{\"@type\":\"EntryPoint\",\"urlTemplate\":\"https:\/\/horticom.ee\/e-pood\/?s={search_term_string}\"},\"query-input\":{\"@type\":\"PropertyValueSpecification\",\"valueRequired\":true,\"valueName\":\"search_term_string\"}}],\"inLanguage\":\"ru-RU\"}]}<\/script>\n<!-- \/ Yoast SEO plugin. -->","yoast_head_json":{"title":"Redis Warta Raphanus sativus - Horticom.ee\/e-pood","description":"Redis Warta \u2013 varajane sort aastaringseks kasvatamiseks. \u00d5rna maitsega punased ja valge otsaga viljad. Valmib kiiresti, sobib salatite jaoks.","robots":{"index":"index","follow":"follow","max-snippet":"max-snippet:-1","max-image-preview":"max-image-preview:large","max-video-preview":"max-video-preview:-1"},"canonical":"https:\/\/horticom.ee\/e-pood\/toode\/redis-warta-raphanus-sativus\/","og_locale":"ru_RU","og_type":"article","og_title":"Redis Warta Raphanus sativus - Horticom.ee\/e-pood","og_description":"Redis Warta \u2013 varajane sort aastaringseks kasvatamiseks. \u00d5rna maitsega punased ja valge otsaga viljad. Valmib kiiresti, sobib salatite jaoks.","og_url":"https:\/\/horticom.ee\/e-pood\/toode\/redis-warta-raphanus-sativus\/","og_site_name":"Horticom.ee","article_publisher":"https:\/\/www.facebook.com\/horticom.ee\/e-pood","article_modified_time":"2026-04-16T00:11:15+00:00","og_image":[{"width":530,"height":1024,"url":"https:\/\/horticom.ee\/e-pood\/wp-content\/uploads\/importedmedia\/product-153140_0-VC683-530x1024.jpg","type":"image\/jpeg"}],"twitter_card":"summary_large_image","schema":{"@context":"https:\/\/schema.org","@graph":[{"@type":"WebPage","@id":"https:\/\/horticom.ee\/e-pood\/toode\/redis-warta-raphanus-sativus\/","url":"https:\/\/horticom.ee\/e-pood\/toode\/redis-warta-raphanus-sativus\/","name":"Redis Warta Raphanus sativus - Horticom.ee\/e-pood","isPartOf":{"@id":"https:\/\/horticom.ee\/e-pood\/#website"},"primaryImageOfPage":{"@id":"https:\/\/horticom.ee\/e-pood\/toode\/redis-warta-raphanus-sativus\/#primaryimage"},"image":{"@id":"https:\/\/horticom.ee\/e-pood\/toode\/redis-warta-raphanus-sativus\/#primaryimage"},"thumbnailUrl":"https:\/\/horticom.ee\/e-pood\/wp-content\/uploads\/importedmedia\/product-153140_0-VC683.jpg","datePublished":"2022-01-17T14:03:00+00:00","dateModified":"2026-04-16T00:11:15+00:00","description":"Redis Warta \u2013 varajane sort aastaringseks kasvatamiseks. \u00d5rna maitsega punased ja valge otsaga viljad. Valmib kiiresti, sobib salatite jaoks.","breadcrumb":{"@id":"https:\/\/horticom.ee\/e-pood\/toode\/redis-warta-raphanus-sativus\/#breadcrumb"},"inLanguage":"ru-RU","potentialAction":[{"@type":"ReadAction","target":["https:\/\/horticom.ee\/e-pood\/toode\/redis-warta-raphanus-sativus\/"]}]},{"@type":"ImageObject","inLanguage":"ru-RU","@id":"https:\/\/horticom.ee\/e-pood\/toode\/redis-warta-raphanus-sativus\/#primaryimage","url":"https:\/\/horticom.ee\/e-pood\/wp-content\/uploads\/importedmedia\/product-153140_0-VC683.jpg","contentUrl":"https:\/\/horticom.ee\/e-pood\/wp-content\/uploads\/importedmedia\/product-153140_0-VC683.jpg","width":1000,"height":1931,"caption":"Redis Warta Raphanus sativus"},{"@type":"BreadcrumbList","@id":"https:\/\/horticom.ee\/e-pood\/toode\/redis-warta-raphanus-sativus\/#breadcrumb","itemListElement":[{"@type":"ListItem","position":1,"name":"Home","item":"https:\/\/horticom.ee\/e-pood\/"},{"@type":"ListItem","position":2,"name":"Pood","item":"https:\/\/horticom.ee\/e-pood\/pood\/"},{"@type":"ListItem","position":3,"name":"Redis Warta Raphanus sativus"}]},{"@type":"WebSite","@id":"https:\/\/horticom.ee\/e-pood\/#website","url":"https:\/\/horticom.ee\/e-pood\/","name":"Horticom.ee","description":"Aianduskaubad ja kodukaubad nii harrastajatele kui professionaalidele","potentialAction":[{"@type":"SearchAction","target":{"@type":"EntryPoint","urlTemplate":"https:\/\/horticom.ee\/e-pood\/?s={search_term_string}"},"query-input":{"@type":"PropertyValueSpecification","valueRequired":true,"valueName":"search_term_string"}}],"inLanguage":"ru-RU"}]}},"_links":{"self":[{"href":"https:\/\/horticom.ee\/e-pood\/ru\/wp-json\/wp\/v2\/product\/153140","targetHints":{"allow":["GET"]}}],"collection":[{"href":"https:\/\/horticom.ee\/e-pood\/ru\/wp-json\/wp\/v2\/product"}],"about":[{"href":"https:\/\/horticom.ee\/e-pood\/ru\/wp-json\/wp\/v2\/types\/product"}],"replies":[{"embeddable":true,"href":"https:\/\/horticom.ee\/e-pood\/ru\/wp-json\/wp\/v2\/comments?post=153140"}],"wp:featuredmedia":[{"embeddable":true,"href":"https:\/\/horticom.ee\/e-pood\/ru\/wp-json\/wp\/v2\/media\/172309"}],"wp:attachment":[{"href":"https:\/\/horticom.ee\/e-pood\/ru\/wp-json\/wp\/v2\/media?parent=153140"}],"wp:term":[{"taxonomy":"product_cat","embeddable":true,"href":"https:\/\/horticom.ee\/e-pood\/ru\/wp-json\/wp\/v2\/product_cat?post=153140"},{"taxonomy":"product_tag","embeddable":true,"href":"https:\/\/horticom.ee\/e-pood\/ru\/wp-json\/wp\/v2\/product_tag?post=153140"}],"curies":[{"name":"wp","href":"https:\/\/api.w.org\/{rel}","templated":true}]}}