{"id":153142,"date":"2022-01-17T16:03:02","date_gmt":"2022-01-17T14:03:02","guid":{"rendered":"https:\/\/aednik24.ee\/toode\/porgand-touchon-daucus-carota\/"},"modified":"2026-05-01T03:06:20","modified_gmt":"2026-05-01T00:06:20","slug":"porgand-touchon-daucus-carota","status":"publish","type":"product","link":"https:\/\/horticom.ee\/e-pood\/ru\/toode\/porgand-touchon-daucus-carota\/","title":{"rendered":"Porgand Touchon Daucus carota"},"content":{"rendered":"<p>Porgand Touchon on parim varajane Nantes-t\u00fc\u00fcpi porganditest. Silinderjas t\u00f6mbi otsaga keskmiselt kuni 25cm juurikas. Intensiivse oran\u017ei v\u00e4rvusega sile koor ning magusa viljalihaga. H\u00e4sti kvaliteetne ja saagikas. Sobib kimbuporgandiks, mahla tegemiseks ja l\u00fchiajaliseks s\u00e4ilitamiseks.<\/p>\n","protected":false},"excerpt":{"rendered":"<p>Porgand Touchon on parim varajane Nantes-t\u00fc\u00fcpi porganditest. Silinderjas t\u00f6mbi otsaga keskmiselt kuni 25cm juurikas. Intensiivse oran\u017ei v\u00e4rvusega sile koor ning magusa viljalihaga. H\u00e4sti kvaliteetne ja saagikas. Sobib kimbuporgandiks, mahla tegemiseks ja l\u00fchiajaliseks s\u00e4ilitamiseks.<\/p>\n","protected":false},"featured_media":172301,"comment_status":"closed","ping_status":"closed","template":"","meta":{"_themeisle_gutenberg_block_has_review":false},"product_cat":[13487],"product_tag":[],"class_list":{"0":"post-153142","1":"product","2":"type-product","3":"status-publish","4":"has-post-thumbnail","6":"product_cat-porgand-pastinaak","8":"first","9":"instock","10":"shipping-taxable","11":"purchasable","12":"product-type-simple"},"yoast_head":"<!-- This site is optimized with the Yoast SEO plugin v24.0 - https:\/\/yoast.com\/wordpress\/plugins\/seo\/ -->\n<title>Porgand Touchon Daucus carota - Horticom.ee\/e-pood<\/title>\n<meta name=\"description\" content=\"Porgand Touchon \u2013 varajane Nantes-t\u00fc\u00fcpi porgand, magus ja mahlane. Sobib kimbuporgandiks, mahlaks ja l\u00fchiajaliseks s\u00e4ilitamiseks.\" \/>\n<meta name=\"robots\" content=\"index, follow, max-snippet:-1, max-image-preview:large, max-video-preview:-1\" \/>\n<link rel=\"canonical\" href=\"https:\/\/horticom.ee\/e-pood\/toode\/porgand-touchon-daucus-carota\/\" \/>\n<meta property=\"og:locale\" content=\"ru_RU\" \/>\n<meta property=\"og:type\" content=\"article\" \/>\n<meta property=\"og:title\" content=\"Porgand Touchon Daucus carota - Horticom.ee\/e-pood\" \/>\n<meta property=\"og:description\" content=\"Porgand Touchon \u2013 varajane Nantes-t\u00fc\u00fcpi porgand, magus ja mahlane. Sobib kimbuporgandiks, mahlaks ja l\u00fchiajaliseks s\u00e4ilitamiseks.\" \/>\n<meta property=\"og:url\" content=\"https:\/\/horticom.ee\/e-pood\/toode\/porgand-touchon-daucus-carota\/\" \/>\n<meta property=\"og:site_name\" content=\"Horticom.ee\" \/>\n<meta property=\"article:publisher\" content=\"https:\/\/www.facebook.com\/horticom.ee\/e-pood\" \/>\n<meta property=\"article:modified_time\" content=\"2026-05-01T00:06:20+00:00\" \/>\n<meta property=\"og:image\" content=\"https:\/\/horticom.ee\/e-pood\/wp-content\/uploads\/importedmedia\/product-153142_0-VC6411.jpg\" \/>\n\t<meta property=\"og:image:width\" content=\"1000\" \/>\n\t<meta property=\"og:image:height\" content=\"1937\" \/>\n\t<meta property=\"og:image:type\" content=\"image\/jpeg\" \/>\n<meta name=\"twitter:card\" content=\"summary_large_image\" \/>\n<script type=\"application\/ld+json\" class=\"yoast-schema-graph\">{\"@context\":\"https:\/\/schema.org\",\"@graph\":[{\"@type\":\"WebPage\",\"@id\":\"https:\/\/horticom.ee\/e-pood\/toode\/porgand-touchon-daucus-carota\/\",\"url\":\"https:\/\/horticom.ee\/e-pood\/toode\/porgand-touchon-daucus-carota\/\",\"name\":\"Porgand Touchon Daucus carota - Horticom.ee\/e-pood\",\"isPartOf\":{\"@id\":\"https:\/\/horticom.ee\/e-pood\/#website\"},\"primaryImageOfPage\":{\"@id\":\"https:\/\/horticom.ee\/e-pood\/toode\/porgand-touchon-daucus-carota\/#primaryimage\"},\"image\":{\"@id\":\"https:\/\/horticom.ee\/e-pood\/toode\/porgand-touchon-daucus-carota\/#primaryimage\"},\"thumbnailUrl\":\"https:\/\/horticom.ee\/e-pood\/wp-content\/uploads\/importedmedia\/product-153142_0-VC6411.jpg\",\"datePublished\":\"2022-01-17T14:03:02+00:00\",\"dateModified\":\"2026-05-01T00:06:20+00:00\",\"description\":\"Porgand Touchon \u2013 varajane Nantes-t\u00fc\u00fcpi porgand, magus ja mahlane. Sobib kimbuporgandiks, mahlaks ja l\u00fchiajaliseks s\u00e4ilitamiseks.\",\"breadcrumb\":{\"@id\":\"https:\/\/horticom.ee\/e-pood\/toode\/porgand-touchon-daucus-carota\/#breadcrumb\"},\"inLanguage\":\"ru-RU\",\"potentialAction\":[{\"@type\":\"ReadAction\",\"target\":[\"https:\/\/horticom.ee\/e-pood\/toode\/porgand-touchon-daucus-carota\/\"]}]},{\"@type\":\"ImageObject\",\"inLanguage\":\"ru-RU\",\"@id\":\"https:\/\/horticom.ee\/e-pood\/toode\/porgand-touchon-daucus-carota\/#primaryimage\",\"url\":\"https:\/\/horticom.ee\/e-pood\/wp-content\/uploads\/importedmedia\/product-153142_0-VC6411.jpg\",\"contentUrl\":\"https:\/\/horticom.ee\/e-pood\/wp-content\/uploads\/importedmedia\/product-153142_0-VC6411.jpg\",\"width\":1000,\"height\":1937,\"caption\":\"Porgand Touchon Daucus carota\"},{\"@type\":\"BreadcrumbList\",\"@id\":\"https:\/\/horticom.ee\/e-pood\/toode\/porgand-touchon-daucus-carota\/#breadcrumb\",\"itemListElement\":[{\"@type\":\"ListItem\",\"position\":1,\"name\":\"Home\",\"item\":\"https:\/\/horticom.ee\/e-pood\/\"},{\"@type\":\"ListItem\",\"position\":2,\"name\":\"Pood\",\"item\":\"https:\/\/horticom.ee\/e-pood\/pood\/\"},{\"@type\":\"ListItem\",\"position\":3,\"name\":\"Porgand Touchon Daucus carota\"}]},{\"@type\":\"WebSite\",\"@id\":\"https:\/\/horticom.ee\/e-pood\/#website\",\"url\":\"https:\/\/horticom.ee\/e-pood\/\",\"name\":\"Horticom.ee\",\"description\":\"Aianduskaubad ja kodukaubad nii harrastajatele kui professionaalidele\",\"potentialAction\":[{\"@type\":\"SearchAction\",\"target\":{\"@type\":\"EntryPoint\",\"urlTemplate\":\"https:\/\/horticom.ee\/e-pood\/?s={search_term_string}\"},\"query-input\":{\"@type\":\"PropertyValueSpecification\",\"valueRequired\":true,\"valueName\":\"search_term_string\"}}],\"inLanguage\":\"ru-RU\"}]}<\/script>\n<!-- \/ Yoast SEO plugin. -->","yoast_head_json":{"title":"Porgand Touchon Daucus carota - Horticom.ee\/e-pood","description":"Porgand Touchon \u2013 varajane Nantes-t\u00fc\u00fcpi porgand, magus ja mahlane. Sobib kimbuporgandiks, mahlaks ja l\u00fchiajaliseks s\u00e4ilitamiseks.","robots":{"index":"index","follow":"follow","max-snippet":"max-snippet:-1","max-image-preview":"max-image-preview:large","max-video-preview":"max-video-preview:-1"},"canonical":"https:\/\/horticom.ee\/e-pood\/toode\/porgand-touchon-daucus-carota\/","og_locale":"ru_RU","og_type":"article","og_title":"Porgand Touchon Daucus carota - Horticom.ee\/e-pood","og_description":"Porgand Touchon \u2013 varajane Nantes-t\u00fc\u00fcpi porgand, magus ja mahlane. Sobib kimbuporgandiks, mahlaks ja l\u00fchiajaliseks s\u00e4ilitamiseks.","og_url":"https:\/\/horticom.ee\/e-pood\/toode\/porgand-touchon-daucus-carota\/","og_site_name":"Horticom.ee","article_publisher":"https:\/\/www.facebook.com\/horticom.ee\/e-pood","article_modified_time":"2026-05-01T00:06:20+00:00","og_image":[{"width":1000,"height":1937,"url":"https:\/\/horticom.ee\/e-pood\/wp-content\/uploads\/importedmedia\/product-153142_0-VC6411.jpg","type":"image\/jpeg"}],"twitter_card":"summary_large_image","schema":{"@context":"https:\/\/schema.org","@graph":[{"@type":"WebPage","@id":"https:\/\/horticom.ee\/e-pood\/toode\/porgand-touchon-daucus-carota\/","url":"https:\/\/horticom.ee\/e-pood\/toode\/porgand-touchon-daucus-carota\/","name":"Porgand Touchon Daucus carota - Horticom.ee\/e-pood","isPartOf":{"@id":"https:\/\/horticom.ee\/e-pood\/#website"},"primaryImageOfPage":{"@id":"https:\/\/horticom.ee\/e-pood\/toode\/porgand-touchon-daucus-carota\/#primaryimage"},"image":{"@id":"https:\/\/horticom.ee\/e-pood\/toode\/porgand-touchon-daucus-carota\/#primaryimage"},"thumbnailUrl":"https:\/\/horticom.ee\/e-pood\/wp-content\/uploads\/importedmedia\/product-153142_0-VC6411.jpg","datePublished":"2022-01-17T14:03:02+00:00","dateModified":"2026-05-01T00:06:20+00:00","description":"Porgand Touchon \u2013 varajane Nantes-t\u00fc\u00fcpi porgand, magus ja mahlane. Sobib kimbuporgandiks, mahlaks ja l\u00fchiajaliseks s\u00e4ilitamiseks.","breadcrumb":{"@id":"https:\/\/horticom.ee\/e-pood\/toode\/porgand-touchon-daucus-carota\/#breadcrumb"},"inLanguage":"ru-RU","potentialAction":[{"@type":"ReadAction","target":["https:\/\/horticom.ee\/e-pood\/toode\/porgand-touchon-daucus-carota\/"]}]},{"@type":"ImageObject","inLanguage":"ru-RU","@id":"https:\/\/horticom.ee\/e-pood\/toode\/porgand-touchon-daucus-carota\/#primaryimage","url":"https:\/\/horticom.ee\/e-pood\/wp-content\/uploads\/importedmedia\/product-153142_0-VC6411.jpg","contentUrl":"https:\/\/horticom.ee\/e-pood\/wp-content\/uploads\/importedmedia\/product-153142_0-VC6411.jpg","width":1000,"height":1937,"caption":"Porgand Touchon Daucus carota"},{"@type":"BreadcrumbList","@id":"https:\/\/horticom.ee\/e-pood\/toode\/porgand-touchon-daucus-carota\/#breadcrumb","itemListElement":[{"@type":"ListItem","position":1,"name":"Home","item":"https:\/\/horticom.ee\/e-pood\/"},{"@type":"ListItem","position":2,"name":"Pood","item":"https:\/\/horticom.ee\/e-pood\/pood\/"},{"@type":"ListItem","position":3,"name":"Porgand Touchon Daucus carota"}]},{"@type":"WebSite","@id":"https:\/\/horticom.ee\/e-pood\/#website","url":"https:\/\/horticom.ee\/e-pood\/","name":"Horticom.ee","description":"Aianduskaubad ja kodukaubad nii harrastajatele kui professionaalidele","potentialAction":[{"@type":"SearchAction","target":{"@type":"EntryPoint","urlTemplate":"https:\/\/horticom.ee\/e-pood\/?s={search_term_string}"},"query-input":{"@type":"PropertyValueSpecification","valueRequired":true,"valueName":"search_term_string"}}],"inLanguage":"ru-RU"}]}},"_links":{"self":[{"href":"https:\/\/horticom.ee\/e-pood\/ru\/wp-json\/wp\/v2\/product\/153142","targetHints":{"allow":["GET"]}}],"collection":[{"href":"https:\/\/horticom.ee\/e-pood\/ru\/wp-json\/wp\/v2\/product"}],"about":[{"href":"https:\/\/horticom.ee\/e-pood\/ru\/wp-json\/wp\/v2\/types\/product"}],"replies":[{"embeddable":true,"href":"https:\/\/horticom.ee\/e-pood\/ru\/wp-json\/wp\/v2\/comments?post=153142"}],"wp:featuredmedia":[{"embeddable":true,"href":"https:\/\/horticom.ee\/e-pood\/ru\/wp-json\/wp\/v2\/media\/172301"}],"wp:attachment":[{"href":"https:\/\/horticom.ee\/e-pood\/ru\/wp-json\/wp\/v2\/media?parent=153142"}],"wp:term":[{"taxonomy":"product_cat","embeddable":true,"href":"https:\/\/horticom.ee\/e-pood\/ru\/wp-json\/wp\/v2\/product_cat?post=153142"},{"taxonomy":"product_tag","embeddable":true,"href":"https:\/\/horticom.ee\/e-pood\/ru\/wp-json\/wp\/v2\/product_tag?post=153142"}],"curies":[{"name":"wp","href":"https:\/\/api.w.org\/{rel}","templated":true}]}}