{"id":153181,"date":"2022-01-17T16:03:27","date_gmt":"2022-01-17T14:03:27","guid":{"rendered":"https:\/\/aednik24.ee\/toode\/lohnav-lillhernes-royal-family-segu-korge-lathyrus-odoratus-l-b\/"},"modified":"2026-04-24T03:07:52","modified_gmt":"2026-04-24T00:07:52","slug":"lohnav-lillhernes-royal-family-segu-korge-lathyrus-odoratus-l-b","status":"publish","type":"product","link":"https:\/\/horticom.ee\/e-pood\/ru\/toode\/lohnav-lillhernes-royal-family-segu-korge-lathyrus-odoratus-l-b\/","title":{"rendered":"L\u00f5hnav lillhernes Sweet Pea Royal Family &#8211; Lathyrus odoratus L."},"content":{"rendered":"<p>L\u00f5hnav lillhernes Royal Family on \u00fcheaastane ronitaim, k\u00f5rgus 2-2,5 m, dekoratiivsete \u00f5itega, \u00f5ie l\u00e4bim\u00f5\u00f5t 3-5cm, l\u00f5hnab. Eelistab p\u00e4ikesepaistelist kasvukohta ja viljakat mulda, k\u00fclvatakse avamaale. Sobib vaasi ja kimbulilleks 12tk\/g<\/p>\n","protected":false},"excerpt":{"rendered":"<p>L\u00f5hnav lillhernes Royal Family on \u00fcheaastane ronitaim, k\u00f5rgus 2-2,5 m, dekoratiivsete \u00f5itega, \u00f5ie l\u00e4bim\u00f5\u00f5t 3-5cm, l\u00f5hnab. Eelistab p\u00e4ikesepaistelist kasvukohta ja viljakat mulda, k\u00fclvatakse avamaale. Sobib vaasi ja kimbulilleks 12tk\/g<\/p>\n","protected":false},"featured_media":172217,"comment_status":"closed","ping_status":"closed","template":"","meta":{"_themeisle_gutenberg_block_has_review":false},"product_cat":[13520],"product_tag":[],"class_list":{"0":"post-153181","1":"product","2":"type-product","3":"status-publish","4":"has-post-thumbnail","6":"product_cat-lillhernes-oisuba","8":"first","9":"instock","10":"shipping-taxable","11":"purchasable","12":"product-type-simple"},"yoast_head":"<!-- This site is optimized with the Yoast SEO plugin v24.0 - https:\/\/yoast.com\/wordpress\/plugins\/seo\/ -->\n<title>L\u00f5hnav lillhernes Sweet Pea Royal Family<\/title>\n<meta name=\"description\" content=\"L\u00f5hnav lillhernes Royal Family on \u00fcheaastane ronitaim, k\u00f5rgus 2-2,5 m, dekoratiivsete \u00f5itega, \u00f5ie l\u00e4bim\u00f5\u00f5t 3-5cm, l\u00f5hnab.\" \/>\n<meta name=\"robots\" content=\"index, follow, max-snippet:-1, max-image-preview:large, max-video-preview:-1\" \/>\n<link rel=\"canonical\" href=\"https:\/\/horticom.ee\/e-pood\/toode\/lohnav-lillhernes-royal-family-segu-korge-lathyrus-odoratus-l-b\/\" \/>\n<meta property=\"og:locale\" content=\"ru_RU\" \/>\n<meta property=\"og:type\" content=\"article\" \/>\n<meta property=\"og:title\" content=\"L\u00f5hnav lillhernes Sweet Pea Royal Family\" \/>\n<meta property=\"og:description\" content=\"L\u00f5hnav lillhernes Royal Family on \u00fcheaastane ronitaim, k\u00f5rgus 2-2,5 m, dekoratiivsete \u00f5itega, \u00f5ie l\u00e4bim\u00f5\u00f5t 3-5cm, l\u00f5hnab.\" \/>\n<meta property=\"og:url\" content=\"https:\/\/horticom.ee\/e-pood\/toode\/lohnav-lillhernes-royal-family-segu-korge-lathyrus-odoratus-l-b\/\" \/>\n<meta property=\"og:site_name\" content=\"Horticom.ee\" \/>\n<meta property=\"article:publisher\" content=\"https:\/\/www.facebook.com\/horticom.ee\/e-pood\" \/>\n<meta property=\"article:modified_time\" content=\"2026-04-24T00:07:52+00:00\" \/>\n<meta property=\"og:image\" content=\"https:\/\/horticom.ee\/e-pood\/wp-content\/uploads\/importedmedia\/product-153181_0-L4500.jpg\" \/>\n\t<meta property=\"og:image:width\" content=\"1000\" \/>\n\t<meta property=\"og:image:height\" content=\"1765\" \/>\n\t<meta property=\"og:image:type\" content=\"image\/jpeg\" \/>\n<meta name=\"twitter:card\" content=\"summary_large_image\" \/>\n<script type=\"application\/ld+json\" class=\"yoast-schema-graph\">{\"@context\":\"https:\/\/schema.org\",\"@graph\":[{\"@type\":\"WebPage\",\"@id\":\"https:\/\/horticom.ee\/e-pood\/toode\/lohnav-lillhernes-royal-family-segu-korge-lathyrus-odoratus-l-b\/\",\"url\":\"https:\/\/horticom.ee\/e-pood\/toode\/lohnav-lillhernes-royal-family-segu-korge-lathyrus-odoratus-l-b\/\",\"name\":\"L\u00f5hnav lillhernes Sweet Pea Royal Family\",\"isPartOf\":{\"@id\":\"https:\/\/horticom.ee\/e-pood\/#website\"},\"primaryImageOfPage\":{\"@id\":\"https:\/\/horticom.ee\/e-pood\/toode\/lohnav-lillhernes-royal-family-segu-korge-lathyrus-odoratus-l-b\/#primaryimage\"},\"image\":{\"@id\":\"https:\/\/horticom.ee\/e-pood\/toode\/lohnav-lillhernes-royal-family-segu-korge-lathyrus-odoratus-l-b\/#primaryimage\"},\"thumbnailUrl\":\"https:\/\/horticom.ee\/e-pood\/wp-content\/uploads\/importedmedia\/product-153181_0-L4500.jpg\",\"datePublished\":\"2022-01-17T14:03:27+00:00\",\"dateModified\":\"2026-04-24T00:07:52+00:00\",\"description\":\"L\u00f5hnav lillhernes Royal Family on \u00fcheaastane ronitaim, k\u00f5rgus 2-2,5 m, dekoratiivsete \u00f5itega, \u00f5ie l\u00e4bim\u00f5\u00f5t 3-5cm, l\u00f5hnab.\",\"breadcrumb\":{\"@id\":\"https:\/\/horticom.ee\/e-pood\/toode\/lohnav-lillhernes-royal-family-segu-korge-lathyrus-odoratus-l-b\/#breadcrumb\"},\"inLanguage\":\"ru-RU\",\"potentialAction\":[{\"@type\":\"ReadAction\",\"target\":[\"https:\/\/horticom.ee\/e-pood\/toode\/lohnav-lillhernes-royal-family-segu-korge-lathyrus-odoratus-l-b\/\"]}]},{\"@type\":\"ImageObject\",\"inLanguage\":\"ru-RU\",\"@id\":\"https:\/\/horticom.ee\/e-pood\/toode\/lohnav-lillhernes-royal-family-segu-korge-lathyrus-odoratus-l-b\/#primaryimage\",\"url\":\"https:\/\/horticom.ee\/e-pood\/wp-content\/uploads\/importedmedia\/product-153181_0-L4500.jpg\",\"contentUrl\":\"https:\/\/horticom.ee\/e-pood\/wp-content\/uploads\/importedmedia\/product-153181_0-L4500.jpg\",\"width\":1000,\"height\":1765,\"caption\":\"L\u00f5hnav lillhernes Sweet Pea Royal Family - Lathyrus odoratus L.\"},{\"@type\":\"BreadcrumbList\",\"@id\":\"https:\/\/horticom.ee\/e-pood\/toode\/lohnav-lillhernes-royal-family-segu-korge-lathyrus-odoratus-l-b\/#breadcrumb\",\"itemListElement\":[{\"@type\":\"ListItem\",\"position\":1,\"name\":\"Home\",\"item\":\"https:\/\/horticom.ee\/e-pood\/\"},{\"@type\":\"ListItem\",\"position\":2,\"name\":\"Pood\",\"item\":\"https:\/\/horticom.ee\/e-pood\/pood\/\"},{\"@type\":\"ListItem\",\"position\":3,\"name\":\"L\u00f5hnav lillhernes Sweet Pea Royal Family &#8211; Lathyrus odoratus L.\"}]},{\"@type\":\"WebSite\",\"@id\":\"https:\/\/horticom.ee\/e-pood\/#website\",\"url\":\"https:\/\/horticom.ee\/e-pood\/\",\"name\":\"Horticom.ee\",\"description\":\"Aianduskaubad ja kodukaubad nii harrastajatele kui professionaalidele\",\"potentialAction\":[{\"@type\":\"SearchAction\",\"target\":{\"@type\":\"EntryPoint\",\"urlTemplate\":\"https:\/\/horticom.ee\/e-pood\/?s={search_term_string}\"},\"query-input\":{\"@type\":\"PropertyValueSpecification\",\"valueRequired\":true,\"valueName\":\"search_term_string\"}}],\"inLanguage\":\"ru-RU\"}]}<\/script>\n<!-- \/ Yoast SEO plugin. -->","yoast_head_json":{"title":"L\u00f5hnav lillhernes Sweet Pea Royal Family","description":"L\u00f5hnav lillhernes Royal Family on \u00fcheaastane ronitaim, k\u00f5rgus 2-2,5 m, dekoratiivsete \u00f5itega, \u00f5ie l\u00e4bim\u00f5\u00f5t 3-5cm, l\u00f5hnab.","robots":{"index":"index","follow":"follow","max-snippet":"max-snippet:-1","max-image-preview":"max-image-preview:large","max-video-preview":"max-video-preview:-1"},"canonical":"https:\/\/horticom.ee\/e-pood\/toode\/lohnav-lillhernes-royal-family-segu-korge-lathyrus-odoratus-l-b\/","og_locale":"ru_RU","og_type":"article","og_title":"L\u00f5hnav lillhernes Sweet Pea Royal Family","og_description":"L\u00f5hnav lillhernes Royal Family on \u00fcheaastane ronitaim, k\u00f5rgus 2-2,5 m, dekoratiivsete \u00f5itega, \u00f5ie l\u00e4bim\u00f5\u00f5t 3-5cm, l\u00f5hnab.","og_url":"https:\/\/horticom.ee\/e-pood\/toode\/lohnav-lillhernes-royal-family-segu-korge-lathyrus-odoratus-l-b\/","og_site_name":"Horticom.ee","article_publisher":"https:\/\/www.facebook.com\/horticom.ee\/e-pood","article_modified_time":"2026-04-24T00:07:52+00:00","og_image":[{"width":1000,"height":1765,"url":"https:\/\/horticom.ee\/e-pood\/wp-content\/uploads\/importedmedia\/product-153181_0-L4500.jpg","type":"image\/jpeg"}],"twitter_card":"summary_large_image","schema":{"@context":"https:\/\/schema.org","@graph":[{"@type":"WebPage","@id":"https:\/\/horticom.ee\/e-pood\/toode\/lohnav-lillhernes-royal-family-segu-korge-lathyrus-odoratus-l-b\/","url":"https:\/\/horticom.ee\/e-pood\/toode\/lohnav-lillhernes-royal-family-segu-korge-lathyrus-odoratus-l-b\/","name":"L\u00f5hnav lillhernes Sweet Pea Royal Family","isPartOf":{"@id":"https:\/\/horticom.ee\/e-pood\/#website"},"primaryImageOfPage":{"@id":"https:\/\/horticom.ee\/e-pood\/toode\/lohnav-lillhernes-royal-family-segu-korge-lathyrus-odoratus-l-b\/#primaryimage"},"image":{"@id":"https:\/\/horticom.ee\/e-pood\/toode\/lohnav-lillhernes-royal-family-segu-korge-lathyrus-odoratus-l-b\/#primaryimage"},"thumbnailUrl":"https:\/\/horticom.ee\/e-pood\/wp-content\/uploads\/importedmedia\/product-153181_0-L4500.jpg","datePublished":"2022-01-17T14:03:27+00:00","dateModified":"2026-04-24T00:07:52+00:00","description":"L\u00f5hnav lillhernes Royal Family on \u00fcheaastane ronitaim, k\u00f5rgus 2-2,5 m, dekoratiivsete \u00f5itega, \u00f5ie l\u00e4bim\u00f5\u00f5t 3-5cm, l\u00f5hnab.","breadcrumb":{"@id":"https:\/\/horticom.ee\/e-pood\/toode\/lohnav-lillhernes-royal-family-segu-korge-lathyrus-odoratus-l-b\/#breadcrumb"},"inLanguage":"ru-RU","potentialAction":[{"@type":"ReadAction","target":["https:\/\/horticom.ee\/e-pood\/toode\/lohnav-lillhernes-royal-family-segu-korge-lathyrus-odoratus-l-b\/"]}]},{"@type":"ImageObject","inLanguage":"ru-RU","@id":"https:\/\/horticom.ee\/e-pood\/toode\/lohnav-lillhernes-royal-family-segu-korge-lathyrus-odoratus-l-b\/#primaryimage","url":"https:\/\/horticom.ee\/e-pood\/wp-content\/uploads\/importedmedia\/product-153181_0-L4500.jpg","contentUrl":"https:\/\/horticom.ee\/e-pood\/wp-content\/uploads\/importedmedia\/product-153181_0-L4500.jpg","width":1000,"height":1765,"caption":"L\u00f5hnav lillhernes Sweet Pea Royal Family - Lathyrus odoratus L."},{"@type":"BreadcrumbList","@id":"https:\/\/horticom.ee\/e-pood\/toode\/lohnav-lillhernes-royal-family-segu-korge-lathyrus-odoratus-l-b\/#breadcrumb","itemListElement":[{"@type":"ListItem","position":1,"name":"Home","item":"https:\/\/horticom.ee\/e-pood\/"},{"@type":"ListItem","position":2,"name":"Pood","item":"https:\/\/horticom.ee\/e-pood\/pood\/"},{"@type":"ListItem","position":3,"name":"L\u00f5hnav lillhernes Sweet Pea Royal Family &#8211; Lathyrus odoratus L."}]},{"@type":"WebSite","@id":"https:\/\/horticom.ee\/e-pood\/#website","url":"https:\/\/horticom.ee\/e-pood\/","name":"Horticom.ee","description":"Aianduskaubad ja kodukaubad nii harrastajatele kui professionaalidele","potentialAction":[{"@type":"SearchAction","target":{"@type":"EntryPoint","urlTemplate":"https:\/\/horticom.ee\/e-pood\/?s={search_term_string}"},"query-input":{"@type":"PropertyValueSpecification","valueRequired":true,"valueName":"search_term_string"}}],"inLanguage":"ru-RU"}]}},"_links":{"self":[{"href":"https:\/\/horticom.ee\/e-pood\/ru\/wp-json\/wp\/v2\/product\/153181","targetHints":{"allow":["GET"]}}],"collection":[{"href":"https:\/\/horticom.ee\/e-pood\/ru\/wp-json\/wp\/v2\/product"}],"about":[{"href":"https:\/\/horticom.ee\/e-pood\/ru\/wp-json\/wp\/v2\/types\/product"}],"replies":[{"embeddable":true,"href":"https:\/\/horticom.ee\/e-pood\/ru\/wp-json\/wp\/v2\/comments?post=153181"}],"wp:featuredmedia":[{"embeddable":true,"href":"https:\/\/horticom.ee\/e-pood\/ru\/wp-json\/wp\/v2\/media\/172217"}],"wp:attachment":[{"href":"https:\/\/horticom.ee\/e-pood\/ru\/wp-json\/wp\/v2\/media?parent=153181"}],"wp:term":[{"taxonomy":"product_cat","embeddable":true,"href":"https:\/\/horticom.ee\/e-pood\/ru\/wp-json\/wp\/v2\/product_cat?post=153181"},{"taxonomy":"product_tag","embeddable":true,"href":"https:\/\/horticom.ee\/e-pood\/ru\/wp-json\/wp\/v2\/product_tag?post=153181"}],"curies":[{"name":"wp","href":"https:\/\/api.w.org\/{rel}","templated":true}]}}