{"id":153183,"date":"2022-01-17T16:03:29","date_gmt":"2022-01-17T14:03:29","guid":{"rendered":"https:\/\/aednik24.ee\/toode\/petuunia-karkulka-petunia-hybrida-grandiflora-e\/"},"modified":"2026-05-03T03:07:18","modified_gmt":"2026-05-03T00:07:18","slug":"petuunia-karkulka-petunia-hybrida-grandiflora-e","status":"publish","type":"product","link":"https:\/\/horticom.ee\/e-pood\/ru\/toode\/petuunia-karkulka-petunia-hybrida-grandiflora-e\/","title":{"rendered":"Petuunia Petunia Grandiflora Karkulka &#8211; Petunia hybrida grandiflora"},"content":{"rendered":"<p>Petuunia Karkulka on \u00fcheaastane taim, k\u00f5rgusega 25-35cm, kompaktse kasvuga, \u00f5ied suured 6-8cm l\u00e4bim\u00f5\u00f5duga, seeme drazeeritud, k\u00fclvi mullaga ei kaeta, kergelt vajutatakse mulda. Turvas peab kergelt niiske olema kogu idanemise v\u00e4ltel. \u00d5itsemise ajal on soovitav \u00e4ra\u00f5itsenud \u00f5ied \u00e4ra korjata ja v\u00e4etada, et \u00f5itseks rikkalikumalt, 8000tk\/g<\/p>\n","protected":false},"excerpt":{"rendered":"<p>Petuunia Karkulka on \u00fcheaastane taim, k\u00f5rgusega 25-35cm, kompaktse kasvuga, \u00f5ied suured 6-8cm l\u00e4bim\u00f5\u00f5duga, seeme drazeeritud, k\u00fclvi mullaga ei kaeta, kergelt vajutatakse mulda. Turvas peab kergelt niiske olema kogu idanemise v\u00e4ltel. \u00d5itsemise ajal on soovitav \u00e4ra\u00f5itsenud \u00f5ied \u00e4ra korjata ja v\u00e4etada, et \u00f5itseks rikkalikumalt, 8000tk\/g<\/p>\n","protected":false},"featured_media":172209,"comment_status":"closed","ping_status":"closed","template":"","meta":{"_themeisle_gutenberg_block_has_review":false},"product_cat":[13508],"product_tag":[],"class_list":{"0":"post-153183","1":"product","2":"type-product","3":"status-publish","4":"has-post-thumbnail","6":"product_cat-petuunia","8":"first","9":"instock","10":"shipping-taxable","11":"purchasable","12":"product-type-simple"},"yoast_head":"<!-- This site is optimized with the Yoast SEO plugin v24.0 - https:\/\/yoast.com\/wordpress\/plugins\/seo\/ -->\n<title>Petuunia Petunia Grandiflora Karkulka<\/title>\n<meta name=\"description\" content=\"Petuunia Karkulka \u2013 Kompaktse kasvuga petuunia suurte \u00f5itega, sobib amplitesse. \u00d5itsemist soodustab regulaarne kastmine ja v\u00e4etamine.\" \/>\n<meta name=\"robots\" content=\"index, follow, max-snippet:-1, max-image-preview:large, max-video-preview:-1\" \/>\n<link rel=\"canonical\" href=\"https:\/\/horticom.ee\/e-pood\/toode\/petuunia-karkulka-petunia-hybrida-grandiflora-e\/\" \/>\n<meta property=\"og:locale\" content=\"ru_RU\" \/>\n<meta property=\"og:type\" content=\"article\" \/>\n<meta property=\"og:title\" content=\"Petuunia Petunia Grandiflora Karkulka\" \/>\n<meta property=\"og:description\" content=\"Petuunia Karkulka \u2013 Kompaktse kasvuga petuunia suurte \u00f5itega, sobib amplitesse. \u00d5itsemist soodustab regulaarne kastmine ja v\u00e4etamine.\" \/>\n<meta property=\"og:url\" content=\"https:\/\/horticom.ee\/e-pood\/toode\/petuunia-karkulka-petunia-hybrida-grandiflora-e\/\" \/>\n<meta property=\"og:site_name\" content=\"Horticom.ee\" \/>\n<meta property=\"article:publisher\" content=\"https:\/\/www.facebook.com\/horticom.ee\/e-pood\" \/>\n<meta property=\"article:modified_time\" content=\"2026-05-03T00:07:18+00:00\" \/>\n<meta property=\"og:image\" content=\"https:\/\/horticom.ee\/e-pood\/wp-content\/uploads\/importedmedia\/product-153183_0-L4041.jpg\" \/>\n\t<meta property=\"og:image:width\" content=\"1000\" \/>\n\t<meta property=\"og:image:height\" content=\"1763\" \/>\n\t<meta property=\"og:image:type\" content=\"image\/jpeg\" \/>\n<meta name=\"twitter:card\" content=\"summary_large_image\" \/>\n<script type=\"application\/ld+json\" class=\"yoast-schema-graph\">{\"@context\":\"https:\/\/schema.org\",\"@graph\":[{\"@type\":\"WebPage\",\"@id\":\"https:\/\/horticom.ee\/e-pood\/toode\/petuunia-karkulka-petunia-hybrida-grandiflora-e\/\",\"url\":\"https:\/\/horticom.ee\/e-pood\/toode\/petuunia-karkulka-petunia-hybrida-grandiflora-e\/\",\"name\":\"Petuunia Petunia Grandiflora Karkulka\",\"isPartOf\":{\"@id\":\"https:\/\/horticom.ee\/e-pood\/#website\"},\"primaryImageOfPage\":{\"@id\":\"https:\/\/horticom.ee\/e-pood\/toode\/petuunia-karkulka-petunia-hybrida-grandiflora-e\/#primaryimage\"},\"image\":{\"@id\":\"https:\/\/horticom.ee\/e-pood\/toode\/petuunia-karkulka-petunia-hybrida-grandiflora-e\/#primaryimage\"},\"thumbnailUrl\":\"https:\/\/horticom.ee\/e-pood\/wp-content\/uploads\/importedmedia\/product-153183_0-L4041.jpg\",\"datePublished\":\"2022-01-17T14:03:29+00:00\",\"dateModified\":\"2026-05-03T00:07:18+00:00\",\"description\":\"Petuunia Karkulka \u2013 Kompaktse kasvuga petuunia suurte \u00f5itega, sobib amplitesse. \u00d5itsemist soodustab regulaarne kastmine ja v\u00e4etamine.\",\"breadcrumb\":{\"@id\":\"https:\/\/horticom.ee\/e-pood\/toode\/petuunia-karkulka-petunia-hybrida-grandiflora-e\/#breadcrumb\"},\"inLanguage\":\"ru-RU\",\"potentialAction\":[{\"@type\":\"ReadAction\",\"target\":[\"https:\/\/horticom.ee\/e-pood\/toode\/petuunia-karkulka-petunia-hybrida-grandiflora-e\/\"]}]},{\"@type\":\"ImageObject\",\"inLanguage\":\"ru-RU\",\"@id\":\"https:\/\/horticom.ee\/e-pood\/toode\/petuunia-karkulka-petunia-hybrida-grandiflora-e\/#primaryimage\",\"url\":\"https:\/\/horticom.ee\/e-pood\/wp-content\/uploads\/importedmedia\/product-153183_0-L4041.jpg\",\"contentUrl\":\"https:\/\/horticom.ee\/e-pood\/wp-content\/uploads\/importedmedia\/product-153183_0-L4041.jpg\",\"width\":1000,\"height\":1763,\"caption\":\"Petuunia Petunia Grandiflora Karkulka - Petunia hybrida grandiflora\"},{\"@type\":\"BreadcrumbList\",\"@id\":\"https:\/\/horticom.ee\/e-pood\/toode\/petuunia-karkulka-petunia-hybrida-grandiflora-e\/#breadcrumb\",\"itemListElement\":[{\"@type\":\"ListItem\",\"position\":1,\"name\":\"Home\",\"item\":\"https:\/\/horticom.ee\/e-pood\/\"},{\"@type\":\"ListItem\",\"position\":2,\"name\":\"Pood\",\"item\":\"https:\/\/horticom.ee\/e-pood\/pood\/\"},{\"@type\":\"ListItem\",\"position\":3,\"name\":\"Petuunia Petunia Grandiflora Karkulka &#8211; Petunia hybrida grandiflora\"}]},{\"@type\":\"WebSite\",\"@id\":\"https:\/\/horticom.ee\/e-pood\/#website\",\"url\":\"https:\/\/horticom.ee\/e-pood\/\",\"name\":\"Horticom.ee\",\"description\":\"Aianduskaubad ja kodukaubad nii harrastajatele kui professionaalidele\",\"potentialAction\":[{\"@type\":\"SearchAction\",\"target\":{\"@type\":\"EntryPoint\",\"urlTemplate\":\"https:\/\/horticom.ee\/e-pood\/?s={search_term_string}\"},\"query-input\":{\"@type\":\"PropertyValueSpecification\",\"valueRequired\":true,\"valueName\":\"search_term_string\"}}],\"inLanguage\":\"ru-RU\"}]}<\/script>\n<!-- \/ Yoast SEO plugin. -->","yoast_head_json":{"title":"Petuunia Petunia Grandiflora Karkulka","description":"Petuunia Karkulka \u2013 Kompaktse kasvuga petuunia suurte \u00f5itega, sobib amplitesse. \u00d5itsemist soodustab regulaarne kastmine ja v\u00e4etamine.","robots":{"index":"index","follow":"follow","max-snippet":"max-snippet:-1","max-image-preview":"max-image-preview:large","max-video-preview":"max-video-preview:-1"},"canonical":"https:\/\/horticom.ee\/e-pood\/toode\/petuunia-karkulka-petunia-hybrida-grandiflora-e\/","og_locale":"ru_RU","og_type":"article","og_title":"Petuunia Petunia Grandiflora Karkulka","og_description":"Petuunia Karkulka \u2013 Kompaktse kasvuga petuunia suurte \u00f5itega, sobib amplitesse. \u00d5itsemist soodustab regulaarne kastmine ja v\u00e4etamine.","og_url":"https:\/\/horticom.ee\/e-pood\/toode\/petuunia-karkulka-petunia-hybrida-grandiflora-e\/","og_site_name":"Horticom.ee","article_publisher":"https:\/\/www.facebook.com\/horticom.ee\/e-pood","article_modified_time":"2026-05-03T00:07:18+00:00","og_image":[{"width":1000,"height":1763,"url":"https:\/\/horticom.ee\/e-pood\/wp-content\/uploads\/importedmedia\/product-153183_0-L4041.jpg","type":"image\/jpeg"}],"twitter_card":"summary_large_image","schema":{"@context":"https:\/\/schema.org","@graph":[{"@type":"WebPage","@id":"https:\/\/horticom.ee\/e-pood\/toode\/petuunia-karkulka-petunia-hybrida-grandiflora-e\/","url":"https:\/\/horticom.ee\/e-pood\/toode\/petuunia-karkulka-petunia-hybrida-grandiflora-e\/","name":"Petuunia Petunia Grandiflora Karkulka","isPartOf":{"@id":"https:\/\/horticom.ee\/e-pood\/#website"},"primaryImageOfPage":{"@id":"https:\/\/horticom.ee\/e-pood\/toode\/petuunia-karkulka-petunia-hybrida-grandiflora-e\/#primaryimage"},"image":{"@id":"https:\/\/horticom.ee\/e-pood\/toode\/petuunia-karkulka-petunia-hybrida-grandiflora-e\/#primaryimage"},"thumbnailUrl":"https:\/\/horticom.ee\/e-pood\/wp-content\/uploads\/importedmedia\/product-153183_0-L4041.jpg","datePublished":"2022-01-17T14:03:29+00:00","dateModified":"2026-05-03T00:07:18+00:00","description":"Petuunia Karkulka \u2013 Kompaktse kasvuga petuunia suurte \u00f5itega, sobib amplitesse. \u00d5itsemist soodustab regulaarne kastmine ja v\u00e4etamine.","breadcrumb":{"@id":"https:\/\/horticom.ee\/e-pood\/toode\/petuunia-karkulka-petunia-hybrida-grandiflora-e\/#breadcrumb"},"inLanguage":"ru-RU","potentialAction":[{"@type":"ReadAction","target":["https:\/\/horticom.ee\/e-pood\/toode\/petuunia-karkulka-petunia-hybrida-grandiflora-e\/"]}]},{"@type":"ImageObject","inLanguage":"ru-RU","@id":"https:\/\/horticom.ee\/e-pood\/toode\/petuunia-karkulka-petunia-hybrida-grandiflora-e\/#primaryimage","url":"https:\/\/horticom.ee\/e-pood\/wp-content\/uploads\/importedmedia\/product-153183_0-L4041.jpg","contentUrl":"https:\/\/horticom.ee\/e-pood\/wp-content\/uploads\/importedmedia\/product-153183_0-L4041.jpg","width":1000,"height":1763,"caption":"Petuunia Petunia Grandiflora Karkulka - Petunia hybrida grandiflora"},{"@type":"BreadcrumbList","@id":"https:\/\/horticom.ee\/e-pood\/toode\/petuunia-karkulka-petunia-hybrida-grandiflora-e\/#breadcrumb","itemListElement":[{"@type":"ListItem","position":1,"name":"Home","item":"https:\/\/horticom.ee\/e-pood\/"},{"@type":"ListItem","position":2,"name":"Pood","item":"https:\/\/horticom.ee\/e-pood\/pood\/"},{"@type":"ListItem","position":3,"name":"Petuunia Petunia Grandiflora Karkulka &#8211; Petunia hybrida grandiflora"}]},{"@type":"WebSite","@id":"https:\/\/horticom.ee\/e-pood\/#website","url":"https:\/\/horticom.ee\/e-pood\/","name":"Horticom.ee","description":"Aianduskaubad ja kodukaubad nii harrastajatele kui professionaalidele","potentialAction":[{"@type":"SearchAction","target":{"@type":"EntryPoint","urlTemplate":"https:\/\/horticom.ee\/e-pood\/?s={search_term_string}"},"query-input":{"@type":"PropertyValueSpecification","valueRequired":true,"valueName":"search_term_string"}}],"inLanguage":"ru-RU"}]}},"_links":{"self":[{"href":"https:\/\/horticom.ee\/e-pood\/ru\/wp-json\/wp\/v2\/product\/153183","targetHints":{"allow":["GET"]}}],"collection":[{"href":"https:\/\/horticom.ee\/e-pood\/ru\/wp-json\/wp\/v2\/product"}],"about":[{"href":"https:\/\/horticom.ee\/e-pood\/ru\/wp-json\/wp\/v2\/types\/product"}],"replies":[{"embeddable":true,"href":"https:\/\/horticom.ee\/e-pood\/ru\/wp-json\/wp\/v2\/comments?post=153183"}],"wp:featuredmedia":[{"embeddable":true,"href":"https:\/\/horticom.ee\/e-pood\/ru\/wp-json\/wp\/v2\/media\/172209"}],"wp:attachment":[{"href":"https:\/\/horticom.ee\/e-pood\/ru\/wp-json\/wp\/v2\/media?parent=153183"}],"wp:term":[{"taxonomy":"product_cat","embeddable":true,"href":"https:\/\/horticom.ee\/e-pood\/ru\/wp-json\/wp\/v2\/product_cat?post=153183"},{"taxonomy":"product_tag","embeddable":true,"href":"https:\/\/horticom.ee\/e-pood\/ru\/wp-json\/wp\/v2\/product_tag?post=153183"}],"curies":[{"name":"wp","href":"https:\/\/api.w.org\/{rel}","templated":true}]}}