{"id":153196,"date":"2022-01-17T16:03:37","date_gmt":"2022-01-17T14:03:37","guid":{"rendered":"https:\/\/aednik24.ee\/toode\/petuunia-pirouette-h-purple-petunia-hybrida-grandiflora-g\/"},"modified":"2025-05-13T13:02:12","modified_gmt":"2025-05-13T10:02:12","slug":"petuunia-pirouette-h-purple-petunia-hybrida-grandiflora-g","status":"publish","type":"product","link":"https:\/\/horticom.ee\/e-pood\/ru\/toode\/petuunia-pirouette-h-purple-petunia-hybrida-grandiflora-g\/","title":{"rendered":"Petuunia Pirouette H Purple Petunia hybrida grandiflora G"},"content":{"rendered":"<p>Petuunia Pirouette H Purple on \u00fcheaastane, kompaktse kasvuga taim, k\u00f5rgusega 20-25 cm. T\u00e4idis\u00f5ieline, suured kahev\u00e4rvilised \u00f5ied, 9-11 cm l\u00e4bim\u00f5\u00f5duga. \u00d5itseb juunist septembrini. K\u00fclvatakse m\u00e4rtsis-aprillis. Seeme on dra\u017eeeritud ja k\u00fclvi mullaga ei kaeta. Seemned vajutatakse kergelt mulda. Turvas peab olema kergelt niiske kogu idanemise v\u00e4ltel. \u00d5itsemise ajal on soovitav \u00e4ra\u00f5itsenud \u00f5ied \u00e4ra korjata ja v\u00e4etada, et \u00f5itseks rikkalikumalt.<\/p>\n","protected":false},"excerpt":{"rendered":"<p>Petuunia Pirouette H Purple on \u00fcheaastane, kompaktse kasvuga taim, k\u00f5rgusega 20-25 cm. T\u00e4idis\u00f5ieline, suured kahev\u00e4rvilised \u00f5ied, 9-11 cm l\u00e4bim\u00f5\u00f5duga. \u00d5itseb juunist septembrini. K\u00fclvatakse m\u00e4rtsis-aprillis. Seeme on dra\u017eeeritud ja k\u00fclvi mullaga ei kaeta. Seemned vajutatakse kergelt mulda. Turvas peab olema kergelt niiske kogu idanemise v\u00e4ltel. \u00d5itsemise ajal on soovitav \u00e4ra\u00f5itsenud \u00f5ied \u00e4ra korjata ja v\u00e4etada, et [&hellip;]<\/p>\n","protected":false},"featured_media":171420,"comment_status":"closed","ping_status":"closed","template":"","meta":{"_themeisle_gutenberg_block_has_review":false},"product_cat":[13508],"product_tag":[],"class_list":{"0":"post-153196","1":"product","2":"type-product","3":"status-publish","4":"has-post-thumbnail","6":"product_cat-petuunia","8":"first","9":"outofstock","10":"sale","11":"shipping-taxable","12":"purchasable","13":"product-type-simple"},"yoast_head":"<!-- This site is optimized with the Yoast SEO plugin v24.0 - https:\/\/yoast.com\/wordpress\/plugins\/seo\/ -->\n<title>Petuunia Pirouette H Purple Petunia hybrida grandiflora G<\/title>\n<meta name=\"description\" content=\"Petuunia Pirouette H Purple on t\u00e4idis\u00f5ieline, kahev\u00e4rviliste suurte \u00f5itega kompaktne taim. \u00d5itseb juunist septembrini.\" \/>\n<meta name=\"robots\" content=\"index, follow, max-snippet:-1, max-image-preview:large, max-video-preview:-1\" \/>\n<link rel=\"canonical\" href=\"https:\/\/horticom.ee\/e-pood\/toode\/petuunia-pirouette-h-purple-petunia-hybrida-grandiflora-g\/\" \/>\n<meta property=\"og:locale\" content=\"ru_RU\" \/>\n<meta property=\"og:type\" content=\"article\" \/>\n<meta property=\"og:title\" content=\"Petuunia Pirouette H Purple Petunia hybrida grandiflora G\" \/>\n<meta property=\"og:description\" content=\"Petuunia Pirouette H Purple on t\u00e4idis\u00f5ieline, kahev\u00e4rviliste suurte \u00f5itega kompaktne taim. \u00d5itseb juunist septembrini.\" \/>\n<meta property=\"og:url\" content=\"https:\/\/horticom.ee\/e-pood\/toode\/petuunia-pirouette-h-purple-petunia-hybrida-grandiflora-g\/\" \/>\n<meta property=\"og:site_name\" content=\"Horticom.ee\" \/>\n<meta property=\"article:publisher\" content=\"https:\/\/www.facebook.com\/horticom.ee\/e-pood\" \/>\n<meta property=\"article:modified_time\" content=\"2025-05-13T10:02:12+00:00\" \/>\n<meta property=\"og:image\" content=\"https:\/\/horticom.ee\/e-pood\/wp-content\/uploads\/importedmedia\/product-153196_0-L4833.jpg\" \/>\n\t<meta property=\"og:image:width\" content=\"1000\" \/>\n\t<meta property=\"og:image:height\" content=\"1757\" \/>\n\t<meta property=\"og:image:type\" content=\"image\/jpeg\" \/>\n<meta name=\"twitter:card\" content=\"summary_large_image\" \/>\n<script type=\"application\/ld+json\" class=\"yoast-schema-graph\">{\"@context\":\"https:\/\/schema.org\",\"@graph\":[{\"@type\":\"WebPage\",\"@id\":\"https:\/\/horticom.ee\/e-pood\/toode\/petuunia-pirouette-h-purple-petunia-hybrida-grandiflora-g\/\",\"url\":\"https:\/\/horticom.ee\/e-pood\/toode\/petuunia-pirouette-h-purple-petunia-hybrida-grandiflora-g\/\",\"name\":\"Petuunia Pirouette H Purple Petunia hybrida grandiflora G\",\"isPartOf\":{\"@id\":\"https:\/\/horticom.ee\/e-pood\/#website\"},\"primaryImageOfPage\":{\"@id\":\"https:\/\/horticom.ee\/e-pood\/toode\/petuunia-pirouette-h-purple-petunia-hybrida-grandiflora-g\/#primaryimage\"},\"image\":{\"@id\":\"https:\/\/horticom.ee\/e-pood\/toode\/petuunia-pirouette-h-purple-petunia-hybrida-grandiflora-g\/#primaryimage\"},\"thumbnailUrl\":\"https:\/\/horticom.ee\/e-pood\/wp-content\/uploads\/importedmedia\/product-153196_0-L4833.jpg\",\"datePublished\":\"2022-01-17T14:03:37+00:00\",\"dateModified\":\"2025-05-13T10:02:12+00:00\",\"description\":\"Petuunia Pirouette H Purple on t\u00e4idis\u00f5ieline, kahev\u00e4rviliste suurte \u00f5itega kompaktne taim. \u00d5itseb juunist septembrini.\",\"breadcrumb\":{\"@id\":\"https:\/\/horticom.ee\/e-pood\/toode\/petuunia-pirouette-h-purple-petunia-hybrida-grandiflora-g\/#breadcrumb\"},\"inLanguage\":\"ru-RU\",\"potentialAction\":[{\"@type\":\"ReadAction\",\"target\":[\"https:\/\/horticom.ee\/e-pood\/toode\/petuunia-pirouette-h-purple-petunia-hybrida-grandiflora-g\/\"]}]},{\"@type\":\"ImageObject\",\"inLanguage\":\"ru-RU\",\"@id\":\"https:\/\/horticom.ee\/e-pood\/toode\/petuunia-pirouette-h-purple-petunia-hybrida-grandiflora-g\/#primaryimage\",\"url\":\"https:\/\/horticom.ee\/e-pood\/wp-content\/uploads\/importedmedia\/product-153196_0-L4833.jpg\",\"contentUrl\":\"https:\/\/horticom.ee\/e-pood\/wp-content\/uploads\/importedmedia\/product-153196_0-L4833.jpg\",\"width\":1000,\"height\":1757,\"caption\":\"Petuunia Pirouette H Purple Petunia hybrida grandiflora G\"},{\"@type\":\"BreadcrumbList\",\"@id\":\"https:\/\/horticom.ee\/e-pood\/toode\/petuunia-pirouette-h-purple-petunia-hybrida-grandiflora-g\/#breadcrumb\",\"itemListElement\":[{\"@type\":\"ListItem\",\"position\":1,\"name\":\"Home\",\"item\":\"https:\/\/horticom.ee\/e-pood\/\"},{\"@type\":\"ListItem\",\"position\":2,\"name\":\"Pood\",\"item\":\"https:\/\/horticom.ee\/e-pood\/pood\/\"},{\"@type\":\"ListItem\",\"position\":3,\"name\":\"Petuunia Pirouette H Purple Petunia hybrida grandiflora G\"}]},{\"@type\":\"WebSite\",\"@id\":\"https:\/\/horticom.ee\/e-pood\/#website\",\"url\":\"https:\/\/horticom.ee\/e-pood\/\",\"name\":\"Horticom.ee\",\"description\":\"Aianduskaubad ja kodukaubad nii harrastajatele kui professionaalidele\",\"potentialAction\":[{\"@type\":\"SearchAction\",\"target\":{\"@type\":\"EntryPoint\",\"urlTemplate\":\"https:\/\/horticom.ee\/e-pood\/?s={search_term_string}\"},\"query-input\":{\"@type\":\"PropertyValueSpecification\",\"valueRequired\":true,\"valueName\":\"search_term_string\"}}],\"inLanguage\":\"ru-RU\"}]}<\/script>\n<!-- \/ Yoast SEO plugin. -->","yoast_head_json":{"title":"Petuunia Pirouette H Purple Petunia hybrida grandiflora G","description":"Petuunia Pirouette H Purple on t\u00e4idis\u00f5ieline, kahev\u00e4rviliste suurte \u00f5itega kompaktne taim. \u00d5itseb juunist septembrini.","robots":{"index":"index","follow":"follow","max-snippet":"max-snippet:-1","max-image-preview":"max-image-preview:large","max-video-preview":"max-video-preview:-1"},"canonical":"https:\/\/horticom.ee\/e-pood\/toode\/petuunia-pirouette-h-purple-petunia-hybrida-grandiflora-g\/","og_locale":"ru_RU","og_type":"article","og_title":"Petuunia Pirouette H Purple Petunia hybrida grandiflora G","og_description":"Petuunia Pirouette H Purple on t\u00e4idis\u00f5ieline, kahev\u00e4rviliste suurte \u00f5itega kompaktne taim. \u00d5itseb juunist septembrini.","og_url":"https:\/\/horticom.ee\/e-pood\/toode\/petuunia-pirouette-h-purple-petunia-hybrida-grandiflora-g\/","og_site_name":"Horticom.ee","article_publisher":"https:\/\/www.facebook.com\/horticom.ee\/e-pood","article_modified_time":"2025-05-13T10:02:12+00:00","og_image":[{"width":1000,"height":1757,"url":"https:\/\/horticom.ee\/e-pood\/wp-content\/uploads\/importedmedia\/product-153196_0-L4833.jpg","type":"image\/jpeg"}],"twitter_card":"summary_large_image","schema":{"@context":"https:\/\/schema.org","@graph":[{"@type":"WebPage","@id":"https:\/\/horticom.ee\/e-pood\/toode\/petuunia-pirouette-h-purple-petunia-hybrida-grandiflora-g\/","url":"https:\/\/horticom.ee\/e-pood\/toode\/petuunia-pirouette-h-purple-petunia-hybrida-grandiflora-g\/","name":"Petuunia Pirouette H Purple Petunia hybrida grandiflora G","isPartOf":{"@id":"https:\/\/horticom.ee\/e-pood\/#website"},"primaryImageOfPage":{"@id":"https:\/\/horticom.ee\/e-pood\/toode\/petuunia-pirouette-h-purple-petunia-hybrida-grandiflora-g\/#primaryimage"},"image":{"@id":"https:\/\/horticom.ee\/e-pood\/toode\/petuunia-pirouette-h-purple-petunia-hybrida-grandiflora-g\/#primaryimage"},"thumbnailUrl":"https:\/\/horticom.ee\/e-pood\/wp-content\/uploads\/importedmedia\/product-153196_0-L4833.jpg","datePublished":"2022-01-17T14:03:37+00:00","dateModified":"2025-05-13T10:02:12+00:00","description":"Petuunia Pirouette H Purple on t\u00e4idis\u00f5ieline, kahev\u00e4rviliste suurte \u00f5itega kompaktne taim. \u00d5itseb juunist septembrini.","breadcrumb":{"@id":"https:\/\/horticom.ee\/e-pood\/toode\/petuunia-pirouette-h-purple-petunia-hybrida-grandiflora-g\/#breadcrumb"},"inLanguage":"ru-RU","potentialAction":[{"@type":"ReadAction","target":["https:\/\/horticom.ee\/e-pood\/toode\/petuunia-pirouette-h-purple-petunia-hybrida-grandiflora-g\/"]}]},{"@type":"ImageObject","inLanguage":"ru-RU","@id":"https:\/\/horticom.ee\/e-pood\/toode\/petuunia-pirouette-h-purple-petunia-hybrida-grandiflora-g\/#primaryimage","url":"https:\/\/horticom.ee\/e-pood\/wp-content\/uploads\/importedmedia\/product-153196_0-L4833.jpg","contentUrl":"https:\/\/horticom.ee\/e-pood\/wp-content\/uploads\/importedmedia\/product-153196_0-L4833.jpg","width":1000,"height":1757,"caption":"Petuunia Pirouette H Purple Petunia hybrida grandiflora G"},{"@type":"BreadcrumbList","@id":"https:\/\/horticom.ee\/e-pood\/toode\/petuunia-pirouette-h-purple-petunia-hybrida-grandiflora-g\/#breadcrumb","itemListElement":[{"@type":"ListItem","position":1,"name":"Home","item":"https:\/\/horticom.ee\/e-pood\/"},{"@type":"ListItem","position":2,"name":"Pood","item":"https:\/\/horticom.ee\/e-pood\/pood\/"},{"@type":"ListItem","position":3,"name":"Petuunia Pirouette H Purple Petunia hybrida grandiflora G"}]},{"@type":"WebSite","@id":"https:\/\/horticom.ee\/e-pood\/#website","url":"https:\/\/horticom.ee\/e-pood\/","name":"Horticom.ee","description":"Aianduskaubad ja kodukaubad nii harrastajatele kui professionaalidele","potentialAction":[{"@type":"SearchAction","target":{"@type":"EntryPoint","urlTemplate":"https:\/\/horticom.ee\/e-pood\/?s={search_term_string}"},"query-input":{"@type":"PropertyValueSpecification","valueRequired":true,"valueName":"search_term_string"}}],"inLanguage":"ru-RU"}]}},"_links":{"self":[{"href":"https:\/\/horticom.ee\/e-pood\/ru\/wp-json\/wp\/v2\/product\/153196","targetHints":{"allow":["GET"]}}],"collection":[{"href":"https:\/\/horticom.ee\/e-pood\/ru\/wp-json\/wp\/v2\/product"}],"about":[{"href":"https:\/\/horticom.ee\/e-pood\/ru\/wp-json\/wp\/v2\/types\/product"}],"replies":[{"embeddable":true,"href":"https:\/\/horticom.ee\/e-pood\/ru\/wp-json\/wp\/v2\/comments?post=153196"}],"wp:featuredmedia":[{"embeddable":true,"href":"https:\/\/horticom.ee\/e-pood\/ru\/wp-json\/wp\/v2\/media\/171420"}],"wp:attachment":[{"href":"https:\/\/horticom.ee\/e-pood\/ru\/wp-json\/wp\/v2\/media?parent=153196"}],"wp:term":[{"taxonomy":"product_cat","embeddable":true,"href":"https:\/\/horticom.ee\/e-pood\/ru\/wp-json\/wp\/v2\/product_cat?post=153196"},{"taxonomy":"product_tag","embeddable":true,"href":"https:\/\/horticom.ee\/e-pood\/ru\/wp-json\/wp\/v2\/product_tag?post=153196"}],"curies":[{"name":"wp","href":"https:\/\/api.w.org\/{rel}","templated":true}]}}