{"id":153219,"date":"2022-01-17T16:03:53","date_gmt":"2022-01-17T14:03:53","guid":{"rendered":"https:\/\/aednik24.ee\/toode\/paevalill-soodavad-seemned\/"},"modified":"2026-05-08T03:06:01","modified_gmt":"2026-05-08T00:06:01","slug":"paevalill-soodavad-seemned","status":"publish","type":"product","link":"https:\/\/horticom.ee\/e-pood\/ru\/toode\/paevalill-soodavad-seemned\/","title":{"rendered":"P\u00e4evalill s\u00f6\u00f6davad seemned"},"content":{"rendered":"<p>P\u00e4evalill sobib kasvatamiseks dekoratiivsete \u00f5ite ja s\u00f6\u00f6davate seemnete t\u00f5ttu. K\u00fclvata avamaale 2-3 seemne kaupa 40 cm vahemaadega punktidesse. Kui taimed t\u00f5usevad, harvendada, j\u00e4ttes kasvama \u00fche, k\u00f5ige tugevama taime. N\u00f5uab rikkalikku v\u00e4etamist. Varred ei harune, taimel on \u00fcksikud suured \u00f5isikud, suurte ja k\u00fcllalt h\u00e4sti t\u00e4idetud seemnetega. Dekoratiivtaim s\u00f6\u00f6davate seemnetega, mida kasutatakse v\u00e4rskelt s\u00f6\u00f6giks v\u00f5i lisana leiva k\u00fcpsetamisel.<\/p>\n","protected":false},"excerpt":{"rendered":"<p>P\u00e4evalill sobib kasvatamiseks dekoratiivsete \u00f5ite ja s\u00f6\u00f6davate seemnete t\u00f5ttu. K\u00fclvata avamaale 2-3 seemne kaupa 40 cm vahemaadega punktidesse. Kui taimed t\u00f5usevad, harvendada, j\u00e4ttes kasvama \u00fche, k\u00f5ige tugevama taime. N\u00f5uab rikkalikku v\u00e4etamist. Varred ei harune, taimel on \u00fcksikud suured \u00f5isikud, suurte ja k\u00fcllalt h\u00e4sti t\u00e4idetud seemnetega. Dekoratiivtaim s\u00f6\u00f6davate seemnetega, mida kasutatakse v\u00e4rskelt s\u00f6\u00f6giks v\u00f5i lisana leiva [&hellip;]<\/p>\n","protected":false},"featured_media":171372,"comment_status":"closed","ping_status":"closed","template":"","meta":{"_themeisle_gutenberg_block_has_review":false},"product_cat":[13507],"product_tag":[],"class_list":{"0":"post-153219","1":"product","2":"type-product","3":"status-publish","4":"has-post-thumbnail","6":"product_cat-paevalill","8":"first","9":"outofstock","10":"shipping-taxable","11":"purchasable","12":"product-type-simple"},"yoast_head":"<!-- This site is optimized with the Yoast SEO plugin v24.0 - https:\/\/yoast.com\/wordpress\/plugins\/seo\/ -->\n<title>P\u00e4evalill s\u00f6\u00f6davad seemned - Horticom.ee\/e-pood<\/title>\n<meta name=\"description\" content=\"P\u00e4evalill on dekoratiivtaim ja s\u00f6\u00f6davate seemnetega. Sobib kasvatamiseks avamaal, vajab rikkalikku v\u00e4etamist ja harvendamist.\" \/>\n<meta name=\"robots\" content=\"index, follow, max-snippet:-1, max-image-preview:large, max-video-preview:-1\" \/>\n<link rel=\"canonical\" href=\"https:\/\/horticom.ee\/e-pood\/toode\/paevalill-soodavad-seemned\/\" \/>\n<meta property=\"og:locale\" content=\"ru_RU\" \/>\n<meta property=\"og:type\" content=\"article\" \/>\n<meta property=\"og:title\" content=\"P\u00e4evalill s\u00f6\u00f6davad seemned - Horticom.ee\/e-pood\" \/>\n<meta property=\"og:description\" content=\"P\u00e4evalill on dekoratiivtaim ja s\u00f6\u00f6davate seemnetega. Sobib kasvatamiseks avamaal, vajab rikkalikku v\u00e4etamist ja harvendamist.\" \/>\n<meta property=\"og:url\" content=\"https:\/\/horticom.ee\/e-pood\/toode\/paevalill-soodavad-seemned\/\" \/>\n<meta property=\"og:site_name\" content=\"Horticom.ee\" \/>\n<meta property=\"article:publisher\" content=\"https:\/\/www.facebook.com\/horticom.ee\/e-pood\" \/>\n<meta property=\"article:modified_time\" content=\"2026-05-08T00:06:01+00:00\" \/>\n<meta property=\"og:image\" content=\"https:\/\/horticom.ee\/e-pood\/wp-content\/uploads\/importedmedia\/product-153219_0-VC888.jpg\" \/>\n\t<meta property=\"og:image:width\" content=\"1000\" \/>\n\t<meta property=\"og:image:height\" content=\"1375\" \/>\n\t<meta property=\"og:image:type\" content=\"image\/jpeg\" \/>\n<meta name=\"twitter:card\" content=\"summary_large_image\" \/>\n<script type=\"application\/ld+json\" class=\"yoast-schema-graph\">{\"@context\":\"https:\/\/schema.org\",\"@graph\":[{\"@type\":\"WebPage\",\"@id\":\"https:\/\/horticom.ee\/e-pood\/toode\/paevalill-soodavad-seemned\/\",\"url\":\"https:\/\/horticom.ee\/e-pood\/toode\/paevalill-soodavad-seemned\/\",\"name\":\"P\u00e4evalill s\u00f6\u00f6davad seemned - Horticom.ee\/e-pood\",\"isPartOf\":{\"@id\":\"https:\/\/horticom.ee\/e-pood\/#website\"},\"primaryImageOfPage\":{\"@id\":\"https:\/\/horticom.ee\/e-pood\/toode\/paevalill-soodavad-seemned\/#primaryimage\"},\"image\":{\"@id\":\"https:\/\/horticom.ee\/e-pood\/toode\/paevalill-soodavad-seemned\/#primaryimage\"},\"thumbnailUrl\":\"https:\/\/horticom.ee\/e-pood\/wp-content\/uploads\/importedmedia\/product-153219_0-VC888.jpg\",\"datePublished\":\"2022-01-17T14:03:53+00:00\",\"dateModified\":\"2026-05-08T00:06:01+00:00\",\"description\":\"P\u00e4evalill on dekoratiivtaim ja s\u00f6\u00f6davate seemnetega. Sobib kasvatamiseks avamaal, vajab rikkalikku v\u00e4etamist ja harvendamist.\",\"breadcrumb\":{\"@id\":\"https:\/\/horticom.ee\/e-pood\/toode\/paevalill-soodavad-seemned\/#breadcrumb\"},\"inLanguage\":\"ru-RU\",\"potentialAction\":[{\"@type\":\"ReadAction\",\"target\":[\"https:\/\/horticom.ee\/e-pood\/toode\/paevalill-soodavad-seemned\/\"]}]},{\"@type\":\"ImageObject\",\"inLanguage\":\"ru-RU\",\"@id\":\"https:\/\/horticom.ee\/e-pood\/toode\/paevalill-soodavad-seemned\/#primaryimage\",\"url\":\"https:\/\/horticom.ee\/e-pood\/wp-content\/uploads\/importedmedia\/product-153219_0-VC888.jpg\",\"contentUrl\":\"https:\/\/horticom.ee\/e-pood\/wp-content\/uploads\/importedmedia\/product-153219_0-VC888.jpg\",\"width\":1000,\"height\":1375,\"caption\":\"P\u00e4evalill s\u00f6\u00f6davad seemned\"},{\"@type\":\"BreadcrumbList\",\"@id\":\"https:\/\/horticom.ee\/e-pood\/toode\/paevalill-soodavad-seemned\/#breadcrumb\",\"itemListElement\":[{\"@type\":\"ListItem\",\"position\":1,\"name\":\"Home\",\"item\":\"https:\/\/horticom.ee\/e-pood\/\"},{\"@type\":\"ListItem\",\"position\":2,\"name\":\"Pood\",\"item\":\"https:\/\/horticom.ee\/e-pood\/pood\/\"},{\"@type\":\"ListItem\",\"position\":3,\"name\":\"P\u00e4evalill s\u00f6\u00f6davad seemned\"}]},{\"@type\":\"WebSite\",\"@id\":\"https:\/\/horticom.ee\/e-pood\/#website\",\"url\":\"https:\/\/horticom.ee\/e-pood\/\",\"name\":\"Horticom.ee\",\"description\":\"Aianduskaubad ja kodukaubad nii harrastajatele kui professionaalidele\",\"potentialAction\":[{\"@type\":\"SearchAction\",\"target\":{\"@type\":\"EntryPoint\",\"urlTemplate\":\"https:\/\/horticom.ee\/e-pood\/?s={search_term_string}\"},\"query-input\":{\"@type\":\"PropertyValueSpecification\",\"valueRequired\":true,\"valueName\":\"search_term_string\"}}],\"inLanguage\":\"ru-RU\"}]}<\/script>\n<!-- \/ Yoast SEO plugin. -->","yoast_head_json":{"title":"P\u00e4evalill s\u00f6\u00f6davad seemned - Horticom.ee\/e-pood","description":"P\u00e4evalill on dekoratiivtaim ja s\u00f6\u00f6davate seemnetega. Sobib kasvatamiseks avamaal, vajab rikkalikku v\u00e4etamist ja harvendamist.","robots":{"index":"index","follow":"follow","max-snippet":"max-snippet:-1","max-image-preview":"max-image-preview:large","max-video-preview":"max-video-preview:-1"},"canonical":"https:\/\/horticom.ee\/e-pood\/toode\/paevalill-soodavad-seemned\/","og_locale":"ru_RU","og_type":"article","og_title":"P\u00e4evalill s\u00f6\u00f6davad seemned - Horticom.ee\/e-pood","og_description":"P\u00e4evalill on dekoratiivtaim ja s\u00f6\u00f6davate seemnetega. Sobib kasvatamiseks avamaal, vajab rikkalikku v\u00e4etamist ja harvendamist.","og_url":"https:\/\/horticom.ee\/e-pood\/toode\/paevalill-soodavad-seemned\/","og_site_name":"Horticom.ee","article_publisher":"https:\/\/www.facebook.com\/horticom.ee\/e-pood","article_modified_time":"2026-05-08T00:06:01+00:00","og_image":[{"width":1000,"height":1375,"url":"https:\/\/horticom.ee\/e-pood\/wp-content\/uploads\/importedmedia\/product-153219_0-VC888.jpg","type":"image\/jpeg"}],"twitter_card":"summary_large_image","schema":{"@context":"https:\/\/schema.org","@graph":[{"@type":"WebPage","@id":"https:\/\/horticom.ee\/e-pood\/toode\/paevalill-soodavad-seemned\/","url":"https:\/\/horticom.ee\/e-pood\/toode\/paevalill-soodavad-seemned\/","name":"P\u00e4evalill s\u00f6\u00f6davad seemned - Horticom.ee\/e-pood","isPartOf":{"@id":"https:\/\/horticom.ee\/e-pood\/#website"},"primaryImageOfPage":{"@id":"https:\/\/horticom.ee\/e-pood\/toode\/paevalill-soodavad-seemned\/#primaryimage"},"image":{"@id":"https:\/\/horticom.ee\/e-pood\/toode\/paevalill-soodavad-seemned\/#primaryimage"},"thumbnailUrl":"https:\/\/horticom.ee\/e-pood\/wp-content\/uploads\/importedmedia\/product-153219_0-VC888.jpg","datePublished":"2022-01-17T14:03:53+00:00","dateModified":"2026-05-08T00:06:01+00:00","description":"P\u00e4evalill on dekoratiivtaim ja s\u00f6\u00f6davate seemnetega. Sobib kasvatamiseks avamaal, vajab rikkalikku v\u00e4etamist ja harvendamist.","breadcrumb":{"@id":"https:\/\/horticom.ee\/e-pood\/toode\/paevalill-soodavad-seemned\/#breadcrumb"},"inLanguage":"ru-RU","potentialAction":[{"@type":"ReadAction","target":["https:\/\/horticom.ee\/e-pood\/toode\/paevalill-soodavad-seemned\/"]}]},{"@type":"ImageObject","inLanguage":"ru-RU","@id":"https:\/\/horticom.ee\/e-pood\/toode\/paevalill-soodavad-seemned\/#primaryimage","url":"https:\/\/horticom.ee\/e-pood\/wp-content\/uploads\/importedmedia\/product-153219_0-VC888.jpg","contentUrl":"https:\/\/horticom.ee\/e-pood\/wp-content\/uploads\/importedmedia\/product-153219_0-VC888.jpg","width":1000,"height":1375,"caption":"P\u00e4evalill s\u00f6\u00f6davad seemned"},{"@type":"BreadcrumbList","@id":"https:\/\/horticom.ee\/e-pood\/toode\/paevalill-soodavad-seemned\/#breadcrumb","itemListElement":[{"@type":"ListItem","position":1,"name":"Home","item":"https:\/\/horticom.ee\/e-pood\/"},{"@type":"ListItem","position":2,"name":"Pood","item":"https:\/\/horticom.ee\/e-pood\/pood\/"},{"@type":"ListItem","position":3,"name":"P\u00e4evalill s\u00f6\u00f6davad seemned"}]},{"@type":"WebSite","@id":"https:\/\/horticom.ee\/e-pood\/#website","url":"https:\/\/horticom.ee\/e-pood\/","name":"Horticom.ee","description":"Aianduskaubad ja kodukaubad nii harrastajatele kui professionaalidele","potentialAction":[{"@type":"SearchAction","target":{"@type":"EntryPoint","urlTemplate":"https:\/\/horticom.ee\/e-pood\/?s={search_term_string}"},"query-input":{"@type":"PropertyValueSpecification","valueRequired":true,"valueName":"search_term_string"}}],"inLanguage":"ru-RU"}]}},"_links":{"self":[{"href":"https:\/\/horticom.ee\/e-pood\/ru\/wp-json\/wp\/v2\/product\/153219","targetHints":{"allow":["GET"]}}],"collection":[{"href":"https:\/\/horticom.ee\/e-pood\/ru\/wp-json\/wp\/v2\/product"}],"about":[{"href":"https:\/\/horticom.ee\/e-pood\/ru\/wp-json\/wp\/v2\/types\/product"}],"replies":[{"embeddable":true,"href":"https:\/\/horticom.ee\/e-pood\/ru\/wp-json\/wp\/v2\/comments?post=153219"}],"wp:featuredmedia":[{"embeddable":true,"href":"https:\/\/horticom.ee\/e-pood\/ru\/wp-json\/wp\/v2\/media\/171372"}],"wp:attachment":[{"href":"https:\/\/horticom.ee\/e-pood\/ru\/wp-json\/wp\/v2\/media?parent=153219"}],"wp:term":[{"taxonomy":"product_cat","embeddable":true,"href":"https:\/\/horticom.ee\/e-pood\/ru\/wp-json\/wp\/v2\/product_cat?post=153219"},{"taxonomy":"product_tag","embeddable":true,"href":"https:\/\/horticom.ee\/e-pood\/ru\/wp-json\/wp\/v2\/product_tag?post=153219"}],"curies":[{"name":"wp","href":"https:\/\/api.w.org\/{rel}","templated":true}]}}