{"id":153224,"date":"2022-01-17T16:03:56","date_gmt":"2022-01-17T14:03:56","guid":{"rendered":"https:\/\/aednik24.ee\/toode\/tomat-orkado-h-solanum-lycopersicum-l-e\/"},"modified":"2026-05-03T03:07:23","modified_gmt":"2026-05-03T00:07:23","slug":"tomat-orkado-h-solanum-lycopersicum-l-e","status":"publish","type":"product","link":"https:\/\/horticom.ee\/e-pood\/ru\/toode\/tomat-orkado-h-solanum-lycopersicum-l-e\/","title":{"rendered":"Tomat Orkado H &#8211; Solanum lycopersicum L."},"content":{"rendered":"<p>Tomat Orkado H on varajane, k\u00f5rgekasvuline h\u00fcbriidsort. Viljad punased, kaal 130-145g. Kasvukohaks kilekasvuhoone. K\u00fclvata m\u00e4rtsi algul, temperatuur idanemiseks +20\u201325C. Pikeerida p\u00e4rast esimese p\u00e4rislehe ilmumist.<\/p>\n","protected":false},"excerpt":{"rendered":"<p>Tomat Orkado H on varajane, k\u00f5rgekasvuline h\u00fcbriidsort. Viljad punased, kaal 130-145g. Kasvukohaks kilekasvuhoone. K\u00fclvata m\u00e4rtsi algul, temperatuur idanemiseks +20\u201325C. Pikeerida p\u00e4rast esimese p\u00e4rislehe ilmumist.<\/p>\n","protected":false},"featured_media":171364,"comment_status":"closed","ping_status":"closed","template":"","meta":{"_themeisle_gutenberg_block_has_review":false},"product_cat":[13481],"product_tag":[],"class_list":{"0":"post-153224","1":"product","2":"type-product","3":"status-publish","4":"has-post-thumbnail","6":"product_cat-tomat","8":"first","9":"instock","10":"shipping-taxable","11":"purchasable","12":"product-type-simple"},"yoast_head":"<!-- This site is optimized with the Yoast SEO plugin v24.0 - https:\/\/yoast.com\/wordpress\/plugins\/seo\/ -->\n<title>Tomat Orkado H - Solanum lycopersicum L. - Horticom.ee<\/title>\n<meta name=\"description\" content=\"Tomat Orkado H on varajane h\u00fcbriid, k\u00f5rgekasvuline, punased viljad kaaluvad 130-145g. Sobib kasvatada kilekasvuhoones.\" \/>\n<meta name=\"robots\" content=\"index, follow, max-snippet:-1, max-image-preview:large, max-video-preview:-1\" \/>\n<link rel=\"canonical\" href=\"https:\/\/horticom.ee\/e-pood\/toode\/tomat-orkado-h-solanum-lycopersicum-l-e\/\" \/>\n<meta property=\"og:locale\" content=\"ru_RU\" \/>\n<meta property=\"og:type\" content=\"article\" \/>\n<meta property=\"og:title\" content=\"Tomat Orkado H - Solanum lycopersicum L. - Horticom.ee\" \/>\n<meta property=\"og:description\" content=\"Tomat Orkado H on varajane h\u00fcbriid, k\u00f5rgekasvuline, punased viljad kaaluvad 130-145g. Sobib kasvatada kilekasvuhoones.\" \/>\n<meta property=\"og:url\" content=\"https:\/\/horticom.ee\/e-pood\/toode\/tomat-orkado-h-solanum-lycopersicum-l-e\/\" \/>\n<meta property=\"og:site_name\" content=\"Horticom.ee\" \/>\n<meta property=\"article:publisher\" content=\"https:\/\/www.facebook.com\/horticom.ee\/e-pood\" \/>\n<meta property=\"article:modified_time\" content=\"2026-05-03T00:07:23+00:00\" \/>\n<meta property=\"og:image\" content=\"https:\/\/horticom.ee\/e-pood\/wp-content\/uploads\/importedmedia\/product-153224_0-L3085.jpg\" \/>\n\t<meta property=\"og:image:width\" content=\"1000\" \/>\n\t<meta property=\"og:image:height\" content=\"1743\" \/>\n\t<meta property=\"og:image:type\" content=\"image\/jpeg\" \/>\n<meta name=\"twitter:card\" content=\"summary_large_image\" \/>\n<script type=\"application\/ld+json\" class=\"yoast-schema-graph\">{\"@context\":\"https:\/\/schema.org\",\"@graph\":[{\"@type\":\"WebPage\",\"@id\":\"https:\/\/horticom.ee\/e-pood\/toode\/tomat-orkado-h-solanum-lycopersicum-l-e\/\",\"url\":\"https:\/\/horticom.ee\/e-pood\/toode\/tomat-orkado-h-solanum-lycopersicum-l-e\/\",\"name\":\"Tomat Orkado H - Solanum lycopersicum L. - Horticom.ee\",\"isPartOf\":{\"@id\":\"https:\/\/horticom.ee\/e-pood\/#website\"},\"primaryImageOfPage\":{\"@id\":\"https:\/\/horticom.ee\/e-pood\/toode\/tomat-orkado-h-solanum-lycopersicum-l-e\/#primaryimage\"},\"image\":{\"@id\":\"https:\/\/horticom.ee\/e-pood\/toode\/tomat-orkado-h-solanum-lycopersicum-l-e\/#primaryimage\"},\"thumbnailUrl\":\"https:\/\/horticom.ee\/e-pood\/wp-content\/uploads\/importedmedia\/product-153224_0-L3085.jpg\",\"datePublished\":\"2022-01-17T14:03:56+00:00\",\"dateModified\":\"2026-05-03T00:07:23+00:00\",\"description\":\"Tomat Orkado H on varajane h\u00fcbriid, k\u00f5rgekasvuline, punased viljad kaaluvad 130-145g. Sobib kasvatada kilekasvuhoones.\",\"breadcrumb\":{\"@id\":\"https:\/\/horticom.ee\/e-pood\/toode\/tomat-orkado-h-solanum-lycopersicum-l-e\/#breadcrumb\"},\"inLanguage\":\"ru-RU\",\"potentialAction\":[{\"@type\":\"ReadAction\",\"target\":[\"https:\/\/horticom.ee\/e-pood\/toode\/tomat-orkado-h-solanum-lycopersicum-l-e\/\"]}]},{\"@type\":\"ImageObject\",\"inLanguage\":\"ru-RU\",\"@id\":\"https:\/\/horticom.ee\/e-pood\/toode\/tomat-orkado-h-solanum-lycopersicum-l-e\/#primaryimage\",\"url\":\"https:\/\/horticom.ee\/e-pood\/wp-content\/uploads\/importedmedia\/product-153224_0-L3085.jpg\",\"contentUrl\":\"https:\/\/horticom.ee\/e-pood\/wp-content\/uploads\/importedmedia\/product-153224_0-L3085.jpg\",\"width\":1000,\"height\":1743,\"caption\":\"Tomat Orkado H - Solanum lycopersicum L.\"},{\"@type\":\"BreadcrumbList\",\"@id\":\"https:\/\/horticom.ee\/e-pood\/toode\/tomat-orkado-h-solanum-lycopersicum-l-e\/#breadcrumb\",\"itemListElement\":[{\"@type\":\"ListItem\",\"position\":1,\"name\":\"Home\",\"item\":\"https:\/\/horticom.ee\/e-pood\/\"},{\"@type\":\"ListItem\",\"position\":2,\"name\":\"Pood\",\"item\":\"https:\/\/horticom.ee\/e-pood\/pood\/\"},{\"@type\":\"ListItem\",\"position\":3,\"name\":\"Tomat Orkado H &#8211; Solanum lycopersicum L.\"}]},{\"@type\":\"WebSite\",\"@id\":\"https:\/\/horticom.ee\/e-pood\/#website\",\"url\":\"https:\/\/horticom.ee\/e-pood\/\",\"name\":\"Horticom.ee\",\"description\":\"Aianduskaubad ja kodukaubad nii harrastajatele kui professionaalidele\",\"potentialAction\":[{\"@type\":\"SearchAction\",\"target\":{\"@type\":\"EntryPoint\",\"urlTemplate\":\"https:\/\/horticom.ee\/e-pood\/?s={search_term_string}\"},\"query-input\":{\"@type\":\"PropertyValueSpecification\",\"valueRequired\":true,\"valueName\":\"search_term_string\"}}],\"inLanguage\":\"ru-RU\"}]}<\/script>\n<!-- \/ Yoast SEO plugin. -->","yoast_head_json":{"title":"Tomat Orkado H - Solanum lycopersicum L. - Horticom.ee","description":"Tomat Orkado H on varajane h\u00fcbriid, k\u00f5rgekasvuline, punased viljad kaaluvad 130-145g. Sobib kasvatada kilekasvuhoones.","robots":{"index":"index","follow":"follow","max-snippet":"max-snippet:-1","max-image-preview":"max-image-preview:large","max-video-preview":"max-video-preview:-1"},"canonical":"https:\/\/horticom.ee\/e-pood\/toode\/tomat-orkado-h-solanum-lycopersicum-l-e\/","og_locale":"ru_RU","og_type":"article","og_title":"Tomat Orkado H - Solanum lycopersicum L. - Horticom.ee","og_description":"Tomat Orkado H on varajane h\u00fcbriid, k\u00f5rgekasvuline, punased viljad kaaluvad 130-145g. Sobib kasvatada kilekasvuhoones.","og_url":"https:\/\/horticom.ee\/e-pood\/toode\/tomat-orkado-h-solanum-lycopersicum-l-e\/","og_site_name":"Horticom.ee","article_publisher":"https:\/\/www.facebook.com\/horticom.ee\/e-pood","article_modified_time":"2026-05-03T00:07:23+00:00","og_image":[{"width":1000,"height":1743,"url":"https:\/\/horticom.ee\/e-pood\/wp-content\/uploads\/importedmedia\/product-153224_0-L3085.jpg","type":"image\/jpeg"}],"twitter_card":"summary_large_image","schema":{"@context":"https:\/\/schema.org","@graph":[{"@type":"WebPage","@id":"https:\/\/horticom.ee\/e-pood\/toode\/tomat-orkado-h-solanum-lycopersicum-l-e\/","url":"https:\/\/horticom.ee\/e-pood\/toode\/tomat-orkado-h-solanum-lycopersicum-l-e\/","name":"Tomat Orkado H - Solanum lycopersicum L. - Horticom.ee","isPartOf":{"@id":"https:\/\/horticom.ee\/e-pood\/#website"},"primaryImageOfPage":{"@id":"https:\/\/horticom.ee\/e-pood\/toode\/tomat-orkado-h-solanum-lycopersicum-l-e\/#primaryimage"},"image":{"@id":"https:\/\/horticom.ee\/e-pood\/toode\/tomat-orkado-h-solanum-lycopersicum-l-e\/#primaryimage"},"thumbnailUrl":"https:\/\/horticom.ee\/e-pood\/wp-content\/uploads\/importedmedia\/product-153224_0-L3085.jpg","datePublished":"2022-01-17T14:03:56+00:00","dateModified":"2026-05-03T00:07:23+00:00","description":"Tomat Orkado H on varajane h\u00fcbriid, k\u00f5rgekasvuline, punased viljad kaaluvad 130-145g. Sobib kasvatada kilekasvuhoones.","breadcrumb":{"@id":"https:\/\/horticom.ee\/e-pood\/toode\/tomat-orkado-h-solanum-lycopersicum-l-e\/#breadcrumb"},"inLanguage":"ru-RU","potentialAction":[{"@type":"ReadAction","target":["https:\/\/horticom.ee\/e-pood\/toode\/tomat-orkado-h-solanum-lycopersicum-l-e\/"]}]},{"@type":"ImageObject","inLanguage":"ru-RU","@id":"https:\/\/horticom.ee\/e-pood\/toode\/tomat-orkado-h-solanum-lycopersicum-l-e\/#primaryimage","url":"https:\/\/horticom.ee\/e-pood\/wp-content\/uploads\/importedmedia\/product-153224_0-L3085.jpg","contentUrl":"https:\/\/horticom.ee\/e-pood\/wp-content\/uploads\/importedmedia\/product-153224_0-L3085.jpg","width":1000,"height":1743,"caption":"Tomat Orkado H - Solanum lycopersicum L."},{"@type":"BreadcrumbList","@id":"https:\/\/horticom.ee\/e-pood\/toode\/tomat-orkado-h-solanum-lycopersicum-l-e\/#breadcrumb","itemListElement":[{"@type":"ListItem","position":1,"name":"Home","item":"https:\/\/horticom.ee\/e-pood\/"},{"@type":"ListItem","position":2,"name":"Pood","item":"https:\/\/horticom.ee\/e-pood\/pood\/"},{"@type":"ListItem","position":3,"name":"Tomat Orkado H &#8211; Solanum lycopersicum L."}]},{"@type":"WebSite","@id":"https:\/\/horticom.ee\/e-pood\/#website","url":"https:\/\/horticom.ee\/e-pood\/","name":"Horticom.ee","description":"Aianduskaubad ja kodukaubad nii harrastajatele kui professionaalidele","potentialAction":[{"@type":"SearchAction","target":{"@type":"EntryPoint","urlTemplate":"https:\/\/horticom.ee\/e-pood\/?s={search_term_string}"},"query-input":{"@type":"PropertyValueSpecification","valueRequired":true,"valueName":"search_term_string"}}],"inLanguage":"ru-RU"}]}},"_links":{"self":[{"href":"https:\/\/horticom.ee\/e-pood\/ru\/wp-json\/wp\/v2\/product\/153224","targetHints":{"allow":["GET"]}}],"collection":[{"href":"https:\/\/horticom.ee\/e-pood\/ru\/wp-json\/wp\/v2\/product"}],"about":[{"href":"https:\/\/horticom.ee\/e-pood\/ru\/wp-json\/wp\/v2\/types\/product"}],"replies":[{"embeddable":true,"href":"https:\/\/horticom.ee\/e-pood\/ru\/wp-json\/wp\/v2\/comments?post=153224"}],"wp:featuredmedia":[{"embeddable":true,"href":"https:\/\/horticom.ee\/e-pood\/ru\/wp-json\/wp\/v2\/media\/171364"}],"wp:attachment":[{"href":"https:\/\/horticom.ee\/e-pood\/ru\/wp-json\/wp\/v2\/media?parent=153224"}],"wp:term":[{"taxonomy":"product_cat","embeddable":true,"href":"https:\/\/horticom.ee\/e-pood\/ru\/wp-json\/wp\/v2\/product_cat?post=153224"},{"taxonomy":"product_tag","embeddable":true,"href":"https:\/\/horticom.ee\/e-pood\/ru\/wp-json\/wp\/v2\/product_tag?post=153224"}],"curies":[{"name":"wp","href":"https:\/\/api.w.org\/{rel}","templated":true}]}}