{"id":153231,"date":"2022-01-17T16:04:01","date_gmt":"2022-01-17T14:04:01","guid":{"rendered":"https:\/\/aednik24.ee\/toode\/redis-cherry-belle-raphanus-sativus-l-sp\/"},"modified":"2026-04-24T03:08:08","modified_gmt":"2026-04-24T00:08:08","slug":"redis-cherry-belle-raphanus-sativus-l-sp","status":"publish","type":"product","link":"https:\/\/horticom.ee\/e-pood\/ru\/toode\/redis-cherry-belle-raphanus-sativus-l-sp\/","title":{"rendered":"Redis Cherry Belle &#8211; Raphanus sativus L."},"content":{"rendered":"<p>Redis Cherry Belle on varajane sort. Juurviljad on erkpunased, viljaliha on valge, \u00f5rn, kr\u00f5mpsuv. Vegetatsiooniperiood 25\u201330 p\u00e4eva. K\u00f5ige \u00f5igem v\u00e4ljas kasvatatavate rediste k\u00fclviaeg on m\u00e4rtsis \u2013 aprillis. S\u00fcgiseseks saagiks k\u00fclvatakse augusti teisel poolel. Sobiv kasvatamiseks nii kasvuhoones kui ka avamaal. 1g umbes 70\u2013130 seemet.<\/p>\n","protected":false},"excerpt":{"rendered":"<p>Redis Cherry Belle on varajane sort. Juurviljad on erkpunased, viljaliha on valge, \u00f5rn, kr\u00f5mpsuv. Vegetatsiooniperiood 25\u201330 p\u00e4eva. K\u00f5ige \u00f5igem v\u00e4ljas kasvatatavate rediste k\u00fclviaeg on m\u00e4rtsis \u2013 aprillis. S\u00fcgiseseks saagiks k\u00fclvatakse augusti teisel poolel. Sobiv kasvatamiseks nii kasvuhoones kui ka avamaal. 1g umbes 70\u2013130 seemet.<\/p>\n","protected":false},"featured_media":171348,"comment_status":"closed","ping_status":"closed","template":"","meta":{"_themeisle_gutenberg_block_has_review":false},"product_cat":[13485],"product_tag":[],"class_list":{"0":"post-153231","1":"product","2":"type-product","3":"status-publish","4":"has-post-thumbnail","6":"product_cat-redis-roigas","8":"first","9":"instock","10":"shipping-taxable","11":"purchasable","12":"product-type-simple"},"yoast_head":"<!-- This site is optimized with the Yoast SEO plugin v24.0 - https:\/\/yoast.com\/wordpress\/plugins\/seo\/ -->\n<title>Redis Cherry Belle - Raphanus sativus L. - Horticom.ee<\/title>\n<meta name=\"description\" content=\"Redis Cherry Belle on varajane sort, erkpunaste juurviljade ja kr\u00f5mpsuva viljalihaga. Vegetatsiooniperiood 25\u201330 p\u00e4eva, sobib kasvuhoonesse ja avamaale.\" \/>\n<meta name=\"robots\" content=\"index, follow, max-snippet:-1, max-image-preview:large, max-video-preview:-1\" \/>\n<link rel=\"canonical\" href=\"https:\/\/horticom.ee\/e-pood\/toode\/redis-cherry-belle-raphanus-sativus-l-sp\/\" \/>\n<meta property=\"og:locale\" content=\"ru_RU\" \/>\n<meta property=\"og:type\" content=\"article\" \/>\n<meta property=\"og:title\" content=\"Redis Cherry Belle - Raphanus sativus L. - Horticom.ee\" \/>\n<meta property=\"og:description\" content=\"Redis Cherry Belle on varajane sort, erkpunaste juurviljade ja kr\u00f5mpsuva viljalihaga. Vegetatsiooniperiood 25\u201330 p\u00e4eva, sobib kasvuhoonesse ja avamaale.\" \/>\n<meta property=\"og:url\" content=\"https:\/\/horticom.ee\/e-pood\/toode\/redis-cherry-belle-raphanus-sativus-l-sp\/\" \/>\n<meta property=\"og:site_name\" content=\"Horticom.ee\" \/>\n<meta property=\"article:publisher\" content=\"https:\/\/www.facebook.com\/horticom.ee\/e-pood\" \/>\n<meta property=\"article:modified_time\" content=\"2026-04-24T00:08:08+00:00\" \/>\n<meta property=\"og:image\" content=\"https:\/\/horticom.ee\/e-pood\/wp-content\/uploads\/importedmedia\/product-153231_0-L13642.jpg\" \/>\n\t<meta property=\"og:image:width\" content=\"1000\" \/>\n\t<meta property=\"og:image:height\" content=\"1769\" \/>\n\t<meta property=\"og:image:type\" content=\"image\/jpeg\" \/>\n<meta name=\"twitter:card\" content=\"summary_large_image\" \/>\n<script type=\"application\/ld+json\" class=\"yoast-schema-graph\">{\"@context\":\"https:\/\/schema.org\",\"@graph\":[{\"@type\":\"WebPage\",\"@id\":\"https:\/\/horticom.ee\/e-pood\/toode\/redis-cherry-belle-raphanus-sativus-l-sp\/\",\"url\":\"https:\/\/horticom.ee\/e-pood\/toode\/redis-cherry-belle-raphanus-sativus-l-sp\/\",\"name\":\"Redis Cherry Belle - Raphanus sativus L. - Horticom.ee\",\"isPartOf\":{\"@id\":\"https:\/\/horticom.ee\/e-pood\/#website\"},\"primaryImageOfPage\":{\"@id\":\"https:\/\/horticom.ee\/e-pood\/toode\/redis-cherry-belle-raphanus-sativus-l-sp\/#primaryimage\"},\"image\":{\"@id\":\"https:\/\/horticom.ee\/e-pood\/toode\/redis-cherry-belle-raphanus-sativus-l-sp\/#primaryimage\"},\"thumbnailUrl\":\"https:\/\/horticom.ee\/e-pood\/wp-content\/uploads\/importedmedia\/product-153231_0-L13642.jpg\",\"datePublished\":\"2022-01-17T14:04:01+00:00\",\"dateModified\":\"2026-04-24T00:08:08+00:00\",\"description\":\"Redis Cherry Belle on varajane sort, erkpunaste juurviljade ja kr\u00f5mpsuva viljalihaga. Vegetatsiooniperiood 25\u201330 p\u00e4eva, sobib kasvuhoonesse ja avamaale.\",\"breadcrumb\":{\"@id\":\"https:\/\/horticom.ee\/e-pood\/toode\/redis-cherry-belle-raphanus-sativus-l-sp\/#breadcrumb\"},\"inLanguage\":\"ru-RU\",\"potentialAction\":[{\"@type\":\"ReadAction\",\"target\":[\"https:\/\/horticom.ee\/e-pood\/toode\/redis-cherry-belle-raphanus-sativus-l-sp\/\"]}]},{\"@type\":\"ImageObject\",\"inLanguage\":\"ru-RU\",\"@id\":\"https:\/\/horticom.ee\/e-pood\/toode\/redis-cherry-belle-raphanus-sativus-l-sp\/#primaryimage\",\"url\":\"https:\/\/horticom.ee\/e-pood\/wp-content\/uploads\/importedmedia\/product-153231_0-L13642.jpg\",\"contentUrl\":\"https:\/\/horticom.ee\/e-pood\/wp-content\/uploads\/importedmedia\/product-153231_0-L13642.jpg\",\"width\":1000,\"height\":1769,\"caption\":\"Redis Cherry Belle - Raphanus sativus L.\"},{\"@type\":\"BreadcrumbList\",\"@id\":\"https:\/\/horticom.ee\/e-pood\/toode\/redis-cherry-belle-raphanus-sativus-l-sp\/#breadcrumb\",\"itemListElement\":[{\"@type\":\"ListItem\",\"position\":1,\"name\":\"Home\",\"item\":\"https:\/\/horticom.ee\/e-pood\/\"},{\"@type\":\"ListItem\",\"position\":2,\"name\":\"Pood\",\"item\":\"https:\/\/horticom.ee\/e-pood\/pood\/\"},{\"@type\":\"ListItem\",\"position\":3,\"name\":\"Redis Cherry Belle &#8211; Raphanus sativus L.\"}]},{\"@type\":\"WebSite\",\"@id\":\"https:\/\/horticom.ee\/e-pood\/#website\",\"url\":\"https:\/\/horticom.ee\/e-pood\/\",\"name\":\"Horticom.ee\",\"description\":\"Aianduskaubad ja kodukaubad nii harrastajatele kui professionaalidele\",\"potentialAction\":[{\"@type\":\"SearchAction\",\"target\":{\"@type\":\"EntryPoint\",\"urlTemplate\":\"https:\/\/horticom.ee\/e-pood\/?s={search_term_string}\"},\"query-input\":{\"@type\":\"PropertyValueSpecification\",\"valueRequired\":true,\"valueName\":\"search_term_string\"}}],\"inLanguage\":\"ru-RU\"}]}<\/script>\n<!-- \/ Yoast SEO plugin. -->","yoast_head_json":{"title":"Redis Cherry Belle - Raphanus sativus L. - Horticom.ee","description":"Redis Cherry Belle on varajane sort, erkpunaste juurviljade ja kr\u00f5mpsuva viljalihaga. Vegetatsiooniperiood 25\u201330 p\u00e4eva, sobib kasvuhoonesse ja avamaale.","robots":{"index":"index","follow":"follow","max-snippet":"max-snippet:-1","max-image-preview":"max-image-preview:large","max-video-preview":"max-video-preview:-1"},"canonical":"https:\/\/horticom.ee\/e-pood\/toode\/redis-cherry-belle-raphanus-sativus-l-sp\/","og_locale":"ru_RU","og_type":"article","og_title":"Redis Cherry Belle - Raphanus sativus L. - Horticom.ee","og_description":"Redis Cherry Belle on varajane sort, erkpunaste juurviljade ja kr\u00f5mpsuva viljalihaga. Vegetatsiooniperiood 25\u201330 p\u00e4eva, sobib kasvuhoonesse ja avamaale.","og_url":"https:\/\/horticom.ee\/e-pood\/toode\/redis-cherry-belle-raphanus-sativus-l-sp\/","og_site_name":"Horticom.ee","article_publisher":"https:\/\/www.facebook.com\/horticom.ee\/e-pood","article_modified_time":"2026-04-24T00:08:08+00:00","og_image":[{"width":1000,"height":1769,"url":"https:\/\/horticom.ee\/e-pood\/wp-content\/uploads\/importedmedia\/product-153231_0-L13642.jpg","type":"image\/jpeg"}],"twitter_card":"summary_large_image","schema":{"@context":"https:\/\/schema.org","@graph":[{"@type":"WebPage","@id":"https:\/\/horticom.ee\/e-pood\/toode\/redis-cherry-belle-raphanus-sativus-l-sp\/","url":"https:\/\/horticom.ee\/e-pood\/toode\/redis-cherry-belle-raphanus-sativus-l-sp\/","name":"Redis Cherry Belle - Raphanus sativus L. - Horticom.ee","isPartOf":{"@id":"https:\/\/horticom.ee\/e-pood\/#website"},"primaryImageOfPage":{"@id":"https:\/\/horticom.ee\/e-pood\/toode\/redis-cherry-belle-raphanus-sativus-l-sp\/#primaryimage"},"image":{"@id":"https:\/\/horticom.ee\/e-pood\/toode\/redis-cherry-belle-raphanus-sativus-l-sp\/#primaryimage"},"thumbnailUrl":"https:\/\/horticom.ee\/e-pood\/wp-content\/uploads\/importedmedia\/product-153231_0-L13642.jpg","datePublished":"2022-01-17T14:04:01+00:00","dateModified":"2026-04-24T00:08:08+00:00","description":"Redis Cherry Belle on varajane sort, erkpunaste juurviljade ja kr\u00f5mpsuva viljalihaga. Vegetatsiooniperiood 25\u201330 p\u00e4eva, sobib kasvuhoonesse ja avamaale.","breadcrumb":{"@id":"https:\/\/horticom.ee\/e-pood\/toode\/redis-cherry-belle-raphanus-sativus-l-sp\/#breadcrumb"},"inLanguage":"ru-RU","potentialAction":[{"@type":"ReadAction","target":["https:\/\/horticom.ee\/e-pood\/toode\/redis-cherry-belle-raphanus-sativus-l-sp\/"]}]},{"@type":"ImageObject","inLanguage":"ru-RU","@id":"https:\/\/horticom.ee\/e-pood\/toode\/redis-cherry-belle-raphanus-sativus-l-sp\/#primaryimage","url":"https:\/\/horticom.ee\/e-pood\/wp-content\/uploads\/importedmedia\/product-153231_0-L13642.jpg","contentUrl":"https:\/\/horticom.ee\/e-pood\/wp-content\/uploads\/importedmedia\/product-153231_0-L13642.jpg","width":1000,"height":1769,"caption":"Redis Cherry Belle - Raphanus sativus L."},{"@type":"BreadcrumbList","@id":"https:\/\/horticom.ee\/e-pood\/toode\/redis-cherry-belle-raphanus-sativus-l-sp\/#breadcrumb","itemListElement":[{"@type":"ListItem","position":1,"name":"Home","item":"https:\/\/horticom.ee\/e-pood\/"},{"@type":"ListItem","position":2,"name":"Pood","item":"https:\/\/horticom.ee\/e-pood\/pood\/"},{"@type":"ListItem","position":3,"name":"Redis Cherry Belle &#8211; Raphanus sativus L."}]},{"@type":"WebSite","@id":"https:\/\/horticom.ee\/e-pood\/#website","url":"https:\/\/horticom.ee\/e-pood\/","name":"Horticom.ee","description":"Aianduskaubad ja kodukaubad nii harrastajatele kui professionaalidele","potentialAction":[{"@type":"SearchAction","target":{"@type":"EntryPoint","urlTemplate":"https:\/\/horticom.ee\/e-pood\/?s={search_term_string}"},"query-input":{"@type":"PropertyValueSpecification","valueRequired":true,"valueName":"search_term_string"}}],"inLanguage":"ru-RU"}]}},"_links":{"self":[{"href":"https:\/\/horticom.ee\/e-pood\/ru\/wp-json\/wp\/v2\/product\/153231","targetHints":{"allow":["GET"]}}],"collection":[{"href":"https:\/\/horticom.ee\/e-pood\/ru\/wp-json\/wp\/v2\/product"}],"about":[{"href":"https:\/\/horticom.ee\/e-pood\/ru\/wp-json\/wp\/v2\/types\/product"}],"replies":[{"embeddable":true,"href":"https:\/\/horticom.ee\/e-pood\/ru\/wp-json\/wp\/v2\/comments?post=153231"}],"wp:featuredmedia":[{"embeddable":true,"href":"https:\/\/horticom.ee\/e-pood\/ru\/wp-json\/wp\/v2\/media\/171348"}],"wp:attachment":[{"href":"https:\/\/horticom.ee\/e-pood\/ru\/wp-json\/wp\/v2\/media?parent=153231"}],"wp:term":[{"taxonomy":"product_cat","embeddable":true,"href":"https:\/\/horticom.ee\/e-pood\/ru\/wp-json\/wp\/v2\/product_cat?post=153231"},{"taxonomy":"product_tag","embeddable":true,"href":"https:\/\/horticom.ee\/e-pood\/ru\/wp-json\/wp\/v2\/product_tag?post=153231"}],"curies":[{"name":"wp","href":"https:\/\/api.w.org\/{rel}","templated":true}]}}